{"id":4967,"date":"2023-02-09T12:23:56","date_gmt":"2023-02-09T18:23:56","guid":{"rendered":"https:\/\/www.ipgh.org\/mx\/?page_id=4967"},"modified":"2025-04-04T12:50:06","modified_gmt":"2025-04-04T18:50:06","slug":"2022-2","status":"publish","type":"page","link":"https:\/\/www.ipgh.org\/mx\/?page_id=4967","title":{"rendered":"2022"},"content":{"rendered":"\n<p>Agenda del Secretario General <\/p>\n\n\n\n<p class=\"has-cyan-bluish-gray-color has-text-color has-link-color has-large-font-size wp-elements-9e0858a9fae6cb6a624e085e94e2a622\"><strong>Noviembre <\/strong><\/p>\n\n\n\n<div style=\"height:36px\" aria-hidden=\"true\" class=\"wp-block-spacer\"><\/div>\n\n\n\n<div class=\"wp-block-columns is-layout-flex wp-container-4 wp-block-columns-is-layout-flex\">\n<div class=\"wp-block-column is-layout-flow wp-block-column-is-layout-flow\">\n<div style=\"height:293px\" aria-hidden=\"true\" class=\"wp-block-spacer\"><\/div>\n\n\n\n<hr class=\"wp-block-separator has-text-color has-luminous-vivid-orange-color has-alpha-channel-opacity has-luminous-vivid-orange-background-color has-background\"\/>\n\n\n\n<p class=\"has-medium-font-size\">El 22 de noviembre, en la ciudad de Suwon, Rep\u00fablica de Corea, dio inicio el Taller sobre Nombres Geogr\u00e1ficos  e Informaci\u00f3n Geoespacial, organizado conjuntamente por el IPGH y el mencionado Estado Observador permanente de este organismo cient\u00edfico.<\/p>\n\n\n\n<p class=\"has-medium-font-size\">El taller se llev\u00f3 a cabo en las instalaciones del Instituto Nacional de Informaci\u00f3n Geogr\u00e1fica (NGII, por sus siglas en ingl\u00e9s), quien financi\u00f3 las becas de los especialistas asistentes.<\/p>\n\n\n\n<hr class=\"wp-block-separator has-text-color has-luminous-vivid-orange-color has-alpha-channel-opacity has-luminous-vivid-orange-background-color has-background\"\/>\n<\/div>\n\n\n\n<div class=\"wp-block-column is-layout-flow wp-block-column-is-layout-flow\">\n<figure class=\"wp-block-image size-full\"><img decoding=\"async\" loading=\"lazy\" width=\"700\" height=\"500\" src=\"https:\/\/www.ipgh.org\/mx\/wp-content\/uploads\/2022\/12\/Taller-Corea-1.jpg\" alt=\"\" class=\"wp-image-4575\" srcset=\"https:\/\/www.ipgh.org\/mx\/wp-content\/uploads\/2022\/12\/Taller-Corea-1.jpg 700w, https:\/\/www.ipgh.org\/mx\/wp-content\/uploads\/2022\/12\/Taller-Corea-1-300x214.jpg 300w\" sizes=\"(max-width: 700px) 100vw, 700px\" \/><\/figure>\n\n\n\n<div style=\"height:40px\" aria-hidden=\"true\" class=\"wp-block-spacer\"><\/div>\n\n\n\n<figure class=\"wp-block-image size-full\"><img decoding=\"async\" loading=\"lazy\" width=\"700\" height=\"500\" src=\"https:\/\/www.ipgh.org\/mx\/wp-content\/uploads\/2022\/12\/Taller-Corea-2.jpg\" alt=\"\" class=\"wp-image-4577\" srcset=\"https:\/\/www.ipgh.org\/mx\/wp-content\/uploads\/2022\/12\/Taller-Corea-2.jpg 700w, https:\/\/www.ipgh.org\/mx\/wp-content\/uploads\/2022\/12\/Taller-Corea-2-300x214.jpg 300w\" sizes=\"(max-width: 700px) 100vw, 700px\" \/><\/figure>\n<\/div>\n\n\n\n<div class=\"wp-block-column is-layout-flow wp-block-column-is-layout-flow\">\n<figure class=\"wp-block-image size-full\"><img decoding=\"async\" loading=\"lazy\" width=\"500\" height=\"700\" src=\"https:\/\/www.ipgh.org\/mx\/wp-content\/uploads\/2022\/12\/Taller-Corea-3.jpg\" alt=\"\" class=\"wp-image-4576\" srcset=\"https:\/\/www.ipgh.org\/mx\/wp-content\/uploads\/2022\/12\/Taller-Corea-3.jpg 500w, https:\/\/www.ipgh.org\/mx\/wp-content\/uploads\/2022\/12\/Taller-Corea-3-214x300.jpg 214w\" sizes=\"(max-width: 500px) 100vw, 500px\" \/><\/figure>\n\n\n\n<div style=\"height:40px\" aria-hidden=\"true\" class=\"wp-block-spacer\"><\/div>\n\n\n\n<figure class=\"wp-block-image size-full\"><img decoding=\"async\" loading=\"lazy\" width=\"700\" height=\"500\" src=\"https:\/\/www.ipgh.org\/mx\/wp-content\/uploads\/2022\/12\/Taller-Corea-4-1.jpg\" alt=\"\" class=\"wp-image-4579\" srcset=\"https:\/\/www.ipgh.org\/mx\/wp-content\/uploads\/2022\/12\/Taller-Corea-4-1.jpg 700w, https:\/\/www.ipgh.org\/mx\/wp-content\/uploads\/2022\/12\/Taller-Corea-4-1-300x214.jpg 300w\" sizes=\"(max-width: 700px) 100vw, 700px\" \/><\/figure>\n<\/div>\n<\/div>\n\n\n\n<div style=\"height:36px\" aria-hidden=\"true\" class=\"wp-block-spacer\"><\/div>\n\n\n\n<div class=\"wp-block-columns is-layout-flex wp-container-8 wp-block-columns-is-layout-flex\">\n<div class=\"wp-block-column is-layout-flow wp-block-column-is-layout-flow\">\n<figure class=\"wp-block-image size-full\"><img decoding=\"async\" loading=\"lazy\" width=\"700\" height=\"500\" src=\"https:\/\/www.ipgh.org\/mx\/wp-content\/uploads\/2022\/12\/Comite-de-expertos-1.jpg\" alt=\"\" class=\"wp-image-4580\" srcset=\"https:\/\/www.ipgh.org\/mx\/wp-content\/uploads\/2022\/12\/Comite-de-expertos-1.jpg 700w, https:\/\/www.ipgh.org\/mx\/wp-content\/uploads\/2022\/12\/Comite-de-expertos-1-300x214.jpg 300w\" sizes=\"(max-width: 700px) 100vw, 700px\" \/><\/figure>\n\n\n\n<div style=\"height:40px\" aria-hidden=\"true\" class=\"wp-block-spacer\"><\/div>\n\n\n\n<figure class=\"wp-block-image size-full\"><img decoding=\"async\" loading=\"lazy\" width=\"700\" height=\"500\" src=\"https:\/\/www.ipgh.org\/mx\/wp-content\/uploads\/2022\/12\/Comite-de-expertos-3.jpg\" alt=\"\" class=\"wp-image-4582\" srcset=\"https:\/\/www.ipgh.org\/mx\/wp-content\/uploads\/2022\/12\/Comite-de-expertos-3.jpg 700w, https:\/\/www.ipgh.org\/mx\/wp-content\/uploads\/2022\/12\/Comite-de-expertos-3-300x214.jpg 300w\" sizes=\"(max-width: 700px) 100vw, 700px\" \/><\/figure>\n<\/div>\n\n\n\n<div class=\"wp-block-column is-layout-flow wp-block-column-is-layout-flow\">\n<figure class=\"wp-block-image size-full\"><img decoding=\"async\" loading=\"lazy\" width=\"700\" height=\"500\" src=\"https:\/\/www.ipgh.org\/mx\/wp-content\/uploads\/2022\/12\/Comite-de-expertos-2.jpg\" alt=\"\" class=\"wp-image-4581\" srcset=\"https:\/\/www.ipgh.org\/mx\/wp-content\/uploads\/2022\/12\/Comite-de-expertos-2.jpg 700w, https:\/\/www.ipgh.org\/mx\/wp-content\/uploads\/2022\/12\/Comite-de-expertos-2-300x214.jpg 300w\" sizes=\"(max-width: 700px) 100vw, 700px\" \/><\/figure>\n\n\n\n<div style=\"height:40px\" aria-hidden=\"true\" class=\"wp-block-spacer\"><\/div>\n\n\n\n<figure class=\"wp-block-image size-full\"><img decoding=\"async\" loading=\"lazy\" width=\"700\" height=\"500\" src=\"https:\/\/www.ipgh.org\/mx\/wp-content\/uploads\/2022\/12\/Comite-de-expertos-4.jpg\" alt=\"\" class=\"wp-image-4583\" srcset=\"https:\/\/www.ipgh.org\/mx\/wp-content\/uploads\/2022\/12\/Comite-de-expertos-4.jpg 700w, https:\/\/www.ipgh.org\/mx\/wp-content\/uploads\/2022\/12\/Comite-de-expertos-4-300x214.jpg 300w\" sizes=\"(max-width: 700px) 100vw, 700px\" \/><\/figure>\n<\/div>\n\n\n\n<div class=\"wp-block-column is-layout-flow wp-block-column-is-layout-flow\">\n<div style=\"height:93px\" aria-hidden=\"true\" class=\"wp-block-spacer\"><\/div>\n\n\n\n<hr class=\"wp-block-separator has-text-color has-luminous-vivid-orange-color has-alpha-channel-opacity has-luminous-vivid-orange-background-color has-background\"\/>\n\n\n\n<p class=\"has-medium-font-size\">El pasado 28 de noviembre el Mtro. Antonio Campuzano Rosales, Secretario General del IPGH, particip\u00f3 en la 9\u00aa Sesi\u00f3n del Comit\u00e9 de Expertos de las Naciones Unidas sobre la Informaci\u00f3n Geoespacial Globlal, en Santiago de Chile.<\/p>\n\n\n\n<hr class=\"wp-block-separator has-text-color has-luminous-vivid-orange-color has-alpha-channel-opacity has-luminous-vivid-orange-background-color has-background\"\/>\n<\/div>\n<\/div>\n\n\n\n<p class=\"has-cyan-bluish-gray-color has-text-color has-link-color has-large-font-size wp-elements-0809c0587cc6fd49ca8523a57d632493\"><strong>Octubre <\/strong><\/p>\n\n\n\n<div style=\"height:36px\" aria-hidden=\"true\" class=\"wp-block-spacer\"><\/div>\n\n\n\n<div class=\"wp-block-columns is-layout-flex wp-container-12 wp-block-columns-is-layout-flex\">\n<div class=\"wp-block-column is-layout-flow wp-block-column-is-layout-flow\">\n<div style=\"height:251px\" aria-hidden=\"true\" class=\"wp-block-spacer\"><\/div>\n\n\n\n<hr class=\"wp-block-separator has-text-color has-luminous-vivid-orange-color has-alpha-channel-opacity has-luminous-vivid-orange-background-color has-background\"\/>\n\n\n\n<p class=\"has-medium-font-size\">Fue en Quito, Ecuador, el 24 de octubre, cuando se llev\u00f3 a buen t\u00e9rmino la 98\u00aa Reuni\u00f3n de Autoridades del IPGH, donde se analizaron las resoluciones que a su vez fueron elevadas a la 23\u00aa Asamblea General de este organismo internacional. <\/p>\n\n\n\n<hr class=\"wp-block-separator has-text-color has-luminous-vivid-orange-color has-alpha-channel-opacity has-luminous-vivid-orange-background-color has-background\"\/>\n<\/div>\n\n\n\n<div class=\"wp-block-column is-layout-flow wp-block-column-is-layout-flow\">\n<figure class=\"wp-block-image size-full\"><img decoding=\"async\" loading=\"lazy\" width=\"700\" height=\"500\" src=\"https:\/\/www.ipgh.org\/mx\/wp-content\/uploads\/2022\/12\/98-Reunion-de-Autoridades-1.jpg\" alt=\"\" class=\"wp-image-4565\" srcset=\"https:\/\/www.ipgh.org\/mx\/wp-content\/uploads\/2022\/12\/98-Reunion-de-Autoridades-1.jpg 700w, https:\/\/www.ipgh.org\/mx\/wp-content\/uploads\/2022\/12\/98-Reunion-de-Autoridades-1-300x214.jpg 300w\" sizes=\"(max-width: 700px) 100vw, 700px\" \/><\/figure>\n\n\n\n<div style=\"height:40px\" aria-hidden=\"true\" class=\"wp-block-spacer\"><\/div>\n\n\n\n<figure class=\"wp-block-image size-full\"><img decoding=\"async\" loading=\"lazy\" width=\"500\" height=\"700\" src=\"https:\/\/www.ipgh.org\/mx\/wp-content\/uploads\/2022\/12\/98-Reunion-de-Autoridades-2-1.jpg\" alt=\"\" class=\"wp-image-4569\" srcset=\"https:\/\/www.ipgh.org\/mx\/wp-content\/uploads\/2022\/12\/98-Reunion-de-Autoridades-2-1.jpg 500w, https:\/\/www.ipgh.org\/mx\/wp-content\/uploads\/2022\/12\/98-Reunion-de-Autoridades-2-1-214x300.jpg 214w\" sizes=\"(max-width: 500px) 100vw, 500px\" \/><\/figure>\n<\/div>\n\n\n\n<div class=\"wp-block-column is-layout-flow wp-block-column-is-layout-flow\">\n<figure class=\"wp-block-image size-full\"><img decoding=\"async\" loading=\"lazy\" width=\"500\" height=\"700\" src=\"https:\/\/www.ipgh.org\/mx\/wp-content\/uploads\/2022\/12\/98-Reunion-de-Autoridades-4-1.jpg\" alt=\"\" class=\"wp-image-4585\" srcset=\"https:\/\/www.ipgh.org\/mx\/wp-content\/uploads\/2022\/12\/98-Reunion-de-Autoridades-4-1.jpg 500w, https:\/\/www.ipgh.org\/mx\/wp-content\/uploads\/2022\/12\/98-Reunion-de-Autoridades-4-1-214x300.jpg 214w\" sizes=\"(max-width: 500px) 100vw, 500px\" \/><\/figure>\n\n\n\n<div style=\"height:40px\" aria-hidden=\"true\" class=\"wp-block-spacer\"><\/div>\n\n\n\n<figure class=\"wp-block-image size-full\"><img decoding=\"async\" loading=\"lazy\" width=\"700\" height=\"500\" src=\"https:\/\/www.ipgh.org\/mx\/wp-content\/uploads\/2022\/12\/98-Reunion-de-Autoridades-3.jpg\" alt=\"\" class=\"wp-image-4567\" srcset=\"https:\/\/www.ipgh.org\/mx\/wp-content\/uploads\/2022\/12\/98-Reunion-de-Autoridades-3.jpg 700w, https:\/\/www.ipgh.org\/mx\/wp-content\/uploads\/2022\/12\/98-Reunion-de-Autoridades-3-300x214.jpg 300w\" sizes=\"(max-width: 700px) 100vw, 700px\" \/><\/figure>\n<\/div>\n<\/div>\n\n\n\n<div style=\"height:37px\" aria-hidden=\"true\" class=\"wp-block-spacer\"><\/div>\n\n\n\n<div class=\"wp-block-columns is-layout-flex wp-container-16 wp-block-columns-is-layout-flex\">\n<div class=\"wp-block-column is-layout-flow wp-block-column-is-layout-flow\">\n<figure class=\"wp-block-image size-full\"><img decoding=\"async\" loading=\"lazy\" width=\"700\" height=\"500\" src=\"https:\/\/www.ipgh.org\/mx\/wp-content\/uploads\/2022\/12\/23-Asamblea-General-1.jpg\" alt=\"\" class=\"wp-image-4571\" srcset=\"https:\/\/www.ipgh.org\/mx\/wp-content\/uploads\/2022\/12\/23-Asamblea-General-1.jpg 700w, https:\/\/www.ipgh.org\/mx\/wp-content\/uploads\/2022\/12\/23-Asamblea-General-1-300x214.jpg 300w\" sizes=\"(max-width: 700px) 100vw, 700px\" \/><\/figure>\n\n\n\n<div style=\"height:40px\" aria-hidden=\"true\" class=\"wp-block-spacer\"><\/div>\n\n\n\n<figure class=\"wp-block-image size-full\"><img decoding=\"async\" loading=\"lazy\" width=\"700\" height=\"500\" src=\"https:\/\/www.ipgh.org\/mx\/wp-content\/uploads\/2022\/12\/23-Asamblea-General-3.jpg\" alt=\"\" class=\"wp-image-4572\" srcset=\"https:\/\/www.ipgh.org\/mx\/wp-content\/uploads\/2022\/12\/23-Asamblea-General-3.jpg 700w, https:\/\/www.ipgh.org\/mx\/wp-content\/uploads\/2022\/12\/23-Asamblea-General-3-300x214.jpg 300w\" sizes=\"(max-width: 700px) 100vw, 700px\" \/><\/figure>\n<\/div>\n\n\n\n<div class=\"wp-block-column has-medium-font-size is-layout-flow wp-block-column-is-layout-flow\">\n<figure class=\"wp-block-image size-full\"><img decoding=\"async\" loading=\"lazy\" width=\"500\" height=\"700\" src=\"https:\/\/www.ipgh.org\/mx\/wp-content\/uploads\/2022\/12\/23-Asamblea-General-4.jpg\" alt=\"\" class=\"wp-image-4574\" srcset=\"https:\/\/www.ipgh.org\/mx\/wp-content\/uploads\/2022\/12\/23-Asamblea-General-4.jpg 500w, https:\/\/www.ipgh.org\/mx\/wp-content\/uploads\/2022\/12\/23-Asamblea-General-4-214x300.jpg 214w\" sizes=\"(max-width: 500px) 100vw, 500px\" \/><\/figure>\n<\/div>\n\n\n\n<div class=\"wp-block-column has-small-font-size is-layout-flow wp-block-column-is-layout-flow\">\n<div style=\"height:50px\" aria-hidden=\"true\" class=\"wp-block-spacer\"><\/div>\n\n\n\n<hr class=\"wp-block-separator has-text-color has-luminous-vivid-orange-color has-alpha-channel-opacity has-luminous-vivid-orange-background-color has-background\"\/>\n\n\n\n<p class=\"has-medium-font-size\">Del  25 al 28 de octubre, se llev\u00f3 a cabo la 23\u00aa Asamblea General del Instituto Panamericano de Geograf\u00eda e Historia, en Quito, Ecuador. <\/p>\n\n\n\n<p class=\"has-medium-font-size\">Se inform\u00f3 a los Estados Miembros de las actividades que la Secretar\u00eda General ha desarrollado durante ocho meses de trabajo, todo alineado a los seis ejes rectores del Plan Estrat\u00e9gico de Modernizaci\u00f3n del IPGH 2022-2025.<\/p>\n\n\n\n<hr class=\"wp-block-separator has-text-color has-luminous-vivid-orange-color has-alpha-channel-opacity has-luminous-vivid-orange-background-color has-background\"\/>\n<\/div>\n<\/div>\n","protected":false},"excerpt":{"rendered":"<p>Agenda del Secretario General Noviembre El 22 de noviembre, en la ciudad de Suwon, Rep\u00fablica de Corea, dio inicio el Taller sobre Nombres Geogr\u00e1ficos e Informaci\u00f3n Geoespacial, organizado conjuntamente por el IPGH y el mencionado Estado Observador permanente de este organismo cient\u00edfico. El taller se llev\u00f3 a cabo en las instalaciones del Instituto Nacional de <a class=\"read-more\" href=\"https:\/\/www.ipgh.org\/mx\/?page_id=4967\">LEER M\u00c1S<\/a><\/p>\n","protected":false},"author":1,"featured_media":0,"parent":0,"menu_order":0,"comment_status":"closed","ping_status":"closed","template":"","meta":{"footnotes":""},"_links":{"self":[{"href":"https:\/\/www.ipgh.org\/mx\/index.php?rest_route=\/wp\/v2\/pages\/4967"}],"collection":[{"href":"https:\/\/www.ipgh.org\/mx\/index.php?rest_route=\/wp\/v2\/pages"}],"about":[{"href":"https:\/\/www.ipgh.org\/mx\/index.php?rest_route=\/wp\/v2\/types\/page"}],"author":[{"embeddable":true,"href":"https:\/\/www.ipgh.org\/mx\/index.php?rest_route=\/wp\/v2\/users\/1"}],"replies":[{"embeddable":true,"href":"https:\/\/www.ipgh.org\/mx\/index.php?rest_route=%2Fwp%2Fv2%2Fcomments&post=4967"}],"version-history":[{"count":2,"href":"https:\/\/www.ipgh.org\/mx\/index.php?rest_route=\/wp\/v2\/pages\/4967\/revisions"}],"predecessor-version":[{"id":10507,"href":"https:\/\/www.ipgh.org\/mx\/index.php?rest_route=\/wp\/v2\/pages\/4967\/revisions\/10507"}],"wp:attachment":[{"href":"https:\/\/www.ipgh.org\/mx\/index.php?rest_route=%2Fwp%2Fv2%2Fmedia&parent=4967"}],"curies":[{"name":"wp","href":"https:\/\/api.w.org\/{rel}","templated":true}]}}