{"id":5132,"date":"2023-03-01T15:40:03","date_gmt":"2023-03-01T21:40:03","guid":{"rendered":"https:\/\/www.ipgh.org\/mx\/?page_id=5132"},"modified":"2025-11-21T12:12:38","modified_gmt":"2025-11-21T18:12:38","slug":"comision-de-cartografia","status":"publish","type":"page","link":"https:\/\/www.ipgh.org\/mx\/?page_id=5132","title":{"rendered":"Comisi\u00f3n de Cartograf\u00eda"},"content":{"rendered":"\n<p class=\"has-text-align-center has-black-color has-white-background-color has-text-color has-background has-medium-font-size\" style=\"padding-top:var(--wp--preset--spacing--30);padding-right:var(--wp--preset--spacing--30);padding-bottom:var(--wp--preset--spacing--30);padding-left:var(--wp--preset--spacing--30)\"><strong>Autoridades<\/strong><\/p>\n\n\n\n<p class=\"has-text-align-center has-luminous-vivid-orange-color has-text-color has-link-color wp-elements-0ae97a2ad49702a8c04c64eae47fd908\">________________________________________<\/p>\n\n\n\n<p><\/p>\n\n\n\n<div class=\"wp-block-columns is-layout-flex wp-container-9 wp-block-columns-is-layout-flex\">\n<div class=\"wp-block-column is-layout-flow wp-block-column-is-layout-flow\">\n<div class=\"wp-block-columns is-layout-flex wp-container-3 wp-block-columns-is-layout-flex\">\n<div class=\"wp-block-column is-layout-flow wp-block-column-is-layout-flow\">\n<figure class=\"wp-block-image size-full\"><img decoding=\"async\" loading=\"lazy\" width=\"310\" height=\"337\" src=\"https:\/\/www.ipgh.org\/mx\/wp-content\/uploads\/2025\/10\/Villagomez.png\" alt=\"\" class=\"wp-image-11543\" srcset=\"https:\/\/www.ipgh.org\/mx\/wp-content\/uploads\/2025\/10\/Villagomez.png 310w, https:\/\/www.ipgh.org\/mx\/wp-content\/uploads\/2025\/10\/Villagomez-276x300.png 276w\" sizes=\"(max-width: 310px) 100vw, 310px\" \/><\/figure>\n<\/div>\n\n\n\n<div class=\"wp-block-column is-layout-flow wp-block-column-is-layout-flow\">\n<div style=\"height:36px\" aria-hidden=\"true\" class=\"wp-block-spacer\"><\/div>\n\n\n\n<p class=\"has-text-align-left has-medium-font-size\"><strong>Presidenta<\/strong><\/p>\n\n\n\n<p class=\"has-text-align-left has-medium-font-size\">Martha Paola Villag\u00f3mez Orozco<\/p>\n\n\n\n<p class=\"has-text-align-left has-small-font-size\"><a href=\"mailto:martha.villagomez@ipgh.org\">martha.villagomez@ipgh.org<\/a><\/p>\n<\/div>\n<\/div>\n<\/div>\n\n\n\n<div class=\"wp-block-column is-layout-flow wp-block-column-is-layout-flow\">\n<div class=\"wp-block-columns is-layout-flex wp-container-7 wp-block-columns-is-layout-flex\">\n<div class=\"wp-block-column is-layout-flow wp-block-column-is-layout-flow\">\n<figure class=\"wp-block-image size-full\"><img decoding=\"async\" loading=\"lazy\" width=\"310\" height=\"337\" src=\"https:\/\/www.ipgh.org\/mx\/wp-content\/uploads\/2025\/10\/Narvaez.png\" alt=\"\" class=\"wp-image-11544\" srcset=\"https:\/\/www.ipgh.org\/mx\/wp-content\/uploads\/2025\/10\/Narvaez.png 310w, https:\/\/www.ipgh.org\/mx\/wp-content\/uploads\/2025\/10\/Narvaez-276x300.png 276w\" sizes=\"(max-width: 310px) 100vw, 310px\" \/><\/figure>\n<\/div>\n\n\n\n<div class=\"wp-block-column is-layout-flow wp-block-column-is-layout-flow\">\n<div style=\"height:35px\" aria-hidden=\"true\" class=\"wp-block-spacer\"><\/div>\n\n\n\n<p class=\"has-text-align-left has-medium-font-size\"><strong>Vicepresidenta<\/strong><\/p>\n\n\n\n<p class=\"has-text-align-left has-medium-font-size\">&nbsp;Roc\u00edo Germania Narv\u00e1ez Benalc\u00e1zar<\/p>\n\n\n\n<p class=\"has-small-font-size\"><a href=\"mailto:rocio.narvaez@ipgh.org\">rocio.narvaez@ipgh.org<\/a><\/p>\n<\/div>\n<\/div>\n<\/div>\n<\/div>\n\n\n\n<div style=\"height:30px\" aria-hidden=\"true\" class=\"wp-block-spacer\"><\/div>\n\n\n\n<p class=\"has-text-align-center has-medium-font-size\"><strong>Premios &#8211; Convocatorias<\/strong> 2024<\/p>\n\n\n\n<p class=\"has-text-align-center has-luminous-vivid-orange-color has-text-color has-link-color wp-elements-0ae97a2ad49702a8c04c64eae47fd908\">________________________________________<\/p>\n\n\n\n<div style=\"height:15px\" aria-hidden=\"true\" class=\"wp-block-spacer\"><\/div>\n\n\n\n<div style=\"height:14px\" aria-hidden=\"true\" class=\"wp-block-spacer\"><\/div>\n\n\n\n<div class=\"wp-block-buttons is-content-justification-center is-layout-flex wp-container-10 wp-block-buttons-is-layout-flex\">\n<div class=\"wp-block-button has-custom-width wp-block-button__width-50 has-custom-font-size has-small-font-size\"><a class=\"wp-block-button__link has-background has-text-align-center wp-element-button\" href=\"http:\/\/comisiones.ipgh.org\/CARTOGRAFIA\/PremioMSc.html\" style=\"border-radius:5px;background-color:#001489;padding-top:var(--wp--preset--spacing--20);padding-right:var(--wp--preset--spacing--20);padding-bottom:var(--wp--preset--spacing--20);padding-left:var(--wp--preset--spacing--20)\" target=\"_blank\" rel=\"noreferrer noopener\"><strong>Premio a la Tesis de Maestr\u00eda en Cartograf\u00eda, Geodesia y\/o Informaci\u00f3n Geogr\u00e1fica<\/strong><\/a><\/div>\n\n\n\n<div class=\"wp-block-button has-custom-width wp-block-button__width-50 has-custom-font-size has-small-font-size\"><a class=\"wp-block-button__link has-background has-text-align-center wp-element-button\" href=\"http:\/\/comisiones.ipgh.org\/CARTOGRAFIA\/PremioPhD.html\" style=\"border-radius:5px;background-color:#001489;padding-top:var(--wp--preset--spacing--20);padding-right:var(--wp--preset--spacing--20);padding-bottom:var(--wp--preset--spacing--20);padding-left:var(--wp--preset--spacing--20)\" target=\"_blank\" rel=\"noreferrer noopener\"><strong>Premio &#8220;Pedro Vicente Maldonado&#8221; a la Mejor Tesis de Doctorado en Cartograf\u00eda, Geodesia y\/o Informaci\u00f3n Geogr\u00e1fica<\/strong><\/a><\/div>\n<\/div>\n\n\n\n<div style=\"height:30px\" aria-hidden=\"true\" class=\"wp-block-spacer\"><\/div>\n\n\n\n<div class=\"wp-block-columns is-layout-flex wp-container-17 wp-block-columns-is-layout-flex\">\n<div class=\"wp-block-column is-layout-flow wp-block-column-is-layout-flow\">\n<p class=\"has-text-align-center has-black-color has-white-background-color has-text-color has-background has-medium-font-size\" style=\"padding-top:var(--wp--preset--spacing--30);padding-right:var(--wp--preset--spacing--30);padding-bottom:var(--wp--preset--spacing--30);padding-left:var(--wp--preset--spacing--30)\"><strong><a href=\"https:\/\/revistasipgh.org\/\" target=\"_blank\" rel=\"noreferrer noopener\">Revistas cient\u00edficas<\/a><\/strong><\/p>\n\n\n\n<p class=\"has-text-align-center has-luminous-vivid-orange-color has-text-color has-link-color wp-elements-0ae97a2ad49702a8c04c64eae47fd908\">________________________________________<\/p>\n\n\n\n<div style=\"height:30px\" aria-hidden=\"true\" class=\"wp-block-spacer\"><\/div>\n\n\n\n<p class=\"has-text-align-center has-medium-font-size\"><\/p>\n\n\n\n<div class=\"wp-block-columns is-layout-flex wp-container-14 wp-block-columns-is-layout-flex\">\n<div class=\"wp-block-column is-layout-flow wp-block-column-is-layout-flow\"><div class=\"wp-block-image\">\n<figure class=\"aligncenter size-full is-resized\"><a href=\"https:\/\/revistasipgh.org\/index.php\/rcar\" target=\"_blank\" rel=\"noreferrer noopener\"><img decoding=\"async\" loading=\"lazy\" src=\"https:\/\/www.ipgh.org\/mx\/wp-content\/uploads\/2024\/05\/portada_sombra.png\" alt=\"\" class=\"wp-image-7062\" style=\"width:302px;height:397px\" width=\"302\" height=\"397\"\/><\/a><\/figure><\/div><\/div>\n\n\n\n<div class=\"wp-block-column is-layout-flow wp-block-column-is-layout-flow\">\n<p class=\"has-cyan-bluish-gray-color has-text-color has-link-color has-medium-font-size wp-elements-a64fa6eb6761c05d28b782b0ffbc916c\"><strong>Revista Cartogr\u00e1fica<\/strong><\/p>\n\n\n\n<p class=\"has-medium-font-size\">Mar\u00eda Ester Gonzalez<\/p>\n\n\n\n<p><a rel=\"noreferrer noopener\" href=\"mailto:geoester@gmail.com\" target=\"_blank\"><strong>geoester@gmail.com<\/strong><\/a><\/p>\n\n\n\n<p><a rel=\"noreferrer noopener\" href=\"mailto:mariaesgonzalez@udec.cl\" target=\"_blank\"><strong>mariaesgonzalez@udec.cl<\/strong><\/a><\/p>\n\n\n\n<div style=\"height:15px\" aria-hidden=\"true\" class=\"wp-block-spacer\"><\/div>\n\n\n\n<div class=\"wp-block-buttons is-layout-flex wp-block-buttons-is-layout-flex\">\n<div class=\"wp-block-button is-style-outline\"><a class=\"wp-block-button__link has-white-background-color has-background wp-element-button\" href=\"https:\/\/revistasipgh.org\/index.php\/rcar\/issue\/archive\" style=\"border-radius:5px\" target=\"_blank\" rel=\"noreferrer noopener\"><strong>N\u00fameros anteriores<\/strong><\/a><\/div>\n<\/div>\n<\/div>\n<\/div>\n\n\n\n<div style=\"height:30px\" aria-hidden=\"true\" class=\"wp-block-spacer\"><\/div>\n\n\n\n<div class=\"wp-block-buttons alignwide is-content-justification-center is-layout-flex wp-container-15 wp-block-buttons-is-layout-flex\">\n<div class=\"wp-block-button has-custom-font-size is-style-outline has-medium-font-size\"><a class=\"wp-block-button__link has-black-color has-text-color has-link-color wp-element-button\" href=\"http:\/\/ipgh.org\/mx\/?page_id=561\" style=\"border-radius:5px\" target=\"_blank\" rel=\"noreferrer noopener\"><strong>Publicaciones Ocasionales<\/strong><\/a><\/div>\n<\/div>\n<\/div>\n<\/div>\n\n\n\n<div style=\"height:30px\" aria-hidden=\"true\" class=\"wp-block-spacer\"><\/div>\n\n\n\n<p class=\"has-text-align-center has-black-color has-white-background-color has-text-color has-background has-medium-font-size\" style=\"padding-top:var(--wp--preset--spacing--30);padding-right:var(--wp--preset--spacing--30);padding-bottom:var(--wp--preset--spacing--30);padding-left:var(--wp--preset--spacing--30)\"><strong>Comit\u00e9s y Grupos de Trabajo<\/strong><\/p>\n\n\n\n<p class=\"has-text-align-center has-luminous-vivid-orange-color has-text-color has-link-color wp-elements-0ae97a2ad49702a8c04c64eae47fd908\">________________________________________<\/p>\n\n\n\n<div class=\"wp-block-columns is-layout-flex wp-container-19 wp-block-columns-is-layout-flex\">\n<div class=\"wp-block-column is-layout-flow wp-block-column-is-layout-flow\">\n<figure class=\"wp-block-image size-large is-resized\"><img decoding=\"async\" loading=\"lazy\" src=\"https:\/\/www.ipgh.org\/mx\/wp-content\/uploads\/2023\/02\/estructura-cart-1024x887.png\" alt=\"\" class=\"wp-image-5265\" style=\"width:1077px;height:933px\" width=\"1077\" height=\"933\" srcset=\"https:\/\/www.ipgh.org\/mx\/wp-content\/uploads\/2023\/02\/estructura-cart-1024x887.png 1024w, https:\/\/www.ipgh.org\/mx\/wp-content\/uploads\/2023\/02\/estructura-cart-300x260.png 300w, https:\/\/www.ipgh.org\/mx\/wp-content\/uploads\/2023\/02\/estructura-cart-768x666.png 768w, https:\/\/www.ipgh.org\/mx\/wp-content\/uploads\/2023\/02\/estructura-cart-1536x1331.png 1536w, https:\/\/www.ipgh.org\/mx\/wp-content\/uploads\/2023\/02\/estructura-cart.png 1920w\" sizes=\"(max-width: 1077px) 100vw, 1077px\" \/><\/figure>\n<\/div>\n<\/div>\n\n\n\n<p class=\"has-text-align-center has-black-color has-white-background-color has-text-color has-background has-medium-font-size\" style=\"padding-top:var(--wp--preset--spacing--30);padding-right:var(--wp--preset--spacing--30);padding-bottom:var(--wp--preset--spacing--30);padding-left:var(--wp--preset--spacing--30)\"><strong>Plan de Trabajo<\/strong><\/p>\n\n\n\n<p class=\"has-text-align-center has-luminous-vivid-orange-color has-text-color has-link-color wp-elements-0ae97a2ad49702a8c04c64eae47fd908\">________________________________________<\/p>\n\n\n\n<p class=\"has-text-align-center has-medium-font-size\"><a rel=\"noreferrer noopener\" href=\"http:\/\/ipgh.org\/mx\/wp-content\/uploads\/2023\/02\/ComCart_Plan-de-Trabajo-Comision.pdf\" target=\"_blank\">Plan de Trabajo 2022-2025<\/a><\/p>\n\n\n\n<div style=\"height:14px\" aria-hidden=\"true\" class=\"wp-block-spacer\"><\/div>\n\n\n\n<p class=\"has-text-align-center has-medium-font-size\"><a rel=\"noreferrer noopener\" href=\"http:\/\/ipgh.org\/mx\/wp-content\/uploads\/2023\/02\/Politica-Cientifica.pdf\" target=\"_blank\">Pol\u00edtica Cient\u00edfica de la Comisi\u00f3n de Cartograf\u00eda<\/a><\/p>\n\n\n\n<div style=\"height:30px\" aria-hidden=\"true\" class=\"wp-block-spacer\"><\/div>\n\n\n\n<p class=\"has-text-align-center has-black-color has-white-background-color has-text-color has-background has-medium-font-size\" style=\"padding-top:var(--wp--preset--spacing--30);padding-right:var(--wp--preset--spacing--30);padding-bottom:var(--wp--preset--spacing--30);padding-left:var(--wp--preset--spacing--30)\"><strong>Proyectos aprobados<\/strong><\/p>\n\n\n\n<p class=\"has-text-align-center has-luminous-vivid-orange-color has-text-color has-link-color wp-elements-0ae97a2ad49702a8c04c64eae47fd908\">________________________________________<\/p>\n\n\n\n<div style=\"height:30px\" aria-hidden=\"true\" class=\"wp-block-spacer\"><\/div>\n\n\n\n<div class=\"wp-block-buttons is-vertical is-content-justification-center is-layout-flex wp-container-20 wp-block-buttons-is-layout-flex\">\n<div class=\"wp-block-button has-custom-width wp-block-button__width-25 has-custom-font-size has-medium-font-size\"><a class=\"wp-block-button__link has-background wp-element-button\" href=\"https:\/\/www.ipgh.org\/mx\/?page_id=6513\" style=\"border-radius:5px;background-color:#001e62;padding-top:var(--wp--preset--spacing--30);padding-right:var(--wp--preset--spacing--30);padding-bottom:var(--wp--preset--spacing--30);padding-left:var(--wp--preset--spacing--30)\" target=\"_blank\" rel=\"noreferrer noopener\"><strong>2024<\/strong><\/a><\/div>\n\n\n\n<div class=\"wp-block-button has-custom-width wp-block-button__width-25 has-custom-font-size has-medium-font-size\"><a class=\"wp-block-button__link has-background wp-element-button\" href=\"https:\/\/www.ipgh.org\/mx\/?page_id=4471\" style=\"border-radius:5px;background-color:#001e62;padding-top:var(--wp--preset--spacing--30);padding-right:var(--wp--preset--spacing--30);padding-bottom:var(--wp--preset--spacing--30);padding-left:var(--wp--preset--spacing--30)\" target=\"_blank\" rel=\"noreferrer noopener\"><strong>2023<\/strong><\/a><\/div>\n\n\n\n<div class=\"wp-block-button has-custom-width wp-block-button__width-25 has-custom-font-size has-medium-font-size\"><a class=\"wp-block-button__link has-background wp-element-button\" href=\"https:\/\/www.ipgh.org\/mx\/?page_id=2943\" style=\"border-radius:5px;background-color:#001e62;padding-top:var(--wp--preset--spacing--30);padding-right:var(--wp--preset--spacing--30);padding-bottom:var(--wp--preset--spacing--30);padding-left:var(--wp--preset--spacing--30)\" target=\"_blank\" rel=\"noreferrer noopener\"><strong>2022<\/strong><\/a><\/div>\n\n\n\n<div class=\"wp-block-button has-custom-width wp-block-button__width-25 has-custom-font-size has-medium-font-size\"><a class=\"wp-block-button__link has-background wp-element-button\" href=\"https:\/\/www.ipgh.org\/mx\/?page_id=2940\" style=\"border-radius:5px;background-color:#001e62;padding-top:var(--wp--preset--spacing--30);padding-right:var(--wp--preset--spacing--30);padding-bottom:var(--wp--preset--spacing--30);padding-left:var(--wp--preset--spacing--30)\" target=\"_blank\" rel=\"noreferrer noopener\"><strong>2021<\/strong><\/a><\/div>\n\n\n\n<div class=\"wp-block-button has-custom-width wp-block-button__width-25 has-custom-font-size has-medium-font-size\"><a class=\"wp-block-button__link has-background wp-element-button\" href=\"https:\/\/www.ipgh.org\/mx\/?page_id=2937\" style=\"border-radius:5px;background-color:#001e62;padding-top:var(--wp--preset--spacing--30);padding-right:var(--wp--preset--spacing--30);padding-bottom:var(--wp--preset--spacing--30);padding-left:var(--wp--preset--spacing--30)\" target=\"_blank\" rel=\"noreferrer noopener\"><strong>2020<\/strong><\/a><\/div>\n\n\n\n<div class=\"wp-block-button has-custom-width wp-block-button__width-25 has-custom-font-size has-medium-font-size\"><a class=\"wp-block-button__link has-background wp-element-button\" href=\"https:\/\/www.ipgh.org\/mx\/?page_id=2934\" style=\"border-radius:5px;background-color:#001e62;padding-top:var(--wp--preset--spacing--30);padding-right:var(--wp--preset--spacing--30);padding-bottom:var(--wp--preset--spacing--30);padding-left:var(--wp--preset--spacing--30)\" target=\"_blank\" rel=\"noreferrer noopener\"><strong>2019<\/strong><\/a><\/div>\n<\/div>\n\n\n\n<p><\/p>\n\n\n\n<div class=\"wp-block-columns is-layout-flex wp-container-26 wp-block-columns-is-layout-flex\">\n<div class=\"wp-block-column is-layout-flow wp-block-column-is-layout-flow\">\n<figure class=\"wp-block-gallery has-nested-images columns-default is-cropped wp-block-gallery-21 is-layout-flex wp-block-gallery-is-layout-flex\"><\/figure>\n<\/div>\n\n\n\n<div class=\"wp-block-column is-layout-flow wp-block-column-is-layout-flow\"><\/div>\n\n\n\n<div class=\"wp-block-column is-layout-flow wp-block-column-is-layout-flow\"><\/div>\n<\/div>\n","protected":false},"excerpt":{"rendered":"<p>Autoridades ________________________________________ Presidenta Martha Paola Villag\u00f3mez Orozco martha.villagomez@ipgh.org Vicepresidenta &nbsp;Roc\u00edo Germania Narv\u00e1ez Benalc\u00e1zar rocio.narvaez@ipgh.org Premios &#8211; Convocatorias 2024 ________________________________________ Revistas cient\u00edficas ________________________________________ Revista Cartogr\u00e1fica Mar\u00eda Ester Gonzalez geoester@gmail.com mariaesgonzalez@udec.cl Comit\u00e9s y Grupos de Trabajo ________________________________________ Plan de Trabajo ________________________________________ Plan de Trabajo 2022-2025 Pol\u00edtica Cient\u00edfica de la Comisi\u00f3n de Cartograf\u00eda Proyectos aprobados ________________________________________<\/p>\n","protected":false},"author":1,"featured_media":0,"parent":0,"menu_order":0,"comment_status":"closed","ping_status":"closed","template":"","meta":{"footnotes":""},"_links":{"self":[{"href":"https:\/\/www.ipgh.org\/mx\/index.php?rest_route=\/wp\/v2\/pages\/5132"}],"collection":[{"href":"https:\/\/www.ipgh.org\/mx\/index.php?rest_route=\/wp\/v2\/pages"}],"about":[{"href":"https:\/\/www.ipgh.org\/mx\/index.php?rest_route=\/wp\/v2\/types\/page"}],"author":[{"embeddable":true,"href":"https:\/\/www.ipgh.org\/mx\/index.php?rest_route=\/wp\/v2\/users\/1"}],"replies":[{"embeddable":true,"href":"https:\/\/www.ipgh.org\/mx\/index.php?rest_route=%2Fwp%2Fv2%2Fcomments&post=5132"}],"version-history":[{"count":77,"href":"https:\/\/www.ipgh.org\/mx\/index.php?rest_route=\/wp\/v2\/pages\/5132\/revisions"}],"predecessor-version":[{"id":11859,"href":"https:\/\/www.ipgh.org\/mx\/index.php?rest_route=\/wp\/v2\/pages\/5132\/revisions\/11859"}],"wp:attachment":[{"href":"https:\/\/www.ipgh.org\/mx\/index.php?rest_route=%2Fwp%2Fv2%2Fmedia&parent=5132"}],"curies":[{"name":"wp","href":"https:\/\/api.w.org\/{rel}","templated":true}]}}