{"id":5133,"date":"2023-03-01T15:42:58","date_gmt":"2023-03-01T21:42:58","guid":{"rendered":"https:\/\/www.ipgh.org\/mx\/?page_id=5133"},"modified":"2024-04-30T13:23:15","modified_gmt":"2024-04-30T18:23:15","slug":"comision-de-geografia","status":"publish","type":"page","link":"https:\/\/www.ipgh.org\/mx\/?page_id=5133","title":{"rendered":"Comisi\u00f3n de Geograf\u00eda"},"content":{"rendered":"\n<p class=\"has-white-color has-luminous-vivid-orange-background-color has-text-color has-background has-medium-font-size\" style=\"padding-top:var(--wp--preset--spacing--30);padding-right:var(--wp--preset--spacing--30);padding-bottom:var(--wp--preset--spacing--30);padding-left:var(--wp--preset--spacing--30)\"><strong>Autoridades<\/strong><\/p>\n\n\n\n<div class=\"wp-block-columns is-layout-flex wp-container-9 wp-block-columns-is-layout-flex\">\n<div class=\"wp-block-column is-layout-flow wp-block-column-is-layout-flow\">\n<div class=\"wp-block-columns is-layout-flex wp-container-3 wp-block-columns-is-layout-flex\">\n<div class=\"wp-block-column is-layout-flow wp-block-column-is-layout-flow\">\n<figure class=\"wp-block-image size-full\"><img decoding=\"async\" loading=\"lazy\" width=\"273\" height=\"300\" src=\"https:\/\/www.ipgh.org\/mx\/wp-content\/uploads\/2023\/02\/image-9.png\" alt=\"\" class=\"wp-image-5150\"\/><\/figure>\n<\/div>\n\n\n\n<div class=\"wp-block-column is-layout-flow wp-block-column-is-layout-flow\">\n<div style=\"height:36px\" aria-hidden=\"true\" class=\"wp-block-spacer\"><\/div>\n\n\n\n<p class=\"has-text-align-left has-medium-font-size\"><strong>Presidente<\/strong><\/p>\n\n\n\n<p class=\"has-text-align-left has-medium-font-size\">Hermann Manr\u00edquez Tirado<\/p>\n\n\n\n<p class=\"has-medium-font-size\"><a href=\"mailto:hermann.manriquez@gmail.com\"><em>hermann.manriquez@gmail.com<\/em><\/a><\/p>\n<\/div>\n<\/div>\n<\/div>\n\n\n\n<div class=\"wp-block-column is-layout-flow wp-block-column-is-layout-flow\">\n<div class=\"wp-block-columns is-layout-flex wp-container-7 wp-block-columns-is-layout-flex\">\n<div class=\"wp-block-column is-layout-flow wp-block-column-is-layout-flow\">\n<figure class=\"wp-block-image size-full\"><img decoding=\"async\" loading=\"lazy\" width=\"273\" height=\"300\" src=\"https:\/\/www.ipgh.org\/mx\/wp-content\/uploads\/2023\/02\/image-10.png\" alt=\"\" class=\"wp-image-5151\"\/><\/figure>\n<\/div>\n\n\n\n<div class=\"wp-block-column is-layout-flow wp-block-column-is-layout-flow\">\n<div style=\"height:35px\" aria-hidden=\"true\" class=\"wp-block-spacer\"><\/div>\n\n\n\n<p class=\"has-text-align-left has-medium-font-size\"><strong>Vicepresidente<\/strong><\/p>\n\n\n\n<p class=\"has-medium-font-size\">Rodrigo Barriga Vargas<\/p>\n\n\n\n<p class=\"has-medium-font-size\"><a href=\"mailto:barriga.rodrigo@gmail.com\"><em>barriga.rodrigo@gmail.com<\/em><\/a><\/p>\n<\/div>\n<\/div>\n<\/div>\n<\/div>\n\n\n\n<p class=\"has-white-color has-luminous-vivid-orange-background-color has-text-color has-background has-medium-font-size\" style=\"padding-top:var(--wp--preset--spacing--30);padding-right:var(--wp--preset--spacing--30);padding-bottom:var(--wp--preset--spacing--30);padding-left:var(--wp--preset--spacing--30)\"><strong>Revistas cient\u00edficas<\/strong><\/p>\n\n\n\n<div style=\"height:45px\" aria-hidden=\"true\" class=\"wp-block-spacer\"><\/div>\n\n\n\n<div class=\"wp-block-columns is-layout-flex wp-container-15 wp-block-columns-is-layout-flex\">\n<div class=\"wp-block-column is-layout-flow wp-block-column-is-layout-flow\">\n<div class=\"wp-block-columns is-layout-flex wp-container-12 wp-block-columns-is-layout-flex\">\n<div class=\"wp-block-column is-layout-flow wp-block-column-is-layout-flow\"><div class=\"wp-block-image\">\n<figure class=\"aligncenter size-large is-resized\"><a href=\"https:\/\/revistasipgh.org\/index.php\/regeo\" target=\"_blank\" rel=\"noreferrer noopener\"><img decoding=\"async\" loading=\"lazy\" src=\"https:\/\/www.ipgh.org\/mx\/wp-content\/uploads\/2023\/02\/PORTADA_GEOG-697x1024.png\" alt=\"\" class=\"wp-image-5273\" style=\"width:212px;height:314px\" width=\"212\" height=\"314\"\/><\/a><\/figure><\/div><\/div>\n\n\n\n<div class=\"wp-block-column is-layout-flow wp-block-column-is-layout-flow\">\n<div style=\"height:67px\" aria-hidden=\"true\" class=\"wp-block-spacer\"><\/div>\n\n\n\n<p class=\"has-medium-font-size\"><strong>Revista Geogr\u00e1fica <\/strong><\/p>\n\n\n\n<p class=\"has-medium-font-size\"><\/p>\n\n\n\n<p class=\"has-medium-font-size\"><\/p>\n\n\n\n<p class=\"has-medium-font-size\"><em><a href=\"mailto:revista.geografica@ipgh.org\" target=\"_blank\" rel=\"noreferrer noopener\">revista.geografica@ipgh.org<\/a><\/em><\/p>\n<\/div>\n<\/div>\n\n\n\n<div class=\"wp-block-buttons is-layout-flex wp-block-buttons-is-layout-flex\">\n<div class=\"wp-block-button has-custom-width wp-block-button__width-50 has-custom-font-size has-medium-font-size\"><a class=\"wp-block-button__link has-background wp-element-button\" href=\"https:\/\/revistasipgh.org\/index.php\/regeo\/issue\/archive\" style=\"border-radius:5px;background-color:#263a75;padding-top:var(--wp--preset--spacing--30);padding-right:var(--wp--preset--spacing--30);padding-bottom:var(--wp--preset--spacing--30);padding-left:var(--wp--preset--spacing--30)\" target=\"_blank\" rel=\"noreferrer noopener\"><strong>Revistas cient\u00edficas &#8211; n\u00fameros anteriores<\/strong><\/a><\/div>\n\n\n\n<div class=\"wp-block-button has-custom-width wp-block-button__width-50 has-custom-font-size has-medium-font-size\"><a class=\"wp-block-button__link has-background wp-element-button\" href=\"https:\/\/www.ipgh.org\/mx\/?page_id=561\" style=\"border-radius:5px;background-color:#263a75;padding-top:var(--wp--preset--spacing--30);padding-right:var(--wp--preset--spacing--30);padding-bottom:var(--wp--preset--spacing--30);padding-left:var(--wp--preset--spacing--30)\" target=\"_blank\" rel=\"noreferrer noopener\"><strong>Publicaciones ocasionales<\/strong><\/a><\/div>\n<\/div>\n<\/div>\n<\/div>\n\n\n\n<div style=\"height:45px\" aria-hidden=\"true\" class=\"wp-block-spacer\"><\/div>\n\n\n\n<p class=\"has-white-color has-luminous-vivid-orange-background-color has-text-color has-background has-medium-font-size\" style=\"padding-top:var(--wp--preset--spacing--30);padding-right:var(--wp--preset--spacing--30);padding-bottom:var(--wp--preset--spacing--30);padding-left:var(--wp--preset--spacing--30)\"><strong>Comit\u00e9s y Grupos de Trabajo<\/strong><\/p>\n\n\n\n<p class=\"has-medium-font-size\"><strong>Comit\u00e9 de Investigaci\u00f3n<\/strong><\/p>\n\n\n\n<div class=\"wp-block-columns is-layout-flex wp-container-21 wp-block-columns-is-layout-flex\">\n<div class=\"wp-block-column is-layout-flow wp-block-column-is-layout-flow\">\n<div class=\"wp-block-columns is-layout-flex wp-container-18 wp-block-columns-is-layout-flex\">\n<div class=\"wp-block-column is-layout-flow wp-block-column-is-layout-flow\"><div class=\"wp-block-image\">\n<figure class=\"aligncenter size-full\"><img decoding=\"async\" loading=\"lazy\" width=\"146\" height=\"217\" src=\"https:\/\/www.ipgh.org\/mx\/wp-content\/uploads\/2023\/02\/image-21.png\" alt=\"\" class=\"wp-image-5164\"\/><\/figure><\/div><\/div>\n\n\n\n<div class=\"wp-block-column is-layout-flow wp-block-column-is-layout-flow\">\n<div style=\"height:21px\" aria-hidden=\"true\" class=\"wp-block-spacer\"><\/div>\n\n\n\n<p class=\"has-medium-font-size\">Nancy Aguirre (Colombia)<\/p>\n\n\n\n<p class=\"has-medium-font-size\"><strong>Coordinadora<\/strong><\/p>\n\n\n\n<p class=\"has-medium-font-size\"><a href=\"mailto:cnaguirre@hotmail.com\" target=\"_blank\" rel=\"noreferrer noopener\">cnaguirre@hotmail.com<\/a><\/p>\n<\/div>\n<\/div>\n<\/div>\n\n\n\n<div class=\"wp-block-column is-layout-flow wp-block-column-is-layout-flow\">\n<p class=\"has-medium-font-size\"><strong>Grupo de Trabajo<\/strong><\/p>\n\n\n\n<p class=\"has-medium-font-size\"><p class=\"has-medium-font-size\" id=\"u166998-4\">Cambio Clim\u00e1tico en las Am\u00e9ricas &#8211;&nbsp;<strong>David Salisbury<\/strong><\/p><\/p>\n\n\n\n<p class=\"has-medium-font-size\"><p class=\"has-medium-font-size\" id=\"u166998-7\">Riesgo de Desastres &#8211;&nbsp;<strong>Fabiana Barrenechea<\/strong><\/p><\/p>\n\n\n\n<p class=\"has-medium-font-size\"><p class=\"has-medium-font-size\" id=\"u166998-10\">Estudios Urbanos &#8211;&nbsp;<strong>Daniel Oscar Lipp<\/strong><\/p><\/p>\n\n\n\n<p class=\"has-medium-font-size\"><p class=\"has-medium-font-size\" id=\"u166998-13\">An\u00e1lisis Espacial &#8211;&nbsp;<strong>Carlos Vel\u00e1zquez<\/strong><\/p><\/p>\n\n\n\n<p class=\"has-medium-font-size\"><p class=\"has-medium-font-size\" id=\"u166998-16\">Enfoque Transversal : Genero &#8211;&nbsp;<strong>Ana Gomez<\/strong><\/p><\/p>\n<\/div>\n<\/div>\n\n\n\n<p class=\"has-medium-font-size\"><strong>Comit\u00e9 de Educaci\u00f3n<\/strong> <strong>Geogr\u00e1fica<\/strong><\/p>\n\n\n\n<div class=\"wp-block-columns has-medium-font-size is-layout-flex wp-container-30 wp-block-columns-is-layout-flex\">\n<div class=\"wp-block-column is-layout-flow wp-block-column-is-layout-flow\">\n<div class=\"wp-block-columns is-layout-flex wp-container-24 wp-block-columns-is-layout-flex\">\n<div class=\"wp-block-column is-layout-flow wp-block-column-is-layout-flow\"><div class=\"wp-block-image\">\n<figure class=\"aligncenter size-full\"><img decoding=\"async\" loading=\"lazy\" width=\"149\" height=\"204\" src=\"https:\/\/www.ipgh.org\/mx\/wp-content\/uploads\/2023\/02\/image-22.png\" alt=\"\" class=\"wp-image-5165\"\/><\/figure><\/div><\/div>\n\n\n\n<div class=\"wp-block-column is-layout-flow wp-block-column-is-layout-flow\">\n<div style=\"height:15px\" aria-hidden=\"true\" class=\"wp-block-spacer\"><\/div>\n\n\n\n<p class=\"has-medium-font-size\">Fabi\u00e1n Araya Palacios (Chile)<\/p>\n\n\n\n<p class=\"has-medium-font-size\"><strong>Coordinador<\/strong><\/p>\n\n\n\n<p class=\"has-medium-font-size\"> <a rel=\"noreferrer noopener\" href=\"mailto:faraya@userena.cl\" target=\"_blank\">faraya@userena.cl<\/a><\/p>\n<\/div>\n<\/div>\n\n\n\n<div style=\"height:19px\" aria-hidden=\"true\" class=\"wp-block-spacer\"><\/div>\n\n\n\n<div class=\"wp-block-buttons is-content-justification-center is-layout-flex wp-container-25 wp-block-buttons-is-layout-flex\">\n<div class=\"wp-block-button has-custom-font-size is-style-fill\" style=\"font-size:18px\"><a class=\"wp-block-button__link has-white-color has-luminous-vivid-orange-background-color has-text-color has-background has-link-color wp-element-button\" href=\"https:\/\/www.ipgh.org\/mx\/wp-content\/uploads\/2024\/04\/Planificacion-2024.-GT-Educacion-Geografica.pdf\" style=\"border-radius:11px;padding-top:var(--wp--preset--spacing--30);padding-right:var(--wp--preset--spacing--70);padding-bottom:var(--wp--preset--spacing--30);padding-left:var(--wp--preset--spacing--70)\" target=\"_blank\" rel=\"noreferrer noopener\"><strong>Planificaci\u00f3n de actividades 2024<\/strong><\/a><\/div>\n<\/div>\n<\/div>\n\n\n\n<div class=\"wp-block-column is-layout-flow wp-block-column-is-layout-flow\">\n<div class=\"wp-block-columns is-layout-flex wp-container-28 wp-block-columns-is-layout-flex\">\n<div class=\"wp-block-column is-layout-flow wp-block-column-is-layout-flow\">\n<p class=\"has-medium-font-size\"><strong>Grupo de Trabajo<\/strong><\/p>\n\n\n\n<p class=\"has-medium-font-size\">Ense\u00f1anza Geogr\u00e1fica on-line &#8211;&nbsp;<strong>Daniel Mallmann Vallerius<\/strong><\/p>\n\n\n\n<p class=\"has-medium-font-size\">Ense\u00f1anza  Geogr\u00e1fica Presencial &#8211;&nbsp;<strong>Silvia Aparecida de Sousa Fern\u00e1ndez<\/strong><\/p>\n\n\n\n<p class=\"has-medium-font-size\">Did\u00e1ctica de la Geograf\u00eda &#8211;&nbsp;<strong>Alexander Cely Rodr\u00edguez<\/strong><\/p>\n\n\n\n<p class=\"has-medium-font-size\">Vinculaci\u00f3n Geogr\u00e1fica con el medio educativo &#8211;&nbsp;<strong>Sandra \u00c1lvarez Barahona<\/strong><\/p>\n<\/div>\n<\/div>\n<\/div>\n<\/div>\n\n\n\n<div style=\"height:21px\" aria-hidden=\"true\" class=\"wp-block-spacer\"><\/div>\n\n\n\n<p class=\"has-medium-font-size\"><strong>Comit\u00e9 de Comunicaci\u00f3n y difusi\u00f3n<\/strong><\/p>\n\n\n\n<div class=\"wp-block-columns has-medium-font-size is-layout-flex wp-container-38 wp-block-columns-is-layout-flex\">\n<div class=\"wp-block-column is-layout-flow wp-block-column-is-layout-flow\">\n<div class=\"wp-block-columns is-layout-flex wp-container-33 wp-block-columns-is-layout-flex\">\n<div class=\"wp-block-column is-layout-flow wp-block-column-is-layout-flow\"><div class=\"wp-block-image\">\n<figure class=\"aligncenter size-full\"><img decoding=\"async\" loading=\"lazy\" width=\"134\" height=\"211\" src=\"https:\/\/www.ipgh.org\/mx\/wp-content\/uploads\/2023\/02\/image-6.png\" alt=\"\" class=\"wp-image-5139\"\/><\/figure><\/div><\/div>\n\n\n\n<div class=\"wp-block-column is-layout-flow wp-block-column-is-layout-flow\">\n<div style=\"height:15px\" aria-hidden=\"true\" class=\"wp-block-spacer\"><\/div>\n\n\n\n<p class=\"has-medium-font-size\">Mar\u00eda Jose Vizca\u00edno (Ecuador) <\/p>\n\n\n\n<p class=\"has-medium-font-size\"><strong>Coordinadora<\/strong><\/p>\n\n\n\n<p class=\"has-medium-font-size\"><a href=\"mailto:majo.vizcaino@ipgh.gob.ec\" target=\"_blank\" rel=\"noreferrer noopener\">majo.vizcaino@ipgh.gob.ec<\/a><\/p>\n<\/div>\n<\/div>\n<\/div>\n\n\n\n<div class=\"wp-block-column is-layout-flow wp-block-column-is-layout-flow\">\n<div class=\"wp-block-columns is-layout-flex wp-container-36 wp-block-columns-is-layout-flex\">\n<div class=\"wp-block-column is-layout-flow wp-block-column-is-layout-flow\">\n<p class=\"has-medium-font-size\"><strong>Grupo de Trabajo<\/strong><\/p>\n\n\n\n<p class=\"has-medium-font-size\">Fortalecimiento de la Red de Profesionales &#8211;&nbsp;<strong>Isis Tejada<\/strong><\/p>\n\n\n\n<p class=\"has-medium-font-size\">Promoci\u00f3n de la Comunicaci\u00f3n Virtual &#8211;&nbsp;<strong>Dolly Garcia<\/strong><\/p>\n<\/div>\n<\/div>\n<\/div>\n<\/div>\n\n\n\n<p class=\"has-white-color has-luminous-vivid-orange-background-color has-text-color has-background has-medium-font-size\" style=\"padding-top:var(--wp--preset--spacing--30);padding-right:var(--wp--preset--spacing--30);padding-bottom:var(--wp--preset--spacing--30);padding-left:var(--wp--preset--spacing--30)\"><strong>Plan de trabajo<\/strong><\/p>\n\n\n\n<p class=\"has-medium-font-size\"><strong>Misi\u00f3n<\/strong><\/p>\n\n\n\n<p class=\"has-medium-font-size\">Enfocar, facilitar y promover la investigaci\u00f3n geogr\u00e1fica Panamericana y colaborar educativamente con la comunidad geogr\u00e1fica hacia la producci\u00f3n del conocimiento cient\u00edfico y geogr\u00e1fico que apoya la Agenda Panamericana&nbsp; y los Objetivos de Sostenible Desarrollo de la Organizaci\u00f3n de Las Naciones Unidos en una coordinaci\u00f3n interdisciplinaria junto con las otras comisiones para el objetivo de beneficiar a los ciudadanos de las Am\u00e9ricas.<\/p>\n\n\n\n<ul>\n<li class=\"has-medium-font-size\">Comisi\u00f3n de Geograf\u00eda &#8211; Plan de Trabajo para el Periodo de 2018-2021<\/li>\n\n\n\n<li class=\"has-medium-font-size\">Dec\u00e1logo para la implementaci\u00f3n de la Agenda Panamericana del IPGH 2010-2020<\/li>\n\n\n\n<li class=\"has-medium-font-size\">PAIGH Geography Commission Quadrennial Report 2014 &#8211; 2017 (english version)<\/li>\n\n\n\n<li class=\"has-medium-font-size\">IPGH Informe Cuadrienal de la Comisi\u00f3n de Geograf\u00eda 2014 &#8211; 2017 (versi\u00f3n en espa\u00f1ol)<\/li>\n<\/ul>\n\n\n\n<p class=\"has-white-color has-luminous-vivid-orange-background-color has-text-color has-background has-medium-font-size\" style=\"padding-top:var(--wp--preset--spacing--30);padding-right:var(--wp--preset--spacing--30);padding-bottom:var(--wp--preset--spacing--30);padding-left:var(--wp--preset--spacing--30)\"><strong>Proyectos aprobados<\/strong><\/p>\n\n\n\n<div style=\"height:45px\" aria-hidden=\"true\" class=\"wp-block-spacer\"><\/div>\n\n\n\n<div class=\"wp-block-buttons is-vertical is-layout-flex wp-container-39 wp-block-buttons-is-layout-flex\">\n<div class=\"wp-block-button has-custom-width wp-block-button__width-25\"><a class=\"wp-block-button__link has-background wp-element-button\" href=\"https:\/\/www.ipgh.org\/mx\/?page_id=6513\" style=\"border-radius:5px;background-color:#263a75;padding-top:var(--wp--preset--spacing--30);padding-right:var(--wp--preset--spacing--30);padding-bottom:var(--wp--preset--spacing--30);padding-left:var(--wp--preset--spacing--30)\" target=\"_blank\" rel=\"noreferrer noopener\"><strong>2024<\/strong><\/a><\/div>\n\n\n\n<div class=\"wp-block-button has-custom-width wp-block-button__width-25\"><a class=\"wp-block-button__link has-background wp-element-button\" href=\"https:\/\/www.ipgh.org\/mx\/?page_id=4471\" style=\"border-radius:5px;background-color:#263a75;padding-top:var(--wp--preset--spacing--30);padding-right:var(--wp--preset--spacing--30);padding-bottom:var(--wp--preset--spacing--30);padding-left:var(--wp--preset--spacing--30)\" target=\"_blank\" rel=\"noreferrer noopener\"><strong>2023<\/strong><\/a><\/div>\n\n\n\n<div class=\"wp-block-button has-custom-width wp-block-button__width-25\"><a class=\"wp-block-button__link has-background wp-element-button\" href=\"https:\/\/www.ipgh.org\/mx\/?page_id=2943\" style=\"border-radius:5px;background-color:#263a75;padding-top:var(--wp--preset--spacing--30);padding-right:var(--wp--preset--spacing--30);padding-bottom:var(--wp--preset--spacing--30);padding-left:var(--wp--preset--spacing--30)\" target=\"_blank\" rel=\"noreferrer noopener\"><strong>2022<\/strong><\/a><\/div>\n\n\n\n<div class=\"wp-block-button has-custom-width wp-block-button__width-25\"><a class=\"wp-block-button__link has-background wp-element-button\" href=\"https:\/\/www.ipgh.org\/mx\/?page_id=2940\" style=\"border-radius:5px;background-color:#263a75;padding-top:var(--wp--preset--spacing--30);padding-right:var(--wp--preset--spacing--30);padding-bottom:var(--wp--preset--spacing--30);padding-left:var(--wp--preset--spacing--30)\" target=\"_blank\" rel=\"noreferrer noopener\"><strong>2021<\/strong><\/a><\/div>\n\n\n\n<div class=\"wp-block-button has-custom-width wp-block-button__width-25\"><a class=\"wp-block-button__link has-background wp-element-button\" href=\"https:\/\/www.ipgh.org\/mx\/?page_id=2937\" style=\"border-radius:5px;background-color:#263a75;padding-top:var(--wp--preset--spacing--30);padding-right:var(--wp--preset--spacing--30);padding-bottom:var(--wp--preset--spacing--30);padding-left:var(--wp--preset--spacing--30)\" target=\"_blank\" rel=\"noreferrer noopener\"><strong>2020<\/strong><\/a><\/div>\n\n\n\n<div class=\"wp-block-button has-custom-width wp-block-button__width-25\"><a class=\"wp-block-button__link has-background wp-element-button\" href=\"https:\/\/www.ipgh.org\/mx\/?page_id=2934\" style=\"border-radius:5px;background-color:#263a75;padding-top:var(--wp--preset--spacing--30);padding-right:var(--wp--preset--spacing--30);padding-bottom:var(--wp--preset--spacing--30);padding-left:var(--wp--preset--spacing--30)\" target=\"_blank\" rel=\"noreferrer noopener\"><strong>2019<\/strong><\/a><\/div>\n<\/div>\n","protected":false},"excerpt":{"rendered":"<p>Autoridades Presidente Hermann Manr\u00edquez Tirado hermann.manriquez@gmail.com Vicepresidente Rodrigo Barriga Vargas barriga.rodrigo@gmail.com Revistas cient\u00edficas Revista Geogr\u00e1fica revista.geografica@ipgh.org Comit\u00e9s y Grupos de Trabajo Comit\u00e9 de Investigaci\u00f3n Nancy Aguirre (Colombia) Coordinadora cnaguirre@hotmail.com Grupo de Trabajo Cambio Clim\u00e1tico en las Am\u00e9ricas &#8211;&nbsp;David Salisbury Riesgo de Desastres &#8211;&nbsp;Fabiana Barrenechea Estudios Urbanos &#8211;&nbsp;Daniel Oscar Lipp An\u00e1lisis Espacial &#8211;&nbsp;Carlos Vel\u00e1zquez Enfoque Transversal <a class=\"read-more\" href=\"https:\/\/www.ipgh.org\/mx\/?page_id=5133\">LEER M\u00c1S<\/a><\/p>\n","protected":false},"author":1,"featured_media":0,"parent":0,"menu_order":0,"comment_status":"closed","ping_status":"closed","template":"","meta":{"footnotes":""},"_links":{"self":[{"href":"https:\/\/www.ipgh.org\/mx\/index.php?rest_route=\/wp\/v2\/pages\/5133"}],"collection":[{"href":"https:\/\/www.ipgh.org\/mx\/index.php?rest_route=\/wp\/v2\/pages"}],"about":[{"href":"https:\/\/www.ipgh.org\/mx\/index.php?rest_route=\/wp\/v2\/types\/page"}],"author":[{"embeddable":true,"href":"https:\/\/www.ipgh.org\/mx\/index.php?rest_route=\/wp\/v2\/users\/1"}],"replies":[{"embeddable":true,"href":"https:\/\/www.ipgh.org\/mx\/index.php?rest_route=%2Fwp%2Fv2%2Fcomments&post=5133"}],"version-history":[{"count":15,"href":"https:\/\/www.ipgh.org\/mx\/index.php?rest_route=\/wp\/v2\/pages\/5133\/revisions"}],"predecessor-version":[{"id":6940,"href":"https:\/\/www.ipgh.org\/mx\/index.php?rest_route=\/wp\/v2\/pages\/5133\/revisions\/6940"}],"wp:attachment":[{"href":"https:\/\/www.ipgh.org\/mx\/index.php?rest_route=%2Fwp%2Fv2%2Fmedia&parent=5133"}],"curies":[{"name":"wp","href":"https:\/\/api.w.org\/{rel}","templated":true}]}}