{"id":5383,"date":"2023-03-22T14:53:47","date_gmt":"2023-03-22T20:53:47","guid":{"rendered":"https:\/\/www.ipgh.org\/mx\/?page_id=5383"},"modified":"2023-03-22T14:53:47","modified_gmt":"2023-03-22T20:53:47","slug":"muro-de-autoridades-femeninas-del-ipgh","status":"publish","type":"page","link":"https:\/\/www.ipgh.org\/mx\/?page_id=5383","title":{"rendered":"\u00a0Muro de Autoridades Femeninas del IPGH"},"content":{"rendered":"<div class=\"wp-block-image\">\n<figure class=\"aligncenter size-large\"><img decoding=\"async\" loading=\"lazy\" width=\"1024\" height=\"729\" src=\"https:\/\/www.ipgh.org\/mx\/wp-content\/uploads\/2023\/03\/Muro-Mujeres-1-1024x729.jpg\" alt=\"\" class=\"wp-image-5384\" srcset=\"https:\/\/www.ipgh.org\/mx\/wp-content\/uploads\/2023\/03\/Muro-Mujeres-1-1024x729.jpg 1024w, https:\/\/www.ipgh.org\/mx\/wp-content\/uploads\/2023\/03\/Muro-Mujeres-1-300x214.jpg 300w, https:\/\/www.ipgh.org\/mx\/wp-content\/uploads\/2023\/03\/Muro-Mujeres-1-768x547.jpg 768w, https:\/\/www.ipgh.org\/mx\/wp-content\/uploads\/2023\/03\/Muro-Mujeres-1-1536x1094.jpg 1536w, https:\/\/www.ipgh.org\/mx\/wp-content\/uploads\/2023\/03\/Muro-Mujeres-1-2048x1459.jpg 2048w\" sizes=\"(max-width: 1024px) 100vw, 1024px\" \/><\/figure><\/div>\n\n\n<div style=\"height:50px\" aria-hidden=\"true\" class=\"wp-block-spacer\"><\/div>\n\n\n\n<p class=\"has-white-color has-luminous-vivid-orange-background-color has-text-color has-background has-medium-font-size\"><strong>Resoluci\u00f3n n\u00fam. 10<\/strong>,<strong> aprobada por la 23<sup>a<\/sup> Asamblea General del Instituto Panamericano de Geograf\u00eda e Historia (IPGH), realizada en la ciudad de Quito, Rep\u00fablica del Ecuador (octubre, 2022)<\/strong><\/p>\n\n\n\n<p class=\"has-medium-font-size\"><strong>CREACI\u00d3N DEL MURO DE AUTORIDADES FEMENINAS DEL IPGH<\/strong><\/p>\n\n\n\n<p class=\"has-medium-font-size\">Considerando:<\/p>\n\n\n\n<ul class=\"has-medium-font-size\">\n<li>Que acorde con los tiempos actuales, es necesario reconocer los m\u00e9ritos de las mujeres, en puestos cient\u00edficos y administrativos, independientemente de su nacionalidad, que con sus luces han contribuido al desarrollo cient\u00edfico de la Cartograf\u00eda, Geograf\u00eda, Historia y Geof\u00edsica, as\u00ed como a las ciencias afines que son inter\u00e9s del IPGH;<\/li>\n<\/ul>\n\n\n\n<ul class=\"has-medium-font-size\">\n<li>Que muchas mujeres profesionales al servicio del IPGH han ocupado cargos de Autoridades, pero sus m\u00e9ritos no han sido lo suficientemente reconocidos por falta de una pol\u00edtica de inclusi\u00f3n;<\/li>\n<\/ul>\n\n\n\n<ul class=\"has-medium-font-size\">\n<li>Que todo el esfuerzo de las mujeres Autoridades favorece al fin original del IPGH que es contribuir a la paz en Am\u00e9rica, por medio de la realizaci\u00f3n y difusi\u00f3n de estudios cient\u00edfico-t\u00e9cnicos;<\/li>\n<\/ul>\n\n\n\n<ul class=\"has-medium-font-size\">\n<li>Que el Palacio sede de la Secretar\u00eda General del IPGH cuenta con tres galer\u00edas donde los retratos de Presidentes y Secretarios Generales ocupan muros dedicados, sin embargo, en ninguno aparece alguna autoridad femenina;<\/li>\n<\/ul>\n\n\n\n<ul class=\"has-medium-font-size\">\n<li>Lo recomendado por la 97\u00aa y 98\u00aa Reuniones de Autoridades y el Comit\u00e9 de Pol\u00edtica Administrativa,<\/li>\n<\/ul>\n\n\n\n<p class=\"has-medium-font-size\">Resuelve:<\/p>\n\n\n\n<p class=\"has-medium-font-size\">Primero. Instruir a la Secretar\u00eda General a asignar un muro, en el interior del Palacio sede, dedicado a las mujeres que han ejercido puestos de Autoridad del Instituto Panamericano de Geograf\u00eda e Historia, para ser inaugurado en el marco de una ceremonia a verificarse el pr\u00f3ximo 7 de febrero de 2023.<\/p>\n\n\n\n<p class=\"has-medium-font-size\">Segundo. Invitar a todos los Estados Miembros a promover la participaci\u00f3n de las mujeres en las diferentes Comisiones.<\/p>\n\n\n\n<div style=\"height:30px\" aria-hidden=\"true\" class=\"wp-block-spacer\"><\/div>\n\n\n\n<div class=\"wp-block-buttons is-content-justification-center is-layout-flex wp-container-1 wp-block-buttons-is-layout-flex\">\n<div class=\"wp-block-button has-custom-width wp-block-button__width-50 has-custom-font-size has-medium-font-size\"><a class=\"wp-block-button__link has-background has-text-align-center wp-element-button\" href=\"https:\/\/www.ipgh.org\/mx\/wp-content\/uploads\/2022\/12\/23AG_ENG_RES_10.pdf\" style=\"border-radius:5px;background-color:#253566;padding-top:var(--wp--preset--spacing--30);padding-right:var(--wp--preset--spacing--30);padding-bottom:var(--wp--preset--spacing--30);padding-left:var(--wp--preset--spacing--30)\" target=\"_blank\" rel=\"noreferrer noopener\"><strong>\u00a0Creation of the wall for female PAIGH Authorities<\/strong><\/a><\/div>\n<\/div>\n\n\n\n<div style=\"height:50px\" aria-hidden=\"true\" class=\"wp-block-spacer\"><\/div>\n\n\n\n<hr class=\"wp-block-separator has-text-color has-luminous-vivid-orange-color has-alpha-channel-opacity has-luminous-vivid-orange-background-color has-background\"\/>\n\n\n\n<div class=\"wp-block-columns is-layout-flex wp-container-5 wp-block-columns-is-layout-flex\">\n<div class=\"wp-block-column is-layout-flow wp-block-column-is-layout-flow\">\n<figure class=\"wp-block-image size-large\"><a href=\"https:\/\/www.ipgh.org\/mx\/wp-content\/uploads\/2023\/03\/Marilourdes-Lopes-Ferreira.pdf\" target=\"_blank\" rel=\"noreferrer noopener\"><img decoding=\"async\" loading=\"lazy\" width=\"767\" height=\"1024\" src=\"https:\/\/www.ipgh.org\/mx\/wp-content\/uploads\/2023\/03\/Marilourdes-Lopez-767x1024.jpg\" alt=\"\" class=\"wp-image-5387\" srcset=\"https:\/\/www.ipgh.org\/mx\/wp-content\/uploads\/2023\/03\/Marilourdes-Lopez-767x1024.jpg 767w, https:\/\/www.ipgh.org\/mx\/wp-content\/uploads\/2023\/03\/Marilourdes-Lopez-225x300.jpg 225w, https:\/\/www.ipgh.org\/mx\/wp-content\/uploads\/2023\/03\/Marilourdes-Lopez-768x1025.jpg 768w, https:\/\/www.ipgh.org\/mx\/wp-content\/uploads\/2023\/03\/Marilourdes-Lopez-1151x1536.jpg 1151w, https:\/\/www.ipgh.org\/mx\/wp-content\/uploads\/2023\/03\/Marilourdes-Lopez-1534x2048.jpg 1534w, https:\/\/www.ipgh.org\/mx\/wp-content\/uploads\/2023\/03\/Marilourdes-Lopez-scaled.jpg 1918w\" sizes=\"(max-width: 767px) 100vw, 767px\" \/><\/a><\/figure>\n\n\n\n<p class=\"has-text-align-center has-medium-font-size\"><strong>Marilourdes Lopes Ferreira <\/strong><br><strong>(1945-2021)<\/strong><br><strong>Brasil<\/strong><\/p>\n<\/div>\n\n\n\n<div class=\"wp-block-column is-layout-flow wp-block-column-is-layout-flow\">\n<figure class=\"wp-block-image size-large\"><a href=\"https:\/\/www.ipgh.org\/mx\/wp-content\/uploads\/2023\/03\/Elsa-Leticia-Flores-Marquez.pdf\" target=\"_blank\" rel=\"noreferrer noopener\"><img decoding=\"async\" loading=\"lazy\" width=\"767\" height=\"1024\" src=\"https:\/\/www.ipgh.org\/mx\/wp-content\/uploads\/2023\/03\/Elsa-Leticia-767x1024.jpg\" alt=\"\" class=\"wp-image-5388\" srcset=\"https:\/\/www.ipgh.org\/mx\/wp-content\/uploads\/2023\/03\/Elsa-Leticia-767x1024.jpg 767w, https:\/\/www.ipgh.org\/mx\/wp-content\/uploads\/2023\/03\/Elsa-Leticia-225x300.jpg 225w, https:\/\/www.ipgh.org\/mx\/wp-content\/uploads\/2023\/03\/Elsa-Leticia-768x1025.jpg 768w, https:\/\/www.ipgh.org\/mx\/wp-content\/uploads\/2023\/03\/Elsa-Leticia-1151x1536.jpg 1151w, https:\/\/www.ipgh.org\/mx\/wp-content\/uploads\/2023\/03\/Elsa-Leticia-1534x2048.jpg 1534w, https:\/\/www.ipgh.org\/mx\/wp-content\/uploads\/2023\/03\/Elsa-Leticia-scaled.jpg 1918w\" sizes=\"(max-width: 767px) 100vw, 767px\" \/><\/a><\/figure>\n\n\n\n<p class=\"has-text-align-center has-medium-font-size\"><strong>Elsa Leticia Flores M\u00e1rquez<br>M\u00e9xico<\/strong><\/p>\n<\/div>\n\n\n\n<div class=\"wp-block-column is-layout-flow wp-block-column-is-layout-flow\">\n<figure class=\"wp-block-image size-large\"><a href=\"https:\/\/www.ipgh.org\/mx\/wp-content\/uploads\/2023\/03\/Nidya-Maria-Cardoze-Cordoba.pdf\" target=\"_blank\" rel=\"noreferrer noopener\"><img decoding=\"async\" loading=\"lazy\" width=\"767\" height=\"1024\" src=\"https:\/\/www.ipgh.org\/mx\/wp-content\/uploads\/2023\/03\/Nydia-Maria-767x1024.jpg\" alt=\"\" class=\"wp-image-5389\" srcset=\"https:\/\/www.ipgh.org\/mx\/wp-content\/uploads\/2023\/03\/Nydia-Maria-767x1024.jpg 767w, https:\/\/www.ipgh.org\/mx\/wp-content\/uploads\/2023\/03\/Nydia-Maria-225x300.jpg 225w, https:\/\/www.ipgh.org\/mx\/wp-content\/uploads\/2023\/03\/Nydia-Maria-768x1025.jpg 768w, https:\/\/www.ipgh.org\/mx\/wp-content\/uploads\/2023\/03\/Nydia-Maria-1151x1536.jpg 1151w, https:\/\/www.ipgh.org\/mx\/wp-content\/uploads\/2023\/03\/Nydia-Maria-1534x2048.jpg 1534w, https:\/\/www.ipgh.org\/mx\/wp-content\/uploads\/2023\/03\/Nydia-Maria-scaled.jpg 1918w\" sizes=\"(max-width: 767px) 100vw, 767px\" \/><\/a><\/figure>\n\n\n\n<p class=\"has-text-align-center has-medium-font-size\"><strong>Nidya Mar\u00eda Cardoze C\u00f3rdoba<br>Panam\u00e1<\/strong><\/p>\n<\/div>\n<\/div>\n\n\n\n<div style=\"height:45px\" aria-hidden=\"true\" class=\"wp-block-spacer\"><\/div>\n\n\n\n<div class=\"wp-block-columns is-layout-flex wp-container-9 wp-block-columns-is-layout-flex\">\n<div class=\"wp-block-column is-layout-flow wp-block-column-is-layout-flow\">\n<figure class=\"wp-block-image size-large\"><a href=\"https:\/\/www.ipgh.org\/mx\/wp-content\/uploads\/2023\/03\/Fanery-Valencia-Villegas.pdf\" target=\"_blank\" rel=\"noreferrer noopener\"><img decoding=\"async\" loading=\"lazy\" width=\"767\" height=\"1024\" src=\"https:\/\/www.ipgh.org\/mx\/wp-content\/uploads\/2023\/03\/Fanery-Valencia-767x1024.jpg\" alt=\"\" class=\"wp-image-5390\" srcset=\"https:\/\/www.ipgh.org\/mx\/wp-content\/uploads\/2023\/03\/Fanery-Valencia-767x1024.jpg 767w, https:\/\/www.ipgh.org\/mx\/wp-content\/uploads\/2023\/03\/Fanery-Valencia-225x300.jpg 225w, https:\/\/www.ipgh.org\/mx\/wp-content\/uploads\/2023\/03\/Fanery-Valencia-768x1025.jpg 768w, https:\/\/www.ipgh.org\/mx\/wp-content\/uploads\/2023\/03\/Fanery-Valencia-1151x1536.jpg 1151w, https:\/\/www.ipgh.org\/mx\/wp-content\/uploads\/2023\/03\/Fanery-Valencia-1534x2048.jpg 1534w, https:\/\/www.ipgh.org\/mx\/wp-content\/uploads\/2023\/03\/Fanery-Valencia-scaled.jpg 1918w\" sizes=\"(max-width: 767px) 100vw, 767px\" \/><\/a><\/figure>\n\n\n\n<p class=\"has-text-align-center has-medium-font-size\"><strong>Fanery Valencia Villegas<br>Colombia<\/strong><\/p>\n<\/div>\n\n\n\n<div class=\"wp-block-column is-layout-flow wp-block-column-is-layout-flow\">\n<figure class=\"wp-block-image size-large\"><a href=\"https:\/\/www.ipgh.org\/mx\/wp-content\/uploads\/2023\/03\/Maria-Cristina-Mineiro-Scatamacchia.pdf\" target=\"_blank\" rel=\"noreferrer noopener\"><img decoding=\"async\" loading=\"lazy\" width=\"767\" height=\"1024\" src=\"https:\/\/www.ipgh.org\/mx\/wp-content\/uploads\/2023\/03\/Maria-Cristina-767x1024.jpg\" alt=\"\" class=\"wp-image-5391\" srcset=\"https:\/\/www.ipgh.org\/mx\/wp-content\/uploads\/2023\/03\/Maria-Cristina-767x1024.jpg 767w, https:\/\/www.ipgh.org\/mx\/wp-content\/uploads\/2023\/03\/Maria-Cristina-225x300.jpg 225w, https:\/\/www.ipgh.org\/mx\/wp-content\/uploads\/2023\/03\/Maria-Cristina-768x1025.jpg 768w, https:\/\/www.ipgh.org\/mx\/wp-content\/uploads\/2023\/03\/Maria-Cristina-1151x1536.jpg 1151w, https:\/\/www.ipgh.org\/mx\/wp-content\/uploads\/2023\/03\/Maria-Cristina-1534x2048.jpg 1534w, https:\/\/www.ipgh.org\/mx\/wp-content\/uploads\/2023\/03\/Maria-Cristina-scaled.jpg 1918w\" sizes=\"(max-width: 767px) 100vw, 767px\" \/><\/a><\/figure>\n\n\n\n<p class=\"has-text-align-center has-medium-font-size\"><strong>Maria Cristina Mineiro Scatamacchia\u00a0<br> Brasil<\/strong><\/p>\n<\/div>\n\n\n\n<div class=\"wp-block-column is-layout-flow wp-block-column-is-layout-flow\">\n<figure class=\"wp-block-image size-large\"><a href=\"https:\/\/www.ipgh.org\/mx\/wp-content\/uploads\/2023\/03\/Patricia-Galeana-Herrera.pdf\" target=\"_blank\" rel=\"noreferrer noopener\"><img decoding=\"async\" loading=\"lazy\" width=\"767\" height=\"1024\" src=\"https:\/\/www.ipgh.org\/mx\/wp-content\/uploads\/2023\/03\/Patricia-Galeana-767x1024.jpg\" alt=\"\" class=\"wp-image-5392\" srcset=\"https:\/\/www.ipgh.org\/mx\/wp-content\/uploads\/2023\/03\/Patricia-Galeana-767x1024.jpg 767w, https:\/\/www.ipgh.org\/mx\/wp-content\/uploads\/2023\/03\/Patricia-Galeana-225x300.jpg 225w, https:\/\/www.ipgh.org\/mx\/wp-content\/uploads\/2023\/03\/Patricia-Galeana-768x1025.jpg 768w, https:\/\/www.ipgh.org\/mx\/wp-content\/uploads\/2023\/03\/Patricia-Galeana-1151x1536.jpg 1151w, https:\/\/www.ipgh.org\/mx\/wp-content\/uploads\/2023\/03\/Patricia-Galeana-1534x2048.jpg 1534w, https:\/\/www.ipgh.org\/mx\/wp-content\/uploads\/2023\/03\/Patricia-Galeana-scaled.jpg 1918w\" sizes=\"(max-width: 767px) 100vw, 767px\" \/><\/a><\/figure>\n\n\n\n<p class=\"has-text-align-center has-medium-font-size\"><strong>Patricia Galeana Herrera<\/strong><br><strong> \u00a0M\u00e9xico<\/strong><\/p>\n<\/div>\n<\/div>\n\n\n\n<div style=\"height:45px\" aria-hidden=\"true\" class=\"wp-block-spacer\"><\/div>\n\n\n\n<div class=\"wp-block-columns is-layout-flex wp-container-13 wp-block-columns-is-layout-flex\">\n<div class=\"wp-block-column is-layout-flow wp-block-column-is-layout-flow\">\n<figure class=\"wp-block-image size-large\"><a href=\"https:\/\/www.ipgh.org\/mx\/wp-content\/uploads\/2023\/03\/Alejandra-Coll-Escanilla.pdf\" target=\"_blank\" rel=\"noreferrer noopener\"><img decoding=\"async\" loading=\"lazy\" width=\"767\" height=\"1024\" src=\"https:\/\/www.ipgh.org\/mx\/wp-content\/uploads\/2023\/03\/Alejandra-Coll-767x1024.jpg\" alt=\"\" class=\"wp-image-5393\" srcset=\"https:\/\/www.ipgh.org\/mx\/wp-content\/uploads\/2023\/03\/Alejandra-Coll-767x1024.jpg 767w, https:\/\/www.ipgh.org\/mx\/wp-content\/uploads\/2023\/03\/Alejandra-Coll-225x300.jpg 225w, https:\/\/www.ipgh.org\/mx\/wp-content\/uploads\/2023\/03\/Alejandra-Coll-768x1025.jpg 768w, https:\/\/www.ipgh.org\/mx\/wp-content\/uploads\/2023\/03\/Alejandra-Coll-1151x1536.jpg 1151w, https:\/\/www.ipgh.org\/mx\/wp-content\/uploads\/2023\/03\/Alejandra-Coll-1534x2048.jpg 1534w, https:\/\/www.ipgh.org\/mx\/wp-content\/uploads\/2023\/03\/Alejandra-Coll-scaled.jpg 1918w\" sizes=\"(max-width: 767px) 100vw, 767px\" \/><\/a><\/figure>\n\n\n\n<p class=\"has-text-align-center has-medium-font-size\"><strong>Alejandra Coll Escanilla<\/strong><br><strong> Chile<\/strong><\/p>\n<\/div>\n\n\n\n<div class=\"wp-block-column is-layout-flow wp-block-column-is-layout-flow\">\n<figure class=\"wp-block-image size-large\"><a href=\"https:\/\/www.ipgh.org\/mx\/wp-content\/uploads\/2023\/03\/Jean-Wintemute.pdf\" target=\"_blank\" rel=\"noreferrer noopener\"><img decoding=\"async\" loading=\"lazy\" width=\"767\" height=\"1024\" src=\"https:\/\/www.ipgh.org\/mx\/wp-content\/uploads\/2023\/03\/Jean-Parcher-767x1024.jpg\" alt=\"\" class=\"wp-image-5394\" srcset=\"https:\/\/www.ipgh.org\/mx\/wp-content\/uploads\/2023\/03\/Jean-Parcher-767x1024.jpg 767w, https:\/\/www.ipgh.org\/mx\/wp-content\/uploads\/2023\/03\/Jean-Parcher-225x300.jpg 225w, https:\/\/www.ipgh.org\/mx\/wp-content\/uploads\/2023\/03\/Jean-Parcher-768x1025.jpg 768w, https:\/\/www.ipgh.org\/mx\/wp-content\/uploads\/2023\/03\/Jean-Parcher-1151x1536.jpg 1151w, https:\/\/www.ipgh.org\/mx\/wp-content\/uploads\/2023\/03\/Jean-Parcher-1534x2048.jpg 1534w, https:\/\/www.ipgh.org\/mx\/wp-content\/uploads\/2023\/03\/Jean-Parcher-scaled.jpg 1918w\" sizes=\"(max-width: 767px) 100vw, 767px\" \/><\/a><\/figure>\n\n\n\n<p class=\"has-text-align-center has-medium-font-size\"><strong>Jean Wintemute<br>Estados Unidos<\/strong><\/p>\n<\/div>\n\n\n\n<div class=\"wp-block-column is-layout-flow wp-block-column-is-layout-flow\">\n<figure class=\"wp-block-image size-large\"><a href=\"https:\/\/www.ipgh.org\/mx\/wp-content\/uploads\/2023\/03\/Patricia-Solis.pdf\" target=\"_blank\" rel=\"noreferrer noopener\"><img decoding=\"async\" loading=\"lazy\" width=\"767\" height=\"1024\" src=\"https:\/\/www.ipgh.org\/mx\/wp-content\/uploads\/2023\/03\/Patricia-Solis-767x1024.jpg\" alt=\"\" class=\"wp-image-5395\" srcset=\"https:\/\/www.ipgh.org\/mx\/wp-content\/uploads\/2023\/03\/Patricia-Solis-767x1024.jpg 767w, https:\/\/www.ipgh.org\/mx\/wp-content\/uploads\/2023\/03\/Patricia-Solis-225x300.jpg 225w, https:\/\/www.ipgh.org\/mx\/wp-content\/uploads\/2023\/03\/Patricia-Solis-768x1025.jpg 768w, https:\/\/www.ipgh.org\/mx\/wp-content\/uploads\/2023\/03\/Patricia-Solis-1151x1536.jpg 1151w, https:\/\/www.ipgh.org\/mx\/wp-content\/uploads\/2023\/03\/Patricia-Solis-1534x2048.jpg 1534w, https:\/\/www.ipgh.org\/mx\/wp-content\/uploads\/2023\/03\/Patricia-Solis-scaled.jpg 1918w\" sizes=\"(max-width: 767px) 100vw, 767px\" \/><\/a><\/figure>\n\n\n\n<p class=\"has-text-align-center has-medium-font-size\"><strong>Patricia Sol\u00eds<br>Estados Unidos<\/strong><\/p>\n<\/div>\n<\/div>\n\n\n\n<div style=\"height:45px\" aria-hidden=\"true\" class=\"wp-block-spacer\"><\/div>\n\n\n\n<div class=\"wp-block-columns is-layout-flex wp-container-17 wp-block-columns-is-layout-flex\">\n<div class=\"wp-block-column is-layout-flow wp-block-column-is-layout-flow\">\n<figure class=\"wp-block-image size-large\"><a href=\"https:\/\/www.ipgh.org\/mx\/wp-content\/uploads\/2023\/03\/Alexandra-Alvarado-Cevallos.pdf\" target=\"_blank\" rel=\"noreferrer noopener\"><img decoding=\"async\" loading=\"lazy\" width=\"767\" height=\"1024\" src=\"https:\/\/www.ipgh.org\/mx\/wp-content\/uploads\/2023\/03\/Alexandra-Alvarado-767x1024.jpg\" alt=\"\" class=\"wp-image-5396\" srcset=\"https:\/\/www.ipgh.org\/mx\/wp-content\/uploads\/2023\/03\/Alexandra-Alvarado-767x1024.jpg 767w, https:\/\/www.ipgh.org\/mx\/wp-content\/uploads\/2023\/03\/Alexandra-Alvarado-225x300.jpg 225w, https:\/\/www.ipgh.org\/mx\/wp-content\/uploads\/2023\/03\/Alexandra-Alvarado-768x1025.jpg 768w, https:\/\/www.ipgh.org\/mx\/wp-content\/uploads\/2023\/03\/Alexandra-Alvarado-1151x1536.jpg 1151w, https:\/\/www.ipgh.org\/mx\/wp-content\/uploads\/2023\/03\/Alexandra-Alvarado-1534x2048.jpg 1534w, https:\/\/www.ipgh.org\/mx\/wp-content\/uploads\/2023\/03\/Alexandra-Alvarado-scaled.jpg 1918w\" sizes=\"(max-width: 767px) 100vw, 767px\" \/><\/a><\/figure>\n\n\n\n<p class=\"has-text-align-center has-medium-font-size\"><strong>Alexandra Alvarado Cevallos Ecuador<\/strong><\/p>\n<\/div>\n\n\n\n<div class=\"wp-block-column is-layout-flow wp-block-column-is-layout-flow\">\n<figure class=\"wp-block-image size-large\"><a href=\"https:\/\/www.ipgh.org\/mx\/wp-content\/uploads\/2023\/03\/Rocsanda-Pahola-Mendez-Mata.pdf\" target=\"_blank\" rel=\"noreferrer noopener\"><img decoding=\"async\" loading=\"lazy\" width=\"767\" height=\"1024\" src=\"https:\/\/www.ipgh.org\/mx\/wp-content\/uploads\/2023\/03\/Rocsanda-Pahola-767x1024.jpg\" alt=\"\" class=\"wp-image-5397\" srcset=\"https:\/\/www.ipgh.org\/mx\/wp-content\/uploads\/2023\/03\/Rocsanda-Pahola-767x1024.jpg 767w, https:\/\/www.ipgh.org\/mx\/wp-content\/uploads\/2023\/03\/Rocsanda-Pahola-225x300.jpg 225w, https:\/\/www.ipgh.org\/mx\/wp-content\/uploads\/2023\/03\/Rocsanda-Pahola-768x1025.jpg 768w, https:\/\/www.ipgh.org\/mx\/wp-content\/uploads\/2023\/03\/Rocsanda-Pahola-1151x1536.jpg 1151w, https:\/\/www.ipgh.org\/mx\/wp-content\/uploads\/2023\/03\/Rocsanda-Pahola-1534x2048.jpg 1534w, https:\/\/www.ipgh.org\/mx\/wp-content\/uploads\/2023\/03\/Rocsanda-Pahola-scaled.jpg 1918w\" sizes=\"(max-width: 767px) 100vw, 767px\" \/><\/a><\/figure>\n\n\n\n<p class=\"has-text-align-center has-medium-font-size\"><strong>Rocsanda Pahola Mendez Mata<br>Guatemala<\/strong><\/p>\n<\/div>\n\n\n\n<div class=\"wp-block-column is-layout-flow wp-block-column-is-layout-flow\">\n<figure class=\"wp-block-image size-large\"><a href=\"https:\/\/www.ipgh.org\/mx\/wp-content\/uploads\/2023\/03\/Reina-C.-Rosario-Fernandez.pdf\" target=\"_blank\" rel=\"noreferrer noopener\"><img decoding=\"async\" loading=\"lazy\" width=\"767\" height=\"1024\" src=\"https:\/\/www.ipgh.org\/mx\/wp-content\/uploads\/2023\/03\/Reina-Cristina-767x1024.jpg\" alt=\"\" class=\"wp-image-5398\" srcset=\"https:\/\/www.ipgh.org\/mx\/wp-content\/uploads\/2023\/03\/Reina-Cristina-767x1024.jpg 767w, https:\/\/www.ipgh.org\/mx\/wp-content\/uploads\/2023\/03\/Reina-Cristina-225x300.jpg 225w, https:\/\/www.ipgh.org\/mx\/wp-content\/uploads\/2023\/03\/Reina-Cristina-768x1025.jpg 768w, https:\/\/www.ipgh.org\/mx\/wp-content\/uploads\/2023\/03\/Reina-Cristina-1151x1536.jpg 1151w, https:\/\/www.ipgh.org\/mx\/wp-content\/uploads\/2023\/03\/Reina-Cristina-1534x2048.jpg 1534w, https:\/\/www.ipgh.org\/mx\/wp-content\/uploads\/2023\/03\/Reina-Cristina-scaled.jpg 1918w\" sizes=\"(max-width: 767px) 100vw, 767px\" \/><\/a><\/figure>\n\n\n\n<p class=\"has-text-align-center has-medium-font-size\"><strong>Reina C. Rosario Fern\u00e1ndez <\/strong><br><strong>Rep\u00fablica Dominicana<\/strong><\/p>\n<\/div>\n<\/div>\n\n\n\n<hr class=\"wp-block-separator has-text-color has-luminous-vivid-orange-color has-alpha-channel-opacity has-luminous-vivid-orange-background-color has-background\"\/>\n","protected":false},"excerpt":{"rendered":"<p>Resoluci\u00f3n n\u00fam. 10, aprobada por la 23a Asamblea General del Instituto Panamericano de Geograf\u00eda e Historia (IPGH), realizada en la ciudad de Quito, Rep\u00fablica del Ecuador (octubre, 2022) CREACI\u00d3N DEL MURO DE AUTORIDADES FEMENINAS DEL IPGH Considerando: Resuelve: Primero. Instruir a la Secretar\u00eda General a asignar un muro, en el interior del Palacio sede, dedicado <a class=\"read-more\" href=\"https:\/\/www.ipgh.org\/mx\/?page_id=5383\">LEER M\u00c1S<\/a><\/p>\n","protected":false},"author":1,"featured_media":0,"parent":0,"menu_order":0,"comment_status":"closed","ping_status":"closed","template":"","meta":{"footnotes":""},"_links":{"self":[{"href":"https:\/\/www.ipgh.org\/mx\/index.php?rest_route=\/wp\/v2\/pages\/5383"}],"collection":[{"href":"https:\/\/www.ipgh.org\/mx\/index.php?rest_route=\/wp\/v2\/pages"}],"about":[{"href":"https:\/\/www.ipgh.org\/mx\/index.php?rest_route=\/wp\/v2\/types\/page"}],"author":[{"embeddable":true,"href":"https:\/\/www.ipgh.org\/mx\/index.php?rest_route=\/wp\/v2\/users\/1"}],"replies":[{"embeddable":true,"href":"https:\/\/www.ipgh.org\/mx\/index.php?rest_route=%2Fwp%2Fv2%2Fcomments&post=5383"}],"version-history":[{"count":4,"href":"https:\/\/www.ipgh.org\/mx\/index.php?rest_route=\/wp\/v2\/pages\/5383\/revisions"}],"predecessor-version":[{"id":5415,"href":"https:\/\/www.ipgh.org\/mx\/index.php?rest_route=\/wp\/v2\/pages\/5383\/revisions\/5415"}],"wp:attachment":[{"href":"https:\/\/www.ipgh.org\/mx\/index.php?rest_route=%2Fwp%2Fv2%2Fmedia&parent=5383"}],"curies":[{"name":"wp","href":"https:\/\/api.w.org\/{rel}","templated":true}]}}