{"id":539,"date":"2022-08-19T12:09:51","date_gmt":"2022-08-19T17:09:51","guid":{"rendered":"http:\/\/www.ipgh.org\/mx\/?page_id=539"},"modified":"2022-09-13T10:35:25","modified_gmt":"2022-09-13T15:35:25","slug":"programa-cientifico-tecnico","status":"publish","type":"page","link":"https:\/\/www.ipgh.org\/mx\/?page_id=539","title":{"rendered":"Programa Cient\u00edfico-T\u00e9cnico"},"content":{"rendered":"\n<p class=\"has-medium-font-size\">Programa cient\u00edfico-t\u00e9cnico<br>De acuerdo a su misi\u00f3n, el Instituto Panamericano de Geograf\u00eda e Historia fomenta, coordina y difunde los estudios cartogr\u00e1ficos, geogr\u00e1ficos, hist\u00f3ricos, geof\u00edsicos y los pertenecientes a las ciencias afines en beneficio de Am\u00e9rica; asimismo apoya la iniciativa, innovaci\u00f3n y generaci\u00f3n de conocimiento, a trav\u00e9s de estudios, capacitaciones y trabajos de sus Comisiones.<br>Bajo ese marco, el IPGH desarrolla tres programas principales: el Programa de Asistencia T\u00e9cnica, el Programa de Publicaciones y el Programa de Premios y Reconocimientos Cient\u00edficos. <\/p>\n","protected":false},"excerpt":{"rendered":"<p>Programa cient\u00edfico-t\u00e9cnicoDe acuerdo a su misi\u00f3n, el Instituto Panamericano de Geograf\u00eda e Historia fomenta, coordina y difunde los estudios cartogr\u00e1ficos, geogr\u00e1ficos, hist\u00f3ricos, geof\u00edsicos y los pertenecientes a las ciencias afines en beneficio de Am\u00e9rica; asimismo apoya la iniciativa, innovaci\u00f3n y generaci\u00f3n de conocimiento, a trav\u00e9s de estudios, capacitaciones y trabajos de sus Comisiones.Bajo ese marco, <a class=\"read-more\" href=\"https:\/\/www.ipgh.org\/mx\/?page_id=539\">LEER M\u00c1S<\/a><\/p>\n","protected":false},"author":1,"featured_media":0,"parent":536,"menu_order":1,"comment_status":"closed","ping_status":"closed","template":"","meta":{"footnotes":""},"_links":{"self":[{"href":"https:\/\/www.ipgh.org\/mx\/index.php?rest_route=\/wp\/v2\/pages\/539"}],"collection":[{"href":"https:\/\/www.ipgh.org\/mx\/index.php?rest_route=\/wp\/v2\/pages"}],"about":[{"href":"https:\/\/www.ipgh.org\/mx\/index.php?rest_route=\/wp\/v2\/types\/page"}],"author":[{"embeddable":true,"href":"https:\/\/www.ipgh.org\/mx\/index.php?rest_route=\/wp\/v2\/users\/1"}],"replies":[{"embeddable":true,"href":"https:\/\/www.ipgh.org\/mx\/index.php?rest_route=%2Fwp%2Fv2%2Fcomments&post=539"}],"version-history":[{"count":5,"href":"https:\/\/www.ipgh.org\/mx\/index.php?rest_route=\/wp\/v2\/pages\/539\/revisions"}],"predecessor-version":[{"id":2960,"href":"https:\/\/www.ipgh.org\/mx\/index.php?rest_route=\/wp\/v2\/pages\/539\/revisions\/2960"}],"up":[{"embeddable":true,"href":"https:\/\/www.ipgh.org\/mx\/index.php?rest_route=\/wp\/v2\/pages\/536"}],"wp:attachment":[{"href":"https:\/\/www.ipgh.org\/mx\/index.php?rest_route=%2Fwp%2Fv2%2Fmedia&parent=539"}],"curies":[{"name":"wp","href":"https:\/\/api.w.org\/{rel}","templated":true}]}}