{"id":542,"date":"2022-08-19T12:11:21","date_gmt":"2022-08-19T17:11:21","guid":{"rendered":"http:\/\/www.ipgh.org\/mx\/?page_id=542"},"modified":"2024-12-19T12:55:11","modified_gmt":"2024-12-19T18:55:11","slug":"programa-de-asistencia-tecnica-pat","status":"publish","type":"page","link":"https:\/\/www.ipgh.org\/mx\/?page_id=542","title":{"rendered":"Programa de Asistencia T\u00e9cnica (PAT)"},"content":{"rendered":"\n<p class=\"has-medium-font-size\"><br>Se basa en la premisa de que los Estados Miembros del IPGH comparten numerosos desaf\u00edos y oportunidades de desarrollo. En consecuencia, muchos de ellos pueden ser abordados m\u00e1s eficiente y efectivamente a trav\u00e9s de la acci\u00f3n colectiva y la cooperaci\u00f3n regional.<\/p>\n\n\n\n<p class=\"has-medium-font-size\">El PAT otorga financiamiento anual a proyectos orientados a las disciplinas de las cuatro Comisiones y que favorezcan la generaci\u00f3n de conocimiento para los Estados Miembros, por tal motivo, tendr\u00e1n prioridad los proyectos que tengan car\u00e1cter regional<\/p>\n\n\n\n<p class=\"has-medium-font-size\"><strong>De acuedo a la Resoluci\u00f3n 4, aprobada en la 25\u00aa Asamblea General del IPGH (19-21 de noviembre de 2024, Santiago, Chile) se presenta la <a href=\"https:\/\/drive.google.com\/file\/d\/1KVut8WfCzEi_KlJ8v-0rfHKcFaIUqCPA\/view?usp=drive_link\" data-type=\"link\" data-id=\"https:\/\/drive.google.com\/file\/d\/1KVut8WfCzEi_KlJ8v-0rfHKcFaIUqCPA\/view?usp=drive_link\">Normativa del Programa de Asistencia T\u00e9cnica del IPGH<\/a>.<\/strong><\/p>\n\n\n\n<p><\/p>\n\n\n\n<div style=\"height:30px\" aria-hidden=\"true\" class=\"wp-block-spacer\"><\/div>\n\n\n\n<div class=\"wp-block-columns is-layout-flex wp-container-2 wp-block-columns-is-layout-flex\">\n<div class=\"wp-block-column is-layout-flow wp-block-column-is-layout-flow\">\n<figure class=\"wp-block-table is-style-regular has-medium-font-size\"><table class=\"has-white-color has-cyan-bluish-gray-background-color has-text-color has-background has-link-color\"><tbody><tr><td class=\"has-text-align-center\" data-align=\"center\"><strong><a href=\"https:\/\/www.ipgh.org\/mx\/?page_id=9896\" target=\"_blank\" rel=\"noreferrer noopener\">2025<\/a><\/strong><\/td><td class=\"has-text-align-center\" data-align=\"center\"><strong><a href=\"https:\/\/www.ipgh.org\/mx\/?page_id=6513\">2024<\/a><\/strong><\/td><td class=\"has-text-align-center\" data-align=\"center\"><strong><a href=\"https:\/\/www.ipgh.org\/mx\/?page_id=4471\">2023<\/a><\/strong><\/td><td class=\"has-text-align-center\" data-align=\"center\"><strong><a href=\"https:\/\/www.ipgh.org\/mx\/?page_id=2943\">2022<\/a><\/strong><\/td><td class=\"has-text-align-center\" data-align=\"center\"><strong><a href=\"https:\/\/www.ipgh.org\/mx\/?page_id=2940\">2021<\/a><\/strong><\/td><td class=\"has-text-align-center\" data-align=\"center\"><strong><a href=\"https:\/\/www.ipgh.org\/mx\/?page_id=2937\">2020<\/a><\/strong><\/td><\/tr><tr><td class=\"has-text-align-center\" data-align=\"center\"><strong><a href=\"https:\/\/www.ipgh.org\/mx\/?page_id=2934\">2019<\/a><\/strong><\/td><td class=\"has-text-align-center\" data-align=\"center\"><\/td><td class=\"has-text-align-center\" data-align=\"center\"><\/td><td class=\"has-text-align-center\" data-align=\"center\"><\/td><td class=\"has-text-align-center\" data-align=\"center\"><\/td><td class=\"has-text-align-center\" data-align=\"center\"><\/td><\/tr><\/tbody><\/table><\/figure>\n<\/div>\n<\/div>\n\n\n\n<div class=\"wp-block-columns is-layout-flex wp-container-3 wp-block-columns-is-layout-flex\"><\/div>\n","protected":false},"excerpt":{"rendered":"<p>Se basa en la premisa de que los Estados Miembros del IPGH comparten numerosos desaf\u00edos y oportunidades de desarrollo. En consecuencia, muchos de ellos pueden ser abordados m\u00e1s eficiente y efectivamente a trav\u00e9s de la acci\u00f3n colectiva y la cooperaci\u00f3n regional. El PAT otorga financiamiento anual a proyectos orientados a las disciplinas de las cuatro <a class=\"read-more\" href=\"https:\/\/www.ipgh.org\/mx\/?page_id=542\">LEER M\u00c1S<\/a><\/p>\n","protected":false},"author":1,"featured_media":0,"parent":536,"menu_order":2,"comment_status":"closed","ping_status":"closed","template":"template-full-width.php","meta":{"footnotes":""},"_links":{"self":[{"href":"https:\/\/www.ipgh.org\/mx\/index.php?rest_route=\/wp\/v2\/pages\/542"}],"collection":[{"href":"https:\/\/www.ipgh.org\/mx\/index.php?rest_route=\/wp\/v2\/pages"}],"about":[{"href":"https:\/\/www.ipgh.org\/mx\/index.php?rest_route=\/wp\/v2\/types\/page"}],"author":[{"embeddable":true,"href":"https:\/\/www.ipgh.org\/mx\/index.php?rest_route=\/wp\/v2\/users\/1"}],"replies":[{"embeddable":true,"href":"https:\/\/www.ipgh.org\/mx\/index.php?rest_route=%2Fwp%2Fv2%2Fcomments&post=542"}],"version-history":[{"count":28,"href":"https:\/\/www.ipgh.org\/mx\/index.php?rest_route=\/wp\/v2\/pages\/542\/revisions"}],"predecessor-version":[{"id":9899,"href":"https:\/\/www.ipgh.org\/mx\/index.php?rest_route=\/wp\/v2\/pages\/542\/revisions\/9899"}],"up":[{"embeddable":true,"href":"https:\/\/www.ipgh.org\/mx\/index.php?rest_route=\/wp\/v2\/pages\/536"}],"wp:attachment":[{"href":"https:\/\/www.ipgh.org\/mx\/index.php?rest_route=%2Fwp%2Fv2%2Fmedia&parent=542"}],"curies":[{"name":"wp","href":"https:\/\/api.w.org\/{rel}","templated":true}]}}