{"id":5564,"date":"2023-04-13T15:54:35","date_gmt":"2023-04-13T20:54:35","guid":{"rendered":"https:\/\/www.ipgh.org\/mx\/?page_id=5564"},"modified":"2023-11-30T08:36:26","modified_gmt":"2023-11-30T14:36:26","slug":"noticias","status":"publish","type":"page","link":"https:\/\/www.ipgh.org\/mx\/?page_id=5564","title":{"rendered":"Noticias"},"content":{"rendered":"\n<div class=\"wp-block-query is-layout-flow wp-block-query-is-layout-flow\"><ul class=\"wp-block-post-template is-layout-flow wp-block-post-template-is-layout-flow\"><li class=\"wp-block-post post-1235 post type-post status-publish format-standard hentry category-antecedentes-2\">\n\n<div class=\"wp-block-columns alignwide is-layout-flex wp-container-4 wp-block-columns-is-layout-flex\">\n<div class=\"wp-block-column is-layout-flow wp-block-column-is-layout-flow\" style=\"flex-basis:66.66%\">\n<div class=\"wp-block-group is-layout-constrained wp-block-group-is-layout-constrained\"><div class=\"wp-block-group__inner-container\">\n<figure class=\"wp-block-image size-large\"><img decoding=\"async\" loading=\"lazy\" width=\"1024\" height=\"322\" src=\"https:\/\/www.ipgh.org\/mx\/wp-content\/uploads\/2023\/10\/portada-1024x322.jpeg\" alt=\"\" class=\"wp-image-6428\" srcset=\"https:\/\/www.ipgh.org\/mx\/wp-content\/uploads\/2023\/10\/portada-1024x322.jpeg 1024w, https:\/\/www.ipgh.org\/mx\/wp-content\/uploads\/2023\/10\/portada-300x94.jpeg 300w, https:\/\/www.ipgh.org\/mx\/wp-content\/uploads\/2023\/10\/portada-768x242.jpeg 768w, https:\/\/www.ipgh.org\/mx\/wp-content\/uploads\/2023\/10\/portada.jpeg 1499w\" sizes=\"(max-width: 1024px) 100vw, 1024px\" \/><\/figure>\n<\/div><\/div>\n\n\n\n<div style=\"height:36px\" aria-hidden=\"true\" class=\"wp-block-spacer\"><\/div>\n<\/div>\n\n\n\n<div class=\"wp-block-column is-vertically-aligned-center is-layout-flow wp-block-column-is-layout-flow\" style=\"flex-basis:33.33%\">\n<p><a href=\"https:\/\/www.ipgh.org\/mx\/?page_id=6407\" data-type=\"link\" data-id=\"https:\/\/www.ipgh.org\/mx\/?page_id=6407\" target=\"_blank\" rel=\"noreferrer noopener\">Participaci\u00f3n del IPGH en el Bicentenario del Heroico Colegio Militar de M\u00e9xico<\/a><\/p>\n<\/div>\n<\/div>\n\n\n\n<div class=\"wp-block-columns alignwide is-layout-flex wp-container-8 wp-block-columns-is-layout-flex\">\n<div class=\"wp-block-column is-layout-flow wp-block-column-is-layout-flow\" style=\"flex-basis:66.66%\">\n<div class=\"wp-block-group is-layout-constrained wp-block-group-is-layout-constrained\"><div class=\"wp-block-group__inner-container\">\n<figure class=\"wp-block-image size-large\"><a href=\"https:\/\/www.ipgh.org\/mx\/?page_id=6264\" target=\"_blank\" rel=\"noreferrer noopener\"><img decoding=\"async\" loading=\"lazy\" width=\"1024\" height=\"287\" src=\"https:\/\/www.ipgh.org\/mx\/wp-content\/uploads\/2023\/08\/WhatsApp-Image-2023-08-28-at-2.54.44-PM-1024x287.jpeg\" alt=\"\" class=\"wp-image-6289\" srcset=\"https:\/\/www.ipgh.org\/mx\/wp-content\/uploads\/2023\/08\/WhatsApp-Image-2023-08-28-at-2.54.44-PM-1024x287.jpeg 1024w, https:\/\/www.ipgh.org\/mx\/wp-content\/uploads\/2023\/08\/WhatsApp-Image-2023-08-28-at-2.54.44-PM-300x84.jpeg 300w, https:\/\/www.ipgh.org\/mx\/wp-content\/uploads\/2023\/08\/WhatsApp-Image-2023-08-28-at-2.54.44-PM-768x216.jpeg 768w, https:\/\/www.ipgh.org\/mx\/wp-content\/uploads\/2023\/08\/WhatsApp-Image-2023-08-28-at-2.54.44-PM-1536x431.jpeg 1536w, https:\/\/www.ipgh.org\/mx\/wp-content\/uploads\/2023\/08\/WhatsApp-Image-2023-08-28-at-2.54.44-PM.jpeg 1600w\" sizes=\"(max-width: 1024px) 100vw, 1024px\" \/><\/a><\/figure>\n<\/div><\/div>\n<\/div>\n\n\n\n<div class=\"wp-block-column is-vertically-aligned-center is-layout-flow wp-block-column-is-layout-flow\" style=\"flex-basis:33.33%\">\n<p><a href=\"https:\/\/www.ipgh.org\/mx\/?page_id=6264\" data-type=\"link\" data-id=\"https:\/\/www.ipgh.org\/mx\/?page_id=6264\">Ni\u00f1os H\u00e9roes, mito, leyenda y hechos hist\u00f3ricos<\/a><\/p>\n<\/div>\n<\/div>\n\n\n\n<div style=\"height:33px\" aria-hidden=\"true\" class=\"wp-block-spacer\"><\/div>\n\n\n\n<div class=\"wp-block-columns alignwide is-layout-flex wp-container-12 wp-block-columns-is-layout-flex\">\n<div class=\"wp-block-column is-layout-flow wp-block-column-is-layout-flow\" style=\"flex-basis:66.66%\">\n<div class=\"wp-block-group is-layout-constrained wp-block-group-is-layout-constrained\"><div class=\"wp-block-group__inner-container\">\n<figure class=\"wp-block-image size-large\"><a href=\"https:\/\/www.ipgh.org\/mx\/?page_id=6213\" target=\"_blank\" rel=\"noreferrer noopener\"><img decoding=\"async\" loading=\"lazy\" width=\"1024\" height=\"287\" src=\"https:\/\/www.ipgh.org\/mx\/wp-content\/uploads\/2023\/08\/Captura-1024x287.png\" alt=\"\" class=\"wp-image-6228\" srcset=\"https:\/\/www.ipgh.org\/mx\/wp-content\/uploads\/2023\/08\/Captura-1024x287.png 1024w, https:\/\/www.ipgh.org\/mx\/wp-content\/uploads\/2023\/08\/Captura-300x84.png 300w, https:\/\/www.ipgh.org\/mx\/wp-content\/uploads\/2023\/08\/Captura-768x216.png 768w, https:\/\/www.ipgh.org\/mx\/wp-content\/uploads\/2023\/08\/Captura-1536x431.png 1536w, https:\/\/www.ipgh.org\/mx\/wp-content\/uploads\/2023\/08\/Captura.png 1600w\" sizes=\"(max-width: 1024px) 100vw, 1024px\" \/><\/a><\/figure>\n<\/div><\/div>\n<\/div>\n\n\n\n<div class=\"wp-block-column is-vertically-aligned-center is-layout-flow wp-block-column-is-layout-flow\" style=\"flex-basis:33.33%\">\n<p><a rel=\"noreferrer noopener\" href=\"https:\/\/www.ipgh.org\/mx\/?page_id=6213\" target=\"_blank\">Participaci\u00f3<\/a><a rel=\"noreferrer noopener\" href=\"https:\/\/www.ipgh.org\/mx\/?page_id=6213\" target=\"_blank\">n<\/a><a rel=\"noreferrer noopener\" href=\"https:\/\/www.ipgh.org\/mx\/?page_id=6213\" target=\"_blank\"> como Observador en la 13\u00aa Sesi\u00f3n del Comit\u00e9 de Expertos de las Naciones Unidas sobre Gesti\u00f3n Global de la Informaci\u00f3n Geoespacial<\/a><\/p>\n<\/div>\n<\/div>\n\n\n\n<div style=\"height:33px\" aria-hidden=\"true\" class=\"wp-block-spacer\"><\/div>\n\n\n\n<div class=\"wp-block-columns alignwide is-layout-flex wp-container-16 wp-block-columns-is-layout-flex\">\n<div class=\"wp-block-column is-layout-flow wp-block-column-is-layout-flow\" style=\"flex-basis:66.66%\">\n<div class=\"wp-block-group is-layout-constrained wp-block-group-is-layout-constrained\"><div class=\"wp-block-group__inner-container\">\n<figure class=\"wp-block-image size-large\"><a href=\"https:\/\/www.ipgh.org\/mx\/?page_id=5771\" target=\"_blank\" rel=\"noreferrer noopener\"><img decoding=\"async\" loading=\"lazy\" width=\"1024\" height=\"287\" src=\"https:\/\/www.ipgh.org\/mx\/wp-content\/uploads\/2023\/05\/23-de-mayo-1024x287.jpg\" alt=\"\" class=\"wp-image-5786\" srcset=\"https:\/\/www.ipgh.org\/mx\/wp-content\/uploads\/2023\/05\/23-de-mayo-1024x287.jpg 1024w, https:\/\/www.ipgh.org\/mx\/wp-content\/uploads\/2023\/05\/23-de-mayo-300x84.jpg 300w, https:\/\/www.ipgh.org\/mx\/wp-content\/uploads\/2023\/05\/23-de-mayo-768x215.jpg 768w, https:\/\/www.ipgh.org\/mx\/wp-content\/uploads\/2023\/05\/23-de-mayo.jpg 1500w\" sizes=\"(max-width: 1024px) 100vw, 1024px\" \/><\/a><\/figure>\n<\/div><\/div>\n<\/div>\n\n\n\n<div class=\"wp-block-column is-vertically-aligned-center is-layout-flow wp-block-column-is-layout-flow\" style=\"flex-basis:33.33%\">\n<p><a href=\"https:\/\/www.ipgh.org\/mx\/?page_id=5771\" target=\"_blank\" rel=\"noreferrer noopener\">\u00a1Inicio de las Segundas Jornadas Acad\u00e9micas del Congreso Americano de la Libertad en la Ciudad de M\u00e9xico!<\/a><\/p>\n<\/div>\n<\/div>\n\n\n\n<div style=\"margin-top:0;margin-bottom:0;height:33px\" aria-hidden=\"true\" class=\"wp-block-spacer\"><\/div>\n\n\n\n<div class=\"wp-block-columns alignwide is-layout-flex wp-container-20 wp-block-columns-is-layout-flex\">\n<div class=\"wp-block-column is-layout-flow wp-block-column-is-layout-flow\" style=\"flex-basis:66.66%\">\n<div class=\"wp-block-group is-layout-constrained wp-block-group-is-layout-constrained\"><div class=\"wp-block-group__inner-container\">\n<figure class=\"wp-block-image size-large\"><a href=\"https:\/\/www.ipgh.org\/mx\/?page_id=5723\" target=\"_blank\" rel=\"noreferrer noopener\"><img decoding=\"async\" loading=\"lazy\" width=\"1024\" height=\"286\" src=\"https:\/\/www.ipgh.org\/mx\/wp-content\/uploads\/2023\/05\/banner-noticia-2-1024x286.png\" alt=\"\" class=\"wp-image-5720\" srcset=\"https:\/\/www.ipgh.org\/mx\/wp-content\/uploads\/2023\/05\/banner-noticia-2-1024x286.png 1024w, https:\/\/www.ipgh.org\/mx\/wp-content\/uploads\/2023\/05\/banner-noticia-2-300x84.png 300w, https:\/\/www.ipgh.org\/mx\/wp-content\/uploads\/2023\/05\/banner-noticia-2-768x214.png 768w, https:\/\/www.ipgh.org\/mx\/wp-content\/uploads\/2023\/05\/banner-noticia-2.png 1200w\" sizes=\"(max-width: 1024px) 100vw, 1024px\" \/><\/a><\/figure>\n<\/div><\/div>\n<\/div>\n\n\n\n<div class=\"wp-block-column is-vertically-aligned-center is-layout-flow wp-block-column-is-layout-flow\" style=\"flex-basis:33.33%\">\n<p><a href=\"https:\/\/www.ipgh.org\/mx\/?page_id=5723\">Acto conmemorativo del 212\u00ba aniversario de la Independencia de la Rep\u00fablica del Paraguay<\/a><\/p>\n<\/div>\n<\/div>\n\n\n\n<div style=\"margin-top:0;margin-bottom:0;height:33px\" aria-hidden=\"true\" class=\"wp-block-spacer\"><\/div>\n\n\n\n<div class=\"wp-block-columns alignwide is-layout-flex wp-container-24 wp-block-columns-is-layout-flex\">\n<div class=\"wp-block-column is-layout-flow wp-block-column-is-layout-flow\" style=\"flex-basis:66.66%\">\n<div class=\"wp-block-group is-layout-constrained wp-block-group-is-layout-constrained\"><div class=\"wp-block-group__inner-container\">\n<figure class=\"wp-block-image size-large\"><a href=\"https:\/\/www.ipgh.org\/mx\/?page_id=5692\" target=\"_blank\" rel=\"noreferrer noopener\"><img decoding=\"async\" loading=\"lazy\" width=\"1024\" height=\"286\" src=\"https:\/\/www.ipgh.org\/mx\/wp-content\/uploads\/2023\/05\/POTROMUN-1024x286-1-1024x286.png\" alt=\"\" class=\"wp-image-5721\" srcset=\"https:\/\/www.ipgh.org\/mx\/wp-content\/uploads\/2023\/05\/POTROMUN-1024x286-1-1024x286.png 1024w, https:\/\/www.ipgh.org\/mx\/wp-content\/uploads\/2023\/05\/POTROMUN-1024x286-1-300x84.png 300w, https:\/\/www.ipgh.org\/mx\/wp-content\/uploads\/2023\/05\/POTROMUN-1024x286-1-768x214.png 768w, https:\/\/www.ipgh.org\/mx\/wp-content\/uploads\/2023\/05\/POTROMUN-1024x286-1.png 1200w\" sizes=\"(max-width: 1024px) 100vw, 1024px\" \/><\/a><\/figure>\n<\/div><\/div>\n<\/div>\n\n\n\n<div class=\"wp-block-column is-vertically-aligned-center is-layout-flow wp-block-column-is-layout-flow\" style=\"flex-basis:33.33%\">\n<p><a href=\"https:\/\/www.ipgh.org\/mx\/?page_id=5692\">Presentaci\u00f3n del Secretario General del IPGH en el marco de la inauguraci\u00f3n del &#8220;Modelo de Naciones Unidas de la Universidad Aut\u00f3noma del Estado de M\u00e9xico&#8221; (POTROMUN)<\/a><\/p>\n<\/div>\n<\/div>\n\n\n\n<div style=\"margin-top:0;margin-bottom:0;height:33px\" aria-hidden=\"true\" class=\"wp-block-spacer\"><\/div>\n\n\n\n<div class=\"wp-block-columns alignwide is-layout-flex wp-container-28 wp-block-columns-is-layout-flex\">\n<div class=\"wp-block-column is-vertically-aligned-center is-layout-flow wp-block-column-is-layout-flow\" style=\"flex-basis:66.66%\">\n<div class=\"wp-block-group is-layout-constrained wp-block-group-is-layout-constrained\"><div class=\"wp-block-group__inner-container\">\n<figure class=\"wp-block-image size-large\"><a href=\"https:\/\/www.ipgh.org\/mx\/?page_id=5671\" target=\"_blank\" rel=\"noreferrer noopener\"><img decoding=\"async\" loading=\"lazy\" width=\"1024\" height=\"286\" src=\"https:\/\/www.ipgh.org\/mx\/wp-content\/uploads\/2023\/05\/DSC_0225-1024x286-1-1024x286.jpg\" alt=\"\" class=\"wp-image-5722\" srcset=\"https:\/\/www.ipgh.org\/mx\/wp-content\/uploads\/2023\/05\/DSC_0225-1024x286-1-1024x286.jpg 1024w, https:\/\/www.ipgh.org\/mx\/wp-content\/uploads\/2023\/05\/DSC_0225-1024x286-1-300x84.jpg 300w, https:\/\/www.ipgh.org\/mx\/wp-content\/uploads\/2023\/05\/DSC_0225-1024x286-1-768x214.jpg 768w, https:\/\/www.ipgh.org\/mx\/wp-content\/uploads\/2023\/05\/DSC_0225-1024x286-1.jpg 1200w\" sizes=\"(max-width: 1024px) 100vw, 1024px\" \/><\/a><\/figure>\n<\/div><\/div>\n<\/div>\n\n\n\n<div class=\"wp-block-column is-vertically-aligned-center is-layout-flow wp-block-column-is-layout-flow\" style=\"flex-basis:33.33%\">\n<p class=\"has-text-align-left\"><a rel=\"noreferrer noopener\" href=\"https:\/\/www.ipgh.org\/mx\/?page_id=5671\" target=\"_blank\">Visita de Se\u00f1or Embajador de la Rep\u00fablica Oriental del Uruguay en los Estados Unidos Mexicanos, An\u00edbal Fernando Cabral al Palacio sede del IPGH<\/a><\/p>\n<\/div>\n<\/div>\n\n\n\n<div style=\"height:33px\" aria-hidden=\"true\" class=\"wp-block-spacer\"><\/div>\n\n\n\n<div class=\"wp-block-columns alignwide is-layout-flex wp-container-32 wp-block-columns-is-layout-flex\">\n<div class=\"wp-block-column is-layout-flow wp-block-column-is-layout-flow\" style=\"flex-basis:66.66%\">\n<div class=\"wp-block-group is-layout-constrained wp-block-group-is-layout-constrained\"><div class=\"wp-block-group__inner-container\">\n<figure class=\"wp-block-image size-large is-resized\"><a href=\"https:\/\/www.ipgh.org\/mx\/?page_id=5634\"><img decoding=\"async\" loading=\"lazy\" src=\"https:\/\/www.ipgh.org\/mx\/wp-content\/uploads\/2023\/04\/portada-1024x286.jpg\" alt=\"\" class=\"wp-image-5655\" style=\"width:713px;height:198px\" width=\"713\" height=\"198\" srcset=\"https:\/\/www.ipgh.org\/mx\/wp-content\/uploads\/2023\/04\/portada-1024x286.jpg 1024w, https:\/\/www.ipgh.org\/mx\/wp-content\/uploads\/2023\/04\/portada-300x84.jpg 300w, https:\/\/www.ipgh.org\/mx\/wp-content\/uploads\/2023\/04\/portada-2048x573.jpg 2048w\" sizes=\"(max-width: 713px) 100vw, 713px\" \/><\/a><\/figure>\n<\/div><\/div>\n<\/div>\n\n\n\n<div class=\"wp-block-column is-vertically-aligned-center is-layout-flow wp-block-column-is-layout-flow\" style=\"flex-basis:33.33%\">\n<p><a href=\"https:\/\/www.ipgh.org\/mx\/?page_id=5634\">Visita Presidente del Tribunal Superior de Justicia del Estado de M\u00e9xico al Palacio Sede del Instituto Panamericano de Geograf\u00eda e Historia<\/a><\/p>\n<\/div>\n<\/div>\n\n\n\n<div style=\"height:33px\" aria-hidden=\"true\" class=\"wp-block-spacer\"><\/div>\n\n<\/li><\/ul><\/div>\n\n\n\n<div style=\"height:33px\" aria-hidden=\"true\" class=\"wp-block-spacer\"><\/div>\n\n\n\n<div class=\"wp-block-query is-layout-flow wp-block-query-is-layout-flow\"><ul class=\"wp-block-post-template is-layout-flow wp-block-post-template-is-layout-flow\"><li class=\"wp-block-post post-1235 post type-post status-publish format-standard hentry category-antecedentes-2\">\n\n<div class=\"wp-block-columns alignwide is-layout-flex wp-container-35 wp-block-columns-is-layout-flex\"><\/div>\n\n<\/li><\/ul><\/div>\n","protected":false},"excerpt":{"rendered":"","protected":false},"author":1,"featured_media":0,"parent":0,"menu_order":0,"comment_status":"closed","ping_status":"closed","template":"","meta":{"footnotes":""},"_links":{"self":[{"href":"https:\/\/www.ipgh.org\/mx\/index.php?rest_route=\/wp\/v2\/pages\/5564"}],"collection":[{"href":"https:\/\/www.ipgh.org\/mx\/index.php?rest_route=\/wp\/v2\/pages"}],"about":[{"href":"https:\/\/www.ipgh.org\/mx\/index.php?rest_route=\/wp\/v2\/types\/page"}],"author":[{"embeddable":true,"href":"https:\/\/www.ipgh.org\/mx\/index.php?rest_route=\/wp\/v2\/users\/1"}],"replies":[{"embeddable":true,"href":"https:\/\/www.ipgh.org\/mx\/index.php?rest_route=%2Fwp%2Fv2%2Fcomments&post=5564"}],"version-history":[{"count":34,"href":"https:\/\/www.ipgh.org\/mx\/index.php?rest_route=\/wp\/v2\/pages\/5564\/revisions"}],"predecessor-version":[{"id":6498,"href":"https:\/\/www.ipgh.org\/mx\/index.php?rest_route=\/wp\/v2\/pages\/5564\/revisions\/6498"}],"wp:attachment":[{"href":"https:\/\/www.ipgh.org\/mx\/index.php?rest_route=%2Fwp%2Fv2%2Fmedia&parent=5564"}],"curies":[{"name":"wp","href":"https:\/\/api.w.org\/{rel}","templated":true}]}}