{"id":5583,"date":"2023-04-13T17:20:15","date_gmt":"2023-04-13T22:20:15","guid":{"rendered":"https:\/\/www.ipgh.org\/mx\/?page_id=5583"},"modified":"2023-04-13T17:20:15","modified_gmt":"2023-04-13T22:20:15","slug":"visita-del-director-general-interino-y-colaboradores-del-centro-de-investigacion-en-ciencias-de-informacion-geoespacial-a-c-al-palacio-sede-del-instituto-panamericano-de-geografia-e-historia-ipgh","status":"publish","type":"page","link":"https:\/\/www.ipgh.org\/mx\/?page_id=5583","title":{"rendered":"Visita del Director general interino y colaboradores del Centro de Investigaci\u00f3n en Ciencias de Informaci\u00f3n Geoespacial, A.C. al Palacio sede del Instituto Panamericano de Geograf\u00eda e Historia (IPGH)"},"content":{"rendered":"\n<p><\/p>\n\n\n\n<p class=\"has-cyan-bluish-gray-color has-text-color has-medium-font-size\">12\/04\/23 <\/p>\n\n\n\n<p class=\"has-medium-font-size\"><em>Ciudad de M\u00e9xico, M\u00e9xico.<\/em> La Secretar\u00eda General del Instituto Panamericano de Geograf\u00eda e Historia tuvo el honor de recibir al Dr. Pablo L\u00f3pez Ram\u00edrez, Director general interino del <a href=\"https:\/\/www.centrogeo.org.mx\/\">Centro de Investigaci\u00f3n en Ciencias de Informaci\u00f3n Geoespacial, A.C. (CentroGeo)<\/a>; a la Mtra. Aura Citlalli Torres G\u00f3mez, del \u00e1rea de Formaci\u00f3n a Distancia; y al Mtro. Alberto Porras Vel\u00e1zquez, profesor investigador; con la intenci\u00f3n de profundizar los v\u00ednculos de colaboraci\u00f3n que ambas instituciones sostienen desde hace varios a\u00f1os.<\/p>\n\n\n\n<p class=\"has-medium-font-size\">Durante esta reuni\u00f3n, el Secretario General del IPGH, Mtro. Antonio Campuzano Rosales, ofreci\u00f3 una visita guiada por las instalaciones del Palacio sede del Instituto. Posteriormente, como parte del protocolo, el Secretario General hizo una presentaci\u00f3n del plan de trabajo de la presente administraci\u00f3n, para luego invitar al Dr. Pablo L\u00f3pez Ram\u00edrez a firmar el Libro de Visitantes Distinguidos del IPGH. Para finalizar, el Mtro. Campuzano Rosales hizo entrega de una colecci\u00f3n de la <em><a href=\"https:\/\/revistasipgh.org\/index.php\/regeo\" data-type=\"URL\" data-id=\"https:\/\/revistasipgh.org\/index.php\/regeo\">Revista Geogr\u00e1fica<\/a><\/em>, publicaci\u00f3n que edita el Instituto desde 1941, con el anhelo de colaborar en el enriquecimiento del acervo hemerogr\u00e1fico del CentroGeo.<\/p>\n\n\n\n<p class=\"has-medium-font-size\">El Centro de Investigaci\u00f3n en Ciencias de Informaci\u00f3n Geoespacial, A.C. es una instituci\u00f3n acad\u00e9mica mexicana dedicada a la investigaci\u00f3n, cuya misi\u00f3n es generar, aplicar y transferir conocimientos en el \u00e1mbito de las ciencias de informaci\u00f3n geoespacial. Con el esp\u00edritu de contribuci\u00f3n entre ambas instituciones, actualmente sostienen un acuerdo de colaboraci\u00f3n para el otorgamiento de cuatro becas para estudiantes de la comunidad panamericana, y se contin\u00faa en la b\u00fasqueda de nuevas oportunidades de alianzas.<\/p>\n\n\n\n<hr class=\"wp-block-separator has-text-color has-luminous-vivid-orange-color has-alpha-channel-opacity has-luminous-vivid-orange-background-color has-background is-style-dots\"\/>\n\n\n\n<figure class=\"wp-block-gallery has-nested-images columns-default is-cropped wp-block-gallery-1 is-layout-flex wp-block-gallery-is-layout-flex\">\n<figure class=\"wp-block-image size-large\"><img decoding=\"async\" loading=\"lazy\" width=\"845\" height=\"1024\" data-id=\"5587\" src=\"https:\/\/www.ipgh.org\/mx\/wp-content\/uploads\/2023\/04\/DSC_0721-845x1024.jpg\" alt=\"\" class=\"wp-image-5587\" srcset=\"https:\/\/www.ipgh.org\/mx\/wp-content\/uploads\/2023\/04\/DSC_0721-845x1024.jpg 845w, https:\/\/www.ipgh.org\/mx\/wp-content\/uploads\/2023\/04\/DSC_0721-248x300.jpg 248w, https:\/\/www.ipgh.org\/mx\/wp-content\/uploads\/2023\/04\/DSC_0721-768x930.jpg 768w, https:\/\/www.ipgh.org\/mx\/wp-content\/uploads\/2023\/04\/DSC_0721-1268x1536.jpg 1268w, https:\/\/www.ipgh.org\/mx\/wp-content\/uploads\/2023\/04\/DSC_0721-1691x2048.jpg 1691w\" sizes=\"(max-width: 845px) 100vw, 845px\" \/><\/figure>\n\n\n\n<figure class=\"wp-block-image size-large\"><img decoding=\"async\" loading=\"lazy\" width=\"697\" height=\"1024\" data-id=\"5585\" src=\"https:\/\/www.ipgh.org\/mx\/wp-content\/uploads\/2023\/04\/DSC_0803-697x1024.jpg\" alt=\"\" class=\"wp-image-5585\" srcset=\"https:\/\/www.ipgh.org\/mx\/wp-content\/uploads\/2023\/04\/DSC_0803-697x1024.jpg 697w, https:\/\/www.ipgh.org\/mx\/wp-content\/uploads\/2023\/04\/DSC_0803-204x300.jpg 204w, https:\/\/www.ipgh.org\/mx\/wp-content\/uploads\/2023\/04\/DSC_0803-768x1129.jpg 768w, https:\/\/www.ipgh.org\/mx\/wp-content\/uploads\/2023\/04\/DSC_0803-1045x1536.jpg 1045w, https:\/\/www.ipgh.org\/mx\/wp-content\/uploads\/2023\/04\/DSC_0803-1393x2048.jpg 1393w, https:\/\/www.ipgh.org\/mx\/wp-content\/uploads\/2023\/04\/DSC_0803-scaled.jpg 1741w\" sizes=\"(max-width: 697px) 100vw, 697px\" \/><\/figure>\n\n\n\n<figure class=\"wp-block-image size-full is-style-default\"><img decoding=\"async\" loading=\"lazy\" width=\"1882\" height=\"2560\" data-id=\"5589\" src=\"https:\/\/www.ipgh.org\/mx\/wp-content\/uploads\/2023\/04\/DSC_0793-1-scaled.jpg\" alt=\"\" class=\"wp-image-5589\" srcset=\"https:\/\/www.ipgh.org\/mx\/wp-content\/uploads\/2023\/04\/DSC_0793-1-scaled.jpg 1882w, https:\/\/www.ipgh.org\/mx\/wp-content\/uploads\/2023\/04\/DSC_0793-1-221x300.jpg 221w, https:\/\/www.ipgh.org\/mx\/wp-content\/uploads\/2023\/04\/DSC_0793-1-753x1024.jpg 753w, https:\/\/www.ipgh.org\/mx\/wp-content\/uploads\/2023\/04\/DSC_0793-1-768x1045.jpg 768w, https:\/\/www.ipgh.org\/mx\/wp-content\/uploads\/2023\/04\/DSC_0793-1-1129x1536.jpg 1129w, https:\/\/www.ipgh.org\/mx\/wp-content\/uploads\/2023\/04\/DSC_0793-1-1506x2048.jpg 1506w\" sizes=\"(max-width: 1882px) 100vw, 1882px\" \/><\/figure>\n<\/figure>\n","protected":false},"excerpt":{"rendered":"<p>12\/04\/23 Ciudad de M\u00e9xico, M\u00e9xico. La Secretar\u00eda General del Instituto Panamericano de Geograf\u00eda e Historia tuvo el honor de recibir al Dr. Pablo L\u00f3pez Ram\u00edrez, Director general interino del Centro de Investigaci\u00f3n en Ciencias de Informaci\u00f3n Geoespacial, A.C. (CentroGeo); a la Mtra. Aura Citlalli Torres G\u00f3mez, del \u00e1rea de Formaci\u00f3n a Distancia; y al Mtro. <a class=\"read-more\" href=\"https:\/\/www.ipgh.org\/mx\/?page_id=5583\">LEER M\u00c1S<\/a><\/p>\n","protected":false},"author":1,"featured_media":0,"parent":0,"menu_order":0,"comment_status":"closed","ping_status":"closed","template":"","meta":{"footnotes":""},"_links":{"self":[{"href":"https:\/\/www.ipgh.org\/mx\/index.php?rest_route=\/wp\/v2\/pages\/5583"}],"collection":[{"href":"https:\/\/www.ipgh.org\/mx\/index.php?rest_route=\/wp\/v2\/pages"}],"about":[{"href":"https:\/\/www.ipgh.org\/mx\/index.php?rest_route=\/wp\/v2\/types\/page"}],"author":[{"embeddable":true,"href":"https:\/\/www.ipgh.org\/mx\/index.php?rest_route=\/wp\/v2\/users\/1"}],"replies":[{"embeddable":true,"href":"https:\/\/www.ipgh.org\/mx\/index.php?rest_route=%2Fwp%2Fv2%2Fcomments&post=5583"}],"version-history":[{"count":8,"href":"https:\/\/www.ipgh.org\/mx\/index.php?rest_route=\/wp\/v2\/pages\/5583\/revisions"}],"predecessor-version":[{"id":5596,"href":"https:\/\/www.ipgh.org\/mx\/index.php?rest_route=\/wp\/v2\/pages\/5583\/revisions\/5596"}],"wp:attachment":[{"href":"https:\/\/www.ipgh.org\/mx\/index.php?rest_route=%2Fwp%2Fv2%2Fmedia&parent=5583"}],"curies":[{"name":"wp","href":"https:\/\/api.w.org\/{rel}","templated":true}]}}