{"id":5603,"date":"2023-04-19T18:45:08","date_gmt":"2023-04-19T23:45:08","guid":{"rendered":"https:\/\/www.ipgh.org\/mx\/?page_id=5603"},"modified":"2023-04-19T19:15:36","modified_gmt":"2023-04-20T00:15:36","slug":"ceremonia-de-entrega-de-la-bandera-nacional-de-la-republica-de-corea-como-estado-observador-permanente-del-instituto-panamericano-de-geografia-e-historia","status":"publish","type":"page","link":"https:\/\/www.ipgh.org\/mx\/?page_id=5603","title":{"rendered":"Ceremonia de entrega de la Bandera Nacional de la Rep\u00fablica de Corea como Estado Observador Permanente del Instituto Panamericano de Geograf\u00eda e Historia"},"content":{"rendered":"\n<p><\/p>\n\n\n\n<p class=\"has-small-font-size\">19\/04\/2023<\/p>\n\n\n\n<p class=\"has-medium-font-size\"><em>Palacio sede del IPGH, Ciudad de M\u00e9xico.<\/em> Este d\u00eda fue realizada la ceremonia de entrega de la Bandera Nacional de la Rep\u00fablica de Corea, en su condici\u00f3n de Estado Observador Permanente, a la sede de la Secretar\u00eda General. Para esta ocasi\u00f3n, el Palacio sede de esta sede diplom\u00e1tica se visti\u00f3 de gala para recibir al Embajador de la Rep\u00fablica de Corea en M\u00e9xico, Excmo. Sr. Huh Tae-wan, quien entreg\u00f3 su l\u00e1baro patrio al Secretario General de este organismo especializado de la OEA, Mtro. Antonio Campuzano Rosales.<\/p>\n\n\n\n<p class=\"has-medium-font-size\">Durante la ceremonia, ante embajadores y representantes de estados y organismos con sede en M\u00e9xico, el Mtro. Antonio Campuzano Rosales agradeci\u00f3 la confianza y disposici\u00f3n del gobierno de la Rep\u00fablica de Corea como Estado Observador Permanente, lo cual se vio reflejado en la entrega de su bandera para ser parte del sal\u00f3n \u201cWilliam Bowie\u201d del Palacio sede.<\/p>\n\n\n\n<p class=\"has-medium-font-size\">Por su lado, el Se\u00f1or Embajador, Huh Tae-wan, manifest\u00f3 el \u00e1nimo de promover y contribuir a este organismo, que cuenta con una historia de 95 a\u00f1os, y con el cual el gobierno de la Rep\u00fablica de Corea desea compartir su conocimiento en las \u00e1reas de cartograf\u00eda y geograf\u00eda, as\u00ed como contribuir significativamente en el esfuerzo del IPGH para promover la paz en la regi\u00f3n y en el mundo. Cabe mencionar que en noviembre de 2019, fue aprobada, por resoluci\u00f3n del Consejo Directivo del IPGH, la integraci\u00f3n de este pa\u00eds al IPGH, en calidad de Observador Permanente. Desde entonces el National Geographic Information Institute (NGII), ha ofrecido a la comunidad panamericana becas en los temas referentes a nombres geogr\u00e1ficos e informaci\u00f3n geoespacial, en el 2021 de manera virtual y en el a\u00f1o 2022 de manera presencial en Corea.<\/p>\n\n\n\n<hr class=\"wp-block-separator has-alpha-channel-opacity is-style-dots\"\/>\n\n\n\n<figure class=\"wp-block-gallery has-nested-images columns-default is-cropped wp-block-gallery-1 is-layout-flex wp-block-gallery-is-layout-flex\">\n<figure class=\"wp-block-image size-large\"><img decoding=\"async\" loading=\"lazy\" width=\"635\" height=\"1024\" data-id=\"5607\" src=\"https:\/\/www.ipgh.org\/mx\/wp-content\/uploads\/2023\/04\/WhatsApp-Image-2023-04-19-at-13.55.58-1-635x1024.jpeg\" alt=\"\" class=\"wp-image-5607\" srcset=\"https:\/\/www.ipgh.org\/mx\/wp-content\/uploads\/2023\/04\/WhatsApp-Image-2023-04-19-at-13.55.58-1-635x1024.jpeg 635w, https:\/\/www.ipgh.org\/mx\/wp-content\/uploads\/2023\/04\/WhatsApp-Image-2023-04-19-at-13.55.58-1-186x300.jpeg 186w, https:\/\/www.ipgh.org\/mx\/wp-content\/uploads\/2023\/04\/WhatsApp-Image-2023-04-19-at-13.55.58-1-768x1239.jpeg 768w, https:\/\/www.ipgh.org\/mx\/wp-content\/uploads\/2023\/04\/WhatsApp-Image-2023-04-19-at-13.55.58-1-952x1536.jpeg 952w, https:\/\/www.ipgh.org\/mx\/wp-content\/uploads\/2023\/04\/WhatsApp-Image-2023-04-19-at-13.55.58-1.jpeg 992w\" sizes=\"(max-width: 635px) 100vw, 635px\" \/><\/figure>\n\n\n\n<figure class=\"wp-block-image size-large\"><img decoding=\"async\" loading=\"lazy\" width=\"682\" height=\"1024\" data-id=\"5606\" src=\"https:\/\/www.ipgh.org\/mx\/wp-content\/uploads\/2023\/04\/WhatsApp-Image-2023-04-19-at-13.55.57-682x1024.jpeg\" alt=\"\" class=\"wp-image-5606\" srcset=\"https:\/\/www.ipgh.org\/mx\/wp-content\/uploads\/2023\/04\/WhatsApp-Image-2023-04-19-at-13.55.57-682x1024.jpeg 682w, https:\/\/www.ipgh.org\/mx\/wp-content\/uploads\/2023\/04\/WhatsApp-Image-2023-04-19-at-13.55.57-200x300.jpeg 200w, https:\/\/www.ipgh.org\/mx\/wp-content\/uploads\/2023\/04\/WhatsApp-Image-2023-04-19-at-13.55.57-768x1153.jpeg 768w, https:\/\/www.ipgh.org\/mx\/wp-content\/uploads\/2023\/04\/WhatsApp-Image-2023-04-19-at-13.55.57-1023x1536.jpeg 1023w, https:\/\/www.ipgh.org\/mx\/wp-content\/uploads\/2023\/04\/WhatsApp-Image-2023-04-19-at-13.55.57.jpeg 1066w\" sizes=\"(max-width: 682px) 100vw, 682px\" \/><\/figure>\n\n\n\n<figure class=\"wp-block-image size-full\"><img decoding=\"async\" loading=\"lazy\" width=\"586\" height=\"880\" data-id=\"5619\" src=\"https:\/\/www.ipgh.org\/mx\/wp-content\/uploads\/2023\/04\/IMG_20230419_180730.jpg\" alt=\"\" class=\"wp-image-5619\" srcset=\"https:\/\/www.ipgh.org\/mx\/wp-content\/uploads\/2023\/04\/IMG_20230419_180730.jpg 586w, https:\/\/www.ipgh.org\/mx\/wp-content\/uploads\/2023\/04\/IMG_20230419_180730-200x300.jpg 200w\" sizes=\"(max-width: 586px) 100vw, 586px\" \/><\/figure>\n<\/figure>\n","protected":false},"excerpt":{"rendered":"<p>19\/04\/2023 Palacio sede del IPGH, Ciudad de M\u00e9xico. Este d\u00eda fue realizada la ceremonia de entrega de la Bandera Nacional de la Rep\u00fablica de Corea, en su condici\u00f3n de Estado Observador Permanente, a la sede de la Secretar\u00eda General. Para esta ocasi\u00f3n, el Palacio sede de esta sede diplom\u00e1tica se visti\u00f3 de gala para recibir <a class=\"read-more\" href=\"https:\/\/www.ipgh.org\/mx\/?page_id=5603\">LEER M\u00c1S<\/a><\/p>\n","protected":false},"author":1,"featured_media":0,"parent":0,"menu_order":0,"comment_status":"closed","ping_status":"closed","template":"","meta":{"footnotes":""},"_links":{"self":[{"href":"https:\/\/www.ipgh.org\/mx\/index.php?rest_route=\/wp\/v2\/pages\/5603"}],"collection":[{"href":"https:\/\/www.ipgh.org\/mx\/index.php?rest_route=\/wp\/v2\/pages"}],"about":[{"href":"https:\/\/www.ipgh.org\/mx\/index.php?rest_route=\/wp\/v2\/types\/page"}],"author":[{"embeddable":true,"href":"https:\/\/www.ipgh.org\/mx\/index.php?rest_route=\/wp\/v2\/users\/1"}],"replies":[{"embeddable":true,"href":"https:\/\/www.ipgh.org\/mx\/index.php?rest_route=%2Fwp%2Fv2%2Fcomments&post=5603"}],"version-history":[{"count":5,"href":"https:\/\/www.ipgh.org\/mx\/index.php?rest_route=\/wp\/v2\/pages\/5603\/revisions"}],"predecessor-version":[{"id":5623,"href":"https:\/\/www.ipgh.org\/mx\/index.php?rest_route=\/wp\/v2\/pages\/5603\/revisions\/5623"}],"wp:attachment":[{"href":"https:\/\/www.ipgh.org\/mx\/index.php?rest_route=%2Fwp%2Fv2%2Fmedia&parent=5603"}],"curies":[{"name":"wp","href":"https:\/\/api.w.org\/{rel}","templated":true}]}}