{"id":5634,"date":"2023-04-26T16:56:04","date_gmt":"2023-04-26T21:56:04","guid":{"rendered":"https:\/\/www.ipgh.org\/mx\/?page_id=5634"},"modified":"2023-04-27T13:03:59","modified_gmt":"2023-04-27T18:03:59","slug":"visita-presidente-del-tribunal-superior-de-justicia-del-estado-de-mexico-al-palacio-sede-del-ipgh","status":"publish","type":"page","link":"https:\/\/www.ipgh.org\/mx\/?page_id=5634","title":{"rendered":"Visita Presidente del Tribunal Superior de Justicia del Estado de M\u00e9xico al Palacio Sede del IPGH"},"content":{"rendered":"\n<p><\/p>\n\n\n\n<p>25\/04\/2023<\/p>\n\n\n\n<p class=\"has-medium-font-size\">El Palacio sede del IPGH tuvo el honor de recibir la visita del se\u00f1or Presidente del <a href=\"https:\/\/www.pjedomex.gob.mx\/vista\/1_inicio\" target=\"_blank\" rel=\"noreferrer noopener\">Tribunal Superior de Justicia del Estado de M\u00e9xico<\/a>, Dr. Ricardo Sodi Cuellar. De acuerdo al Plan Estrat\u00e9gico de la presente administraci\u00f3n, se busca acercar a este organismo internacional con las autoridades del pa\u00eds sede.<\/p>\n\n\n\n<p class=\"has-medium-font-size\">El Secretario General del IPGH, Maestro Antonio Campuzano Rosales, present\u00f3 al Dr. Sodi las instalaciones de la Secretar\u00eda General, as\u00ed como el trabajo que la presente administraci\u00f3n ha desarrollado en el \u00faltimo a\u00f1o, y sus resultados.<\/p>\n\n\n\n<p class=\"has-medium-font-size\">Por su parte, el se\u00f1or Presidente del Tribunal Superior de Justicia del Estado de M\u00e9xico hizo hincapi\u00e9 en la importancia del IPGH, al aseverar que la labor que realiza el Instituto \u201cnos hermana como naciones e identifica los puntos de encuentro que permiten la construcci\u00f3n de la paz como aspiraci\u00f3n suprema de los pueblos\u201d. Finalmente, el Dr. Sodi asisti\u00f3 a la <a href=\"https:\/\/www.gob.mx\/siap\/acciones-y-programas\/mapoteca-manuel-orozco-y-berra\" target=\"_blank\" rel=\"noreferrer noopener\">Mapoteca \u201cManuel Orozco y Berra\u201d<\/a>, recinto donde se encuentra el repertorio cartogr\u00e1fico del IPGH, en resguardo del gobierno mexicano, con m\u00e1s de 16 mil mapas y cartas cartogr\u00e1ficas.<\/p>\n\n\n\n<p><\/p>\n\n\n\n<hr class=\"wp-block-separator has-alpha-channel-opacity is-style-dots\"\/>\n\n\n\n<figure class=\"wp-block-gallery has-nested-images columns-default is-cropped wp-block-gallery-1 is-layout-flex wp-block-gallery-is-layout-flex\">\n<figure class=\"wp-block-image size-large\"><img decoding=\"async\" loading=\"lazy\" width=\"683\" height=\"1024\" data-id=\"5645\" src=\"https:\/\/www.ipgh.org\/mx\/wp-content\/uploads\/2023\/04\/DSC_0204-1-683x1024.jpg\" alt=\"\" class=\"wp-image-5645\" srcset=\"https:\/\/www.ipgh.org\/mx\/wp-content\/uploads\/2023\/04\/DSC_0204-1-683x1024.jpg 683w, https:\/\/www.ipgh.org\/mx\/wp-content\/uploads\/2023\/04\/DSC_0204-1-200x300.jpg 200w, https:\/\/www.ipgh.org\/mx\/wp-content\/uploads\/2023\/04\/DSC_0204-1-768x1152.jpg 768w, https:\/\/www.ipgh.org\/mx\/wp-content\/uploads\/2023\/04\/DSC_0204-1-1024x1536.jpg 1024w, https:\/\/www.ipgh.org\/mx\/wp-content\/uploads\/2023\/04\/DSC_0204-1-1365x2048.jpg 1365w, https:\/\/www.ipgh.org\/mx\/wp-content\/uploads\/2023\/04\/DSC_0204-1-scaled.jpg 1706w\" sizes=\"(max-width: 683px) 100vw, 683px\" \/><\/figure>\n\n\n\n<figure class=\"wp-block-image size-large\"><img decoding=\"async\" loading=\"lazy\" width=\"683\" height=\"1024\" data-id=\"5646\" src=\"https:\/\/www.ipgh.org\/mx\/wp-content\/uploads\/2023\/04\/DSC_0306-1-683x1024.jpg\" alt=\"\" class=\"wp-image-5646\" srcset=\"https:\/\/www.ipgh.org\/mx\/wp-content\/uploads\/2023\/04\/DSC_0306-1-683x1024.jpg 683w, https:\/\/www.ipgh.org\/mx\/wp-content\/uploads\/2023\/04\/DSC_0306-1-200x300.jpg 200w, https:\/\/www.ipgh.org\/mx\/wp-content\/uploads\/2023\/04\/DSC_0306-1-768x1152.jpg 768w, https:\/\/www.ipgh.org\/mx\/wp-content\/uploads\/2023\/04\/DSC_0306-1-1024x1536.jpg 1024w, https:\/\/www.ipgh.org\/mx\/wp-content\/uploads\/2023\/04\/DSC_0306-1-1365x2048.jpg 1365w, https:\/\/www.ipgh.org\/mx\/wp-content\/uploads\/2023\/04\/DSC_0306-1-scaled.jpg 1706w\" sizes=\"(max-width: 683px) 100vw, 683px\" \/><\/figure>\n\n\n\n<figure class=\"wp-block-image size-large\"><img decoding=\"async\" loading=\"lazy\" width=\"705\" height=\"1024\" data-id=\"5647\" src=\"https:\/\/www.ipgh.org\/mx\/wp-content\/uploads\/2023\/04\/DSC_0336-1-705x1024.jpg\" alt=\"\" class=\"wp-image-5647\" srcset=\"https:\/\/www.ipgh.org\/mx\/wp-content\/uploads\/2023\/04\/DSC_0336-1-705x1024.jpg 705w, https:\/\/www.ipgh.org\/mx\/wp-content\/uploads\/2023\/04\/DSC_0336-1-207x300.jpg 207w, https:\/\/www.ipgh.org\/mx\/wp-content\/uploads\/2023\/04\/DSC_0336-1-768x1115.jpg 768w, https:\/\/www.ipgh.org\/mx\/wp-content\/uploads\/2023\/04\/DSC_0336-1-1058x1536.jpg 1058w, https:\/\/www.ipgh.org\/mx\/wp-content\/uploads\/2023\/04\/DSC_0336-1-1410x2048.jpg 1410w, https:\/\/www.ipgh.org\/mx\/wp-content\/uploads\/2023\/04\/DSC_0336-1-scaled.jpg 1763w\" sizes=\"(max-width: 705px) 100vw, 705px\" \/><\/figure>\n<\/figure>\n","protected":false},"excerpt":{"rendered":"<p>25\/04\/2023 El Palacio sede del IPGH tuvo el honor de recibir la visita del se\u00f1or Presidente del Tribunal Superior de Justicia del Estado de M\u00e9xico, Dr. Ricardo Sodi Cuellar. De acuerdo al Plan Estrat\u00e9gico de la presente administraci\u00f3n, se busca acercar a este organismo internacional con las autoridades del pa\u00eds sede. El Secretario General del <a class=\"read-more\" href=\"https:\/\/www.ipgh.org\/mx\/?page_id=5634\">LEER M\u00c1S<\/a><\/p>\n","protected":false},"author":1,"featured_media":0,"parent":0,"menu_order":0,"comment_status":"closed","ping_status":"closed","template":"","meta":{"footnotes":""},"_links":{"self":[{"href":"https:\/\/www.ipgh.org\/mx\/index.php?rest_route=\/wp\/v2\/pages\/5634"}],"collection":[{"href":"https:\/\/www.ipgh.org\/mx\/index.php?rest_route=\/wp\/v2\/pages"}],"about":[{"href":"https:\/\/www.ipgh.org\/mx\/index.php?rest_route=\/wp\/v2\/types\/page"}],"author":[{"embeddable":true,"href":"https:\/\/www.ipgh.org\/mx\/index.php?rest_route=\/wp\/v2\/users\/1"}],"replies":[{"embeddable":true,"href":"https:\/\/www.ipgh.org\/mx\/index.php?rest_route=%2Fwp%2Fv2%2Fcomments&post=5634"}],"version-history":[{"count":7,"href":"https:\/\/www.ipgh.org\/mx\/index.php?rest_route=\/wp\/v2\/pages\/5634\/revisions"}],"predecessor-version":[{"id":5666,"href":"https:\/\/www.ipgh.org\/mx\/index.php?rest_route=\/wp\/v2\/pages\/5634\/revisions\/5666"}],"wp:attachment":[{"href":"https:\/\/www.ipgh.org\/mx\/index.php?rest_route=%2Fwp%2Fv2%2Fmedia&parent=5634"}],"curies":[{"name":"wp","href":"https:\/\/api.w.org\/{rel}","templated":true}]}}