{"id":5671,"date":"2023-05-03T14:54:42","date_gmt":"2023-05-03T19:54:42","guid":{"rendered":"https:\/\/www.ipgh.org\/mx\/?page_id=5671"},"modified":"2023-05-04T11:25:20","modified_gmt":"2023-05-04T16:25:20","slug":"visita-de-senor-embajador-de-la-republica-oriental-del-uruguay-en-los-estados-unidos-mexicanos-anibal-fernando-cabral-al-palacio-sede-del-ipgh","status":"publish","type":"page","link":"https:\/\/www.ipgh.org\/mx\/?page_id=5671","title":{"rendered":"Visita de Se\u00f1or Embajador de la Rep\u00fablica Oriental del Uruguay en los Estados Unidos Mexicanos, An\u00edbal Fernando Cabral, al Palacio sede del IPGH"},"content":{"rendered":"\n<p><\/p>\n\n\n\n<p class=\"has-cyan-bluish-gray-color has-text-color has-medium-font-size\"><strong>03\/05\/2023<\/strong><\/p>\n\n\n\n<p class=\"has-medium-font-size\">Este d\u00eda, el Palacio sede del Instituto Panamericano de Geograf\u00eda e Historia, recibi\u00f3 la agradable visita del Se\u00f1or Embajador An\u00edbal F. Cabral Segalerba y de la Ministra Consejera Noelia Mart\u00ednez Franchi, representantes de la Rep\u00fablica Oriental del Uruguay en M\u00e9xico.<\/p>\n\n\n\n<p class=\"has-medium-font-size\">Con base al \u201cPlan Estrat\u00e9gico de modernizaci\u00f3n 2022-2025\u201d, el Secretario General del IPGH, Mtro. Antonio Campuzano Rosales, detall\u00f3 la labor desarrollada en el \u00faltimo a\u00f1o.<\/p>\n\n\n\n<p class=\"has-medium-font-size\">Durante el acto protocolario, el Secretario General subray\u00f3 el apoyo brindado por el Estado Miembro de Uruguay a la comunidad panamericana en el tema de la Zona de Adyacencia Belice-Guatemala (OEA\/ZA), a trav\u00e9s del Instituto Geogr\u00e1fico Militar de Uruguay. Igualmente enfatiz\u00f3 el trabajo de su antecesor en el cargo, M\u00e1gister C\u00e9sar Rodr\u00edguez Tomeo, en el periodo 2018-2022. <\/p>\n\n\n\n<p class=\"has-medium-font-size\">Por su parte, el Embajador Cabral, exalt\u00f3 el factor humano en la conformaci\u00f3n de instituciones fuertes, as\u00ed como la importancia que el IPGH ha tenido a lo largo de la historia del hemisferio occidental como una entidad imparcial al servicio de sus Estados Miembros.<\/p>\n\n\n\n<hr class=\"wp-block-separator has-text-color has-luminous-vivid-orange-color has-alpha-channel-opacity has-luminous-vivid-orange-background-color has-background is-style-dots\"\/>\n\n\n\n<figure class=\"wp-block-gallery has-nested-images columns-default is-cropped wp-block-gallery-1 is-layout-flex wp-block-gallery-is-layout-flex\">\n<figure class=\"wp-block-image size-large\"><img decoding=\"async\" loading=\"lazy\" width=\"681\" height=\"1024\" data-id=\"5673\" src=\"https:\/\/www.ipgh.org\/mx\/wp-content\/uploads\/2023\/05\/DSC_0206-681x1024.jpg\" alt=\"\" class=\"wp-image-5673\" srcset=\"https:\/\/www.ipgh.org\/mx\/wp-content\/uploads\/2023\/05\/DSC_0206-681x1024.jpg 681w, https:\/\/www.ipgh.org\/mx\/wp-content\/uploads\/2023\/05\/DSC_0206-199x300.jpg 199w, https:\/\/www.ipgh.org\/mx\/wp-content\/uploads\/2023\/05\/DSC_0206-768x1155.jpg 768w, https:\/\/www.ipgh.org\/mx\/wp-content\/uploads\/2023\/05\/DSC_0206-1021x1536.jpg 1021w, https:\/\/www.ipgh.org\/mx\/wp-content\/uploads\/2023\/05\/DSC_0206-1361x2048.jpg 1361w, https:\/\/www.ipgh.org\/mx\/wp-content\/uploads\/2023\/05\/DSC_0206-scaled.jpg 1702w\" sizes=\"(max-width: 681px) 100vw, 681px\" \/><\/figure>\n\n\n\n<figure class=\"wp-block-image size-large\"><img decoding=\"async\" loading=\"lazy\" width=\"683\" height=\"1024\" data-id=\"5672\" src=\"https:\/\/www.ipgh.org\/mx\/wp-content\/uploads\/2023\/05\/DSC_0194-683x1024.jpg\" alt=\"\" class=\"wp-image-5672\" srcset=\"https:\/\/www.ipgh.org\/mx\/wp-content\/uploads\/2023\/05\/DSC_0194-683x1024.jpg 683w, https:\/\/www.ipgh.org\/mx\/wp-content\/uploads\/2023\/05\/DSC_0194-200x300.jpg 200w, https:\/\/www.ipgh.org\/mx\/wp-content\/uploads\/2023\/05\/DSC_0194-768x1152.jpg 768w, https:\/\/www.ipgh.org\/mx\/wp-content\/uploads\/2023\/05\/DSC_0194-1024x1536.jpg 1024w, https:\/\/www.ipgh.org\/mx\/wp-content\/uploads\/2023\/05\/DSC_0194-1365x2048.jpg 1365w, https:\/\/www.ipgh.org\/mx\/wp-content\/uploads\/2023\/05\/DSC_0194-scaled.jpg 1707w\" sizes=\"(max-width: 683px) 100vw, 683px\" \/><\/figure>\n\n\n\n<figure class=\"wp-block-image size-large\"><img decoding=\"async\" loading=\"lazy\" width=\"676\" height=\"1024\" data-id=\"5676\" src=\"https:\/\/www.ipgh.org\/mx\/wp-content\/uploads\/2023\/05\/DSC_0230-676x1024.jpg\" alt=\"\" class=\"wp-image-5676\" srcset=\"https:\/\/www.ipgh.org\/mx\/wp-content\/uploads\/2023\/05\/DSC_0230-676x1024.jpg 676w, https:\/\/www.ipgh.org\/mx\/wp-content\/uploads\/2023\/05\/DSC_0230-198x300.jpg 198w, https:\/\/www.ipgh.org\/mx\/wp-content\/uploads\/2023\/05\/DSC_0230-768x1164.jpg 768w, https:\/\/www.ipgh.org\/mx\/wp-content\/uploads\/2023\/05\/DSC_0230-1013x1536.jpg 1013w, https:\/\/www.ipgh.org\/mx\/wp-content\/uploads\/2023\/05\/DSC_0230-1351x2048.jpg 1351w, https:\/\/www.ipgh.org\/mx\/wp-content\/uploads\/2023\/05\/DSC_0230-scaled.jpg 1689w\" sizes=\"(max-width: 676px) 100vw, 676px\" \/><\/figure>\n<\/figure>\n","protected":false},"excerpt":{"rendered":"<p>03\/05\/2023 Este d\u00eda, el Palacio sede del Instituto Panamericano de Geograf\u00eda e Historia, recibi\u00f3 la agradable visita del Se\u00f1or Embajador An\u00edbal F. Cabral Segalerba y de la Ministra Consejera Noelia Mart\u00ednez Franchi, representantes de la Rep\u00fablica Oriental del Uruguay en M\u00e9xico. Con base al \u201cPlan Estrat\u00e9gico de modernizaci\u00f3n 2022-2025\u201d, el Secretario General del IPGH, Mtro. <a class=\"read-more\" href=\"https:\/\/www.ipgh.org\/mx\/?page_id=5671\">LEER M\u00c1S<\/a><\/p>\n","protected":false},"author":1,"featured_media":0,"parent":0,"menu_order":0,"comment_status":"closed","ping_status":"closed","template":"","meta":{"footnotes":""},"_links":{"self":[{"href":"https:\/\/www.ipgh.org\/mx\/index.php?rest_route=\/wp\/v2\/pages\/5671"}],"collection":[{"href":"https:\/\/www.ipgh.org\/mx\/index.php?rest_route=\/wp\/v2\/pages"}],"about":[{"href":"https:\/\/www.ipgh.org\/mx\/index.php?rest_route=\/wp\/v2\/types\/page"}],"author":[{"embeddable":true,"href":"https:\/\/www.ipgh.org\/mx\/index.php?rest_route=\/wp\/v2\/users\/1"}],"replies":[{"embeddable":true,"href":"https:\/\/www.ipgh.org\/mx\/index.php?rest_route=%2Fwp%2Fv2%2Fcomments&post=5671"}],"version-history":[{"count":6,"href":"https:\/\/www.ipgh.org\/mx\/index.php?rest_route=\/wp\/v2\/pages\/5671\/revisions"}],"predecessor-version":[{"id":5684,"href":"https:\/\/www.ipgh.org\/mx\/index.php?rest_route=\/wp\/v2\/pages\/5671\/revisions\/5684"}],"wp:attachment":[{"href":"https:\/\/www.ipgh.org\/mx\/index.php?rest_route=%2Fwp%2Fv2%2Fmedia&parent=5671"}],"curies":[{"name":"wp","href":"https:\/\/api.w.org\/{rel}","templated":true}]}}