{"id":5692,"date":"2023-05-11T17:17:49","date_gmt":"2023-05-11T22:17:49","guid":{"rendered":"https:\/\/www.ipgh.org\/mx\/?page_id=5692"},"modified":"2023-05-11T17:21:50","modified_gmt":"2023-05-11T22:21:50","slug":"presentacion-del-secretario-general-del-ipgh-en-el-marco-de-la-inauguracion-del-modelo-de-naciones-unidas-de-la-universidad-autonoma-del-estado-de-mexico","status":"publish","type":"page","link":"https:\/\/www.ipgh.org\/mx\/?page_id=5692","title":{"rendered":"Presentaci\u00f3n del Secretario General del IPGH en el marco de la inauguraci\u00f3n del &#8220;Modelo de Naciones Unidas de la Universidad Aut\u00f3noma del Estado de M\u00e9xico&#8221;"},"content":{"rendered":"\n<figure class=\"wp-block-image size-large is-resized\"><img decoding=\"async\" loading=\"lazy\" src=\"https:\/\/www.ipgh.org\/mx\/wp-content\/uploads\/2023\/05\/DSC_0161-1-1024x663.jpg\" alt=\"\" class=\"wp-image-5694\" width=\"1138\" height=\"737\" srcset=\"https:\/\/www.ipgh.org\/mx\/wp-content\/uploads\/2023\/05\/DSC_0161-1-1024x663.jpg 1024w, https:\/\/www.ipgh.org\/mx\/wp-content\/uploads\/2023\/05\/DSC_0161-1-300x194.jpg 300w, https:\/\/www.ipgh.org\/mx\/wp-content\/uploads\/2023\/05\/DSC_0161-1-768x497.jpg 768w, https:\/\/www.ipgh.org\/mx\/wp-content\/uploads\/2023\/05\/DSC_0161-1.jpg 1479w\" sizes=\"(max-width: 1138px) 100vw, 1138px\" \/><\/figure>\n\n\n\n<p><\/p>\n\n\n\n<p class=\"has-cyan-bluish-gray-color has-text-color has-medium-font-size\">11\/05\/2023. Toluca, Estado de M\u00e9xico, M\u00e9xico.<\/p>\n\n\n\n<p class=\"has-medium-font-size\">El d\u00eda de hoy, el Secretario General del Instituto Panamericano de Geograf\u00eda e Historia (IPGH) fue parte de la inauguraci\u00f3n del Modelo de Naciones Unidas de la Universidad Aut\u00f3noma del Estado de M\u00e9xico (POTROMUN) en su VI edici\u00f3n, la cual se llev\u00f3 a cabo en el auditorio Isidro Fabela Alfaro de la Facultad de Derecho de la mencionada instituci\u00f3n mexicana.<\/p>\n\n\n\n<p class=\"has-medium-font-size\">En este evento, el Mtro. Antonio Campuzano Rosales ofreci\u00f3 una presentaci\u00f3n titulada <em>\u00bfQu\u00e9 es el IPGH?<\/em>, a efecto de introducir a los alumnos universitarios a las actividades y funciones de este organismo internacional, en el marco de 95 a\u00f1os de trabajo cient\u00edfico y tecnol\u00f3gico al servicio de la paz para la comunidad panamericana. La iniciativa universitaria POTROMUN naci\u00f3 en 2016, a propuesta de alumnos universitarios de la UAEM\u00e9x, y que el d\u00eda de hoy se reactiv\u00f3 tras tres a\u00f1os de pandemia que impidieron su ejercicio acad\u00e9mico presencial.<\/p>\n\n\n\n<hr class=\"wp-block-separator has-text-color has-luminous-vivid-orange-color has-alpha-channel-opacity has-luminous-vivid-orange-background-color has-background is-style-dots\"\/>\n\n\n\n<figure class=\"wp-block-gallery has-nested-images columns-default is-cropped wp-block-gallery-1 is-layout-flex wp-block-gallery-is-layout-flex\">\n<figure class=\"wp-block-image size-large\"><img decoding=\"async\" loading=\"lazy\" width=\"1024\" height=\"1024\" data-id=\"5699\" src=\"https:\/\/www.ipgh.org\/mx\/wp-content\/uploads\/2023\/05\/potromun1-1024x1024.png\" alt=\"\" class=\"wp-image-5699\" srcset=\"https:\/\/www.ipgh.org\/mx\/wp-content\/uploads\/2023\/05\/potromun1-1024x1024.png 1024w, https:\/\/www.ipgh.org\/mx\/wp-content\/uploads\/2023\/05\/potromun1-300x300.png 300w, https:\/\/www.ipgh.org\/mx\/wp-content\/uploads\/2023\/05\/potromun1-150x150.png 150w, https:\/\/www.ipgh.org\/mx\/wp-content\/uploads\/2023\/05\/potromun1-768x768.png 768w, https:\/\/www.ipgh.org\/mx\/wp-content\/uploads\/2023\/05\/potromun1.png 1200w\" sizes=\"(max-width: 1024px) 100vw, 1024px\" \/><\/figure>\n\n\n\n<figure class=\"wp-block-image size-large\"><img decoding=\"async\" loading=\"lazy\" width=\"1024\" height=\"1024\" data-id=\"5701\" src=\"https:\/\/www.ipgh.org\/mx\/wp-content\/uploads\/2023\/05\/potromun2-1024x1024.png\" alt=\"\" class=\"wp-image-5701\" srcset=\"https:\/\/www.ipgh.org\/mx\/wp-content\/uploads\/2023\/05\/potromun2-1024x1024.png 1024w, https:\/\/www.ipgh.org\/mx\/wp-content\/uploads\/2023\/05\/potromun2-300x300.png 300w, https:\/\/www.ipgh.org\/mx\/wp-content\/uploads\/2023\/05\/potromun2-150x150.png 150w, https:\/\/www.ipgh.org\/mx\/wp-content\/uploads\/2023\/05\/potromun2-768x768.png 768w, https:\/\/www.ipgh.org\/mx\/wp-content\/uploads\/2023\/05\/potromun2.png 1200w\" sizes=\"(max-width: 1024px) 100vw, 1024px\" \/><\/figure>\n\n\n\n<figure class=\"wp-block-image size-large\"><img decoding=\"async\" loading=\"lazy\" width=\"1024\" height=\"1024\" data-id=\"5702\" src=\"https:\/\/www.ipgh.org\/mx\/wp-content\/uploads\/2023\/05\/potromun3-1024x1024.png\" alt=\"\" class=\"wp-image-5702\" srcset=\"https:\/\/www.ipgh.org\/mx\/wp-content\/uploads\/2023\/05\/potromun3-1024x1024.png 1024w, https:\/\/www.ipgh.org\/mx\/wp-content\/uploads\/2023\/05\/potromun3-300x300.png 300w, https:\/\/www.ipgh.org\/mx\/wp-content\/uploads\/2023\/05\/potromun3-150x150.png 150w, https:\/\/www.ipgh.org\/mx\/wp-content\/uploads\/2023\/05\/potromun3-768x768.png 768w, https:\/\/www.ipgh.org\/mx\/wp-content\/uploads\/2023\/05\/potromun3.png 1200w\" sizes=\"(max-width: 1024px) 100vw, 1024px\" \/><\/figure>\n<\/figure>\n","protected":false},"excerpt":{"rendered":"<p>11\/05\/2023. Toluca, Estado de M\u00e9xico, M\u00e9xico. El d\u00eda de hoy, el Secretario General del Instituto Panamericano de Geograf\u00eda e Historia (IPGH) fue parte de la inauguraci\u00f3n del Modelo de Naciones Unidas de la Universidad Aut\u00f3noma del Estado de M\u00e9xico (POTROMUN) en su VI edici\u00f3n, la cual se llev\u00f3 a cabo en el auditorio Isidro Fabela <a class=\"read-more\" href=\"https:\/\/www.ipgh.org\/mx\/?page_id=5692\">LEER M\u00c1S<\/a><\/p>\n","protected":false},"author":1,"featured_media":0,"parent":0,"menu_order":0,"comment_status":"closed","ping_status":"closed","template":"","meta":{"footnotes":""},"_links":{"self":[{"href":"https:\/\/www.ipgh.org\/mx\/index.php?rest_route=\/wp\/v2\/pages\/5692"}],"collection":[{"href":"https:\/\/www.ipgh.org\/mx\/index.php?rest_route=\/wp\/v2\/pages"}],"about":[{"href":"https:\/\/www.ipgh.org\/mx\/index.php?rest_route=\/wp\/v2\/types\/page"}],"author":[{"embeddable":true,"href":"https:\/\/www.ipgh.org\/mx\/index.php?rest_route=\/wp\/v2\/users\/1"}],"replies":[{"embeddable":true,"href":"https:\/\/www.ipgh.org\/mx\/index.php?rest_route=%2Fwp%2Fv2%2Fcomments&post=5692"}],"version-history":[{"count":7,"href":"https:\/\/www.ipgh.org\/mx\/index.php?rest_route=\/wp\/v2\/pages\/5692\/revisions"}],"predecessor-version":[{"id":5708,"href":"https:\/\/www.ipgh.org\/mx\/index.php?rest_route=\/wp\/v2\/pages\/5692\/revisions\/5708"}],"wp:attachment":[{"href":"https:\/\/www.ipgh.org\/mx\/index.php?rest_route=%2Fwp%2Fv2%2Fmedia&parent=5692"}],"curies":[{"name":"wp","href":"https:\/\/api.w.org\/{rel}","templated":true}]}}