{"id":5723,"date":"2023-05-12T17:08:39","date_gmt":"2023-05-12T22:08:39","guid":{"rendered":"https:\/\/www.ipgh.org\/mx\/?page_id=5723"},"modified":"2023-05-16T12:46:46","modified_gmt":"2023-05-16T17:46:46","slug":"acto-conmemorativo-del-212o-aniversario-de-la-independencia-de-la-republica-del-paraguay","status":"publish","type":"page","link":"https:\/\/www.ipgh.org\/mx\/?page_id=5723","title":{"rendered":"Acto conmemorativo del 212\u00ba aniversario de la Independencia de la Rep\u00fablica del Paraguay"},"content":{"rendered":"\n<div style=\"height:30px\" aria-hidden=\"true\" class=\"wp-block-spacer\"><\/div>\n\n\n\n<p class=\"has-cyan-bluish-gray-color has-text-color has-medium-font-size\">12 de mayo de 2023. Ciudad de M\u00e9xico.<\/p>\n\n\n\n<p class=\"has-medium-font-size\">Con motivo del 212\u00ba aniversario de la Independencia de la Rep\u00fablica del Paraguay, el Mtro. Antonio Campuzano Rosales, Secretario General del IPGH, acudi\u00f3 al acto conmemorativo organizado por la Embajada de Paraguay en M\u00e9xico, en las instalaciones del Hotel Presidente Intercontinental de la Ciudad de M\u00e9xico.<\/p>\n\n\n\n<p class=\"has-medium-font-size\">Durante este evento, el Mtro. Campuzano Rosales pudo cumplimentar a la Embajadora Gloria Yrma Amarilla Acosta, a quien le reiter\u00f3 el constante compromiso del IPGH con sus Estados Miembros, entre los que se encuentra la Rep\u00fablica del Paraguay. Asimismo tuvo encuentro con los Embajadores de Belice y Jamaica, quienes tambi\u00e9n asistieron al evento. <\/p>\n\n\n\n<p class=\"has-medium-font-size\">La noche del 14 para amanecer 15 de mayo se cumple 212 a\u00f1os del hecho hist\u00f3rico que dio inicio al proceso independentista de Paraguay, el cual culmin\u00f3 en 1842.<\/p>\n\n\n\n<div style=\"height:30px\" aria-hidden=\"true\" class=\"wp-block-spacer\"><\/div>\n\n\n\n<figure class=\"wp-block-gallery has-nested-images columns-default is-cropped wp-block-gallery-1 is-layout-flex wp-block-gallery-is-layout-flex\">\n<figure class=\"wp-block-image size-large\"><img decoding=\"async\" loading=\"lazy\" width=\"768\" height=\"1024\" data-id=\"5725\" src=\"https:\/\/www.ipgh.org\/mx\/wp-content\/uploads\/2023\/05\/FOTOGRAFIA-2-1-768x1024.jpeg\" alt=\"\" class=\"wp-image-5725\" srcset=\"https:\/\/www.ipgh.org\/mx\/wp-content\/uploads\/2023\/05\/FOTOGRAFIA-2-1-768x1024.jpeg 768w, https:\/\/www.ipgh.org\/mx\/wp-content\/uploads\/2023\/05\/FOTOGRAFIA-2-1-225x300.jpeg 225w, https:\/\/www.ipgh.org\/mx\/wp-content\/uploads\/2023\/05\/FOTOGRAFIA-2-1-1152x1536.jpeg 1152w, https:\/\/www.ipgh.org\/mx\/wp-content\/uploads\/2023\/05\/FOTOGRAFIA-2-1.jpeg 1200w\" sizes=\"(max-width: 768px) 100vw, 768px\" \/><\/figure>\n\n\n\n<figure class=\"wp-block-image size-large\"><img decoding=\"async\" loading=\"lazy\" width=\"768\" height=\"1024\" data-id=\"5726\" src=\"https:\/\/www.ipgh.org\/mx\/wp-content\/uploads\/2023\/05\/FOTOGRAFIA-1-768x1024.jpeg\" alt=\"\" class=\"wp-image-5726\" srcset=\"https:\/\/www.ipgh.org\/mx\/wp-content\/uploads\/2023\/05\/FOTOGRAFIA-1-768x1024.jpeg 768w, https:\/\/www.ipgh.org\/mx\/wp-content\/uploads\/2023\/05\/FOTOGRAFIA-1-225x300.jpeg 225w, https:\/\/www.ipgh.org\/mx\/wp-content\/uploads\/2023\/05\/FOTOGRAFIA-1-1152x1536.jpeg 1152w, https:\/\/www.ipgh.org\/mx\/wp-content\/uploads\/2023\/05\/FOTOGRAFIA-1.jpeg 1200w\" sizes=\"(max-width: 768px) 100vw, 768px\" \/><\/figure>\n<\/figure>\n","protected":false},"excerpt":{"rendered":"<p>12 de mayo de 2023. Ciudad de M\u00e9xico. Con motivo del 212\u00ba aniversario de la Independencia de la Rep\u00fablica del Paraguay, el Mtro. Antonio Campuzano Rosales, Secretario General del IPGH, acudi\u00f3 al acto conmemorativo organizado por la Embajada de Paraguay en M\u00e9xico, en las instalaciones del Hotel Presidente Intercontinental de la Ciudad de M\u00e9xico. Durante <a class=\"read-more\" href=\"https:\/\/www.ipgh.org\/mx\/?page_id=5723\">LEER M\u00c1S<\/a><\/p>\n","protected":false},"author":1,"featured_media":0,"parent":0,"menu_order":0,"comment_status":"closed","ping_status":"closed","template":"","meta":{"footnotes":""},"_links":{"self":[{"href":"https:\/\/www.ipgh.org\/mx\/index.php?rest_route=\/wp\/v2\/pages\/5723"}],"collection":[{"href":"https:\/\/www.ipgh.org\/mx\/index.php?rest_route=\/wp\/v2\/pages"}],"about":[{"href":"https:\/\/www.ipgh.org\/mx\/index.php?rest_route=\/wp\/v2\/types\/page"}],"author":[{"embeddable":true,"href":"https:\/\/www.ipgh.org\/mx\/index.php?rest_route=\/wp\/v2\/users\/1"}],"replies":[{"embeddable":true,"href":"https:\/\/www.ipgh.org\/mx\/index.php?rest_route=%2Fwp%2Fv2%2Fcomments&post=5723"}],"version-history":[{"count":3,"href":"https:\/\/www.ipgh.org\/mx\/index.php?rest_route=\/wp\/v2\/pages\/5723\/revisions"}],"predecessor-version":[{"id":5754,"href":"https:\/\/www.ipgh.org\/mx\/index.php?rest_route=\/wp\/v2\/pages\/5723\/revisions\/5754"}],"wp:attachment":[{"href":"https:\/\/www.ipgh.org\/mx\/index.php?rest_route=%2Fwp%2Fv2%2Fmedia&parent=5723"}],"curies":[{"name":"wp","href":"https:\/\/api.w.org\/{rel}","templated":true}]}}