{"id":5771,"date":"2023-05-24T00:26:26","date_gmt":"2023-05-24T05:26:26","guid":{"rendered":"https:\/\/www.ipgh.org\/mx\/?page_id=5771"},"modified":"2023-05-25T18:47:43","modified_gmt":"2023-05-25T23:47:43","slug":"inicio-de-las-segundas-jornadas-academicas-del-congreso-americano-de-la-libertad-en-la-ciudad-de-mexico","status":"publish","type":"page","link":"https:\/\/www.ipgh.org\/mx\/?page_id=5771","title":{"rendered":"\u00a1Inicio de las Segundas Jornadas Acad\u00e9micas del Congreso Americano de la Libertad en la Ciudad de M\u00e9xico!"},"content":{"rendered":"\n<div style=\"height:60px\" aria-hidden=\"true\" class=\"wp-block-spacer\"><\/div>\n\n\n\n<figure class=\"wp-block-embed is-type-video is-provider-youtube wp-block-embed-youtube wp-embed-aspect-16-9 wp-has-aspect-ratio\"><div class=\"wp-block-embed__wrapper\">\n<iframe loading=\"lazy\" title=\"Inauguraci\u00f3n de Segundas Jornadas del Congreso Americano de la Libertad\" width=\"837\" height=\"471\" src=\"https:\/\/www.youtube.com\/embed\/7Z0U3kH-Ef8?feature=oembed\" frameborder=\"0\" allow=\"accelerometer; autoplay; clipboard-write; encrypted-media; gyroscope; picture-in-picture; web-share\" allowfullscreen><\/iframe>\n<\/div><\/figure>\n\n\n\n<div style=\"height:33px\" aria-hidden=\"true\" class=\"wp-block-spacer\"><\/div>\n\n\n\n<p class=\"has-medium-font-size\">En las instalaciones de la Academia Nacional de Historia y Geograf\u00eda de la Ciudad de M\u00e9xico, dieron comienzo las Segundas Jornadas Acad\u00e9micas del Congreso Americano de la Libertad. La inauguraci\u00f3n de este importante evento estuvo a cargo del maestro Antonio Campuzano Rosales, Secretario General del Instituto Panamericano de Geograf\u00eda e Historia (IPGH), quien tuvo el honor de ser el maestro de ceremonias para esta apertura.<\/p>\n\n\n\n<p class=\"has-medium-font-size\">Estas Segundas Jornadas del Congreso Americano de la Libertad cuentan con el patrocinio de las siguientes destacadas instituciones: Academia Nacional de Historia de Ecuador, Academia Nacional de Historia y Geograf\u00eda de M\u00e9xico, Museo Nacional de Historia de Chapultepec, Centro de investigaciones sobre Am\u00e9rica Latina y el Caribe de la Universidad Nacional Aut\u00f3noma de M\u00e9xico. As\u00ed como de los siguientes organismos internacionales en M\u00e9xico, en calidad de embajadas: Instituto Latinoamericano de Comunicaci\u00f3n Educativa y el Instituto Panamericano de Geograf\u00eda e Historia.<\/p>\n\n\n\n<p class=\"has-medium-font-size\">El presidium inaugural de este importante Congreso estuvo integrado por distinguidas personalidades:<\/p>\n\n\n\n<ul>\n<li class=\"has-medium-font-size\">Lic. Carlos Imanol Belausteguigoitia Reyes, de la Secretar\u00eda de Relaciones Exteriores.<\/li>\n\n\n\n<li class=\"has-medium-font-size\">Dra. Patricia Galeana Herrera, Invitada de Honor.<\/li>\n\n\n\n<li class=\"has-medium-font-size\">Lic. Claudia Stella Curiel de Icaza, de la Secretar\u00eda de Cultura de la Ciudad de M\u00e9xico.<\/li>\n\n\n\n<li class=\"has-medium-font-size\">Dr. Franklin Barriga, Presidente del Congreso Americano de la Libertad.<\/li>\n\n\n\n<li class=\"has-medium-font-size\">Mtra. Eleonora Elizabeth Rembis Rubio, Presidente de la Academia Nacional de Historia y Geograf\u00eda.<\/li>\n\n\n\n<li class=\"has-medium-font-size\">Dr. Filiberto Cruz S\u00e1nchez, Presidente de la Comisi\u00f3n de Historia del IPGH.<\/li>\n\n\n\n<li class=\"has-medium-font-size\">Mtro. Mois\u00e9s Jim\u00e9nez Mart\u00ednez, Director de enlace institucional del Instituto Latinoamericano de la Comunicaci\u00f3n Educativa.<\/li>\n\n\n\n<li class=\"has-medium-font-size\">Dr. C\u00e9sar Alarc\u00f3n Costta, Director de la Academia Nacional de Historia de Ecuador.<\/li>\n<\/ul>\n\n\n\n<p class=\"has-medium-font-size\">Recordemos que las Primeras Jornadas Acad\u00e9micas del Congreso Americano de la Libertad tuvieron lugar en la ciudad de Quito, Ecuador, en mayo de 2022.<\/p>\n\n\n\n<p class=\"has-medium-font-size\">El Congreso se extender\u00e1 durante tres d\u00edas, del 23 al 25 de mayo del presente a\u00f1o, y promete ser un espacio enriquecedor donde se compartir\u00e1n ideas, investigaciones y reflexiones en torno a los procesos independentistas en el continente americano.<\/p>\n\n\n\n<div style=\"height:33px\" aria-hidden=\"true\" class=\"wp-block-spacer\"><\/div>\n\n\n\n<figure class=\"wp-block-gallery has-nested-images columns-default is-cropped wp-block-gallery-1 is-layout-flex wp-block-gallery-is-layout-flex\">\n<figure class=\"wp-block-image size-large\"><img decoding=\"async\" loading=\"lazy\" width=\"1024\" height=\"683\" data-id=\"5780\" src=\"https:\/\/www.ipgh.org\/mx\/wp-content\/uploads\/2023\/05\/pagina-web-3-1024x683.png\" alt=\"\" class=\"wp-image-5780\" srcset=\"https:\/\/www.ipgh.org\/mx\/wp-content\/uploads\/2023\/05\/pagina-web-3-1024x683.png 1024w, https:\/\/www.ipgh.org\/mx\/wp-content\/uploads\/2023\/05\/pagina-web-3-300x200.png 300w, https:\/\/www.ipgh.org\/mx\/wp-content\/uploads\/2023\/05\/pagina-web-3-768x512.png 768w, https:\/\/www.ipgh.org\/mx\/wp-content\/uploads\/2023\/05\/pagina-web-3.png 1500w\" sizes=\"(max-width: 1024px) 100vw, 1024px\" \/><\/figure>\n\n\n\n<figure class=\"wp-block-image size-large\"><img decoding=\"async\" loading=\"lazy\" width=\"1024\" height=\"683\" data-id=\"5777\" src=\"https:\/\/www.ipgh.org\/mx\/wp-content\/uploads\/2023\/05\/pagina-web-5-1024x683.png\" alt=\"\" class=\"wp-image-5777\" srcset=\"https:\/\/www.ipgh.org\/mx\/wp-content\/uploads\/2023\/05\/pagina-web-5-1024x683.png 1024w, https:\/\/www.ipgh.org\/mx\/wp-content\/uploads\/2023\/05\/pagina-web-5-300x200.png 300w, https:\/\/www.ipgh.org\/mx\/wp-content\/uploads\/2023\/05\/pagina-web-5-768x512.png 768w, https:\/\/www.ipgh.org\/mx\/wp-content\/uploads\/2023\/05\/pagina-web-5.png 1500w\" sizes=\"(max-width: 1024px) 100vw, 1024px\" \/><\/figure>\n\n\n\n<figure class=\"wp-block-image size-large\"><img decoding=\"async\" loading=\"lazy\" width=\"1024\" height=\"683\" data-id=\"5779\" src=\"https:\/\/www.ipgh.org\/mx\/wp-content\/uploads\/2023\/05\/pagina-web-4-1024x683.png\" alt=\"\" class=\"wp-image-5779\" srcset=\"https:\/\/www.ipgh.org\/mx\/wp-content\/uploads\/2023\/05\/pagina-web-4-1024x683.png 1024w, https:\/\/www.ipgh.org\/mx\/wp-content\/uploads\/2023\/05\/pagina-web-4-300x200.png 300w, https:\/\/www.ipgh.org\/mx\/wp-content\/uploads\/2023\/05\/pagina-web-4-768x512.png 768w, https:\/\/www.ipgh.org\/mx\/wp-content\/uploads\/2023\/05\/pagina-web-4.png 1500w\" sizes=\"(max-width: 1024px) 100vw, 1024px\" \/><\/figure>\n\n\n\n<figure class=\"wp-block-image size-large\"><img decoding=\"async\" loading=\"lazy\" width=\"1024\" height=\"683\" data-id=\"5778\" src=\"https:\/\/www.ipgh.org\/mx\/wp-content\/uploads\/2023\/05\/pagina-web-6-1024x683.png\" alt=\"\" class=\"wp-image-5778\" srcset=\"https:\/\/www.ipgh.org\/mx\/wp-content\/uploads\/2023\/05\/pagina-web-6-1024x683.png 1024w, https:\/\/www.ipgh.org\/mx\/wp-content\/uploads\/2023\/05\/pagina-web-6-300x200.png 300w, https:\/\/www.ipgh.org\/mx\/wp-content\/uploads\/2023\/05\/pagina-web-6-768x512.png 768w, https:\/\/www.ipgh.org\/mx\/wp-content\/uploads\/2023\/05\/pagina-web-6.png 1500w\" sizes=\"(max-width: 1024px) 100vw, 1024px\" \/><\/figure>\n\n\n\n<figure class=\"wp-block-image size-large\"><img decoding=\"async\" loading=\"lazy\" width=\"1024\" height=\"683\" data-id=\"5776\" src=\"https:\/\/www.ipgh.org\/mx\/wp-content\/uploads\/2023\/05\/pagina-web-1-1024x683.jpg\" alt=\"\" class=\"wp-image-5776\" srcset=\"https:\/\/www.ipgh.org\/mx\/wp-content\/uploads\/2023\/05\/pagina-web-1-1024x683.jpg 1024w, https:\/\/www.ipgh.org\/mx\/wp-content\/uploads\/2023\/05\/pagina-web-1-300x200.jpg 300w, https:\/\/www.ipgh.org\/mx\/wp-content\/uploads\/2023\/05\/pagina-web-1-768x512.jpg 768w, https:\/\/www.ipgh.org\/mx\/wp-content\/uploads\/2023\/05\/pagina-web-1.jpg 1500w\" sizes=\"(max-width: 1024px) 100vw, 1024px\" \/><\/figure>\n<\/figure>\n","protected":false},"excerpt":{"rendered":"<p>En las instalaciones de la Academia Nacional de Historia y Geograf\u00eda de la Ciudad de M\u00e9xico, dieron comienzo las Segundas Jornadas Acad\u00e9micas del Congreso Americano de la Libertad. La inauguraci\u00f3n de este importante evento estuvo a cargo del maestro Antonio Campuzano Rosales, Secretario General del Instituto Panamericano de Geograf\u00eda e Historia (IPGH), quien tuvo el <a class=\"read-more\" href=\"https:\/\/www.ipgh.org\/mx\/?page_id=5771\">LEER M\u00c1S<\/a><\/p>\n","protected":false},"author":1,"featured_media":0,"parent":0,"menu_order":0,"comment_status":"closed","ping_status":"closed","template":"","meta":{"footnotes":""},"_links":{"self":[{"href":"https:\/\/www.ipgh.org\/mx\/index.php?rest_route=\/wp\/v2\/pages\/5771"}],"collection":[{"href":"https:\/\/www.ipgh.org\/mx\/index.php?rest_route=\/wp\/v2\/pages"}],"about":[{"href":"https:\/\/www.ipgh.org\/mx\/index.php?rest_route=\/wp\/v2\/types\/page"}],"author":[{"embeddable":true,"href":"https:\/\/www.ipgh.org\/mx\/index.php?rest_route=\/wp\/v2\/users\/1"}],"replies":[{"embeddable":true,"href":"https:\/\/www.ipgh.org\/mx\/index.php?rest_route=%2Fwp%2Fv2%2Fcomments&post=5771"}],"version-history":[{"count":9,"href":"https:\/\/www.ipgh.org\/mx\/index.php?rest_route=\/wp\/v2\/pages\/5771\/revisions"}],"predecessor-version":[{"id":5804,"href":"https:\/\/www.ipgh.org\/mx\/index.php?rest_route=\/wp\/v2\/pages\/5771\/revisions\/5804"}],"wp:attachment":[{"href":"https:\/\/www.ipgh.org\/mx\/index.php?rest_route=%2Fwp%2Fv2%2Fmedia&parent=5771"}],"curies":[{"name":"wp","href":"https:\/\/api.w.org\/{rel}","templated":true}]}}