{"id":609,"date":"2022-08-19T13:41:26","date_gmt":"2022-08-19T18:41:26","guid":{"rendered":"http:\/\/www.ipgh.org\/mx\/?page_id=609"},"modified":"2024-10-02T09:02:28","modified_gmt":"2024-10-02T14:02:28","slug":"plan-de-accion-conjunto","status":"publish","type":"page","link":"https:\/\/www.ipgh.org\/mx\/?page_id=609","title":{"rendered":"Plan de Acci\u00f3n Conjunto"},"content":{"rendered":"\n<p style=\"font-size:18px\">El primer Plan de Acci\u00f3n Conjunto fue firmado en el 44\u00b0 Consejo Directivo del Instituto Panamericano de Geograf\u00eda e Historia (IPGH) en Buenos Aires (Argentina) en 2012. Este Plan fue elaborado de manera coordinada y efectiva por IPGH, SIRGAS, CP-IDEA y GEOSUR. El objetivo de esta primera iniciativa se centr\u00f3 en fortalecer, armonizar y acelerar el desarrollo de la Infraestructura de Datos Espaciales (IDE) de las Am\u00e9ricas.<br><\/p>\n\n\n\n<p style=\"font-size:18px\">En 2015, este Plan se actualiz\u00f3 con una visi\u00f3n al 2020, incorporando algunos esfuerzos para construir el Mapa Integrado de Am\u00e9rica Central (MIAC) y el Mapa Integrado de Am\u00e9rica del Sur (MIAS).<br><\/p>\n\n\n\n<p style=\"font-size:18px\">La segunda versi\u00f3n del Plan de Acci\u00f3n Conjunto se conform\u00f3 durante la Sexta Sesi\u00f3n del Comit\u00e9 de Expertos de UN-GGIM celebrada en Nueva York en 2016. As\u00ed, como actualizaci\u00f3n de la segunda versi\u00f3n, se considera la <a rel=\"noreferrer noopener\" href=\"https:\/\/www.ipgh.org\/mx\/wp-content\/uploads\/2024\/09\/AGUASCALIENTES_DECLARATION_Final.pdf\" target=\"_blank\">Declaraci\u00f3n de Aguascalientes<\/a>, firmada el 18 de septiembre de 2020. La Declaraci\u00f3n estableci\u00f3 que las organizaciones regionales de las Am\u00e9ricas deben trabajar unidas para definir estrategias y programas para avanzar mutuamente en la integraci\u00f3n regional para desarrollar la IDE de las Am\u00e9ricas compuesta de diversos recursos de informaci\u00f3n, tales como: observaciones de la Tierra, informaci\u00f3n geogr\u00e1fica, estad\u00edstica y de otras tem\u00e1ticas (en lo sucesivo, a estos recursos se les denominar\u00e1 datos geoespaciales).<br><\/p>\n\n\n\n<p style=\"font-size:18px\">Esta nueva versi\u00f3n del Plan de Acci\u00f3n Conjunto se desarroll\u00f3 a trav\u00e9s de contribuciones de los Estados Miembros de organizaciones regionales, como el IPGH, Comit\u00e9 Regional de las Naciones Unidas sobre la Gesti\u00f3n Global de la Informaci\u00f3n Geoespacial para las Am\u00e9ricas (UN-GGIM: Am\u00e9ricas), AmeriGEO, Sistema de Integraci\u00f3n Centroamericana (SICA), Comisi\u00f3n Econ\u00f3mica para Am\u00e9rica Latina y el Caribe (CEPAL), Sistema de Referencia Geoc\u00e9ntrico para las Am\u00e9ricas (SIRGAS), Cooperaci\u00f3n Latinoamericana de Redes Avanzadas (RedCLARA), Programa de Medio Ambiente de las Naciones Unidas (PNUMA) y Esri. Las secciones del documento fueron dise\u00f1adas para abordar las dimensiones de la implementaci\u00f3n de la Declaraci\u00f3n antes mencionada y alinearse con los tres grupos de trabajo establecidos:<\/p>\n\n\n\n<ol>\n<li>Desarrollo de capacidades,<\/li>\n\n\n\n<li>Comunicaci\u00f3n, cooperaci\u00f3n y coordinaci\u00f3n,<\/li>\n\n\n\n<li>Intercambio de datos, informaci\u00f3n y conocimiento.<\/li>\n<\/ol>\n\n\n\n<p id=\"u22596854-39\">\u00a0<\/p>\n\n\n\n<p style=\"font-size:18px\">El aporte de los tres grupos de trabajo se consolida en este documento, denominado \u201cPlan de Acci\u00f3n Conjunto: Resultados de la Declaraci\u00f3n de Aguascalientes\u201d.<\/p>\n\n\n\n<p style=\"font-size:18px\">Este Plan de Acci\u00f3n Conjunto da la bienvenida a la contribuci\u00f3n de recursos y competencias cr\u00edticas que las partes interesadas puedan proporcionar para fortalecer las capacidades esenciales para integrar la amplia gama de datos regionales, promover la toma de decisiones basada en datos y en evidencia y apoyar el desarrollo nacional en los pa\u00edses y territorios de las Am\u00e9ricas.<\/p>\n\n\n\n<div class=\"wp-block-columns is-layout-flex wp-container-5 wp-block-columns-is-layout-flex\">\n<div class=\"wp-block-column is-layout-flow wp-block-column-is-layout-flow\">\n<div class=\"wp-block-buttons is-layout-flex wp-block-buttons-is-layout-flex\">\n<div class=\"wp-block-button has-custom-width wp-block-button__width-100 has-custom-font-size\" style=\"font-size:17px\"><a class=\"wp-block-button__link has-white-color has-text-color has-background wp-element-button\" href=\"http:\/\/www.ipgh.org\/mx\/wp-content\/uploads\/2022\/09\/joint-action-plan.pdf\" style=\"border-radius:10px;background-color:#ff7f29;padding-top:20px;padding-right:30px;padding-bottom:20px;padding-left:30px\" target=\"_blank\" rel=\"noreferrer noopener\">Joint Action Plan (2021 &#8211; 2024): Outcomes of the Aguascalientes Declaration<\/a><\/div>\n<\/div>\n<\/div>\n\n\n\n<div class=\"wp-block-column is-layout-flow wp-block-column-is-layout-flow\">\n<div class=\"wp-block-buttons is-layout-flex wp-block-buttons-is-layout-flex\">\n<div class=\"wp-block-button has-custom-width wp-block-button__width-100 has-custom-font-size\" style=\"font-size:17px\"><a class=\"wp-block-button__link has-white-color has-text-color has-background wp-element-button\" href=\"http:\/\/www.ipgh.org\/mx\/wp-content\/uploads\/2022\/09\/plan-de-accion-conjunto.pdf\" style=\"border-radius:10px;background-color:#ff6600;padding-top:20px;padding-right:30px;padding-bottom:20px;padding-left:30px\" target=\"_blank\" rel=\"noreferrer noopener\">Plan de Acci\u00f3n Conjunto (2021 &#8211; 2024): Resultados de la Declaraci\u00f3n de Aguascalientes<\/a><\/div>\n<\/div>\n<\/div>\n<\/div>\n","protected":false},"excerpt":{"rendered":"<p>El primer Plan de Acci\u00f3n Conjunto fue firmado en el 44\u00b0 Consejo Directivo del Instituto Panamericano de Geograf\u00eda e Historia (IPGH) en Buenos Aires (Argentina) en 2012. Este Plan fue elaborado de manera coordinada y efectiva por IPGH, SIRGAS, CP-IDEA y GEOSUR. El objetivo de esta primera iniciativa se centr\u00f3 en fortalecer, armonizar y acelerar <a class=\"read-more\" href=\"https:\/\/www.ipgh.org\/mx\/?page_id=609\">LEER M\u00c1S<\/a><\/p>\n","protected":false},"author":1,"featured_media":0,"parent":138,"menu_order":7,"comment_status":"closed","ping_status":"closed","template":"","meta":{"footnotes":""},"_links":{"self":[{"href":"https:\/\/www.ipgh.org\/mx\/index.php?rest_route=\/wp\/v2\/pages\/609"}],"collection":[{"href":"https:\/\/www.ipgh.org\/mx\/index.php?rest_route=\/wp\/v2\/pages"}],"about":[{"href":"https:\/\/www.ipgh.org\/mx\/index.php?rest_route=\/wp\/v2\/types\/page"}],"author":[{"embeddable":true,"href":"https:\/\/www.ipgh.org\/mx\/index.php?rest_route=\/wp\/v2\/users\/1"}],"replies":[{"embeddable":true,"href":"https:\/\/www.ipgh.org\/mx\/index.php?rest_route=%2Fwp%2Fv2%2Fcomments&post=609"}],"version-history":[{"count":21,"href":"https:\/\/www.ipgh.org\/mx\/index.php?rest_route=\/wp\/v2\/pages\/609\/revisions"}],"predecessor-version":[{"id":8883,"href":"https:\/\/www.ipgh.org\/mx\/index.php?rest_route=\/wp\/v2\/pages\/609\/revisions\/8883"}],"up":[{"embeddable":true,"href":"https:\/\/www.ipgh.org\/mx\/index.php?rest_route=\/wp\/v2\/pages\/138"}],"wp:attachment":[{"href":"https:\/\/www.ipgh.org\/mx\/index.php?rest_route=%2Fwp%2Fv2%2Fmedia&parent=609"}],"curies":[{"name":"wp","href":"https:\/\/api.w.org\/{rel}","templated":true}]}}