{"id":6213,"date":"2023-08-07T01:04:32","date_gmt":"2023-08-07T06:04:32","guid":{"rendered":"https:\/\/www.ipgh.org\/mx\/?page_id=6213"},"modified":"2023-08-07T01:04:32","modified_gmt":"2023-08-07T06:04:32","slug":"el-instituto-panamericano-de-geografia-e-historia-participa-como-observador-en-la-13a-sesion-del-comite-de-expertos-de-las-naciones-unidas-sobre-gestion-global-de-la-informacion-geoespacial","status":"publish","type":"page","link":"https:\/\/www.ipgh.org\/mx\/?page_id=6213","title":{"rendered":"El Instituto Panamericano de Geograf\u00eda e Historia participa como Observador en la 13\u00aa Sesi\u00f3n del Comit\u00e9 de Expertos de las Naciones Unidas sobre Gesti\u00f3n Global de la Informaci\u00f3n Geoespacial"},"content":{"rendered":"\n<div style=\"height:33px\" aria-hidden=\"true\" class=\"wp-block-spacer\"><\/div>\n\n\n\n<div class=\"wp-block-columns is-layout-flex wp-container-3 wp-block-columns-is-layout-flex\">\n<div class=\"wp-block-column is-layout-flow wp-block-column-is-layout-flow\">\n<p style=\"font-size:18px\"><em>Nueva York, Estados Unidos<\/em> &#8211; Del 1\u00ba al 4 de agosto de 2023, el Instituto Panamericano de Geograf\u00eda e Historia (IPGH) tuvo el honor de ser invitado como observador en la <strong><a href=\"https:\/\/ggim.un.org\/meetings\/GGIM-committee\/13th-Session\/\">13\u00aa Sesi\u00f3n del Comit\u00e9 de Expertos de las Naciones Unidas sobre Gesti\u00f3n Global de la Informaci\u00f3n Geoespacial (UN-GGIM)<\/a><\/strong>. El Secretario General, Mtro. Antonio Campuzano Rosales, represent\u00f3 al Instituto en este evento de gran relevancia para la comunidad panamericana y el mundo en general. <br><br>El objetivo central de esta sesi\u00f3n del Comit\u00e9 fue liderar la coordinaci\u00f3n, el mantenimiento y la accesibilidad de la informaci\u00f3n y los recursos geoespaciales a nivel mundial. Esta labor resulta fundamental para permitir a los Estados Miembros de la Organizaci\u00f3n de las Naciones Unidas y a la sociedad en general utilizar estas herramientas con el prop\u00f3sito de encontrar soluciones sostenibles que impulsen el desarrollo social, econ\u00f3mico y ambiental.<\/p>\n<\/div>\n\n\n\n<div class=\"wp-block-column is-layout-flow wp-block-column-is-layout-flow\">\n<p style=\"font-size:18px\">El IPGH, cumpliendo con su misi\u00f3n institucional y el Plan Estrat\u00e9gico de Modernizaci\u00f3n, se enorgullece de haber participado activamente en este importante evento que contribuye al desarrollo y avance de la gesti\u00f3n de la informaci\u00f3n geoespacial en todo el mundo.<\/p>\n\n\n\n<p style=\"font-size:18px\">Durante las seis reuniones que conformaron la 13a Sesi\u00f3n del Comit\u00e9, casi <strong>400 delegados de 79 pa\u00edses y 125 observadores<\/strong> intervinieron para abordar los desaf\u00edos y oportunidades que ofrece la gesti\u00f3n global de la informaci\u00f3n geoespacial.<\/p>\n<\/div>\n<\/div>\n\n\n\n<div style=\"height:30px\" aria-hidden=\"true\" class=\"wp-block-spacer\"><\/div>\n\n\n\n<figure class=\"wp-block-gallery has-nested-images columns-default is-cropped wp-block-gallery-4 is-layout-flex wp-block-gallery-is-layout-flex\">\n<figure class=\"wp-block-image size-large is-style-default\"><img decoding=\"async\" loading=\"lazy\" width=\"1024\" height=\"708\" data-id=\"6221\" src=\"https:\/\/www.ipgh.org\/mx\/wp-content\/uploads\/2023\/08\/IMG-20230803-WA0005-1024x708.jpg\" alt=\"\" class=\"wp-image-6221\" srcset=\"https:\/\/www.ipgh.org\/mx\/wp-content\/uploads\/2023\/08\/IMG-20230803-WA0005-1024x708.jpg 1024w, https:\/\/www.ipgh.org\/mx\/wp-content\/uploads\/2023\/08\/IMG-20230803-WA0005-300x207.jpg 300w, https:\/\/www.ipgh.org\/mx\/wp-content\/uploads\/2023\/08\/IMG-20230803-WA0005-768x531.jpg 768w, https:\/\/www.ipgh.org\/mx\/wp-content\/uploads\/2023\/08\/IMG-20230803-WA0005-1536x1062.jpg 1536w, https:\/\/www.ipgh.org\/mx\/wp-content\/uploads\/2023\/08\/IMG-20230803-WA0005.jpg 1600w\" sizes=\"(max-width: 1024px) 100vw, 1024px\" \/><\/figure>\n\n\n\n<figure class=\"wp-block-image size-large\"><img decoding=\"async\" loading=\"lazy\" width=\"1024\" height=\"768\" data-id=\"6220\" src=\"https:\/\/www.ipgh.org\/mx\/wp-content\/uploads\/2023\/08\/IMG-20230804-WA0004-1024x768.jpg\" alt=\"\" class=\"wp-image-6220\" srcset=\"https:\/\/www.ipgh.org\/mx\/wp-content\/uploads\/2023\/08\/IMG-20230804-WA0004-1024x768.jpg 1024w, https:\/\/www.ipgh.org\/mx\/wp-content\/uploads\/2023\/08\/IMG-20230804-WA0004-300x225.jpg 300w, https:\/\/www.ipgh.org\/mx\/wp-content\/uploads\/2023\/08\/IMG-20230804-WA0004-768x576.jpg 768w, https:\/\/www.ipgh.org\/mx\/wp-content\/uploads\/2023\/08\/IMG-20230804-WA0004-1536x1152.jpg 1536w, https:\/\/www.ipgh.org\/mx\/wp-content\/uploads\/2023\/08\/IMG-20230804-WA0004.jpg 1600w\" sizes=\"(max-width: 1024px) 100vw, 1024px\" \/><\/figure>\n\n\n\n<figure class=\"wp-block-image size-large\"><img decoding=\"async\" loading=\"lazy\" width=\"1024\" height=\"768\" data-id=\"6218\" src=\"https:\/\/www.ipgh.org\/mx\/wp-content\/uploads\/2023\/08\/IMG-20230804-WA0006-1024x768.jpg\" alt=\"\" class=\"wp-image-6218\" srcset=\"https:\/\/www.ipgh.org\/mx\/wp-content\/uploads\/2023\/08\/IMG-20230804-WA0006-1024x768.jpg 1024w, https:\/\/www.ipgh.org\/mx\/wp-content\/uploads\/2023\/08\/IMG-20230804-WA0006-300x225.jpg 300w, https:\/\/www.ipgh.org\/mx\/wp-content\/uploads\/2023\/08\/IMG-20230804-WA0006-768x576.jpg 768w, https:\/\/www.ipgh.org\/mx\/wp-content\/uploads\/2023\/08\/IMG-20230804-WA0006-1536x1152.jpg 1536w, https:\/\/www.ipgh.org\/mx\/wp-content\/uploads\/2023\/08\/IMG-20230804-WA0006.jpg 1600w\" sizes=\"(max-width: 1024px) 100vw, 1024px\" \/><\/figure>\n<\/figure>\n\n\n\n<div style=\"height:30px\" aria-hidden=\"true\" class=\"wp-block-spacer\"><\/div>\n\n\n\n<div class=\"wp-block-columns is-layout-flex wp-container-8 wp-block-columns-is-layout-flex\">\n<div class=\"wp-block-column is-layout-flow wp-block-column-is-layout-flow\">\n<p style=\"font-size:18px\">El Mtro. Antonio Campuzano Rosales, en representaci\u00f3n del IPGH, expres\u00f3 en la cuarta reuni\u00f3n que &#8220;el Instituto Panamericano de Geograf\u00eda e Historia acoge con benepl\u00e1cito el informe [presentado anteriormente] sobre el Marco Integrado de Informaci\u00f3n Geoespacial (IGIF), as\u00ed como ratificamos que continuaremos alineando las metas y objetivos de nuestra instituci\u00f3n con el IGIF y seguiremos apoyando su implementaci\u00f3n a nivel global y en los pa\u00edses que integran nuestra comunidad panamericana. No queremos dejar a nadie atr\u00e1s&#8221;.<\/p>\n\n\n\n<div style=\"height:20px\" aria-hidden=\"true\" class=\"wp-block-spacer\"><\/div>\n\n\n\n<figure class=\"wp-block-embed is-type-rich is-provider-twitter wp-block-embed-twitter\"><div class=\"wp-block-embed__wrapper\">\n<blockquote class=\"twitter-tweet\" data-width=\"550\" data-dnt=\"true\"><p lang=\"es\" dir=\"ltr\">\ud83d\udde3\ufe0f\ud83c\udf10 El Secretario General del IPGH, Mtro. Antonio Campuzano Rosales, intervino en la 13a Sesi\u00f3n del Comit\u00e9 de Expertos de las Naciones Unidas sobre Gesti\u00f3n Global de la Informaci\u00f3n Geoespacial. <br><br>En su discurso, destac\u00f3 la importancia del Marco Integrado de Informaci\u00f3n\u2026 <a href=\"https:\/\/t.co\/H1l2hVLRbI\">pic.twitter.com\/H1l2hVLRbI<\/a><\/p>&mdash; IPGH (@IPGH_PAIGH) <a href=\"https:\/\/twitter.com\/IPGH_PAIGH\/status\/1687214671030538243?ref_src=twsrc%5Etfw\">August 3, 2023<\/a><\/blockquote><script async src=\"https:\/\/platform.twitter.com\/widgets.js\" charset=\"utf-8\"><\/script>\n<\/div><\/figure>\n<\/div>\n\n\n\n<div class=\"wp-block-column is-layout-flow wp-block-column-is-layout-flow\">\n<p style=\"font-size:18px\">Asimismo, en la quinta reuni\u00f3n, el Mtro. Campuzano mencion\u00f3 la postura del IPGH sobre los Nombres Geogr\u00e1ficos: &#8220;El Instituto Panamericano de Geograf\u00eda e Historia valora enormemente el informe presentado y reitera su firme respaldo al Grupo de Expertos de las Naciones Unidas en Nombres Geogr\u00e1ficos, cuya labor ha sido fundamental en la promoci\u00f3n y protecci\u00f3n de los nombres geogr\u00e1ficos en todo el mundo. En la pr\u00f3xima Asamblea General del Instituto, dedicaremos un tiempo especial en la agenda para abordar espec\u00edficamente la cuesti\u00f3n de los Nombres Geogr\u00e1ficos, fortaleciendo la colaboraci\u00f3n entre nuestros Estados Miembros y promoviendo un mayor entendimiento de nuestra rica identidad cultural.&#8221;<\/p>\n\n\n\n<div style=\"height:20px\" aria-hidden=\"true\" class=\"wp-block-spacer\"><\/div>\n\n\n\n<figure class=\"wp-block-embed is-type-rich is-provider-twitter wp-block-embed-twitter\"><div class=\"wp-block-embed__wrapper\">\n<blockquote class=\"twitter-tweet\" data-width=\"550\" data-dnt=\"true\"><p lang=\"en\" dir=\"ltr\">\ud83d\udde3\ufe0f\ud83c\udf10 Today, during the 5th Meeting of the 13th Session of the United Nations Committee of Experts on Global Geospatial Information Management (<a href=\"https:\/\/twitter.com\/UNGGIM?ref_src=twsrc%5Etfw\">@UNGGIM<\/a>), the Secretary General of the Pan American Institute of Geography and History (<a href=\"https:\/\/twitter.com\/IPGH_PAIGH?ref_src=twsrc%5Etfw\">@IPGH_PAIGH<\/a>) reiterated support for the work of\u2026 <a href=\"https:\/\/t.co\/04aStI6IME\">pic.twitter.com\/04aStI6IME<\/a><\/p>&mdash; IPGH (@IPGH_PAIGH) <a href=\"https:\/\/twitter.com\/IPGH_PAIGH\/status\/1687579187161481216?ref_src=twsrc%5Etfw\">August 4, 2023<\/a><\/blockquote><script async src=\"https:\/\/platform.twitter.com\/widgets.js\" charset=\"utf-8\"><\/script>\n<\/div><\/figure>\n<\/div>\n<\/div>\n\n\n\n<div style=\"height:33px\" aria-hidden=\"true\" class=\"wp-block-spacer\"><\/div>\n\n\n\n<div class=\"wp-block-columns is-layout-flex wp-container-10 wp-block-columns-is-layout-flex\">\n<div class=\"wp-block-column is-layout-flow wp-block-column-is-layout-flow\">\n<p style=\"font-size:18px\">En ese sentido, el Secretario General reafirm\u00f3 el compromiso inquebrantable del IPGH por continuar promoviendo el estudio y la protecci\u00f3n de los Nombres Geogr\u00e1ficos, reconociendo que son elementos fundamentales que otorgan un sentido de pertenencia e identidad a nuestras naciones. Al salvaguardar nuestros valores culturales a trav\u00e9s de la preservaci\u00f3n de estos nombres, aseguramos la conservaci\u00f3n de nuestra herencia para las generaciones venideras.<\/p>\n\n\n\n<p style=\"font-size:18px\">Finalmente, el Secretario General enfatiz\u00f3 que el Instituto Panamericano de Geograf\u00eda e Historia &#8220;se compromete plenamente a colaborar de manera estrecha y significativa con el Grupo de Expertos de las Naciones Unidas en Nombres Geogr\u00e1ficos, compartiendo conocimientos, recursos y experiencias para alcanzar objetivos comunes y enriquecer la gesti\u00f3n global de la informaci\u00f3n geoespacial.&#8221;<\/p>\n<\/div>\n<\/div>\n\n\n\n<div style=\"height:33px\" aria-hidden=\"true\" class=\"wp-block-spacer\"><\/div>\n\n\n\n<figure class=\"wp-block-gallery has-nested-images columns-default is-cropped wp-block-gallery-11 is-layout-flex wp-block-gallery-is-layout-flex\">\n<figure class=\"wp-block-image size-large\"><img decoding=\"async\" loading=\"lazy\" width=\"1024\" height=\"768\" data-id=\"6225\" src=\"https:\/\/www.ipgh.org\/mx\/wp-content\/uploads\/2023\/08\/IMG-20230802-WA0020-1024x768.jpg\" alt=\"\" class=\"wp-image-6225\" srcset=\"https:\/\/www.ipgh.org\/mx\/wp-content\/uploads\/2023\/08\/IMG-20230802-WA0020-1024x768.jpg 1024w, https:\/\/www.ipgh.org\/mx\/wp-content\/uploads\/2023\/08\/IMG-20230802-WA0020-300x225.jpg 300w, https:\/\/www.ipgh.org\/mx\/wp-content\/uploads\/2023\/08\/IMG-20230802-WA0020-768x576.jpg 768w, https:\/\/www.ipgh.org\/mx\/wp-content\/uploads\/2023\/08\/IMG-20230802-WA0020.jpg 1280w\" sizes=\"(max-width: 1024px) 100vw, 1024px\" \/><\/figure>\n\n\n\n<figure class=\"wp-block-image size-large\"><img decoding=\"async\" loading=\"lazy\" width=\"1024\" height=\"768\" data-id=\"6224\" src=\"https:\/\/www.ipgh.org\/mx\/wp-content\/uploads\/2023\/08\/IMG-20230802-WA0046-1024x768.jpg\" alt=\"\" class=\"wp-image-6224\" srcset=\"https:\/\/www.ipgh.org\/mx\/wp-content\/uploads\/2023\/08\/IMG-20230802-WA0046-1024x768.jpg 1024w, https:\/\/www.ipgh.org\/mx\/wp-content\/uploads\/2023\/08\/IMG-20230802-WA0046-300x225.jpg 300w, https:\/\/www.ipgh.org\/mx\/wp-content\/uploads\/2023\/08\/IMG-20230802-WA0046-768x576.jpg 768w, https:\/\/www.ipgh.org\/mx\/wp-content\/uploads\/2023\/08\/IMG-20230802-WA0046-1536x1152.jpg 1536w, https:\/\/www.ipgh.org\/mx\/wp-content\/uploads\/2023\/08\/IMG-20230802-WA0046.jpg 1600w\" sizes=\"(max-width: 1024px) 100vw, 1024px\" \/><\/figure>\n\n\n\n<figure class=\"wp-block-image size-large\"><img decoding=\"async\" loading=\"lazy\" width=\"1024\" height=\"768\" data-id=\"6226\" src=\"https:\/\/www.ipgh.org\/mx\/wp-content\/uploads\/2023\/08\/IMG-20230804-WA0013-2-1024x768.jpg\" alt=\"\" class=\"wp-image-6226\" srcset=\"https:\/\/www.ipgh.org\/mx\/wp-content\/uploads\/2023\/08\/IMG-20230804-WA0013-2-1024x768.jpg 1024w, https:\/\/www.ipgh.org\/mx\/wp-content\/uploads\/2023\/08\/IMG-20230804-WA0013-2-300x225.jpg 300w, https:\/\/www.ipgh.org\/mx\/wp-content\/uploads\/2023\/08\/IMG-20230804-WA0013-2-768x576.jpg 768w, https:\/\/www.ipgh.org\/mx\/wp-content\/uploads\/2023\/08\/IMG-20230804-WA0013-2-1536x1152.jpg 1536w, https:\/\/www.ipgh.org\/mx\/wp-content\/uploads\/2023\/08\/IMG-20230804-WA0013-2.jpg 1600w\" sizes=\"(max-width: 1024px) 100vw, 1024px\" \/><\/figure>\n<\/figure>\n","protected":false},"excerpt":{"rendered":"<p>Nueva York, Estados Unidos &#8211; Del 1\u00ba al 4 de agosto de 2023, el Instituto Panamericano de Geograf\u00eda e Historia (IPGH) tuvo el honor de ser invitado como observador en la 13\u00aa Sesi\u00f3n del Comit\u00e9 de Expertos de las Naciones Unidas sobre Gesti\u00f3n Global de la Informaci\u00f3n Geoespacial (UN-GGIM). El Secretario General, Mtro. Antonio Campuzano <a class=\"read-more\" href=\"https:\/\/www.ipgh.org\/mx\/?page_id=6213\">LEER M\u00c1S<\/a><\/p>\n","protected":false},"author":1,"featured_media":0,"parent":0,"menu_order":0,"comment_status":"closed","ping_status":"closed","template":"","meta":{"footnotes":""},"_links":{"self":[{"href":"https:\/\/www.ipgh.org\/mx\/index.php?rest_route=\/wp\/v2\/pages\/6213"}],"collection":[{"href":"https:\/\/www.ipgh.org\/mx\/index.php?rest_route=\/wp\/v2\/pages"}],"about":[{"href":"https:\/\/www.ipgh.org\/mx\/index.php?rest_route=\/wp\/v2\/types\/page"}],"author":[{"embeddable":true,"href":"https:\/\/www.ipgh.org\/mx\/index.php?rest_route=\/wp\/v2\/users\/1"}],"replies":[{"embeddable":true,"href":"https:\/\/www.ipgh.org\/mx\/index.php?rest_route=%2Fwp%2Fv2%2Fcomments&post=6213"}],"version-history":[{"count":6,"href":"https:\/\/www.ipgh.org\/mx\/index.php?rest_route=\/wp\/v2\/pages\/6213\/revisions"}],"predecessor-version":[{"id":6227,"href":"https:\/\/www.ipgh.org\/mx\/index.php?rest_route=\/wp\/v2\/pages\/6213\/revisions\/6227"}],"wp:attachment":[{"href":"https:\/\/www.ipgh.org\/mx\/index.php?rest_route=%2Fwp%2Fv2%2Fmedia&parent=6213"}],"curies":[{"name":"wp","href":"https:\/\/api.w.org\/{rel}","templated":true}]}}