{"id":6264,"date":"2023-08-28T16:19:58","date_gmt":"2023-08-28T21:19:58","guid":{"rendered":"https:\/\/www.ipgh.org\/mx\/?page_id=6264"},"modified":"2023-08-28T16:19:58","modified_gmt":"2023-08-28T21:19:58","slug":"ninos-heroes-mito-leyenda-y-hechos-historicos","status":"publish","type":"page","link":"https:\/\/www.ipgh.org\/mx\/?page_id=6264","title":{"rendered":"Ni\u00f1os H\u00e9roes, mito, leyenda y hechos hist\u00f3ricos"},"content":{"rendered":"\n<div style=\"height:30px\" aria-hidden=\"true\" class=\"wp-block-spacer\"><\/div>\n\n\n\n<figure class=\"wp-block-image size-large\"><img decoding=\"async\" loading=\"lazy\" width=\"1024\" height=\"682\" src=\"https:\/\/www.ipgh.org\/mx\/wp-content\/uploads\/2023\/08\/3-1024x682.jpg\" alt=\"\" class=\"wp-image-6265\" srcset=\"https:\/\/www.ipgh.org\/mx\/wp-content\/uploads\/2023\/08\/3-1024x682.jpg 1024w, https:\/\/www.ipgh.org\/mx\/wp-content\/uploads\/2023\/08\/3-300x200.jpg 300w, https:\/\/www.ipgh.org\/mx\/wp-content\/uploads\/2023\/08\/3-768x512.jpg 768w, https:\/\/www.ipgh.org\/mx\/wp-content\/uploads\/2023\/08\/3.jpg 1055w\" sizes=\"(max-width: 1024px) 100vw, 1024px\" \/><\/figure>\n\n\n\n<div style=\"height:30px\" aria-hidden=\"true\" class=\"wp-block-spacer\"><\/div>\n\n\n\n<p class=\"has-cyan-bluish-gray-color has-text-color has-link-color wp-elements-58b327cd603dfdd1dfe6d6343f8e6553\" style=\"font-size:25px\"><strong><em>Participa el Secretario General del IPGH en los festejos del Bicentenario del Heroico Colegio Militar, M\u00e9xico<\/em><\/strong><\/p>\n\n\n\n<div style=\"height:19px\" aria-hidden=\"true\" class=\"wp-block-spacer\"><\/div>\n\n\n\n<p class=\"has-medium-font-size\">En el Marco de los festejos del Bicentenario del Heroico Colegio Militar de M\u00e9xico, el pasado 25 de agosto, el Maestro Antonio Campuzano Rosales, Secretario General del Instituto Panamericano de Geograf\u00eda e Historia (IPGH), particip\u00f3 como ponente en el Coloquio \u201cMarco Hist\u00f3rico Durante 200 A\u00f1os de Formaci\u00f3n de L\u00edderes en el Heroico Colegio Militar\u201d, que se realiz\u00f3 del 22 al 25 de agosto, en la sede de Tlalpan, Ciudad de M\u00e9xico.<\/p>\n\n\n\n<p class=\"has-medium-font-size\">El Maestro Campuzano Rosales, particip\u00f3 en el cierre del coloquio, el 25 de agosto pasado, con la conferencia: \u201cNi\u00f1os H\u00e9roes de Chapultepec, una revaloraci\u00f3n hist\u00f3rica\u201d, donde fue enf\u00e1tico en se\u00f1alar que m\u00e1s all\u00e1 de la leyenda y mitos que rodean a este pasaje de la historia patria, la ciencia hist\u00f3rica est\u00e1 obligada a contar los hechos de manera objetiva, siempre respaldada por elementos comprobables.<\/p>\n\n\n\n<p class=\"has-medium-font-size\">El Heroico Colegio Militar, es un plantel del Sistema Educativo Militar de la Secretar\u00eda de la Defensa Nacional, que fue fundado el 11 de octubre de 1823, con la misi\u00f3n de formar a los l\u00edderes que ser\u00e1n parte de los cuadros de mando del Ej\u00e9rcito Mexicano, por lo que este a\u00f1o cumple 200 a\u00f1os formando a sus oficiales con el lema: \u201cPor el Honor de M\u00e9xico\u201d.<\/p>\n\n\n\n<p class=\"has-medium-font-size\">Durante su ponencia, en la que estuvieron presentes generales, jefes, oficiales, cadetes y clases en formaci\u00f3n, el Secretario General del IPGH comenz\u00f3 por dar los antecedentes hist\u00f3ricos que llevaron a la invasi\u00f3n extranjera en M\u00e9xico, as\u00ed como el contexto hist\u00f3rico en el que se encontraba el pa\u00eds.<\/p>\n\n\n\n<p class=\"has-medium-font-size\">Asegur\u00f3 que m\u00e1s all\u00e1 del mito y leyenda que rodea a este pasaje de la vida nacional, se encuentran como prueba de la existencia de los Ni\u00f1os H\u00e9roes, los expedientes de cada uno de ellos en la b\u00f3veda del Archivo hist\u00f3rico de la Secretar\u00eda de la Defensa Nacional. Por ello precis\u00f3 que \u201cun hecho hist\u00f3rico es un suceso importante que en la vida real ocurri\u00f3 y que afecta al desarrollo del ser humano en general\u201d.<\/p>\n\n\n\n<p class=\"has-medium-font-size\">Por lo anterior, destac\u00f3 que la gu\u00eda y faro que debe dirigir a un historiador debe ser la b\u00fasqueda de la verdad, que es la \u00fanica con la que tienen un compromiso real, porque solo se debe contar aquello que se pueda comprobar.<\/p>\n\n\n\n<p class=\"has-medium-font-size\">Para concluir, se\u00f1al\u00f3 que \u201cla funci\u00f3n social que cumplen los Ni\u00f1os H\u00e9roes de Chapultepec es muy significativa y hoy en d\u00eda son un pilar del nacionalismo mexicano\u201d.<\/p>\n\n\n\n<p class=\"has-medium-font-size\">Para agradecer la participaci\u00f3n del Maestro Campuzano Rosales en el evento, cadetes del plantel le hicieron entrega de un reconocimiento a nombre del General de Divisi\u00f3n D.E.M., David Rivera Medina, Director General de Educaci\u00f3n Militar y Rector de la Universidad del Ej\u00e9rcito y Fuerza A\u00e9rea, por tan brillante ponencia.<\/p>\n\n\n\n<p class=\"has-medium-font-size\">Con la participaci\u00f3n del Secretario General del IPGH, en este evento, este organismo contribuye a enriquecer el conocimiento hist\u00f3rico de las nuevas generaciones de cadetes del Heroico Colegio Militar, ofreciendo una versi\u00f3n de la Gesta Heroica de Chapultepec, basada en fuentes y alejada de mitos y leyendas.<\/p>\n\n\n\n<p class=\"has-medium-font-size\">La Gesta Heroica de los Ni\u00f1os H\u00e9roes de Chapultepec, es uno de los cap\u00edtulos de la historia nacional que m\u00e1s llenan de orgullo y nacionalismo a los mexicanos, por la actuaci\u00f3n de los cadetes del Colegio Militar el 13 de septiembre de 1847, al defender el Castillo de Chapultepec contra un ej\u00e9rcito invasor; ellos representan una conducta ejemplar para las nuevas generaciones de mexicanos. Por ello, el IPGH felicita a este plantel del Sistema Educativo Militar, donde se abreva de los valores y virtudes militares que, desde hace 200 a\u00f1os, forman el esp\u00edritu leal e inquebrantable de los oficiales mexicanos.<\/p>\n\n\n\n<div style=\"height:30px\" aria-hidden=\"true\" class=\"wp-block-spacer\"><\/div>\n\n\n\n<div class=\"wp-block-columns is-layout-flex wp-container-6 wp-block-columns-is-layout-flex\">\n<div class=\"wp-block-column is-layout-flow wp-block-column-is-layout-flow\">\n<figure class=\"wp-block-image size-large\"><img decoding=\"async\" loading=\"lazy\" width=\"1024\" height=\"682\" src=\"https:\/\/www.ipgh.org\/mx\/wp-content\/uploads\/2023\/08\/1-1-1024x682.jpg\" alt=\"\" class=\"wp-image-6274\" srcset=\"https:\/\/www.ipgh.org\/mx\/wp-content\/uploads\/2023\/08\/1-1-1024x682.jpg 1024w, https:\/\/www.ipgh.org\/mx\/wp-content\/uploads\/2023\/08\/1-1-300x200.jpg 300w, https:\/\/www.ipgh.org\/mx\/wp-content\/uploads\/2023\/08\/1-1-768x512.jpg 768w, https:\/\/www.ipgh.org\/mx\/wp-content\/uploads\/2023\/08\/1-1.jpg 1055w\" sizes=\"(max-width: 1024px) 100vw, 1024px\" \/><\/figure>\n\n\n\n<div style=\"height:11px\" aria-hidden=\"true\" class=\"wp-block-spacer\"><\/div>\n\n\n\n<figure class=\"wp-block-gallery has-nested-images columns-default is-cropped wp-block-gallery-1 is-layout-flex wp-block-gallery-is-layout-flex\">\n<figure class=\"wp-block-image size-large\"><img decoding=\"async\" loading=\"lazy\" width=\"1024\" height=\"682\" src=\"https:\/\/www.ipgh.org\/mx\/wp-content\/uploads\/2023\/08\/6-1024x682.jpg\" alt=\"\" class=\"wp-image-6277\" srcset=\"https:\/\/www.ipgh.org\/mx\/wp-content\/uploads\/2023\/08\/6-1024x682.jpg 1024w, https:\/\/www.ipgh.org\/mx\/wp-content\/uploads\/2023\/08\/6-300x200.jpg 300w, https:\/\/www.ipgh.org\/mx\/wp-content\/uploads\/2023\/08\/6-768x512.jpg 768w, https:\/\/www.ipgh.org\/mx\/wp-content\/uploads\/2023\/08\/6-1536x1023.jpg 1536w, https:\/\/www.ipgh.org\/mx\/wp-content\/uploads\/2023\/08\/6.jpg 1600w\" sizes=\"(max-width: 1024px) 100vw, 1024px\" \/><\/figure>\n<\/figure>\n<\/div>\n\n\n\n<div class=\"wp-block-column is-layout-flow wp-block-column-is-layout-flow\"><div class=\"wp-block-image\">\n<figure class=\"aligncenter size-large is-resized\"><img decoding=\"async\" loading=\"lazy\" src=\"https:\/\/www.ipgh.org\/mx\/wp-content\/uploads\/2023\/08\/2-1-1024x753.jpg\" alt=\"\" class=\"wp-image-6275\" style=\"width:338px;height:249px\" width=\"338\" height=\"249\" srcset=\"https:\/\/www.ipgh.org\/mx\/wp-content\/uploads\/2023\/08\/2-1-1024x753.jpg 1024w, https:\/\/www.ipgh.org\/mx\/wp-content\/uploads\/2023\/08\/2-1-300x221.jpg 300w, https:\/\/www.ipgh.org\/mx\/wp-content\/uploads\/2023\/08\/2-1-768x565.jpg 768w, https:\/\/www.ipgh.org\/mx\/wp-content\/uploads\/2023\/08\/2-1.jpg 1055w\" sizes=\"(max-width: 338px) 100vw, 338px\" \/><\/figure><\/div>\n\n<div class=\"wp-block-image\">\n<figure class=\"aligncenter size-large is-resized\"><img decoding=\"async\" loading=\"lazy\" src=\"https:\/\/www.ipgh.org\/mx\/wp-content\/uploads\/2023\/08\/7-1024x682.jpg\" alt=\"\" class=\"wp-image-6278\" style=\"width:342px;height:228px\" width=\"342\" height=\"228\" srcset=\"https:\/\/www.ipgh.org\/mx\/wp-content\/uploads\/2023\/08\/7-1024x682.jpg 1024w, https:\/\/www.ipgh.org\/mx\/wp-content\/uploads\/2023\/08\/7-300x200.jpg 300w, https:\/\/www.ipgh.org\/mx\/wp-content\/uploads\/2023\/08\/7-768x512.jpg 768w, https:\/\/www.ipgh.org\/mx\/wp-content\/uploads\/2023\/08\/7-1536x1023.jpg 1536w, https:\/\/www.ipgh.org\/mx\/wp-content\/uploads\/2023\/08\/7.jpg 1600w\" sizes=\"(max-width: 342px) 100vw, 342px\" \/><\/figure><\/div><\/div>\n\n\n\n<div class=\"wp-block-column is-layout-flow wp-block-column-is-layout-flow\"><div class=\"wp-block-image\">\n<figure class=\"aligncenter size-full is-resized\"><img decoding=\"async\" loading=\"lazy\" src=\"https:\/\/www.ipgh.org\/mx\/wp-content\/uploads\/2023\/08\/5-1.jpg\" alt=\"\" class=\"wp-image-6273\" style=\"width:324px;height:487px\" width=\"324\" height=\"487\" srcset=\"https:\/\/www.ipgh.org\/mx\/wp-content\/uploads\/2023\/08\/5-1.jpg 610w, https:\/\/www.ipgh.org\/mx\/wp-content\/uploads\/2023\/08\/5-1-200x300.jpg 200w\" sizes=\"(max-width: 324px) 100vw, 324px\" \/><\/figure><\/div><\/div>\n<\/div>\n\n\n<div class=\"wp-block-image\">\n<figure class=\"aligncenter size-large is-resized\"><img decoding=\"async\" loading=\"lazy\" src=\"https:\/\/www.ipgh.org\/mx\/wp-content\/uploads\/2023\/08\/4-1-1024x471.jpg\" alt=\"\" class=\"wp-image-6276\" style=\"width:1072px;height:493px\" width=\"1072\" height=\"493\" srcset=\"https:\/\/www.ipgh.org\/mx\/wp-content\/uploads\/2023\/08\/4-1-1024x471.jpg 1024w, https:\/\/www.ipgh.org\/mx\/wp-content\/uploads\/2023\/08\/4-1-300x138.jpg 300w, https:\/\/www.ipgh.org\/mx\/wp-content\/uploads\/2023\/08\/4-1-768x353.jpg 768w, https:\/\/www.ipgh.org\/mx\/wp-content\/uploads\/2023\/08\/4-1.jpg 1055w\" sizes=\"(max-width: 1072px) 100vw, 1072px\" \/><\/figure><\/div>","protected":false},"excerpt":{"rendered":"<p>Participa el Secretario General del IPGH en los festejos del Bicentenario del Heroico Colegio Militar, M\u00e9xico En el Marco de los festejos del Bicentenario del Heroico Colegio Militar de M\u00e9xico, el pasado 25 de agosto, el Maestro Antonio Campuzano Rosales, Secretario General del Instituto Panamericano de Geograf\u00eda e Historia (IPGH), particip\u00f3 como ponente en el <a class=\"read-more\" href=\"https:\/\/www.ipgh.org\/mx\/?page_id=6264\">LEER M\u00c1S<\/a><\/p>\n","protected":false},"author":1,"featured_media":0,"parent":0,"menu_order":0,"comment_status":"closed","ping_status":"closed","template":"","meta":{"footnotes":""},"_links":{"self":[{"href":"https:\/\/www.ipgh.org\/mx\/index.php?rest_route=\/wp\/v2\/pages\/6264"}],"collection":[{"href":"https:\/\/www.ipgh.org\/mx\/index.php?rest_route=\/wp\/v2\/pages"}],"about":[{"href":"https:\/\/www.ipgh.org\/mx\/index.php?rest_route=\/wp\/v2\/types\/page"}],"author":[{"embeddable":true,"href":"https:\/\/www.ipgh.org\/mx\/index.php?rest_route=\/wp\/v2\/users\/1"}],"replies":[{"embeddable":true,"href":"https:\/\/www.ipgh.org\/mx\/index.php?rest_route=%2Fwp%2Fv2%2Fcomments&post=6264"}],"version-history":[{"count":11,"href":"https:\/\/www.ipgh.org\/mx\/index.php?rest_route=\/wp\/v2\/pages\/6264\/revisions"}],"predecessor-version":[{"id":6286,"href":"https:\/\/www.ipgh.org\/mx\/index.php?rest_route=\/wp\/v2\/pages\/6264\/revisions\/6286"}],"wp:attachment":[{"href":"https:\/\/www.ipgh.org\/mx\/index.php?rest_route=%2Fwp%2Fv2%2Fmedia&parent=6264"}],"curies":[{"name":"wp","href":"https:\/\/api.w.org\/{rel}","templated":true}]}}