{"id":6407,"date":"2023-10-13T12:30:08","date_gmt":"2023-10-13T17:30:08","guid":{"rendered":"https:\/\/www.ipgh.org\/mx\/?page_id=6407"},"modified":"2023-10-13T13:11:12","modified_gmt":"2023-10-13T18:11:12","slug":"bicentenario-del-heroico-colegio-militar","status":"publish","type":"page","link":"https:\/\/www.ipgh.org\/mx\/?page_id=6407","title":{"rendered":"Bicentenario del Heroico Colegio Militar"},"content":{"rendered":"\n<p class=\"has-cyan-bluish-gray-color has-text-color has-link-color wp-elements-1247901dc34944b37a749a99192f4744\" style=\"font-size:25px\"><strong>Participaci\u00f3n del Instituto Panamericano de Geograf\u00eda e Historia<\/strong><\/p>\n\n\n\n<p class=\"has-luminous-vivid-orange-color has-text-color has-link-color has-medium-font-size wp-elements-0760f00215d03df060aa8525c45877ec\"><strong>________________________________________________________________________________________<\/strong><\/p>\n\n\n\n<div style=\"height:8px\" aria-hidden=\"true\" class=\"wp-block-spacer\"><\/div>\n\n\n<div class=\"wp-block-image\">\n<figure class=\"aligncenter size-large is-resized\"><img decoding=\"async\" loading=\"lazy\" src=\"https:\/\/www.ipgh.org\/mx\/wp-content\/uploads\/2023\/10\/HCMilitar_1-_11_10_2023-1024x683.jpg\" alt=\"\" class=\"wp-image-6408\" style=\"width:875px;height:584px\" width=\"875\" height=\"584\" srcset=\"https:\/\/www.ipgh.org\/mx\/wp-content\/uploads\/2023\/10\/HCMilitar_1-_11_10_2023-1024x683.jpg 1024w, https:\/\/www.ipgh.org\/mx\/wp-content\/uploads\/2023\/10\/HCMilitar_1-_11_10_2023-300x200.jpg 300w, https:\/\/www.ipgh.org\/mx\/wp-content\/uploads\/2023\/10\/HCMilitar_1-_11_10_2023-768x512.jpg 768w, https:\/\/www.ipgh.org\/mx\/wp-content\/uploads\/2023\/10\/HCMilitar_1-_11_10_2023.jpg 1499w\" sizes=\"(max-width: 875px) 100vw, 875px\" \/><\/figure><\/div>\n\n\n<p class=\"has-medium-font-size\">El pasado 11 de octubre, el Heroico Colegio Militar de M\u00e9xico, celebr\u00f3 el Bicentenario de su fundaci\u00f3n, por lo que se llev\u00f3 a cabo una ceremonia en el lugar donde vio su g\u00e9nesis, la Fortaleza de San Carlos en la ciudad de Perote, Veracruz, con una ceremonia que fue presidida por el Licenciado Andr\u00e9s Manuel L\u00f3pez Obrador, Presidente Constitucional de los Estados Unidos Mexicanos y Comandante Supremo de las Fuerzas Armadas.<\/p>\n\n\n\n<p class=\"has-medium-font-size\">En esta magna ceremonia, acompa\u00f1aron al Primer Mandatario en el pres\u00eddium: el General Luis Cresencio Sandoval Gonz\u00e1lez, Secretario de la Defensa Nacional; el Almirante Jos\u00e9 Rafael Ojeda Dur\u00e1n, Secretario de Marina; y el Licenciado Cuitl\u00e1huac Garc\u00eda Jim\u00e9nez, Gobernador del estado de Veracruz, la Secretaria de Educaci\u00f3n P\u00fablica (SEP), Maestra Leticia Ram\u00edrez Amaya, entre otros funcionarios del Gobierno Federal.<\/p>\n\n\n\n<p class=\"has-medium-font-size\">El Templo del Honor y la Lealtad, como tambi\u00e9n se le conoce al Heroico Colegio Militar, desde su creaci\u00f3n como instituci\u00f3n educativa castrense, ha sido uno de los planteles m\u00e1s importantes del Sistema Educativo Militar de la Secretar\u00eda de la Defensa Nacional, ya que desde su fundaci\u00f3n, el 11 de octubre de 1823, es la casa de estudios donde se forjan los cuadros de mando del Ej\u00e9rcito Mexicano y, en los \u00faltimos a\u00f1os, de la Guardia Nacional.<\/p>\n\n\n\n<p class=\"has-medium-font-size\">Para recordar a los pr\u00f3ceres de la patria, el Jefe del Ejecutivo Federal, pas\u00f3 la lista de honor a los H\u00e9roes de Chapultepec de 1847 y de la Defensa de Veracruz de 1914; y al concluir, seis compa\u00f1\u00edas de cadetes ejecutaron una salva de fusiler\u00eda; seguido por la declamaci\u00f3n de la poes\u00eda: Fortaleza de San Carlos, interpretada por dos cadetes del mismo plantel.<\/p>\n\n\n\n<p class=\"has-medium-font-size\">Para que permanezca la llama ferviente del servicio a la patria, fue encendido el pebetero con el Fuego de la Lealtad, mismo que fue trasladado desde el pasado 13 de septiembre hasta las instalaciones del Fuerte Perote, Veracruz, el cual representa las virtudes y el actuar \u00edntegro de los militares.<\/p>\n\n\n\n<p class=\"has-medium-font-size\">Como parte del evento, el Primer Mandatario otorg\u00f3 la presea \u2018Bicentenario del Heroico Colegio Militar\u2019 a dos ex Directores del Heroico Colegio Militar y a su actual Director, el General de Brigada D.E.M. Jorge Antonio Maldonado Guevara, para distinguir y reconocer a personal militar que ha colaborado en el desarrollo y constituci\u00f3n del plantel.<\/p>\n\n\n\n<p class=\"has-medium-font-size\">Por esta relevante celebraci\u00f3n, quienes integramos el Instituto Panamericano de Geograf\u00eda e Historia, felicitamos a este plantel militar con tradici\u00f3n de honor y lealtad, por sus 200 a\u00f1os como piedra angular de la educaci\u00f3n militar y por las muestras de lealtad que ha tenido a lo largo de la historia de M\u00e9xico; de la misma forma, felicitamos a la Secretar\u00eda de la Defensa Nacional por contar con una instituci\u00f3n educativa, s\u00f3lida y comprometida como lo es el Heroico Colegio Militar, plantel que siempre ha dado todo, hasta el sacrificio, \u201cPor el Honor de M\u00e9xico\u201d.<\/p>\n\n\n\n<div class=\"wp-block-columns is-layout-flex wp-container-3 wp-block-columns-is-layout-flex\">\n<div class=\"wp-block-column is-layout-flow wp-block-column-is-layout-flow\">\n<figure class=\"wp-block-image size-large\"><img decoding=\"async\" loading=\"lazy\" width=\"683\" height=\"1024\" src=\"https:\/\/www.ipgh.org\/mx\/wp-content\/uploads\/2023\/10\/HCMilitar_5-_11_10_2023-1-683x1024.jpg\" alt=\"\" class=\"wp-image-6410\" srcset=\"https:\/\/www.ipgh.org\/mx\/wp-content\/uploads\/2023\/10\/HCMilitar_5-_11_10_2023-1-683x1024.jpg 683w, https:\/\/www.ipgh.org\/mx\/wp-content\/uploads\/2023\/10\/HCMilitar_5-_11_10_2023-1-200x300.jpg 200w, https:\/\/www.ipgh.org\/mx\/wp-content\/uploads\/2023\/10\/HCMilitar_5-_11_10_2023-1-768x1152.jpg 768w, https:\/\/www.ipgh.org\/mx\/wp-content\/uploads\/2023\/10\/HCMilitar_5-_11_10_2023-1.jpg 1000w\" sizes=\"(max-width: 683px) 100vw, 683px\" \/><\/figure>\n<\/div>\n\n\n\n<div class=\"wp-block-column is-layout-flow wp-block-column-is-layout-flow\"><div class=\"wp-block-image\">\n<figure class=\"aligncenter size-large is-resized\"><img decoding=\"async\" loading=\"lazy\" src=\"https:\/\/www.ipgh.org\/mx\/wp-content\/uploads\/2023\/10\/HCMilitar_3-_11_10_2023-1024x575.jpg\" alt=\"\" class=\"wp-image-6411\" style=\"width:531px;height:298px\" width=\"531\" height=\"298\" srcset=\"https:\/\/www.ipgh.org\/mx\/wp-content\/uploads\/2023\/10\/HCMilitar_3-_11_10_2023-1024x575.jpg 1024w, https:\/\/www.ipgh.org\/mx\/wp-content\/uploads\/2023\/10\/HCMilitar_3-_11_10_2023-300x169.jpg 300w, https:\/\/www.ipgh.org\/mx\/wp-content\/uploads\/2023\/10\/HCMilitar_3-_11_10_2023-768x432.jpg 768w, https:\/\/www.ipgh.org\/mx\/wp-content\/uploads\/2023\/10\/HCMilitar_3-_11_10_2023-1536x863.jpg 1536w, https:\/\/www.ipgh.org\/mx\/wp-content\/uploads\/2023\/10\/HCMilitar_3-_11_10_2023.jpg 1600w\" sizes=\"(max-width: 531px) 100vw, 531px\" \/><\/figure><\/div>\n\n\n<p><\/p>\n\n\n\n<div style=\"height:21px\" aria-hidden=\"true\" class=\"wp-block-spacer\"><\/div>\n\n\n<div class=\"wp-block-image\">\n<figure class=\"aligncenter size-large is-resized\"><img decoding=\"async\" loading=\"lazy\" src=\"https:\/\/www.ipgh.org\/mx\/wp-content\/uploads\/2023\/10\/HCMilitar_6-_11_10_2023-1024x683.jpg\" alt=\"\" class=\"wp-image-6412\" style=\"width:539px;height:360px\" width=\"539\" height=\"360\" srcset=\"https:\/\/www.ipgh.org\/mx\/wp-content\/uploads\/2023\/10\/HCMilitar_6-_11_10_2023-1024x683.jpg 1024w, https:\/\/www.ipgh.org\/mx\/wp-content\/uploads\/2023\/10\/HCMilitar_6-_11_10_2023-300x200.jpg 300w, https:\/\/www.ipgh.org\/mx\/wp-content\/uploads\/2023\/10\/HCMilitar_6-_11_10_2023-768x512.jpg 768w, https:\/\/www.ipgh.org\/mx\/wp-content\/uploads\/2023\/10\/HCMilitar_6-_11_10_2023.jpg 1500w\" sizes=\"(max-width: 539px) 100vw, 539px\" \/><\/figure><\/div>\n\n\n<p class=\"has-text-align-center has-luminous-vivid-orange-color has-text-color has-link-color wp-elements-6565fa4a75ab936cb1a12dee74d34e77\">     <strong>_________________________________________________________________________<\/strong><\/p>\n<\/div>\n<\/div>\n\n\n\n<p class=\"has-medium-font-size\"><strong>El Instituto Panamericano de Geograf\u00eda e Historia en el Bicentenario del Heroico Colegio Militar<\/strong><\/p>\n\n\n\n<p class=\"has-medium-font-size\">Con motivo de la celebraci\u00f3n del Bicentenario de vida institucional y acad\u00e9mica del Heroico Colegio Militar, el Mayor Historiador Retirado Antonio Campuzano Rosales, Secretario General del Instituto Panamericano de Geograf\u00eda e Historia (IPGH), fue convocado por la Secretar\u00eda de la Defensa Nacional para acompa\u00f1ar al Presidente de M\u00e9xico, para que, en su calidad de historiador militar, diera un recorrido al Primer Mandatario de la importancia hist\u00f3rica de la Fortaleza de San Carlos en Perote, Veracruz, como primer sede de este plantel que el pasado 11 de octubre, cumpli\u00f3 200 a\u00f1os de vida institucional.<\/p>\n\n\n\n<p class=\"has-medium-font-size\">Fue el General Guadalupe Victoria, quien propuso que se reuniera a todos los cadetes que hubiera en los Cuerpos del Ej\u00e9rcito y los enviara a la Fortaleza de San Carlos para que recibieran ah\u00ed su educaci\u00f3n militar, por lo que el 11 de octubre de 1823, el General Jos\u00e9 Joaqu\u00edn Herrera, Ministro de Guerra y Marina, expidi\u00f3 un decreto con el que se cre\u00f3 el Colegio Militar y orden\u00f3 su traslado del edificio de la Ex Inquisici\u00f3n a la Fortaleza de San Carlos, al que se le llam\u00f3: Colegio Militar de Perote.<\/p>\n\n\n\n<p class=\"has-medium-font-size\">A lo largo de sus 200 a\u00f1os de vida acad\u00e9mica, el Heroico Colegio Militar tuvo diversas sedes, entre las m\u00e1s emblem\u00e1ticas se encuentran Perote, Chapultepec, Popotla y la actual en Tlalpan, Ciudad de M\u00e9xico; sin embargo, para el IPGH, es motivo de satisfacci\u00f3n manifestar que uno de esos resguardos fue la del Ex Arzobispado de Tacubaya en la Ciudad de M\u00e9xico, de 1869 a 1882, actual Palacio sede de este organismo internacional, por lo que la historia de ambas instituciones est\u00e1n \u00edntimamente ligadas.<\/p>\n\n\n\n<p class=\"has-medium-font-size\">Es as\u00ed como quien dirige actualmente al IPGH, el Mayor Historiador Retirado Antonio Campuzano Rosales, particip\u00f3 en este evento de relevancia nacional, debido a la historia que comparte esta instituci\u00f3n con un plantel de 200 a\u00f1os de tradici\u00f3n de honor y lealtad, cuyo campus en un momento de su larga trayectoria fueron las mismas instalaciones que hoy ocupa este organismo internacional.<br><\/p>\n\n\n\n<div class=\"wp-block-columns is-layout-flex wp-container-6 wp-block-columns-is-layout-flex\">\n<div class=\"wp-block-column is-layout-flow wp-block-column-is-layout-flow\">\n<figure class=\"wp-block-image size-large\"><img decoding=\"async\" loading=\"lazy\" width=\"1024\" height=\"683\" src=\"https:\/\/www.ipgh.org\/mx\/wp-content\/uploads\/2023\/10\/HCMilitar_4-_11_10_2023-1-1024x683.jpg\" alt=\"\" class=\"wp-image-6416\" srcset=\"https:\/\/www.ipgh.org\/mx\/wp-content\/uploads\/2023\/10\/HCMilitar_4-_11_10_2023-1-1024x683.jpg 1024w, https:\/\/www.ipgh.org\/mx\/wp-content\/uploads\/2023\/10\/HCMilitar_4-_11_10_2023-1-300x200.jpg 300w, https:\/\/www.ipgh.org\/mx\/wp-content\/uploads\/2023\/10\/HCMilitar_4-_11_10_2023-1-768x512.jpg 768w, https:\/\/www.ipgh.org\/mx\/wp-content\/uploads\/2023\/10\/HCMilitar_4-_11_10_2023-1.jpg 1499w\" sizes=\"(max-width: 1024px) 100vw, 1024px\" \/><\/figure>\n<\/div>\n\n\n\n<div class=\"wp-block-column is-layout-flow wp-block-column-is-layout-flow\">\n<figure class=\"wp-block-image size-large\"><img decoding=\"async\" loading=\"lazy\" width=\"1024\" height=\"683\" src=\"https:\/\/www.ipgh.org\/mx\/wp-content\/uploads\/2023\/10\/HCMilitar_2-_11_10_2023-1-1024x683.jpg\" alt=\"\" class=\"wp-image-6417\" srcset=\"https:\/\/www.ipgh.org\/mx\/wp-content\/uploads\/2023\/10\/HCMilitar_2-_11_10_2023-1-1024x683.jpg 1024w, https:\/\/www.ipgh.org\/mx\/wp-content\/uploads\/2023\/10\/HCMilitar_2-_11_10_2023-1-300x200.jpg 300w, https:\/\/www.ipgh.org\/mx\/wp-content\/uploads\/2023\/10\/HCMilitar_2-_11_10_2023-1-768x512.jpg 768w, https:\/\/www.ipgh.org\/mx\/wp-content\/uploads\/2023\/10\/HCMilitar_2-_11_10_2023-1.jpg 1499w\" sizes=\"(max-width: 1024px) 100vw, 1024px\" \/><\/figure>\n<\/div>\n<\/div>\n\n\n\n<p class=\"has-text-align-center has-black-color has-text-color has-link-color has-medium-font-size wp-elements-4b2225fb737fef7c3932b96bd3a62691\"><\/p>\n\n\n<div class=\"wp-block-image\">\n<figure class=\"aligncenter size-large is-resized\"><img decoding=\"async\" loading=\"lazy\" src=\"https:\/\/www.ipgh.org\/mx\/wp-content\/uploads\/2023\/10\/HCMilitar_7-_11_10_2023-1024x575.jpg\" alt=\"\" class=\"wp-image-6425\" style=\"width:890px;height:500px\" width=\"890\" height=\"500\" srcset=\"https:\/\/www.ipgh.org\/mx\/wp-content\/uploads\/2023\/10\/HCMilitar_7-_11_10_2023-1024x575.jpg 1024w, https:\/\/www.ipgh.org\/mx\/wp-content\/uploads\/2023\/10\/HCMilitar_7-_11_10_2023-300x169.jpg 300w, https:\/\/www.ipgh.org\/mx\/wp-content\/uploads\/2023\/10\/HCMilitar_7-_11_10_2023-768x432.jpg 768w, https:\/\/www.ipgh.org\/mx\/wp-content\/uploads\/2023\/10\/HCMilitar_7-_11_10_2023-1536x863.jpg 1536w, https:\/\/www.ipgh.org\/mx\/wp-content\/uploads\/2023\/10\/HCMilitar_7-_11_10_2023.jpg 1600w\" sizes=\"(max-width: 890px) 100vw, 890px\" \/><\/figure><\/div>\n\n\n<div style=\"height:28px\" aria-hidden=\"true\" class=\"wp-block-spacer\"><\/div>\n\n\n\n<p class=\"has-text-align-center\" style=\"font-size:25px\"><strong>&#8220;La Ciencia al Servicio de la Paz&#8221;<\/strong><\/p>\n\n\n<div class=\"wp-block-image\">\n<figure class=\"aligncenter size-full\"><img decoding=\"async\" loading=\"lazy\" width=\"162\" height=\"38\" src=\"https:\/\/www.ipgh.org\/mx\/wp-content\/uploads\/2023\/10\/vineta-1.jpg\" alt=\"\" class=\"wp-image-6426\"\/><\/figure><\/div>","protected":false},"excerpt":{"rendered":"<p>Participaci\u00f3n del Instituto Panamericano de Geograf\u00eda e Historia ________________________________________________________________________________________ El pasado 11 de octubre, el Heroico Colegio Militar de M\u00e9xico, celebr\u00f3 el Bicentenario de su fundaci\u00f3n, por lo que se llev\u00f3 a cabo una ceremonia en el lugar donde vio su g\u00e9nesis, la Fortaleza de San Carlos en la ciudad de Perote, Veracruz, con una <a class=\"read-more\" href=\"https:\/\/www.ipgh.org\/mx\/?page_id=6407\">LEER M\u00c1S<\/a><\/p>\n","protected":false},"author":1,"featured_media":0,"parent":0,"menu_order":0,"comment_status":"closed","ping_status":"closed","template":"","meta":{"footnotes":""},"_links":{"self":[{"href":"https:\/\/www.ipgh.org\/mx\/index.php?rest_route=\/wp\/v2\/pages\/6407"}],"collection":[{"href":"https:\/\/www.ipgh.org\/mx\/index.php?rest_route=\/wp\/v2\/pages"}],"about":[{"href":"https:\/\/www.ipgh.org\/mx\/index.php?rest_route=\/wp\/v2\/types\/page"}],"author":[{"embeddable":true,"href":"https:\/\/www.ipgh.org\/mx\/index.php?rest_route=\/wp\/v2\/users\/1"}],"replies":[{"embeddable":true,"href":"https:\/\/www.ipgh.org\/mx\/index.php?rest_route=%2Fwp%2Fv2%2Fcomments&post=6407"}],"version-history":[{"count":4,"href":"https:\/\/www.ipgh.org\/mx\/index.php?rest_route=\/wp\/v2\/pages\/6407\/revisions"}],"predecessor-version":[{"id":6427,"href":"https:\/\/www.ipgh.org\/mx\/index.php?rest_route=\/wp\/v2\/pages\/6407\/revisions\/6427"}],"wp:attachment":[{"href":"https:\/\/www.ipgh.org\/mx\/index.php?rest_route=%2Fwp%2Fv2%2Fmedia&parent=6407"}],"curies":[{"name":"wp","href":"https:\/\/api.w.org\/{rel}","templated":true}]}}