{"id":6479,"date":"2023-11-28T10:54:21","date_gmt":"2023-11-28T16:54:21","guid":{"rendered":"https:\/\/www.ipgh.org\/mx\/?page_id=6479"},"modified":"2024-10-03T09:48:51","modified_gmt":"2024-10-03T14:48:51","slug":"red-profesional-panamericana","status":"publish","type":"page","link":"https:\/\/www.ipgh.org\/mx\/?page_id=6479","title":{"rendered":"Red Profesional Panamericana"},"content":{"rendered":"\n<figure class=\"wp-block-image size-large\"><img decoding=\"async\" loading=\"lazy\" width=\"1024\" height=\"156\" src=\"https:\/\/www.ipgh.org\/mx\/wp-content\/uploads\/2023\/11\/Cabeza_RPP-1024x156.jpg\" alt=\"\" class=\"wp-image-6483\" srcset=\"https:\/\/www.ipgh.org\/mx\/wp-content\/uploads\/2023\/11\/Cabeza_RPP-1024x156.jpg 1024w, https:\/\/www.ipgh.org\/mx\/wp-content\/uploads\/2023\/11\/Cabeza_RPP-300x46.jpg 300w, https:\/\/www.ipgh.org\/mx\/wp-content\/uploads\/2023\/11\/Cabeza_RPP-768x117.jpg 768w, https:\/\/www.ipgh.org\/mx\/wp-content\/uploads\/2023\/11\/Cabeza_RPP-1536x234.jpg 1536w, https:\/\/www.ipgh.org\/mx\/wp-content\/uploads\/2023\/11\/Cabeza_RPP-2048x312.jpg 2048w\" sizes=\"(max-width: 1024px) 100vw, 1024px\" \/><\/figure>\n\n\n\n<p class=\"has-medium-font-size\">Con el prop\u00f3sito de incrementar los v\u00ednculos entre el Instituto Panamericano de Geograf\u00eda e Historia y los profesionales interesados en sus ciencias afines y para propiciar acciones que estimulen su desarrollo, se ha establecido la \u201cRed Profesional Panamericana (RPP)\u201d que es administrada por la Secretar\u00eda General del Instituto.<\/p>\n\n\n\n<p class=\"has-medium-font-size\">La base de datos de la Red Profesional Panamericana no es compartida con terceros y constituye un sitio seguro.<\/p>\n\n\n\n<iframe loading=\"lazy\" src=\"https:\/\/docs.google.com\/forms\/d\/e\/1FAIpQLSfjVdr2mc9p9TCSvtw78PF2-0Pg3PYeXbM4KdBv7YKvgzWvnA\/viewform?embedded=true\" width=\"860\" height=\"1886\" frameborder=\"0\" marginheight=\"0\" marginwidth=\"0\">Cargando\u2026<\/iframe>\n","protected":false},"excerpt":{"rendered":"<p>Con el prop\u00f3sito de incrementar los v\u00ednculos entre el Instituto Panamericano de Geograf\u00eda e Historia y los profesionales interesados en sus ciencias afines y para propiciar acciones que estimulen su desarrollo, se ha establecido la \u201cRed Profesional Panamericana (RPP)\u201d que es administrada por la Secretar\u00eda General del Instituto. La base de datos de la Red <a class=\"read-more\" href=\"https:\/\/www.ipgh.org\/mx\/?page_id=6479\">LEER M\u00c1S<\/a><\/p>\n","protected":false},"author":1,"featured_media":0,"parent":334,"menu_order":5,"comment_status":"closed","ping_status":"closed","template":"template-full-width.php","meta":{"footnotes":""},"_links":{"self":[{"href":"https:\/\/www.ipgh.org\/mx\/index.php?rest_route=\/wp\/v2\/pages\/6479"}],"collection":[{"href":"https:\/\/www.ipgh.org\/mx\/index.php?rest_route=\/wp\/v2\/pages"}],"about":[{"href":"https:\/\/www.ipgh.org\/mx\/index.php?rest_route=\/wp\/v2\/types\/page"}],"author":[{"embeddable":true,"href":"https:\/\/www.ipgh.org\/mx\/index.php?rest_route=\/wp\/v2\/users\/1"}],"replies":[{"embeddable":true,"href":"https:\/\/www.ipgh.org\/mx\/index.php?rest_route=%2Fwp%2Fv2%2Fcomments&post=6479"}],"version-history":[{"count":7,"href":"https:\/\/www.ipgh.org\/mx\/index.php?rest_route=\/wp\/v2\/pages\/6479\/revisions"}],"predecessor-version":[{"id":8950,"href":"https:\/\/www.ipgh.org\/mx\/index.php?rest_route=\/wp\/v2\/pages\/6479\/revisions\/8950"}],"up":[{"embeddable":true,"href":"https:\/\/www.ipgh.org\/mx\/index.php?rest_route=\/wp\/v2\/pages\/334"}],"wp:attachment":[{"href":"https:\/\/www.ipgh.org\/mx\/index.php?rest_route=%2Fwp%2Fv2%2Fmedia&parent=6479"}],"curies":[{"name":"wp","href":"https:\/\/api.w.org\/{rel}","templated":true}]}}