{"id":6500,"date":"2024-06-03T15:31:00","date_gmt":"2024-06-03T20:31:00","guid":{"rendered":"https:\/\/www.ipgh.org\/mx\/?page_id=6500"},"modified":"2025-07-04T09:23:18","modified_gmt":"2025-07-04T15:23:18","slug":"terceras-jornadas-academicas-del-congreso-americano-de-la-libertad-en-la-ciudad-bogota-republica-de-colombia","status":"publish","type":"page","link":"https:\/\/www.ipgh.org\/mx\/?page_id=6500","title":{"rendered":"Terceras Jornadas Acad\u00e9micas del Congreso Americano de la Libertad en la Ciudad Bogot\u00e1, Rep\u00fablica de Colombia."},"content":{"rendered":"\n<p class=\"has-medium-font-size\">El pasado viernes 26 de abril dieron inicio las Terceras Jornadas Acad\u00e9micas del Congreso Americano de la Libertad.<\/p>\n\n\n\n<p class=\"has-medium-font-size\">Este trascendente evento se llev\u00f3 a cabo en las instalaciones de la Academia Colombiana de Historia en la ciudad de Bogot\u00e1, Rep\u00fablica de Colombia.<\/p>\n\n\n\n<p>Ponemos a sus disposici\u00f3n la versi\u00f3n electr\u00f3nica de las memorias de estas Jornadas:<\/p>\n\n\n<div class=\"wp-block-image\">\n<figure class=\"aligncenter size-full is-resized\"><a href=\"https:\/\/www.ipgh.org\/mx\/wp-content\/uploads\/2025\/06\/TercerasJornadasCongresoLibertad_web.pdf\" target=\"_blank\" rel=\"noreferrer noopener\"><img decoding=\"async\" loading=\"lazy\" src=\"https:\/\/www.ipgh.org\/mx\/wp-content\/uploads\/2025\/06\/TercerasJornadas_FORROS.png\" alt=\"\" class=\"wp-image-10727\" style=\"width:230px;height:319px\" width=\"230\" height=\"319\" srcset=\"https:\/\/www.ipgh.org\/mx\/wp-content\/uploads\/2025\/06\/TercerasJornadas_FORROS.png 567w, https:\/\/www.ipgh.org\/mx\/wp-content\/uploads\/2025\/06\/TercerasJornadas_FORROS-216x300.png 216w\" sizes=\"(max-width: 230px) 100vw, 230px\" \/><\/a><\/figure><\/div>\n\n\n<hr class=\"wp-block-separator has-alpha-channel-opacity\"\/>\n\n\n\n<div class=\"wp-block-columns is-layout-flex wp-container-3 wp-block-columns-is-layout-flex\">\n<div class=\"wp-block-column is-layout-flow wp-block-column-is-layout-flow\">\n<p class=\"has-large-font-size\"><strong>Jornada del 25 de abril<\/strong><\/p>\n<\/div>\n\n\n\n<div class=\"wp-block-column is-layout-flow wp-block-column-is-layout-flow\">\n<figure class=\"wp-block-embed is-type-video is-provider-youtube wp-block-embed-youtube wp-embed-aspect-16-9 wp-has-aspect-ratio\"><div class=\"wp-block-embed__wrapper\">\n<iframe loading=\"lazy\" title=\"Terceras Jornadas del Congreso Americano de la Libertad. Conferencia 25 de Abril del 2024\" width=\"837\" height=\"471\" src=\"https:\/\/www.youtube.com\/embed\/SWbw1kyS_oY?feature=oembed\" frameborder=\"0\" allow=\"accelerometer; autoplay; clipboard-write; encrypted-media; gyroscope; picture-in-picture; web-share\" referrerpolicy=\"strict-origin-when-cross-origin\" allowfullscreen><\/iframe>\n<\/div><\/figure>\n<\/div>\n<\/div>\n\n\n\n<hr class=\"wp-block-separator has-alpha-channel-opacity\"\/>\n\n\n\n<div class=\"wp-block-columns is-layout-flex wp-container-6 wp-block-columns-is-layout-flex\">\n<div class=\"wp-block-column is-layout-flow wp-block-column-is-layout-flow\">\n<p class=\"has-large-font-size\"><strong>Jornada del 26 de abril<\/strong><\/p>\n<\/div>\n\n\n\n<div class=\"wp-block-column is-layout-flow wp-block-column-is-layout-flow\">\n<figure class=\"wp-block-embed is-type-video is-provider-youtube wp-block-embed-youtube wp-embed-aspect-16-9 wp-has-aspect-ratio\"><div class=\"wp-block-embed__wrapper\">\n<iframe loading=\"lazy\" title=\"Terceras Jornadas del Congreso Americano de la Libertad. Conferencia 26 de Abril del 2024\" width=\"837\" height=\"471\" src=\"https:\/\/www.youtube.com\/embed\/2ZkP5K6Zm9Q?start=11&#038;feature=oembed\" frameborder=\"0\" allow=\"accelerometer; autoplay; clipboard-write; encrypted-media; gyroscope; picture-in-picture; web-share\" referrerpolicy=\"strict-origin-when-cross-origin\" allowfullscreen><\/iframe>\n<\/div><\/figure>\n<\/div>\n<\/div>\n","protected":false},"excerpt":{"rendered":"<p>El pasado viernes 26 de abril dieron inicio las Terceras Jornadas Acad\u00e9micas del Congreso Americano de la Libertad. Este trascendente evento se llev\u00f3 a cabo en las instalaciones de la Academia Colombiana de Historia en la ciudad de Bogot\u00e1, Rep\u00fablica de Colombia. Ponemos a sus disposici\u00f3n la versi\u00f3n electr\u00f3nica de las memorias de estas Jornadas: <a class=\"read-more\" href=\"https:\/\/www.ipgh.org\/mx\/?page_id=6500\">LEER M\u00c1S<\/a><\/p>\n","protected":false},"author":1,"featured_media":0,"parent":0,"menu_order":0,"comment_status":"closed","ping_status":"closed","template":"","meta":{"footnotes":""},"_links":{"self":[{"href":"https:\/\/www.ipgh.org\/mx\/index.php?rest_route=\/wp\/v2\/pages\/6500"}],"collection":[{"href":"https:\/\/www.ipgh.org\/mx\/index.php?rest_route=\/wp\/v2\/pages"}],"about":[{"href":"https:\/\/www.ipgh.org\/mx\/index.php?rest_route=\/wp\/v2\/types\/page"}],"author":[{"embeddable":true,"href":"https:\/\/www.ipgh.org\/mx\/index.php?rest_route=\/wp\/v2\/users\/1"}],"replies":[{"embeddable":true,"href":"https:\/\/www.ipgh.org\/mx\/index.php?rest_route=%2Fwp%2Fv2%2Fcomments&post=6500"}],"version-history":[{"count":5,"href":"https:\/\/www.ipgh.org\/mx\/index.php?rest_route=\/wp\/v2\/pages\/6500\/revisions"}],"predecessor-version":[{"id":10820,"href":"https:\/\/www.ipgh.org\/mx\/index.php?rest_route=\/wp\/v2\/pages\/6500\/revisions\/10820"}],"wp:attachment":[{"href":"https:\/\/www.ipgh.org\/mx\/index.php?rest_route=%2Fwp%2Fv2%2Fmedia&parent=6500"}],"curies":[{"name":"wp","href":"https:\/\/api.w.org\/{rel}","templated":true}]}}