{"id":6502,"date":"2024-01-05T13:23:12","date_gmt":"2024-01-05T19:23:12","guid":{"rendered":"https:\/\/www.ipgh.org\/mx\/?page_id=6502"},"modified":"2024-09-27T13:39:01","modified_gmt":"2024-09-27T18:39:01","slug":"asamblea-general-2-2","status":"publish","type":"page","link":"https:\/\/www.ipgh.org\/mx\/?page_id=6502","title":{"rendered":"24\u00aa Asamblea General"},"content":{"rendered":"\n<p><\/p>\n\n\n\n<figure class=\"wp-block-image size-large is-resized\"><img decoding=\"async\" loading=\"lazy\" src=\"https:\/\/www.ipgh.org\/mx\/wp-content\/uploads\/2023\/07\/WhatsApp-Image-2023-07-28-at-12.28.07-1024x340.jpeg\" alt=\"\" class=\"wp-image-6128\" style=\"width:1140px;height:379px\" width=\"1140\" height=\"379\" srcset=\"https:\/\/www.ipgh.org\/mx\/wp-content\/uploads\/2023\/07\/WhatsApp-Image-2023-07-28-at-12.28.07-1024x340.jpeg 1024w, https:\/\/www.ipgh.org\/mx\/wp-content\/uploads\/2023\/07\/WhatsApp-Image-2023-07-28-at-12.28.07-300x100.jpeg 300w, https:\/\/www.ipgh.org\/mx\/wp-content\/uploads\/2023\/07\/WhatsApp-Image-2023-07-28-at-12.28.07-768x255.jpeg 768w, https:\/\/www.ipgh.org\/mx\/wp-content\/uploads\/2023\/07\/WhatsApp-Image-2023-07-28-at-12.28.07-1536x510.jpeg 1536w, https:\/\/www.ipgh.org\/mx\/wp-content\/uploads\/2023\/07\/WhatsApp-Image-2023-07-28-at-12.28.07.jpeg 1600w\" sizes=\"(max-width: 1140px) 100vw, 1140px\" \/><\/figure>\n\n\n\n<p style=\"font-size:22px\">Del 1 al 3 de noviembre de 2023, en la hist\u00f3rica ciudad de Santo Domingo, Rep\u00fablica Dominicana, se reunieron expertos, autoridades y l\u00edderes en el campo de la geograf\u00eda, la historia y las ciencias de la Tierra, para abordar temas fundamentales y relevantes para la regi\u00f3n panamericana.<\/p>\n\n\n\n<div class=\"wp-block-group alignfull has-background is-layout-flow wp-block-group-is-layout-flow\" style=\"background-color:#14346c\"><div class=\"wp-block-group__inner-container\">\n<div class=\"wp-block-columns alignwide is-layout-flex wp-container-5 wp-block-columns-is-layout-flex\">\n<div class=\"wp-block-column is-layout-flow wp-block-column-is-layout-flow\" style=\"flex-basis:50%\">\n<figure class=\"wp-block-image size-full is-resized\"><img decoding=\"async\" loading=\"lazy\" src=\"https:\/\/www.ipgh.org\/mx\/wp-content\/uploads\/2023\/07\/AG-2.jpeg\" alt=\"\" class=\"wp-image-6146\" style=\"width:499px;height:172px\" width=\"499\" height=\"172\" srcset=\"https:\/\/www.ipgh.org\/mx\/wp-content\/uploads\/2023\/07\/AG-2-300x104.jpeg 300w, https:\/\/www.ipgh.org\/mx\/wp-content\/uploads\/2023\/07\/AG-2-768x267.jpeg 768w\" sizes=\"(max-width: 499px) 100vw, 499px\" \/><\/figure>\n<\/div>\n\n\n\n<div class=\"wp-block-column is-vertically-aligned-center is-layout-flow wp-block-column-is-layout-flow\" style=\"flex-basis:50%\">\n<hr class=\"wp-block-separator has-text-color has-alpha-channel-opacity has-background is-style-wide\" style=\"background-color:#f1cc64;color:#f1cc64\"\/>\n\n\n\n<div class=\"wp-block-group alignfull is-layout-constrained wp-block-group-is-layout-constrained\"><div class=\"wp-block-group__inner-container\">\n<div class=\"wp-block-buttons is-layout-flex wp-block-buttons-is-layout-flex\">\n<div class=\"wp-block-button has-custom-font-size is-style-outline has-small-font-size\"><a class=\"wp-block-button__link has-white-background-color has-text-color has-background wp-element-button\" href=\"https:\/\/www.ipgh.org\/mx\/?page_id=6758\" style=\"border-radius:10px;color:#15336c;padding-top:10px;padding-bottom:10px\" target=\"_blank\" rel=\"noreferrer noopener\">        <strong><mark style=\"background-color:#ffffff\" class=\"has-inline-color has-luminous-vivid-orange-color\">Resoluciones aprobadas<\/mark><\/strong>       <\/a><\/div>\n\n\n\n<div class=\"wp-block-button has-custom-font-size is-style-outline has-small-font-size\"><a class=\"wp-block-button__link has-white-background-color has-text-color has-background wp-element-button\" href=\"https:\/\/www.ipgh.org\/mx\/?page_id=6758\" style=\"border-radius:10px;color:#15336c;padding-top:10px;padding-bottom:10px\" target=\"_blank\" rel=\"noreferrer noopener\">         <strong><mark style=\"background-color:rgba(0, 0, 0, 0)\" class=\"has-inline-color has-luminous-vivid-orange-color\">Resolutions Approved<\/mark><\/strong>        <\/a><\/div>\n<\/div>\n<\/div><\/div>\n<\/div>\n<\/div>\n\n\n\n<div style=\"height:27px\" aria-hidden=\"true\" class=\"wp-block-spacer\"><\/div>\n\n\n\n<div class=\"wp-block-columns is-layout-flex wp-container-9 wp-block-columns-is-layout-flex\">\n<div class=\"wp-block-column is-layout-flow wp-block-column-is-layout-flow\"><\/div>\n\n\n\n<div class=\"wp-block-column is-layout-flow wp-block-column-is-layout-flow\">\n<div class=\"wp-block-buttons is-content-justification-center is-layout-flex wp-container-7 wp-block-buttons-is-layout-flex\">\n<div class=\"wp-block-button has-custom-font-size has-small-font-size\"><a class=\"wp-block-button__link has-luminous-vivid-orange-color has-white-background-color has-text-color has-background has-link-color wp-element-button\" href=\"https:\/\/www.ipgh.org\/mx\/?page_id=6339\" style=\"border-radius:8px;padding-top:10px;padding-right:var(--wp--preset--spacing--30);padding-bottom:10px;padding-left:var(--wp--preset--spacing--30)\" target=\"_blank\" rel=\"noreferrer noopener\"><strong>Informes de Secciones Nacionales<\/strong><\/a><\/div>\n<\/div>\n<\/div>\n<\/div>\n\n\n\n<div style=\"height:29px\" aria-hidden=\"true\" class=\"wp-block-spacer\"><\/div>\n\n\n\n<div class=\"wp-block-columns alignwide is-layout-flex wp-container-23 wp-block-columns-is-layout-flex\">\n<div class=\"wp-block-column is-vertically-aligned-top is-layout-flow wp-block-column-is-layout-flow\">\n<p class=\"has-white-color has-text-color\" style=\"font-size:15px\">Del 1 al 3 de noviembre, en la ciudad de Santo Domingo, Rep\u00fablica Dominicana, los representantes de los Estados Miembros del Instituto Panamericano de Geograf\u00eda e Historia (IPGH) se reunir\u00e1n en la <strong>24\u00aa Asamblea General<\/strong> para tomar decisiones importantes, establecer directrices y fomentar la colaboraci\u00f3n internacional, con el fin de seguir promoviendo el desarrollo de las ciencias geogr\u00e1ficas y de la historia.<\/p>\n\n\n\n<p><\/p>\n\n\n\n<div class=\"wp-block-buttons is-layout-flex wp-block-buttons-is-layout-flex\">\n<div class=\"wp-block-button has-custom-width wp-block-button__width-100 has-custom-font-size has-small-font-size\"><a class=\"wp-block-button__link has-black-color has-white-background-color has-text-color has-background has-link-color has-text-align-center wp-element-button\" style=\"border-radius:10px;padding-top:10px;padding-right:8px;padding-bottom:10px;padding-left:8px\"><strong><strong>Inauguraci\u00f3n<\/strong><\/strong><\/a><\/div>\n<\/div>\n\n\n\n<div style=\"height:12px\" aria-hidden=\"true\" class=\"wp-block-spacer\"><\/div>\n\n\n\n<div class=\"wp-block-columns is-layout-flex wp-container-13 wp-block-columns-is-layout-flex\">\n<div class=\"wp-block-column is-layout-flow wp-block-column-is-layout-flow\">\n<p class=\"has-white-color has-text-color\" style=\"font-size:15px\">Con la asistencia de las Autoridades del Instituto Panamericano de Geograf\u00eda e Historia, el  30 de octubre iniciaron los trabajos de las Reuniones Estatutarias 2023 de este organismo especializado de la OEA.<br><\/p>\n\n\n\n<p class=\"has-white-color has-text-color\" style=\"font-size:15px\">Los d\u00edas siguientes se llevaron a cabo la 100\u00aa Reuni\u00f3n de Autoridades, la 5\u00aa Reuni\u00f3n T\u00e9cnica Conjunta de las Comisiones y la 24\u00aa Asamblea General, adem\u00e1s del Congreso Dominicano de Ciencias Geogr\u00e1ficas, todo ello en la maravillosa ciudad de Santo Domingo, Rep\u00fablica Dominicana. <br><\/p>\n\n\n\n<p class=\"has-white-color has-text-color\" style=\"font-size:15px\">En la imagen, de izquierda a derecha: Dr. Hermann Manr\u00edquez Tirado, Presidente de la Comisi\u00f3n de Geograf\u00eda; Dr. Mario Ruiz Romero, Presidente de la Comisi\u00f3n de Geof\u00edsica; Mtro. Antonio Campuzano Rosales, Secretario General; Dra. Patricia Sol\u00eds, Presidente; Lic. Pahola M\u00e9ndez Mata, Vicepresidente; Dr. Filiberto Cruz S\u00e1nchez, Presidente de la Comisi\u00f3n de Historia; y MSc. Max Lobo Hern\u00e1ndez.<\/p>\n\n\n\n<hr class=\"wp-block-separator has-alpha-channel-opacity\"\/>\n<\/div>\n\n\n\n<div class=\"wp-block-column is-layout-flow wp-block-column-is-layout-flow\"><div class=\"wp-block-image\">\n<figure class=\"aligncenter size-large\"><img decoding=\"async\" loading=\"lazy\" width=\"1024\" height=\"682\" src=\"https:\/\/www.ipgh.org\/mx\/wp-content\/uploads\/2023\/12\/Inauguracion01-1024x682.jpg\" alt=\"\" class=\"wp-image-6503\" srcset=\"https:\/\/www.ipgh.org\/mx\/wp-content\/uploads\/2023\/12\/Inauguracion01-1024x682.jpg 1024w, https:\/\/www.ipgh.org\/mx\/wp-content\/uploads\/2023\/12\/Inauguracion01-300x200.jpg 300w, https:\/\/www.ipgh.org\/mx\/wp-content\/uploads\/2023\/12\/Inauguracion01-768x512.jpg 768w, https:\/\/www.ipgh.org\/mx\/wp-content\/uploads\/2023\/12\/Inauguracion01.jpg 1454w\" sizes=\"(max-width: 1024px) 100vw, 1024px\" \/><\/figure><\/div><\/div>\n<\/div>\n\n\n\n<div class=\"wp-block-columns is-layout-flex wp-container-16 wp-block-columns-is-layout-flex\">\n<div class=\"wp-block-column is-layout-flow wp-block-column-is-layout-flow\">\n<figure class=\"wp-block-embed aligncenter is-type-video is-provider-youtube wp-block-embed-youtube wp-embed-aspect-16-9 wp-has-aspect-ratio\"><div class=\"wp-block-embed__wrapper\">\n<iframe loading=\"lazy\" title=\"24a Asamblea General del Instituto Panamericano de Geograf\u00eda e Historia\" width=\"837\" height=\"471\" src=\"https:\/\/www.youtube.com\/embed\/OZx02q0PwLY?feature=oembed\" frameborder=\"0\" allow=\"accelerometer; autoplay; clipboard-write; encrypted-media; gyroscope; picture-in-picture; web-share\" referrerpolicy=\"strict-origin-when-cross-origin\" allowfullscreen><\/iframe>\n<\/div><\/figure>\n\n\n\n<hr class=\"wp-block-separator has-alpha-channel-opacity\"\/>\n<\/div>\n\n\n\n<div class=\"wp-block-column is-layout-flow wp-block-column-is-layout-flow\">\n<p class=\"has-white-color has-text-color\" style=\"font-size:15px\">En el marco de la 24\u00aa Asamblea General del Instituto Panamericano de Geograf\u00eda e Historia, el 30 de octubre se llev\u00f3 a cabo la inauguraci\u00f3n de la 100\u00aa Reuni\u00f3n de Autoridades y de la 5\u00aa Reuni\u00f3n T\u00e9cnica Conjunta de las Comisiones. Durante el evento protocolario, los anfitriones dieron la cordial bienvenida a las Autoridades del IPGH, colegas, cient\u00edficos y directivos de Am\u00e9rica.<\/p>\n\n\n\n<p class=\"has-white-color has-text-color\" style=\"font-size:15px\">En representaci\u00f3n del Gobierno de <a href=\"https:\/\/www.facebook.com\/hashtag\/repu%CC%81blicadominicana?__eep__=6&amp;__cft__[0]=AZUWag-a33Sm8cHT169wKXbfyCEloOy3U9p8rb_LeItDAD4t17uW6ZdTq_U9-DwSNLg20WUYinOdM9OcmH7r5oJS9BGMgn5WaT8JkQ4hDoLJ2xgJ5I8NRsVF3EgC_EuIG0hmuFiRAC49-8VHwnxn2nFIw2SVh8x9_V98lSF2EmNM3NrxlUaP7JqFEjNFw6kAIJQ&amp;__tn__=*NK-R\">#Rep\u00fablicaDominicana<\/a>, presidieron el acto, Viceministro de An\u00e1lisis Econ\u00f3mico y Social, Dr. Alexis Cruz; Embajador Tem\u00e1tico del Viceministro de Asuntos de Pol\u00edtica Exterior Multilateral, Emb. N\u00e9stor Cer\u00f3n; y Lic. Bol\u00edvar Troncoso Morales, Presidente de la Secci\u00f3n Nacional de <a href=\"https:\/\/www.facebook.com\/hashtag\/ipgh?__eep__=6&amp;__cft__[0]=AZUWag-a33Sm8cHT169wKXbfyCEloOy3U9p8rb_LeItDAD4t17uW6ZdTq_U9-DwSNLg20WUYinOdM9OcmH7r5oJS9BGMgn5WaT8JkQ4hDoLJ2xgJ5I8NRsVF3EgC_EuIG0hmuFiRAC49-8VHwnxn2nFIw2SVh8x9_V98lSF2EmNM3NrxlUaP7JqFEjNFw6kAIJQ&amp;__tn__=*NK-R\">#IPGH<\/a> de este pa\u00eds y Director del Instituto Geogr\u00e1fico Nacional Jos\u00e9 Joaqu\u00edn Hungr\u00eda Morell. <\/p>\n\n\n\n<p class=\"has-white-color has-text-color\" style=\"font-size:15px\">Durante este primer d\u00eda de trabajo se realiz\u00f3 la entrega de certificados que acreditan a las Autoridades en el cargo que actualmente ocupan en este organismo internacional. Adem\u00e1s, el Secretario General del IPGH, Maestro Antonio Campuzano, recibi\u00f3 de manos del Presidente de la Secci\u00f3n Nacional de Rep\u00fablica Dominicana, una placa de reconocimiento al Instituto. <\/p>\n\n\n\n<p class=\"has-white-color has-text-color\" style=\"font-size:15px\">En el transcurso de la tarde se continu\u00f3 con el desarrollo de la agenda de trabajo programada.<\/p>\n<\/div>\n<\/div>\n\n\n\n<div class=\"wp-block-columns is-layout-flex wp-container-21 wp-block-columns-is-layout-flex\">\n<div class=\"wp-block-column is-layout-flow wp-block-column-is-layout-flow\">\n<p class=\"has-white-color has-text-color\" style=\"font-size:15px\"><\/p>\n\n\n\n<div class=\"wp-block-columns is-layout-flex wp-container-19 wp-block-columns-is-layout-flex\">\n<div class=\"wp-block-column is-layout-flow wp-block-column-is-layout-flow\">\n<p><\/p>\n\n\n\n<p><\/p>\n\n\n\n<p class=\"has-white-color has-text-color\" style=\"font-size:15px\">El d\u00eda 1 de noviembre se llev\u00f3 a cabo el acto protocolario que marc\u00f3 el inicio de la agenda de trabajo de la 24\u00aa Asamblea General del Instituto Panamericano de Geograf\u00eda e Historia, en Santo Domingo, Rep\u00fablica Dominicana, 1 y 2 de noviembre de 2023. <\/p>\n\n\n\n<p class=\"has-white-color has-text-color\" style=\"font-size:15px\">La Inauguraci\u00f3n estuvo presidida por el Doctor Alexis Cruz, Viceministro de An\u00e1lisis Econ\u00f3mico y Social del Ministerio de Econom\u00eda, Planificaci\u00f3n y Desarrollo del gobierno de  Rep\u00fablica Dominicana, as\u00ed como de las Autoridades del IPGH y del Presidente de la Secci\u00f3n Nacional del pa\u00eds anfitri\u00f3n.<\/p>\n<\/div>\n\n\n\n<div class=\"wp-block-column is-layout-flow wp-block-column-is-layout-flow\">\n<figure class=\"wp-block-image size-large\"><img decoding=\"async\" loading=\"lazy\" width=\"1024\" height=\"682\" src=\"https:\/\/www.ipgh.org\/mx\/wp-content\/uploads\/2023\/12\/Inauguracion02-1024x682.jpg\" alt=\"\" class=\"wp-image-6511\" srcset=\"https:\/\/www.ipgh.org\/mx\/wp-content\/uploads\/2023\/12\/Inauguracion02-1024x682.jpg 1024w, https:\/\/www.ipgh.org\/mx\/wp-content\/uploads\/2023\/12\/Inauguracion02-300x200.jpg 300w, https:\/\/www.ipgh.org\/mx\/wp-content\/uploads\/2023\/12\/Inauguracion02-768x512.jpg 768w, https:\/\/www.ipgh.org\/mx\/wp-content\/uploads\/2023\/12\/Inauguracion02-1536x1023.jpg 1536w, https:\/\/www.ipgh.org\/mx\/wp-content\/uploads\/2023\/12\/Inauguracion02.jpg 1600w\" sizes=\"(max-width: 1024px) 100vw, 1024px\" \/><\/figure>\n<\/div>\n<\/div>\n<\/div>\n<\/div>\n<\/div>\n<\/div>\n\n\n\n<div style=\"height:40px\" aria-hidden=\"true\" class=\"wp-block-spacer\"><\/div>\n<\/div><\/div>\n\n\n\n<div style=\"height:33px\" aria-hidden=\"true\" class=\"wp-block-spacer\"><\/div>\n\n\n\n<div class=\"wp-block-group alignfull has-background is-layout-flow wp-block-group-is-layout-flow\" style=\"background-color:#14346c\"><div class=\"wp-block-group__inner-container\">\n<div style=\"height:70px\" aria-hidden=\"true\" class=\"wp-block-spacer\"><\/div>\n\n\n\n<div class=\"wp-block-columns alignwide is-layout-flex wp-container-27 wp-block-columns-is-layout-flex\">\n<div class=\"wp-block-column is-layout-flow wp-block-column-is-layout-flow\" style=\"flex-basis:50%\">\n<figure class=\"wp-block-image size-full\"><img decoding=\"async\" loading=\"lazy\" width=\"822\" height=\"286\" src=\"https:\/\/www.ipgh.org\/mx\/wp-content\/uploads\/2023\/07\/rtc-1.jpeg\" alt=\"\" class=\"wp-image-6148\" srcset=\"https:\/\/www.ipgh.org\/mx\/wp-content\/uploads\/2023\/07\/rtc-1.jpeg 822w, https:\/\/www.ipgh.org\/mx\/wp-content\/uploads\/2023\/07\/rtc-1-300x104.jpeg 300w, https:\/\/www.ipgh.org\/mx\/wp-content\/uploads\/2023\/07\/rtc-1-768x267.jpeg 768w\" sizes=\"(max-width: 822px) 100vw, 822px\" \/><\/figure>\n<\/div>\n\n\n\n<div class=\"wp-block-column is-vertically-aligned-center is-layout-flow wp-block-column-is-layout-flow\" style=\"flex-basis:50%\">\n<hr class=\"wp-block-separator has-text-color has-alpha-channel-opacity has-background is-style-wide\" style=\"background-color:#f1cc64;color:#f1cc64\"\/>\n<\/div>\n<\/div>\n\n\n\n<div class=\"wp-block-columns alignwide is-layout-flex wp-container-32 wp-block-columns-is-layout-flex\">\n<div class=\"wp-block-column is-vertically-aligned-top is-layout-flow wp-block-column-is-layout-flow\">\n<div class=\"wp-block-columns is-layout-flex wp-container-30 wp-block-columns-is-layout-flex\">\n<div class=\"wp-block-column is-layout-flow wp-block-column-is-layout-flow\">\n<p class=\"has-white-color has-text-color\" style=\"font-size:15px\">En el marco de la 24\u00aa Asamblea General del <a rel=\"noreferrer noopener\" href=\"https:\/\/www.facebook.com\/IPGH.PAIGH?__cft__[0]=AZVOlIGLWcqjYEw5tks9v_ZRDyffxXyrd8E0ny41L2eGrjQs0QVXrjH0mfKGxZ0kOV-TBbIo_QvYD2HkgbrfetbzkDyDTwI6cIefNLWBScNwtFghP41M6qrq8h1e6Q-Z7cQQOlGOCGz8eZJDG4gefp9Jg7LxbzpnUb3Y9ecVsHyLZQ&amp;__tn__=-]K-R\" target=\"_blank\">IPGH &#8211; Instituto Panamericano de Geograf\u00eda e Historia<\/a> , se llev\u00f3 a cabo la instalaci\u00f3n de las mesas de trabajo de la 5\u00aa Reuni\u00f3n T\u00e9cnica de las Comisiones de este organismo cient\u00edfico, en Rep\u00fablica Dominicana, pa\u00eds miembro.<\/p>\n\n\n\n<p class=\"has-white-color has-text-color\" style=\"font-size:15px\">El Licenciado Bol\u00edvar Troncoso, Presidente de la Secci\u00f3n Nacional del pa\u00eds anfitri\u00f3n, augur\u00f3 \u00e9xito a los cient\u00edficos y especialistas en las \u00e1reas de cartograf\u00eda, geograf\u00eda, historia, geof\u00edsica y ciencias afines, que acudieron a esta invitaci\u00f3n, tanto presencial como virtualmente; con lo anterior, quedaron inauguradas las actividades para los d\u00edas 30 y 31 de octubre.<\/p>\n\n\n\n<p class=\"has-white-color has-text-color\" style=\"font-size:15px\">Igualmente, la Presidente, Doctora Patricia Sol\u00eds y el Secretario General, Maestro Antonio Campuzano, dieron una c\u00e1lida bienvenida a los Presidentes de las Comisiones, as\u00ed como a los integrantes de los Comit\u00e9s y Grupos de Trabajo, entre otros invitados.<\/p>\n\n\n\n<p class=\"has-white-color has-text-color\" style=\"font-size:15px\">Estas reuniones son de trascendencia, pues permiten la relaci\u00f3n entre las comisiones con el fin de realizar proyectos en conjunto en el marco del Programa de Asistencia T\u00e9cnica, as\u00ed como la evaluaci\u00f3n de aquellos en marcha, adem\u00e1s del enriquecimiento en las presentaciones t\u00e9cnicas y acad\u00e9micas por parte de los cient\u00edficos participantes.<\/p>\n<\/div>\n\n\n\n<div class=\"wp-block-column is-layout-flow wp-block-column-is-layout-flow\"><div class=\"wp-block-image\">\n<figure class=\"aligncenter size-large is-resized\"><img decoding=\"async\" loading=\"lazy\" src=\"https:\/\/www.ipgh.org\/mx\/wp-content\/uploads\/2023\/12\/5a_reunion_tecnica01-1024x768.jpg\" alt=\"\" class=\"wp-image-6508\" style=\"width:429px;height:322px\" width=\"429\" height=\"322\" srcset=\"https:\/\/www.ipgh.org\/mx\/wp-content\/uploads\/2023\/12\/5a_reunion_tecnica01-1024x768.jpg 1024w, https:\/\/www.ipgh.org\/mx\/wp-content\/uploads\/2023\/12\/5a_reunion_tecnica01-300x225.jpg 300w, https:\/\/www.ipgh.org\/mx\/wp-content\/uploads\/2023\/12\/5a_reunion_tecnica01-768x576.jpg 768w, https:\/\/www.ipgh.org\/mx\/wp-content\/uploads\/2023\/12\/5a_reunion_tecnica01.jpg 1280w\" sizes=\"(max-width: 429px) 100vw, 429px\" \/><\/figure><\/div><\/div>\n<\/div>\n<\/div>\n<\/div>\n\n\n\n<div style=\"height:40px\" aria-hidden=\"true\" class=\"wp-block-spacer\"><\/div>\n<\/div><\/div>\n\n\n\n<div style=\"height:33px\" aria-hidden=\"true\" class=\"wp-block-spacer\"><\/div>\n\n\n\n<div class=\"wp-block-group alignfull has-background is-layout-flow wp-block-group-is-layout-flow\" style=\"background-color:#14346c\"><div class=\"wp-block-group__inner-container\">\n<div style=\"height:70px\" aria-hidden=\"true\" class=\"wp-block-spacer\"><\/div>\n\n\n\n<div class=\"wp-block-columns alignwide is-layout-flex wp-container-36 wp-block-columns-is-layout-flex\">\n<div class=\"wp-block-column is-layout-flow wp-block-column-is-layout-flow\" style=\"flex-basis:50%\">\n<figure class=\"wp-block-image size-full\"><img decoding=\"async\" loading=\"lazy\" width=\"822\" height=\"286\" src=\"https:\/\/www.ipgh.org\/mx\/wp-content\/uploads\/2023\/07\/i9hihihi.jpeg\" alt=\"\" class=\"wp-image-6150\" srcset=\"https:\/\/www.ipgh.org\/mx\/wp-content\/uploads\/2023\/07\/i9hihihi.jpeg 822w, https:\/\/www.ipgh.org\/mx\/wp-content\/uploads\/2023\/07\/i9hihihi-300x104.jpeg 300w, https:\/\/www.ipgh.org\/mx\/wp-content\/uploads\/2023\/07\/i9hihihi-768x267.jpeg 768w\" sizes=\"(max-width: 822px) 100vw, 822px\" \/><\/figure>\n<\/div>\n\n\n\n<div class=\"wp-block-column is-vertically-aligned-center is-layout-flow wp-block-column-is-layout-flow\" style=\"flex-basis:50%\">\n<hr class=\"wp-block-separator has-text-color has-alpha-channel-opacity has-background is-style-wide\" style=\"background-color:#f1cc64;color:#f1cc64\"\/>\n<\/div>\n<\/div>\n\n\n\n<div style=\"height:21px\" aria-hidden=\"true\" class=\"wp-block-spacer\"><\/div>\n\n\n\n<div class=\"wp-block-columns alignwide is-layout-flex wp-container-43 wp-block-columns-is-layout-flex\">\n<div class=\"wp-block-column is-vertically-aligned-top is-layout-flow wp-block-column-is-layout-flow\">\n<div class=\"wp-block-group is-layout-constrained wp-block-group-is-layout-constrained\"><div class=\"wp-block-group__inner-container\">\n<div class=\"wp-block-group has-vivid-purple-color has-text-color is-vertical is-layout-flex wp-container-37 wp-block-group-is-layout-flex\" style=\"padding-top:0;padding-right:0;padding-bottom:0;padding-left:0\">\n<figure class=\"wp-block-image size-large is-resized\"><img decoding=\"async\" loading=\"lazy\" src=\"https:\/\/www.ipgh.org\/mx\/wp-content\/uploads\/2023\/07\/100-REUNION-DE-AUTORIDADES-1-768x1024.png\" alt=\"\" class=\"wp-image-6151\" style=\"width:266px;height:354px\" width=\"266\" height=\"354\" srcset=\"https:\/\/www.ipgh.org\/mx\/wp-content\/uploads\/2023\/07\/100-REUNION-DE-AUTORIDADES-1-768x1023.png 768w, https:\/\/www.ipgh.org\/mx\/wp-content\/uploads\/2023\/07\/100-REUNION-DE-AUTORIDADES-1-225x300.png 225w, https:\/\/www.ipgh.org\/mx\/wp-content\/uploads\/2023\/07\/100-REUNION-DE-AUTORIDADES-1-1153x1536.png 1153w, https:\/\/www.ipgh.org\/mx\/wp-content\/uploads\/2023\/07\/100-REUNION-DE-AUTORIDADES-1.png 1500w\" sizes=\"(max-width: 266px) 100vw, 266px\" \/><\/figure>\n<\/div>\n<\/div><\/div>\n<\/div>\n\n\n\n<div class=\"wp-block-column is-vertically-aligned-top is-layout-flow wp-block-column-is-layout-flow\">\n<p class=\"has-white-color has-text-color\" style=\"font-size:15px\">El lunes 30 de octubre, en su <strong>100\u00aa Reuni\u00f3n<\/strong>, las Autoridades del IPGH compartir\u00e1n experiencias, reflexionar\u00e1n sobre los logros del pasado y delinear\u00e1n la visi\u00f3n futura del Instituto.<\/p>\n<\/div>\n\n\n\n<div class=\"wp-block-column is-layout-flow wp-block-column-is-layout-flow\">\n<div class=\"wp-block-buttons is-layout-flex wp-block-buttons-is-layout-flex\">\n<div class=\"wp-block-button has-custom-width wp-block-button__width-100 has-custom-font-size is-style-outline has-small-font-size\"><a class=\"wp-block-button__link has-white-background-color has-text-color has-background wp-element-button\" style=\"border-radius:10px;color:#15336c\"><strong>Temario<\/strong><\/a><\/div>\n\n\n\n<div class=\"wp-block-button has-custom-width wp-block-button__width-100 has-custom-font-size is-style-outline has-small-font-size\"><a class=\"wp-block-button__link has-white-background-color has-text-color has-background wp-element-button\" href=\"https:\/\/www.ipgh.org\/mx\/wp-content\/uploads\/2023\/08\/AG24_PROYECTOS_DE_RESOLUCIONES.pdf\" style=\"border-radius:10px;color:#15336c\" target=\"_blank\" rel=\"noreferrer noopener\"><strong>Proyectos de resoluciones<\/strong><\/a><\/div>\n<\/div>\n<\/div>\n<\/div>\n\n\n\n<div style=\"height:40px\" aria-hidden=\"true\" class=\"wp-block-spacer\"><\/div>\n<\/div><\/div>\n","protected":false},"excerpt":{"rendered":"<p>Del 1 al 3 de noviembre de 2023, en la hist\u00f3rica ciudad de Santo Domingo, Rep\u00fablica Dominicana, se reunieron expertos, autoridades y l\u00edderes en el campo de la geograf\u00eda, la historia y las ciencias de la Tierra, para abordar temas fundamentales y relevantes para la regi\u00f3n panamericana. Del 1 al 3 de noviembre, en la <a class=\"read-more\" href=\"https:\/\/www.ipgh.org\/mx\/?page_id=6502\">LEER M\u00c1S<\/a><\/p>\n","protected":false},"author":1,"featured_media":0,"parent":367,"menu_order":0,"comment_status":"closed","ping_status":"closed","template":"","meta":{"footnotes":""},"_links":{"self":[{"href":"https:\/\/www.ipgh.org\/mx\/index.php?rest_route=\/wp\/v2\/pages\/6502"}],"collection":[{"href":"https:\/\/www.ipgh.org\/mx\/index.php?rest_route=\/wp\/v2\/pages"}],"about":[{"href":"https:\/\/www.ipgh.org\/mx\/index.php?rest_route=\/wp\/v2\/types\/page"}],"author":[{"embeddable":true,"href":"https:\/\/www.ipgh.org\/mx\/index.php?rest_route=\/wp\/v2\/users\/1"}],"replies":[{"embeddable":true,"href":"https:\/\/www.ipgh.org\/mx\/index.php?rest_route=%2Fwp%2Fv2%2Fcomments&post=6502"}],"version-history":[{"count":26,"href":"https:\/\/www.ipgh.org\/mx\/index.php?rest_route=\/wp\/v2\/pages\/6502\/revisions"}],"predecessor-version":[{"id":8745,"href":"https:\/\/www.ipgh.org\/mx\/index.php?rest_route=\/wp\/v2\/pages\/6502\/revisions\/8745"}],"up":[{"embeddable":true,"href":"https:\/\/www.ipgh.org\/mx\/index.php?rest_route=\/wp\/v2\/pages\/367"}],"wp:attachment":[{"href":"https:\/\/www.ipgh.org\/mx\/index.php?rest_route=%2Fwp%2Fv2%2Fmedia&parent=6502"}],"curies":[{"name":"wp","href":"https:\/\/api.w.org\/{rel}","templated":true}]}}