{"id":6513,"date":"2023-12-11T10:56:32","date_gmt":"2023-12-11T16:56:32","guid":{"rendered":"https:\/\/www.ipgh.org\/mx\/?page_id=6513"},"modified":"2025-08-12T11:45:14","modified_gmt":"2025-08-12T17:45:14","slug":"pat-2023-2-2","status":"publish","type":"page","link":"https:\/\/www.ipgh.org\/mx\/?page_id=6513","title":{"rendered":"PAT 2024"},"content":{"rendered":"\n<div style=\"height:50px\" aria-hidden=\"true\" class=\"wp-block-spacer\"><\/div>\n\n\n\n<div style=\"height:14px\" aria-hidden=\"true\" class=\"wp-block-spacer\"><\/div>\n\n\n\n<div style=\"height:14px\" aria-hidden=\"true\" class=\"wp-block-spacer\"><\/div>\n\n\n\n<p class=\"has-text-align-center has-white-color has-text-color has-background has-medium-font-size\" style=\"background-color:#ff6600\"><strong>Proyectos de Asistencia T\u00e9cnica aprobados para el a\u00f1o 2024 <\/strong><\/p>\n\n\n\n<figure class=\"wp-block-table is-style-stripes\" style=\"font-size:15px\"><table class=\"has-fixed-layout\"><tbody><tr><td class=\"has-text-align-center\" data-align=\"center\"><em><strong>    Id.        <\/strong><\/em>                 <\/td><td class=\"has-text-align-left\" data-align=\"left\">    <em><strong>Pa\u00eds\/<\/strong><\/em><em><strong>Pa\u00edses                                                                                                                                                                                                        <\/strong><\/em><br>  <em><strong>participantes<\/strong><\/em>                         <\/td><td class=\"has-text-align-left\" data-align=\"left\"><em><strong>Proyecto<\/strong><\/em><\/td><td class=\"has-text-align-center\" data-align=\"center\"><em><strong>Responsable<\/strong><\/em><\/td><td class=\"has-text-align-center\" data-align=\"center\"><em><strong>Tipo de iniciativa<\/strong><\/em><\/td><td class=\"has-text-align-center\" data-align=\"center\"><em><strong>Comisi\u00f3n<\/strong><\/em><\/td><td class=\"has-text-align-center\" data-align=\"center\"><em><strong>Aporte por Comisi\u00f3n<\/strong><\/em><\/td><td class=\"has-text-align-center\" data-align=\"center\"><em><strong>Total <\/strong><\/em><br><em><strong>USD<\/strong><\/em><\/td><\/tr><tr><td class=\"has-text-align-center\" data-align=\"center\"><strong>CART-01<\/strong><\/td><td class=\"has-text-align-left\" data-align=\"left\"><strong>CHILE <\/strong>\/<br><em>Argentina, Bolivia, Colombia, Costa Rica, Ecuador, Estados Unidos de Am\u00e9rica, Guatemala, Honduras, M\u00e9xico, Nicaragua, Panam\u00e1, Paraguay, Per\u00fa, Rep\u00fablica Dominicana, Uruguay.<\/em><\/td><td class=\"has-text-align-left\" data-align=\"left\">Workshop Internacional Geonodo<\/td><td class=\"has-text-align-center\" data-align=\"center\">Jorge Montesinos Camino<\/td><td class=\"has-text-align-center\" data-align=\"center\">Taller<\/td><td class=\"has-text-align-center\" data-align=\"center\">Cartograf\u00eda<\/td><td class=\"has-text-align-center\" data-align=\"center\"><br>4,000<\/td><td class=\"has-text-align-center\" data-align=\"center\">4,000<\/td><\/tr><tr><td class=\"has-text-align-center\" data-align=\"center\"><strong>GEOG-01<\/strong><\/td><td class=\"has-text-align-left\" data-align=\"left\"><strong>CHILE<\/strong> \/<br><em>Colombia.<\/em><\/td><td class=\"has-text-align-left\" data-align=\"left\">Estrategias de la educaci\u00f3n geogr\u00e1fica para la ense\u00f1anza y aprendizaje del patrimonio territorial a escala local<\/td><td class=\"has-text-align-center\" data-align=\"center\">Andoni Arenas Martija<\/td><td class=\"has-text-align-center\" data-align=\"center\">Investigaci\u00f3n<\/td><td class=\"has-text-align-center\" data-align=\"center\">Geograf\u00eda<\/td><td class=\"has-text-align-center\" data-align=\"center\">4,000<\/td><td class=\"has-text-align-center\" data-align=\"center\"><strong>4,000<\/strong><\/td><\/tr><tr><td class=\"has-text-align-center\" data-align=\"center\"><strong>HIST-01<\/strong><\/td><td class=\"has-text-align-left\" data-align=\"left\"><strong>CHILE<\/strong> \/<br><em>Brasil, Paraguay<\/em><\/td><td class=\"has-text-align-left\" data-align=\"left\">Estudio hist\u00f3rico-cultural de la ocupaci\u00f3n de los territorios americanos: los casos de Brasil, Chile y Paraguay. Fase I. Etapa historia ind\u00edgena y colonial<\/td><td class=\"has-text-align-center\" data-align=\"center\">Fernando Jos\u00e9 Leopoldo Castillo Opazo<\/td><td class=\"has-text-align-center\" data-align=\"center\">Investigaci\u00f3n<\/td><td class=\"has-text-align-center\" data-align=\"center\">Historia<\/td><td class=\"has-text-align-center\" data-align=\"center\">8,000<\/td><td class=\"has-text-align-center\" data-align=\"center\"><strong>8,000<\/strong><\/td><\/tr><tr><td class=\"has-text-align-center\" data-align=\"center\"><strong>GEOG-02<\/strong><br><br><br><strong>GEOF-01<\/strong><\/td><td class=\"has-text-align-left\" data-align=\"left\"><strong>ECUADOR<\/strong> \/<br><em>El Salvador, Nicaragua<\/em><\/td><td class=\"has-text-align-left\" data-align=\"left\">Curso virtual \u201cPatrimonio geol\u00f3gico, geodiversidad y geoparques en Am\u00e9rica Latina\u201d<\/td><td class=\"has-text-align-center\" data-align=\"center\">Francisco David Herrera Benalc\u00e1zar<\/td><td class=\"has-text-align-center\" data-align=\"center\">Curso<\/td><td class=\"has-text-align-center\" data-align=\"center\">Geograf\u00eda<br><br><br>Geof\u00edsica<br><\/td><td class=\"has-text-align-center\" data-align=\"center\">2,250<br><br><br>1,750<br><\/td><td class=\"has-text-align-center\" data-align=\"center\"><strong>4,000<\/strong><\/td><\/tr><tr><td class=\"has-text-align-center\" data-align=\"center\"><strong>GEOG-03<\/strong><br><br><br><strong>CART-02<\/strong><\/td><td class=\"has-text-align-left\" data-align=\"left\"><strong>ECUADOR<\/strong> \/<br><em>Argentina, Guatemala, Honduras, Rep\u00fablica Dominicana<\/em><\/td><td class=\"has-text-align-left\" data-align=\"left\">Publicaci\u00f3n del aplicativo Geoeduca de las Am\u00e9ricas, segunda fase<\/td><td class=\"has-text-align-center\" data-align=\"center\">Rosa Gardenia Cuesta Molestina<\/td><td class=\"has-text-align-center\" data-align=\"center\">Investigaci\u00f3n<\/td><td class=\"has-text-align-center\" data-align=\"center\">Geograf\u00eda<br><br><br>Cartograf\u00eda<\/td><td class=\"has-text-align-center\" data-align=\"center\">5,700<br><br><br>4,300<\/td><td class=\"has-text-align-center\" data-align=\"center\"><strong>10,000<\/strong><\/td><\/tr><tr><td class=\"has-text-align-center\" data-align=\"center\"><strong>GEOF-02<\/strong><\/td><td class=\"has-text-align-left\" data-align=\"left\"><strong>ECUADOR<\/strong> \/<br><em>Colombia, Uruguay<\/em><\/td><td class=\"has-text-align-left\" data-align=\"left\">Monitoreando el cambio de cobertura arb\u00f3rea con sensores remotos y Deep Learning<\/td><td class=\"has-text-align-center\" data-align=\"center\">Rosa Lucia<br>Lupercio Novillo<\/td><td class=\"has-text-align-center\" data-align=\"center\">Investigaci\u00f3n<\/td><td class=\"has-text-align-center\" data-align=\"center\">Geof\u00edsica<\/td><td class=\"has-text-align-center\" data-align=\"center\">9,000<\/td><td class=\"has-text-align-center\" data-align=\"center\"><strong>9,000<\/strong><\/td><\/tr><tr><td class=\"has-text-align-center\" data-align=\"center\"><strong>GEOG-04<\/strong><\/td><td class=\"has-text-align-left\" data-align=\"left\"><strong>M\u00c9XICO<\/strong><\/td><td class=\"has-text-align-left\" data-align=\"left\">Caracterizaci\u00f3n de la pobreza energ\u00e9tica y la isla de calor urbano en la zona fronteriza: M\u00e9xico &#8211; Estados Unidos<\/td><td class=\"has-text-align-center\" data-align=\"center\">Jorge Alberto Montejano Escamilla<\/td><td class=\"has-text-align-center\" data-align=\"center\">Investigaci\u00f3n<\/td><td class=\"has-text-align-center\" data-align=\"center\">Geograf\u00eda<\/td><td class=\"has-text-align-center\" data-align=\"center\">4,000<\/td><td class=\"has-text-align-center\" data-align=\"center\"><strong>4,000<\/strong><\/td><\/tr><tr><td class=\"has-text-align-center\" data-align=\"center\"><strong>CART-03<\/strong><\/td><td class=\"has-text-align-left\" data-align=\"left\"><strong>Rep\u00fablica<br>Dominicana<\/strong> \/<br><em>Argentina, Bolivia, Brasil, Chile, Colombia, Costa Rica, Ecuador, El Salvador, Guatemala, Honduras, M\u00e9xico, Nicaragua, Panam\u00e1, Paraguay, Per\u00fa, Uruguay.<\/em><\/td><td class=\"has-text-align-left\" data-align=\"left\">Capacitaci\u00f3n en normativas y directrices para la estandarizaci\u00f3n de Nombres Geogr\u00e1ficos<\/td><td class=\"has-text-align-center\" data-align=\"center\">Wendy Elizabeth Rojas Valerio<\/td><td class=\"has-text-align-center\" data-align=\"center\">Taller<\/td><td class=\"has-text-align-center\" data-align=\"center\">Cartograf\u00eda<\/td><td class=\"has-text-align-center\" data-align=\"center\">11,000<\/td><td class=\"has-text-align-center\" data-align=\"center\"><strong>11,000<\/strong><\/td><\/tr><tr><td class=\"has-text-align-center\" data-align=\"center\"><strong>GEOF-03<\/strong><\/td><td class=\"has-text-align-left\" data-align=\"left\"><strong>Rep\u00fablica<br>Dominicana<\/strong> \/<br><em>El Salvador, Guatemala, Honduras<\/em><\/td><td class=\"has-text-align-left\" data-align=\"left\">Microzonificaci\u00f3n s\u00edsmica en la Hoya de Enriquillo-Barahona de la Rep\u00fablica Dominicana, a partir de s\u00edsmica activa y pasiva (Microsis-Eb)<\/td><td class=\"has-text-align-center\" data-align=\"center\">Claudia del Carmen Germoso N\u00fa\u00f1ez<\/td><td class=\"has-text-align-center\" data-align=\"center\">Investigaci\u00f3n<\/td><td class=\"has-text-align-center\" data-align=\"center\">Geof\u00edsica<\/td><td class=\"has-text-align-center\" data-align=\"center\">7,750<\/td><td class=\"has-text-align-center\" data-align=\"center\"><strong>7,750<\/strong><\/td><\/tr><tr><td class=\"has-text-align-center\" data-align=\"center\"><strong>GEOG-05<\/strong><\/td><td class=\"has-text-align-left\" data-align=\"left\"><strong>Uruguay<\/strong> \/<br><em>Argentina, Brasil, Chile, Estados Unidos de Am\u00e9rica, M\u00e9xico, Panam\u00e1.<\/em><\/td><td class=\"has-text-align-left\" data-align=\"left\">\u00c9tica en el uso de los Datos Geogr\u00e1ficos<\/td><td class=\"has-text-align-center\" data-align=\"center\">Rosario Casanova<\/td><td class=\"has-text-align-center\" data-align=\"center\">Investigaci\u00f3n<\/td><td class=\"has-text-align-center\" data-align=\"center\">Cartograf\u00eda<\/td><td class=\"has-text-align-center\" data-align=\"center\">6,950<\/td><td class=\"has-text-align-center\" data-align=\"center\"><strong>6,950<\/strong><\/td><\/tr><tr><td class=\"has-text-align-center\" data-align=\"center\"><strong>GEOF-04<\/strong><\/td><td class=\"has-text-align-left\" data-align=\"left\"><strong>Uruguay<\/strong> \/<br><em>Costa Rica, Ecuador<\/em><\/td><td class=\"has-text-align-left\" data-align=\"left\">Contribuci\u00f3n al conocimiento del vapor de agua atmosf\u00e9rico desde las estaciones GNSS, en diferentes regiones clim\u00e1ticas de am\u00e9rica<\/td><td class=\"has-text-align-center\" data-align=\"center\">Maria Fernanda Camisay Bande<\/td><td class=\"has-text-align-center\" data-align=\"center\">Investigaci\u00f3n<\/td><td class=\"has-text-align-center\" data-align=\"center\">Geof\u00edsica<\/td><td class=\"has-text-align-center\" data-align=\"center\">7,000<\/td><td class=\"has-text-align-center\" data-align=\"center\"><strong>7,000<\/strong><\/td><\/tr><tr><td class=\"has-text-align-center\" data-align=\"center\"><\/td><td class=\"has-text-align-left\" data-align=\"left\"><\/td><td class=\"has-text-align-left\" data-align=\"left\"><\/td><td class=\"has-text-align-center\" data-align=\"center\"><\/td><td class=\"has-text-align-center\" data-align=\"center\"><\/td><td class=\"has-text-align-center\" data-align=\"center\"><\/td><td class=\"has-text-align-center\" data-align=\"center\"><\/td><td class=\"has-text-align-center\" data-align=\"center\"><\/td><\/tr><tr><td class=\"has-text-align-center\" data-align=\"center\"><\/td><td class=\"has-text-align-left\" data-align=\"left\"><\/td><td class=\"has-text-align-left\" data-align=\"left\"><\/td><td class=\"has-text-align-center\" data-align=\"center\"><\/td><td class=\"has-text-align-center\" data-align=\"center\"><\/td><td class=\"has-text-align-center\" data-align=\"center\"><\/td><td class=\"has-text-align-center\" data-align=\"center\"><\/td><td class=\"has-text-align-center\" data-align=\"center\"><\/td><\/tr><\/tbody><\/table><\/figure>\n","protected":false},"excerpt":{"rendered":"<p>Proyectos de Asistencia T\u00e9cnica aprobados para el a\u00f1o 2024 Id. Pa\u00eds\/Pa\u00edses participantes Proyecto Responsable Tipo de iniciativa Comisi\u00f3n Aporte por Comisi\u00f3n Total USD CART-01 CHILE \/Argentina, Bolivia, Colombia, Costa Rica, Ecuador, Estados Unidos de Am\u00e9rica, Guatemala, Honduras, M\u00e9xico, Nicaragua, Panam\u00e1, Paraguay, Per\u00fa, Rep\u00fablica Dominicana, Uruguay. Workshop Internacional Geonodo Jorge Montesinos Camino Taller Cartograf\u00eda 4,000 4,000 <a class=\"read-more\" href=\"https:\/\/www.ipgh.org\/mx\/?page_id=6513\">LEER M\u00c1S<\/a><\/p>\n","protected":false},"author":1,"featured_media":0,"parent":542,"menu_order":1,"comment_status":"closed","ping_status":"closed","template":"","meta":{"footnotes":""},"_links":{"self":[{"href":"https:\/\/www.ipgh.org\/mx\/index.php?rest_route=\/wp\/v2\/pages\/6513"}],"collection":[{"href":"https:\/\/www.ipgh.org\/mx\/index.php?rest_route=\/wp\/v2\/pages"}],"about":[{"href":"https:\/\/www.ipgh.org\/mx\/index.php?rest_route=\/wp\/v2\/types\/page"}],"author":[{"embeddable":true,"href":"https:\/\/www.ipgh.org\/mx\/index.php?rest_route=\/wp\/v2\/users\/1"}],"replies":[{"embeddable":true,"href":"https:\/\/www.ipgh.org\/mx\/index.php?rest_route=%2Fwp%2Fv2%2Fcomments&post=6513"}],"version-history":[{"count":26,"href":"https:\/\/www.ipgh.org\/mx\/index.php?rest_route=\/wp\/v2\/pages\/6513\/revisions"}],"predecessor-version":[{"id":10982,"href":"https:\/\/www.ipgh.org\/mx\/index.php?rest_route=\/wp\/v2\/pages\/6513\/revisions\/10982"}],"up":[{"embeddable":true,"href":"https:\/\/www.ipgh.org\/mx\/index.php?rest_route=\/wp\/v2\/pages\/542"}],"wp:attachment":[{"href":"https:\/\/www.ipgh.org\/mx\/index.php?rest_route=%2Fwp%2Fv2%2Fmedia&parent=6513"}],"curies":[{"name":"wp","href":"https:\/\/api.w.org\/{rel}","templated":true}]}}