{"id":658,"date":"2022-08-19T14:19:02","date_gmt":"2022-08-19T19:19:02","guid":{"rendered":"http:\/\/www.ipgh.org\/mx\/?page_id=658"},"modified":"2024-07-24T16:54:58","modified_gmt":"2024-07-24T21:54:58","slug":"cepeige","status":"publish","type":"page","link":"https:\/\/www.ipgh.org\/mx\/?page_id=658","title":{"rendered":"CEPEIGE"},"content":{"rendered":"\n<div class=\"wp-block-group is-layout-constrained wp-block-group-is-layout-constrained\"><div class=\"wp-block-group__inner-container\">\n<div class=\"wp-block-columns is-layout-flex wp-container-4 wp-block-columns-is-layout-flex\">\n<div class=\"wp-block-column is-layout-flow wp-block-column-is-layout-flow\" style=\"flex-basis:33.33%\"><div class=\"wp-block-image\">\n<figure class=\"aligncenter size-large\"><a href=\"https:\/\/cepeige.org\/home\/\"><img decoding=\"async\" loading=\"lazy\" width=\"1024\" height=\"760\" src=\"https:\/\/www.ipgh.org\/mx\/wp-content\/uploads\/2023\/07\/50-circulo-azul-1024x760.png\" alt=\"\" class=\"wp-image-6109\" srcset=\"https:\/\/www.ipgh.org\/mx\/wp-content\/uploads\/2023\/07\/50-circulo-azul-1024x760.png 1024w, https:\/\/www.ipgh.org\/mx\/wp-content\/uploads\/2023\/07\/50-circulo-azul-300x223.png 300w, https:\/\/www.ipgh.org\/mx\/wp-content\/uploads\/2023\/07\/50-circulo-azul-768x570.png 768w, https:\/\/www.ipgh.org\/mx\/wp-content\/uploads\/2023\/07\/50-circulo-azul-1536x1140.png 1536w, https:\/\/www.ipgh.org\/mx\/wp-content\/uploads\/2023\/07\/50-circulo-azul-2048x1520.png 2048w\" sizes=\"(max-width: 1024px) 100vw, 1024px\" \/><\/a><\/figure><\/div><\/div>\n\n\n\n<div class=\"wp-block-column is-vertically-aligned-center is-layout-flow wp-block-column-is-layout-flow\" style=\"flex-basis:66.66%\">\n<div class=\"wp-block-group alignfull is-layout-constrained wp-block-group-is-layout-constrained\"><div class=\"wp-block-group__inner-container\">\n<p class=\"has-text-align-center has-medium-font-size\">El Centro Panamericano de Estudios e Investigaciones Geogr\u00e1ficas (CEPEIGE) es una instituci\u00f3n acad\u00e9mica del IPGH, sede M\u00e9xico, con autonom\u00eda propia y con la libertad de acci\u00f3n inherente a una organizaci\u00f3n internacional, con sede permanente y domicilio en la ciudad de Quito, Ecuador.<\/p>\n<\/div><\/div>\n<\/div>\n<\/div>\n<\/div><\/div>\n\n\n\n<div class=\"wp-block-buttons is-layout-flex wp-block-buttons-is-layout-flex\">\n<div class=\"wp-block-button has-custom-font-size has-medium-font-size\"><a class=\"wp-block-button__link has-luminous-vivid-orange-background-color has-background wp-element-button\" href=\"https:\/\/cepeige-26648088.hubspotpagebuilder.eu\/oferta-academica-2023\" style=\"border-radius:5px;padding-top:var(--wp--preset--spacing--30);padding-right:var(--wp--preset--spacing--30);padding-bottom:var(--wp--preset--spacing--30);padding-left:var(--wp--preset--spacing--30)\" target=\"_blank\" rel=\"noreferrer noopener\"><strong>Oferta acad\u00e9mica 2023<\/strong><\/a><\/div>\n<\/div>\n\n\n\n<div class=\"wp-block-group is-layout-constrained wp-block-group-is-layout-constrained\"><div class=\"wp-block-group__inner-container\">\n<div class=\"wp-block-columns is-layout-flex wp-container-10 wp-block-columns-is-layout-flex\">\n<div class=\"wp-block-column is-layout-flow wp-block-column-is-layout-flow\" style=\"flex-basis:10%\"><\/div>\n\n\n\n<div class=\"wp-block-column is-layout-flow wp-block-column-is-layout-flow\" style=\"flex-basis:80%\">\n<p class=\"has-text-align-center\">\n <div style=\"position: relative; width: 100%; height: 0; padding-top: 56.2500%;\n padding-bottom: 0; box-shadow: 0 2px 8px 0 rgba(63,69,81,0.16); margin-top: 1.6em; margin-bottom: 0.9em; overflow: hidden;\n border-radius: 8px; will-change: transform;\">\n  <iframe loading=\"lazy\" style=\"position: absolute; width: 100%; height: 100%; top: 0; left: 0; border: none; padding: 0;margin: 0;\"\n    src=\"https:&#x2F;&#x2F;www.canva.com&#x2F;design&#x2F;DAFeQi_S-Tw&#x2F;view?embed\" allowfullscreen=\"allowfullscreen\" allow=\"fullscreen\">\n  <\/iframe>\n<\/div>\n<a href=\"https:&#x2F;&#x2F;www.canva.com&#x2F;design&#x2F;DAFeQi_S-Tw&#x2F;view?utm_content=DAFeQi_S-Tw&amp;utm_campaign=designshare&amp;utm_medium=embeds&amp;utm_source=link\" target=\"_blank\" rel=\"noopener\"><\/a>\n<\/p>\n<\/div>\n\n\n\n<div class=\"wp-block-column is-layout-flow wp-block-column-is-layout-flow\" style=\"flex-basis:10%\"><\/div>\n<\/div>\n<\/div><\/div>\n\n\n\n<div class=\"wp-block-buttons is-content-justification-center is-layout-flex wp-container-12 wp-block-buttons-is-layout-flex\">\n<div class=\"wp-block-button has-custom-width wp-block-button__width-25\"><a class=\"wp-block-button__link has-midnight-gradient-background has-background wp-element-button\" href=\"https:\/\/aniversario50.cepeige.org\/\">M\u00e1s informaci\u00f3n<\/a><\/div>\n<\/div>\n\n\n\n<p class=\"has-medium-font-size\">El CEPEIGE tiene por objetivo primordial difundir y estimular el conocimiento de las ciencias geogr\u00e1ficas en el Continente, mediante la organizaci\u00f3n de cursos para posgraduados, realizaci\u00f3n de investigaciones, organizaci\u00f3n de eventos cient\u00edficos especializados, edici\u00f3n de textos y documentos geogr\u00e1ficos, y la cooperaci\u00f3n con organismos nacionales e internacionales relacionados con su finalidad. El CEPEIGE, en el marco de sus atribuciones, procura la permanente actualizaci\u00f3n de los conocimientos geogr\u00e1ficos mediante la implementaci\u00f3n de sus instalaciones y laboratorios con los recursos modernos que demanda la Nueva Geograf\u00eda.<\/p>\n\n\n\n<div class=\"wp-block-group is-layout-constrained wp-block-group-is-layout-constrained\"><div class=\"wp-block-group__inner-container\">\n<div class=\"wp-block-columns is-layout-flex wp-container-16 wp-block-columns-is-layout-flex\">\n<div class=\"wp-block-column is-layout-flow wp-block-column-is-layout-flow\" style=\"flex-basis:10%\"><\/div>\n\n\n\n<div class=\"wp-block-column is-layout-flow wp-block-column-is-layout-flow\" style=\"flex-basis:80%\">\n<p class=\"has-text-align-center\">\n<div style=\"position: relative; width: 100%; height: 0; padding-top: 56.2500%;\n padding-bottom: 0; box-shadow: 0 2px 8px 0 rgba(63,69,81,0.16); margin-top: 1.6em; margin-bottom: 0.9em; overflow: hidden;\n border-radius: 8px; will-change: transform;\">\n  <iframe loading=\"lazy\" style=\"position: absolute; width: 100%; height: 100%; top: 0; left: 0; border: none; padding: 0;margin: 0;\"\n    src=\"https:&#x2F;&#x2F;www.canva.com&#x2F;design&#x2F;DAFeQeeARbU&#x2F;view?embed\" allowfullscreen=\"allowfullscreen\" allow=\"fullscreen\">\n  <\/iframe>\n<\/div>\n<a href=\"https:&#x2F;&#x2F;www.canva.com&#x2F;design&#x2F;DAFeQeeARbU&#x2F;view?utm_content=DAFeQeeARbU&amp;utm_campaign=designshare&amp;utm_medium=embeds&amp;utm_source=link\" target=\"_blank\" rel=\"noopener\"><\/a>\n<\/p>\n<\/div>\n\n\n\n<div class=\"wp-block-column is-layout-flow wp-block-column-is-layout-flow\" style=\"flex-basis:10%\"><\/div>\n<\/div>\n<\/div><\/div>\n\n\n\n<div class=\"wp-block-group is-layout-constrained wp-block-group-is-layout-constrained\"><div class=\"wp-block-group__inner-container\">\n<iframe width=\"100%\" height=\"640px\"\n\nsrc=\"https:\/\/uploads.knightlab.com\/storymapjs\/0c3ca42f29de2267f68d4532aa79beb1\/cepeige\/index.html\"\n\nframeborder=\"0\" scrolling=\"no\"><\/iframe>\n<\/div><\/div>\n\n\n\n<div style=\"height:100px\" aria-hidden=\"true\" class=\"wp-block-spacer\"><\/div>\n\n\n\n<h2 class=\"wp-block-heading has-text-align-center has-large-font-size\"><mark style=\"background-color:rgba(0, 0, 0, 0)\" class=\"has-inline-color has-cyan-bluish-gray-color\"><a rel=\"noreferrer noopener\" href=\"https:\/\/www.ipgh.org\/mx\/wp-content\/uploads\/2022\/12\/20221213_cepeige-form-lininv-profesores.pdf\" data-type=\"URL\" data-id=\"https:\/\/www.ipgh.org\/mx\/wp-content\/uploads\/2022\/12\/20221213_cepeige-form-lininv-profesores.pdf\" target=\"_blank\">Formulario de Solicitud a los Pa\u00edses Panamericanos para Propuestas de Instructores y L\u00edneas de Investigaci\u00f3n 2023<\/a><\/mark><\/h2>\n\n\n\n<div style=\"height:100px\" aria-hidden=\"true\" class=\"wp-block-spacer\"><\/div>\n\n\n\n<div class=\"wp-block-buttons is-vertical is-content-justification-center is-layout-flex wp-container-19 wp-block-buttons-is-layout-flex\">\n<div class=\"wp-block-button has-custom-width wp-block-button__width-50 has-custom-font-size has-medium-font-size\"><a class=\"wp-block-button__link has-luminous-vivid-orange-background-color has-background wp-element-button\" href=\"https:\/\/www.ipgh.org\/mx\/wp-content\/uploads\/2022\/12\/20221213_cepeige-form-lininv-profesores_anx-a.docx\" style=\"border-radius:5px\" target=\"_blank\" rel=\"noreferrer noopener\">ANEXO A<\/a><\/div>\n\n\n\n<div class=\"wp-block-button has-custom-width wp-block-button__width-50 has-custom-font-size has-medium-font-size\"><a class=\"wp-block-button__link has-white-color has-luminous-vivid-orange-background-color has-text-color has-background wp-element-button\" href=\"https:\/\/www.ipgh.org\/mx\/wp-content\/uploads\/2022\/12\/20221213_cepeige-form-lininv-profesores_anx-b.docx\" style=\"border-radius:5px\" target=\"_blank\" rel=\"noreferrer noopener\">ANEXO B<\/a><\/div>\n<\/div>\n\n\n\n<div style=\"height:100px\" aria-hidden=\"true\" class=\"wp-block-spacer\"><\/div>\n","protected":false},"excerpt":{"rendered":"<p>El Centro Panamericano de Estudios e Investigaciones Geogr\u00e1ficas (CEPEIGE) es una instituci\u00f3n acad\u00e9mica del IPGH, sede M\u00e9xico, con autonom\u00eda propia y con la libertad de acci\u00f3n inherente a una organizaci\u00f3n internacional, con sede permanente y domicilio en la ciudad de Quito, Ecuador. El CEPEIGE tiene por objetivo primordial difundir y estimular el conocimiento de las <a class=\"read-more\" href=\"https:\/\/www.ipgh.org\/mx\/?page_id=658\">LEER M\u00c1S<\/a><\/p>\n","protected":false},"author":1,"featured_media":0,"parent":637,"menu_order":3,"comment_status":"closed","ping_status":"closed","template":"","meta":{"footnotes":""},"_links":{"self":[{"href":"https:\/\/www.ipgh.org\/mx\/index.php?rest_route=\/wp\/v2\/pages\/658"}],"collection":[{"href":"https:\/\/www.ipgh.org\/mx\/index.php?rest_route=\/wp\/v2\/pages"}],"about":[{"href":"https:\/\/www.ipgh.org\/mx\/index.php?rest_route=\/wp\/v2\/types\/page"}],"author":[{"embeddable":true,"href":"https:\/\/www.ipgh.org\/mx\/index.php?rest_route=\/wp\/v2\/users\/1"}],"replies":[{"embeddable":true,"href":"https:\/\/www.ipgh.org\/mx\/index.php?rest_route=%2Fwp%2Fv2%2Fcomments&post=658"}],"version-history":[{"count":56,"href":"https:\/\/www.ipgh.org\/mx\/index.php?rest_route=\/wp\/v2\/pages\/658\/revisions"}],"predecessor-version":[{"id":6110,"href":"https:\/\/www.ipgh.org\/mx\/index.php?rest_route=\/wp\/v2\/pages\/658\/revisions\/6110"}],"up":[{"embeddable":true,"href":"https:\/\/www.ipgh.org\/mx\/index.php?rest_route=\/wp\/v2\/pages\/637"}],"wp:attachment":[{"href":"https:\/\/www.ipgh.org\/mx\/index.php?rest_route=%2Fwp%2Fv2%2Fmedia&parent=658"}],"curies":[{"name":"wp","href":"https:\/\/api.w.org\/{rel}","templated":true}]}}