{"id":670,"date":"2022-08-19T14:28:40","date_gmt":"2022-08-19T19:28:40","guid":{"rendered":"http:\/\/www.ipgh.org\/mx\/?page_id=670"},"modified":"2023-03-02T09:32:00","modified_gmt":"2023-03-02T15:32:00","slug":"noticias","status":"publish","type":"page","link":"https:\/\/www.ipgh.org\/mx\/?page_id=670","title":{"rendered":"Comunicados de prensa"},"content":{"rendered":"\n<div style=\"height:74px\" aria-hidden=\"true\" class=\"wp-block-spacer\"><\/div>\n\n\n\n<hr class=\"wp-block-separator has-text-color has-luminous-vivid-orange-color has-alpha-channel-opacity has-luminous-vivid-orange-background-color has-background\"\/>\n\n\n\n<p class=\"has-text-align-right\"><br>Departamento de Comunicaci\u00f3n Social<br> No. 001\/2023<br>8 de febrero de 2023<br><\/p>\n\n\n\n<div style=\"height:40px\" aria-hidden=\"true\" class=\"wp-block-spacer\"><\/div>\n\n\n\n<p class=\"has-text-align-left has-text-color has-large-font-size\" style=\"color:#003366\">95\u00b0 Aniversario del <br>Instituto Panamericano de Geograf\u00eda e Historia<\/p>\n\n\n\n<p class=\"has-medium-font-size\">El pasado 7 de febrero, se llev\u00f3 a cabo la celebraci\u00f3n del 95\u00b0 Aniversario del Instituto Panamericano de Geograf\u00eda e Historia (IPGH) en el Palacio Sede ubicado en la Alcald\u00eda Miguel Hidalgo de la Ciudad de M\u00e9xico. El evento se transmiti\u00f3 v\u00eda remota con la asistencia de las Secciones Nacionales de los Estados Miembros del IPGH, as\u00ed como autoridades de la Instituci\u00f3n e invitados de la comunidad panamericana.<br><\/p>\n\n\n\n<p class=\"has-medium-font-size\">El IPGH es un organismo especializado de la Organizaci\u00f3n de los Estados Americanos, fundado por la Sexta Conferencia Internacional Americana, el 7 de febrero de 1928, con el prop\u00f3sito de mantener la paz entre los pa\u00edses del continente americano a trav\u00e9s del desarrollo de estudios cient\u00edficos que pudieran delimitar sus fronteras, prop\u00f3sito que hasta ahora se mantiene vigente y que en la presente administraci\u00f3n ha cobrado mayor fuerza a trav\u00e9s de su lema: \u201cLa Ciencia al Servicio de la Paz\u201d.<\/p>\n\n\n\n<p class=\"has-medium-font-size\">El evento se celebr\u00f3 rumbo al centenario de esta Instituci\u00f3n, fue presidido por el Maestro Antonio Campuzano Rosales, Secretario General del IPGH; la Doctora Patricia Sol\u00eds, Presidente del mismo organismo y como invitada de honor la Doctora Patricia Galeana, quien ha ocupando diversos cargos en el Instituto. <\/p>\n\n\n\n<p class=\"has-medium-font-size\">Asistieron a la ceremonia, presentantes del cuerpo diplom\u00e1tico en M\u00e9xico y de la Academia; y en representaci\u00f3n del General Luis Cresencio Sandoval Gonz\u00e1lez, Secretario de la Defensa Nacional, asisti\u00f3 el General de Divisi\u00f3n D.E.M. David Rivera Medina, Director General de Educaci\u00f3n Militar y Rector de la Universidad del Ej\u00e9rcito y Fuerza A\u00e9rea.<\/p>\n\n\n\n<p class=\"has-medium-font-size\">En este importante festejo, fue la Doctora Patricia Galeana, quien ofreci\u00f3 una amplia explicaci\u00f3n de la historia casi centenaria de este organismo; as\u00ed como la importancia que ha tenido desde su creaci\u00f3n para la comunidad panamericana.<\/p>\n\n\n\n<p class=\"has-medium-font-size\">Durante la ceremonia de aniversario se dio especial \u00e9nfasis al valor que ha tenido a lo largo de la historia la participaci\u00f3n de la mujer, para que el IPGH concrete los objetivos que se plante\u00f3 desde su g\u00e9nesis, es por ello que se coloc\u00f3 en el \u201cMuro de Presidentes\u201d, el cuadro con la fotograf\u00eda de la Doctora Patricia Sol\u00eds, primera mujer en ocupar este honroso cargo.<\/p>\n\n\n\n<p class=\"has-medium-font-size\">De igual forma y con la misma intenci\u00f3n, se presentaron cinco cuadros de mujeres cient\u00edficas, representantes de Ecuador, Estados Unidos, Guatemala y Panam\u00e1, en la \u201cGaler\u00eda de Historiadores y Ge\u00f3grafos de Am\u00e9rica\u201d. Adem\u00e1s se devel\u00f3 el \u201cMuro de Autoridades Femeninas del IPGH\u201d, donde se colocaron los cuadros de mujeres destacadas en la historia del organismo, entre ellas la Doctora Patricia Sol\u00eds, la Doctora Patricia Galeana y la Doctora Elsa Leticia Flores M\u00e1rquez, quienes realizaron el corte del list\u00f3n inaugural.<\/p>\n\n\n\n<p class=\"has-medium-font-size\">Asimismo, Las autoridades de este organismo develaron una placa conmemorativa del 95\u00b0 Aniversario del IPGH en la entrada del Sal\u00f3n \u201cDr. William Bowie\u201d, y una placa con la que se inaugura el Archivo Hist\u00f3rico que lleva el nombre del fundador de esta Instituci\u00f3n \u201cIng. Pedro Celestino S\u00e1nchez\u201d. Ambas piezas fueros elaboradas por la Maestra Edysa Ponzanelli, artista pl\u00e1stica de talla internacional.<\/p>\n\n\n\n<p class=\"has-medium-font-size\">Con la celebraci\u00f3n del 95\u00b0 Aniversario de su creaci\u00f3n, el IPGH renueva su \u00edmpetu para cumplir con su misi\u00f3n y refrenda su esp\u00edritu de servicio ante la comunidad panamericana y el mundo, para cumplir con los objetivos que desde su fundaci\u00f3n se propuso, a fin de coadyuvar con la paz y desarrollo de las naciones a trav\u00e9s de la ciencia.<\/p>\n\n\n\n<div style=\"height:93px\" aria-hidden=\"true\" class=\"wp-block-spacer\"><\/div>\n\n\n\n<p class=\"has-text-align-center has-medium-font-size\"><br><strong>Instituto Panamericano de Geograf\u00eda e Historia<\/strong><\/p>\n\n\n\n<div style=\"height:30px\" aria-hidden=\"true\" class=\"wp-block-spacer\"><\/div>\n\n\n\n<p class=\"has-text-align-center has-medium-font-size\"><strong>\u201cLa Ciencia al Servicio de la Paz\u201d<\/strong><\/p>\n\n\n\n<p class=\"has-text-align-center has-medium-font-size\"><strong>-O-O-O-O-O-<\/strong><\/p>\n\n\n\n<div style=\"height:100px\" aria-hidden=\"true\" class=\"wp-block-spacer\"><\/div>\n\n\n\n<div class=\"wp-block-columns is-layout-flex wp-container-4 wp-block-columns-is-layout-flex\">\n<div class=\"wp-block-column is-layout-flow wp-block-column-is-layout-flow\">\n<figure class=\"wp-block-image size-large\"><img decoding=\"async\" loading=\"lazy\" width=\"683\" height=\"1024\" src=\"https:\/\/www.ipgh.org\/mx\/wp-content\/uploads\/2023\/02\/DSC_0070-1-683x1024.jpg\" alt=\"\" class=\"wp-image-5084\" srcset=\"https:\/\/www.ipgh.org\/mx\/wp-content\/uploads\/2023\/02\/DSC_0070-1-683x1024.jpg 683w, https:\/\/www.ipgh.org\/mx\/wp-content\/uploads\/2023\/02\/DSC_0070-1-200x300.jpg 200w, https:\/\/www.ipgh.org\/mx\/wp-content\/uploads\/2023\/02\/DSC_0070-1-768x1152.jpg 768w, https:\/\/www.ipgh.org\/mx\/wp-content\/uploads\/2023\/02\/DSC_0070-1-1024x1536.jpg 1024w, https:\/\/www.ipgh.org\/mx\/wp-content\/uploads\/2023\/02\/DSC_0070-1-1365x2048.jpg 1365w, https:\/\/www.ipgh.org\/mx\/wp-content\/uploads\/2023\/02\/DSC_0070-1.jpg 1500w\" sizes=\"(max-width: 683px) 100vw, 683px\" \/><\/figure>\n\n\n\n<div style=\"height:40px\" aria-hidden=\"true\" class=\"wp-block-spacer\"><\/div>\n\n\n\n<figure class=\"wp-block-image size-large\"><img decoding=\"async\" loading=\"lazy\" width=\"1024\" height=\"637\" src=\"https:\/\/www.ipgh.org\/mx\/wp-content\/uploads\/2023\/02\/DSC_0230-1024x637.jpg\" alt=\"\" class=\"wp-image-5088\" srcset=\"https:\/\/www.ipgh.org\/mx\/wp-content\/uploads\/2023\/02\/DSC_0230-1024x637.jpg 1024w, https:\/\/www.ipgh.org\/mx\/wp-content\/uploads\/2023\/02\/DSC_0230-300x187.jpg 300w, https:\/\/www.ipgh.org\/mx\/wp-content\/uploads\/2023\/02\/DSC_0230-768x478.jpg 768w, https:\/\/www.ipgh.org\/mx\/wp-content\/uploads\/2023\/02\/DSC_0230.jpg 1500w\" sizes=\"(max-width: 1024px) 100vw, 1024px\" \/><\/figure>\n\n\n\n<div style=\"height:40px\" aria-hidden=\"true\" class=\"wp-block-spacer\"><\/div>\n\n\n\n<figure class=\"wp-block-image size-large\"><img decoding=\"async\" loading=\"lazy\" width=\"1024\" height=\"722\" src=\"https:\/\/www.ipgh.org\/mx\/wp-content\/uploads\/2023\/02\/DSC_0287-1-1024x722.jpg\" alt=\"\" class=\"wp-image-5092\" srcset=\"https:\/\/www.ipgh.org\/mx\/wp-content\/uploads\/2023\/02\/DSC_0287-1-1024x722.jpg 1024w, https:\/\/www.ipgh.org\/mx\/wp-content\/uploads\/2023\/02\/DSC_0287-1-300x212.jpg 300w, https:\/\/www.ipgh.org\/mx\/wp-content\/uploads\/2023\/02\/DSC_0287-1-768x542.jpg 768w, https:\/\/www.ipgh.org\/mx\/wp-content\/uploads\/2023\/02\/DSC_0287-1.jpg 1500w\" sizes=\"(max-width: 1024px) 100vw, 1024px\" \/><\/figure>\n<\/div>\n\n\n\n<div class=\"wp-block-column is-layout-flow wp-block-column-is-layout-flow\">\n<div style=\"height:39px\" aria-hidden=\"true\" class=\"wp-block-spacer\"><\/div>\n\n\n\n<figure class=\"wp-block-image size-large\"><img decoding=\"async\" loading=\"lazy\" width=\"817\" height=\"1024\" src=\"https:\/\/www.ipgh.org\/mx\/wp-content\/uploads\/2023\/02\/DSC_0172-1-817x1024.jpg\" alt=\"\" class=\"wp-image-5086\" srcset=\"https:\/\/www.ipgh.org\/mx\/wp-content\/uploads\/2023\/02\/DSC_0172-1-817x1024.jpg 817w, https:\/\/www.ipgh.org\/mx\/wp-content\/uploads\/2023\/02\/DSC_0172-1-239x300.jpg 239w, https:\/\/www.ipgh.org\/mx\/wp-content\/uploads\/2023\/02\/DSC_0172-1-768x963.jpg 768w, https:\/\/www.ipgh.org\/mx\/wp-content\/uploads\/2023\/02\/DSC_0172-1-1226x1536.jpg 1226w, https:\/\/www.ipgh.org\/mx\/wp-content\/uploads\/2023\/02\/DSC_0172-1.jpg 1500w\" sizes=\"(max-width: 817px) 100vw, 817px\" \/><\/figure>\n\n\n\n<div style=\"height:60px\" aria-hidden=\"true\" class=\"wp-block-spacer\"><\/div>\n\n\n\n<figure class=\"wp-block-image size-large\"><img decoding=\"async\" loading=\"lazy\" width=\"1024\" height=\"696\" src=\"https:\/\/www.ipgh.org\/mx\/wp-content\/uploads\/2023\/02\/DSC_0330-2-1024x696.jpg\" alt=\"\" class=\"wp-image-5089\" srcset=\"https:\/\/www.ipgh.org\/mx\/wp-content\/uploads\/2023\/02\/DSC_0330-2-1024x696.jpg 1024w, https:\/\/www.ipgh.org\/mx\/wp-content\/uploads\/2023\/02\/DSC_0330-2-300x204.jpg 300w, https:\/\/www.ipgh.org\/mx\/wp-content\/uploads\/2023\/02\/DSC_0330-2-768x522.jpg 768w, https:\/\/www.ipgh.org\/mx\/wp-content\/uploads\/2023\/02\/DSC_0330-2.jpg 1500w\" sizes=\"(max-width: 1024px) 100vw, 1024px\" \/><\/figure>\n\n\n\n<div style=\"height:40px\" aria-hidden=\"true\" class=\"wp-block-spacer\"><\/div>\n\n\n\n<figure class=\"wp-block-image size-large\"><img decoding=\"async\" loading=\"lazy\" width=\"1024\" height=\"683\" src=\"https:\/\/www.ipgh.org\/mx\/wp-content\/uploads\/2023\/02\/DSC_0261-1-1024x683.jpg\" alt=\"\" class=\"wp-image-5093\" srcset=\"https:\/\/www.ipgh.org\/mx\/wp-content\/uploads\/2023\/02\/DSC_0261-1-1024x683.jpg 1024w, https:\/\/www.ipgh.org\/mx\/wp-content\/uploads\/2023\/02\/DSC_0261-1-300x200.jpg 300w, https:\/\/www.ipgh.org\/mx\/wp-content\/uploads\/2023\/02\/DSC_0261-1-768x512.jpg 768w, https:\/\/www.ipgh.org\/mx\/wp-content\/uploads\/2023\/02\/DSC_0261-1.jpg 1500w\" sizes=\"(max-width: 1024px) 100vw, 1024px\" \/><\/figure>\n<\/div>\n\n\n\n<div class=\"wp-block-column is-layout-flow wp-block-column-is-layout-flow\">\n<figure class=\"wp-block-image size-large\"><img decoding=\"async\" loading=\"lazy\" width=\"683\" height=\"1024\" src=\"https:\/\/www.ipgh.org\/mx\/wp-content\/uploads\/2023\/02\/DSC_0150-683x1024.jpg\" alt=\"\" class=\"wp-image-4981\" srcset=\"https:\/\/www.ipgh.org\/mx\/wp-content\/uploads\/2023\/02\/DSC_0150-683x1024.jpg 683w, https:\/\/www.ipgh.org\/mx\/wp-content\/uploads\/2023\/02\/DSC_0150-200x300.jpg 200w, https:\/\/www.ipgh.org\/mx\/wp-content\/uploads\/2023\/02\/DSC_0150-768x1152.jpg 768w, https:\/\/www.ipgh.org\/mx\/wp-content\/uploads\/2023\/02\/DSC_0150-1024x1536.jpg 1024w, https:\/\/www.ipgh.org\/mx\/wp-content\/uploads\/2023\/02\/DSC_0150-1365x2048.jpg 1365w, https:\/\/www.ipgh.org\/mx\/wp-content\/uploads\/2023\/02\/DSC_0150.jpg 1500w\" sizes=\"(max-width: 683px) 100vw, 683px\" \/><\/figure>\n\n\n\n<div style=\"height:40px\" aria-hidden=\"true\" class=\"wp-block-spacer\"><\/div>\n\n\n\n<figure class=\"wp-block-image size-large\"><img decoding=\"async\" loading=\"lazy\" width=\"682\" height=\"1024\" src=\"https:\/\/www.ipgh.org\/mx\/wp-content\/uploads\/2023\/02\/WhatsApp-Image-2023-02-13-at-2.02.30-PM-1-682x1024.jpeg\" alt=\"\" class=\"wp-image-5091\" srcset=\"https:\/\/www.ipgh.org\/mx\/wp-content\/uploads\/2023\/02\/WhatsApp-Image-2023-02-13-at-2.02.30-PM-1-682x1024.jpeg 682w, https:\/\/www.ipgh.org\/mx\/wp-content\/uploads\/2023\/02\/WhatsApp-Image-2023-02-13-at-2.02.30-PM-1-200x300.jpeg 200w, https:\/\/www.ipgh.org\/mx\/wp-content\/uploads\/2023\/02\/WhatsApp-Image-2023-02-13-at-2.02.30-PM-1-768x1153.jpeg 768w, https:\/\/www.ipgh.org\/mx\/wp-content\/uploads\/2023\/02\/WhatsApp-Image-2023-02-13-at-2.02.30-PM-1-1023x1536.jpeg 1023w, https:\/\/www.ipgh.org\/mx\/wp-content\/uploads\/2023\/02\/WhatsApp-Image-2023-02-13-at-2.02.30-PM-1.jpeg 1066w\" sizes=\"(max-width: 682px) 100vw, 682px\" \/><\/figure>\n<\/div>\n<\/div>\n\n\n<div class=\"wp-block-image\">\n<figure class=\"aligncenter size-large is-resized\"><img decoding=\"async\" loading=\"lazy\" src=\"https:\/\/www.ipgh.org\/mx\/wp-content\/uploads\/2023\/02\/DSC_0583-1-683x1024.jpg\" alt=\"\" class=\"wp-image-5087\" width=\"401\" height=\"601\" srcset=\"https:\/\/www.ipgh.org\/mx\/wp-content\/uploads\/2023\/02\/DSC_0583-1-683x1024.jpg 683w, https:\/\/www.ipgh.org\/mx\/wp-content\/uploads\/2023\/02\/DSC_0583-1-200x300.jpg 200w, https:\/\/www.ipgh.org\/mx\/wp-content\/uploads\/2023\/02\/DSC_0583-1-768x1152.jpg 768w, https:\/\/www.ipgh.org\/mx\/wp-content\/uploads\/2023\/02\/DSC_0583-1-1024x1536.jpg 1024w, https:\/\/www.ipgh.org\/mx\/wp-content\/uploads\/2023\/02\/DSC_0583-1-1365x2048.jpg 1365w, https:\/\/www.ipgh.org\/mx\/wp-content\/uploads\/2023\/02\/DSC_0583-1.jpg 1500w\" sizes=\"(max-width: 401px) 100vw, 401px\" \/><\/figure><\/div>\n\n\n<hr class=\"wp-block-separator has-text-color has-luminous-vivid-orange-color has-alpha-channel-opacity has-luminous-vivid-orange-background-color has-background\"\/>\n","protected":false},"excerpt":{"rendered":"<p>Departamento de Comunicaci\u00f3n Social No. 001\/20238 de febrero de 2023 95\u00b0 Aniversario del Instituto Panamericano de Geograf\u00eda e Historia El pasado 7 de febrero, se llev\u00f3 a cabo la celebraci\u00f3n del 95\u00b0 Aniversario del Instituto Panamericano de Geograf\u00eda e Historia (IPGH) en el Palacio Sede ubicado en la Alcald\u00eda Miguel Hidalgo de la Ciudad de <a class=\"read-more\" href=\"https:\/\/www.ipgh.org\/mx\/?page_id=670\">LEER M\u00c1S<\/a><\/p>\n","protected":false},"author":1,"featured_media":0,"parent":140,"menu_order":1,"comment_status":"closed","ping_status":"closed","template":"","meta":{"footnotes":""},"_links":{"self":[{"href":"https:\/\/www.ipgh.org\/mx\/index.php?rest_route=\/wp\/v2\/pages\/670"}],"collection":[{"href":"https:\/\/www.ipgh.org\/mx\/index.php?rest_route=\/wp\/v2\/pages"}],"about":[{"href":"https:\/\/www.ipgh.org\/mx\/index.php?rest_route=\/wp\/v2\/types\/page"}],"author":[{"embeddable":true,"href":"https:\/\/www.ipgh.org\/mx\/index.php?rest_route=\/wp\/v2\/users\/1"}],"replies":[{"embeddable":true,"href":"https:\/\/www.ipgh.org\/mx\/index.php?rest_route=%2Fwp%2Fv2%2Fcomments&post=670"}],"version-history":[{"count":15,"href":"https:\/\/www.ipgh.org\/mx\/index.php?rest_route=\/wp\/v2\/pages\/670\/revisions"}],"predecessor-version":[{"id":5338,"href":"https:\/\/www.ipgh.org\/mx\/index.php?rest_route=\/wp\/v2\/pages\/670\/revisions\/5338"}],"up":[{"embeddable":true,"href":"https:\/\/www.ipgh.org\/mx\/index.php?rest_route=\/wp\/v2\/pages\/140"}],"wp:attachment":[{"href":"https:\/\/www.ipgh.org\/mx\/index.php?rest_route=%2Fwp%2Fv2%2Fmedia&parent=670"}],"curies":[{"name":"wp","href":"https:\/\/api.w.org\/{rel}","templated":true}]}}