{"id":6746,"date":"2024-02-27T08:46:18","date_gmt":"2024-02-27T14:46:18","guid":{"rendered":"https:\/\/www.ipgh.org\/mx\/?page_id=6746"},"modified":"2024-09-30T12:00:21","modified_gmt":"2024-09-30T17:00:21","slug":"98%e1%b5%83-reunion-de-autoridades-2","status":"publish","type":"page","link":"https:\/\/www.ipgh.org\/mx\/?page_id=6746","title":{"rendered":"99\u1d43 Reuni\u00f3n de Autoridades"},"content":{"rendered":"\n<div style=\"height:15px\" aria-hidden=\"true\" class=\"wp-block-spacer\"><\/div>\n\n\n\n<p class=\"has-black-color has-text-color has-link-color wp-elements-415991d3862509d2e285935cc0ab559d\" style=\"font-size:18px\">Durante la inauguraci\u00f3n de la 99\u00aa Reuni\u00f3n de Autoridades, la Presidente del IPGH, Dra. Patricia Sol\u00eds, destac\u00f3 la relevancia de la Reuni\u00f3n De Autoridades y su papel fundamental en la coordinaci\u00f3n y el cumplimiento de las resoluciones de la Asamblea General del IPGH. <\/p>\n\n\n\n<p class=\"has-black-color has-text-color has-link-color wp-elements-27b9a15ccac8f217afb4ba043fba7644\" style=\"font-size:18px\">Este encuentro brind\u00f3 una plataforma \u00fanica para el intercambio de conocimientos, experiencias y perspectivas de las Autoridades del IPGH, fortaleciendo la colaboraci\u00f3n regional.<\/p>\n\n\n\n<p class=\"has-black-color has-text-color has-link-color wp-elements-895d46110bdc10bcdb066d650c1b4455\" style=\"font-size:18px\">En la 99\u00aa Reuni\u00f3n de Autoridades del IPGH en la Ciudad de Guatemala, se formaliz\u00f3 la instalaci\u00f3n de este comit\u00e9 encargado de preparar las celebraciones del centenario del Instituto. Las Autoridades del IPGH se reunieron para designar a la Dra. Patricia Solis como Presidente del Comit\u00e9 de Festejos. <\/p>\n\n\n\n<div style=\"height:15px\" aria-hidden=\"true\" class=\"wp-block-spacer\"><\/div>\n\n\n\n<p><\/p>\n\n\n\n<div class=\"wp-block-columns is-layout-flex wp-container-3 wp-block-columns-is-layout-flex\">\n<div class=\"wp-block-column is-layout-flow wp-block-column-is-layout-flow\">\n<figure class=\"wp-block-image size-large\"><img decoding=\"async\" loading=\"lazy\" width=\"1024\" height=\"1024\" src=\"https:\/\/www.ipgh.org\/mx\/wp-content\/uploads\/2024\/02\/358711921_598114969166187_4539618660660343251_n-1-1024x1024.jpg\" alt=\"\" class=\"wp-image-6752\" srcset=\"https:\/\/www.ipgh.org\/mx\/wp-content\/uploads\/2024\/02\/358711921_598114969166187_4539618660660343251_n-1-1024x1024.jpg 1024w, https:\/\/www.ipgh.org\/mx\/wp-content\/uploads\/2024\/02\/358711921_598114969166187_4539618660660343251_n-1-300x300.jpg 300w, https:\/\/www.ipgh.org\/mx\/wp-content\/uploads\/2024\/02\/358711921_598114969166187_4539618660660343251_n-1-150x150.jpg 150w, https:\/\/www.ipgh.org\/mx\/wp-content\/uploads\/2024\/02\/358711921_598114969166187_4539618660660343251_n-1-768x768.jpg 768w, https:\/\/www.ipgh.org\/mx\/wp-content\/uploads\/2024\/02\/358711921_598114969166187_4539618660660343251_n-1.jpg 1200w\" sizes=\"(max-width: 1024px) 100vw, 1024px\" \/><\/figure>\n<\/div>\n\n\n\n<div class=\"wp-block-column is-layout-flow wp-block-column-is-layout-flow\">\n<figure class=\"wp-block-image size-large\"><img decoding=\"async\" loading=\"lazy\" width=\"1024\" height=\"1024\" src=\"https:\/\/www.ipgh.org\/mx\/wp-content\/uploads\/2024\/02\/361265382_600130332297984_8680836890889431582_n-1-1024x1024.jpg\" alt=\"\" class=\"wp-image-6753\" srcset=\"https:\/\/www.ipgh.org\/mx\/wp-content\/uploads\/2024\/02\/361265382_600130332297984_8680836890889431582_n-1-1024x1024.jpg 1024w, https:\/\/www.ipgh.org\/mx\/wp-content\/uploads\/2024\/02\/361265382_600130332297984_8680836890889431582_n-1-300x300.jpg 300w, https:\/\/www.ipgh.org\/mx\/wp-content\/uploads\/2024\/02\/361265382_600130332297984_8680836890889431582_n-1-150x150.jpg 150w, https:\/\/www.ipgh.org\/mx\/wp-content\/uploads\/2024\/02\/361265382_600130332297984_8680836890889431582_n-1-768x768.jpg 768w, https:\/\/www.ipgh.org\/mx\/wp-content\/uploads\/2024\/02\/361265382_600130332297984_8680836890889431582_n-1.jpg 1200w\" sizes=\"(max-width: 1024px) 100vw, 1024px\" \/><\/figure>\n<\/div>\n<\/div>\n","protected":false},"excerpt":{"rendered":"<p>Durante la inauguraci\u00f3n de la 99\u00aa Reuni\u00f3n de Autoridades, la Presidente del IPGH, Dra. Patricia Sol\u00eds, destac\u00f3 la relevancia de la Reuni\u00f3n De Autoridades y su papel fundamental en la coordinaci\u00f3n y el cumplimiento de las resoluciones de la Asamblea General del IPGH. Este encuentro brind\u00f3 una plataforma \u00fanica para el intercambio de conocimientos, experiencias <a class=\"read-more\" href=\"https:\/\/www.ipgh.org\/mx\/?page_id=6746\">LEER M\u00c1S<\/a><\/p>\n","protected":false},"author":1,"featured_media":0,"parent":0,"menu_order":0,"comment_status":"closed","ping_status":"closed","template":"","meta":{"footnotes":""},"_links":{"self":[{"href":"https:\/\/www.ipgh.org\/mx\/index.php?rest_route=\/wp\/v2\/pages\/6746"}],"collection":[{"href":"https:\/\/www.ipgh.org\/mx\/index.php?rest_route=\/wp\/v2\/pages"}],"about":[{"href":"https:\/\/www.ipgh.org\/mx\/index.php?rest_route=\/wp\/v2\/types\/page"}],"author":[{"embeddable":true,"href":"https:\/\/www.ipgh.org\/mx\/index.php?rest_route=\/wp\/v2\/users\/1"}],"replies":[{"embeddable":true,"href":"https:\/\/www.ipgh.org\/mx\/index.php?rest_route=%2Fwp%2Fv2%2Fcomments&post=6746"}],"version-history":[{"count":4,"href":"https:\/\/www.ipgh.org\/mx\/index.php?rest_route=\/wp\/v2\/pages\/6746\/revisions"}],"predecessor-version":[{"id":8859,"href":"https:\/\/www.ipgh.org\/mx\/index.php?rest_route=\/wp\/v2\/pages\/6746\/revisions\/8859"}],"wp:attachment":[{"href":"https:\/\/www.ipgh.org\/mx\/index.php?rest_route=%2Fwp%2Fv2%2Fmedia&parent=6746"}],"curies":[{"name":"wp","href":"https:\/\/api.w.org\/{rel}","templated":true}]}}