{"id":7697,"date":"2024-09-25T16:03:48","date_gmt":"2024-09-25T21:03:48","guid":{"rendered":"https:\/\/www.ipgh.org\/mx\/?page_id=7697"},"modified":"2025-10-06T10:02:06","modified_gmt":"2025-10-06T16:02:06","slug":"marzo-2024","status":"publish","type":"page","link":"https:\/\/www.ipgh.org\/mx\/?page_id=7697","title":{"rendered":"Marzo 2024"},"content":{"rendered":"\n<p class=\"has-black-color has-text-color has-link-color has-large-font-size wp-elements-a29389229d3710e14c8d84280b21c189\"><strong>01<\/strong><\/p>\n\n\n\n<p class=\"has-luminous-vivid-orange-color has-text-color has-link-color has-medium-font-size wp-elements-a5e19ab30af5e7624ed9623e0ea212cb\"><strong>Comit\u00e9 interno del IPGH para los trabajos de alineaci\u00f3n de reglamentos al Estatuto del IPGH<\/strong><\/p>\n\n\n\n<div class=\"wp-block-media-text is-stacked-on-mobile\"><figure class=\"wp-block-media-text__media\"><img decoding=\"async\" loading=\"lazy\" width=\"1024\" height=\"1024\" src=\"https:\/\/www.ipgh.org\/mx\/wp-content\/uploads\/2024\/09\/1-MARZO-1-1-1024x1024.jpg\" alt=\"\" class=\"wp-image-7699 size-full\" srcset=\"https:\/\/www.ipgh.org\/mx\/wp-content\/uploads\/2024\/09\/1-MARZO-1-1-1024x1024.jpg 1024w, https:\/\/www.ipgh.org\/mx\/wp-content\/uploads\/2024\/09\/1-MARZO-1-1-300x300.jpg 300w, https:\/\/www.ipgh.org\/mx\/wp-content\/uploads\/2024\/09\/1-MARZO-1-1-150x150.jpg 150w, https:\/\/www.ipgh.org\/mx\/wp-content\/uploads\/2024\/09\/1-MARZO-1-1-768x768.jpg 768w, https:\/\/www.ipgh.org\/mx\/wp-content\/uploads\/2024\/09\/1-MARZO-1-1-1536x1536.jpg 1536w, https:\/\/www.ipgh.org\/mx\/wp-content\/uploads\/2024\/09\/1-MARZO-1-1.jpg 2048w\" sizes=\"(max-width: 1024px) 100vw, 1024px\" \/><\/figure><div class=\"wp-block-media-text__content\">\n<p class=\"has-white-color has-text-color has-background has-link-color wp-elements-545654ea6361697fef209cdae8ba453f\" style=\"background-color:#ff9448;font-size:18px\">Esta reuni\u00f3n tuvo la participaci\u00f3n del Mtro. Antonio Campuzano Rosales, Secretario General, el Lic. Sergio Mart\u00ednez Torres, Secretario Particular y el se\u00f1or Norberto Garc\u00eda Castelo, Asistencia T\u00e9cnica.    <br>El trabajo colectivo del personal de la Secretar\u00eda General del Instituto Panamericano de Geograf\u00eda e Historia, se enmarca en las l\u00edneas de acci\u00f3n Plan Estrat\u00e9gico\u00a0de Modernizaci\u00f3n del IPGH de la presente administraci\u00f3n.<\/p>\n<\/div><\/div>\n\n\n\n<div style=\"height:15px\" aria-hidden=\"true\" class=\"wp-block-spacer\"><\/div>\n\n\n\n<hr class=\"wp-block-separator has-text-color has-luminous-vivid-orange-color has-alpha-channel-opacity has-luminous-vivid-orange-background-color has-background is-style-dots\"\/>\n\n\n\n<p class=\"has-black-color has-text-color has-link-color has-large-font-size wp-elements-0ff5afdf7cfba587ed3e9f94680203b5\"><strong>06<\/strong><\/p>\n\n\n\n<p class=\"has-luminous-vivid-orange-color has-text-color has-link-color has-medium-font-size wp-elements-a119e5e9f5619118648ec198b861d554\"><strong>Visita a la Embajada de Rep\u00fablica de Paraguay<\/strong><\/p>\n\n\n\n<p><\/p>\n\n\n\n<div class=\"wp-block-media-text has-media-on-the-right is-stacked-on-mobile\" style=\"grid-template-columns:auto 45%\"><div class=\"wp-block-media-text__content\">\n<p class=\"has-black-color has-text-color has-link-color wp-elements-baa79fd68ebc9928ba5ebc7e13e3a015\" style=\"font-size:18px\">El Mtro. Antonio Campuzano Rosales y el Lic. Sergio Mart\u00ednez Torres, Secretario General y Secretario Particular del IPGH respectivamente, asistieron a la Embajada de la Rep\u00fablica de Paraguay para reunirse con la Excma. Se\u00f1ora Embajadora Gloria Yrma Amarilla Acosta.<\/p>\n\n\n\n<p class=\"has-black-color has-text-color has-link-color wp-elements-642a1176c7e3c8a5725b186d9b5bde51\" style=\"font-size:18px\">Durante su visita, trataron temas de colaboraci\u00f3n entre el IPGH y el Estado Miembro de Paraguay, con el prop\u00f3sito de ampliar la difusi\u00f3n de la oferta acad\u00e9mica que este organismo cient\u00edfico pone a disposici\u00f3n a trav\u00e9s de convocatorias para becas y premios, postulaci\u00f3n a financiaci\u00f3n de proyectos, participaci\u00f3n en sus revistas cient\u00edficas y donaci\u00f3n de publicaciones.<\/p>\n\n\n\n<p class=\"has-black-color has-text-color has-link-color wp-elements-1a2cdb97c01750f725ff583c4fcfefb7\" style=\"font-size:18px\">Con estas acciones el IPGH se mantiene apegado a sus l\u00edneas de acci\u00f3n en el \u00e1rea cient\u00edfica de su Plan Estrat\u00e9gico de Modernizaci\u00f3n 2022-2025.<\/p>\n<\/div><figure class=\"wp-block-media-text__media\"><img decoding=\"async\" loading=\"lazy\" width=\"1024\" height=\"1024\" src=\"https:\/\/www.ipgh.org\/mx\/wp-content\/uploads\/2024\/09\/2-MARZO-1-1024x1024.jpg\" alt=\"\" class=\"wp-image-7704 size-full\" srcset=\"https:\/\/www.ipgh.org\/mx\/wp-content\/uploads\/2024\/09\/2-MARZO-1-1024x1024.jpg 1024w, https:\/\/www.ipgh.org\/mx\/wp-content\/uploads\/2024\/09\/2-MARZO-1-300x300.jpg 300w, https:\/\/www.ipgh.org\/mx\/wp-content\/uploads\/2024\/09\/2-MARZO-1-150x150.jpg 150w, https:\/\/www.ipgh.org\/mx\/wp-content\/uploads\/2024\/09\/2-MARZO-1-768x768.jpg 768w, https:\/\/www.ipgh.org\/mx\/wp-content\/uploads\/2024\/09\/2-MARZO-1-1536x1536.jpg 1536w, https:\/\/www.ipgh.org\/mx\/wp-content\/uploads\/2024\/09\/2-MARZO-1.jpg 2048w\" sizes=\"(max-width: 1024px) 100vw, 1024px\" \/><\/figure><\/div>\n\n\n\n<div style=\"height:15px\" aria-hidden=\"true\" class=\"wp-block-spacer\"><\/div>\n\n\n\n<hr class=\"wp-block-separator has-text-color has-luminous-vivid-orange-color has-alpha-channel-opacity has-luminous-vivid-orange-background-color has-background is-style-dots\"\/>\n\n\n\n<p class=\"has-black-color has-text-color has-link-color has-large-font-size wp-elements-c9fa55374ea2171a2aa7153502b2d8ff\"><strong>12<\/strong><\/p>\n\n\n\n<p class=\"has-luminous-vivid-orange-color has-text-color has-link-color has-medium-font-size wp-elements-6777a313d96352581906eff8c898d9d1\"><strong>Reuni\u00f3n virtual con personal del CEPEIGE<\/strong><\/p>\n\n\n\n<p><\/p>\n\n\n\n<p class=\"has-black-color has-text-color has-link-color wp-elements-ed5c3c71b4aeefd388754255a8d95374\" style=\"font-size:18px\">&nbsp;El Mtro. Antonio Campuzano Rosales, Secretario General del IPGH, acompa\u00f1ado del se\u00f1or Norberto Garc\u00eda Castelo, encargado del departamento de Asistencia T\u00e9cnica, mantuvo una reuni\u00f3n virtual con el personal del Centro Panamericano de Estudios e Investigaciones Geogr\u00e1fica (CEPEIGE), Ecuador.<\/p>\n\n\n\n<div style=\"height:32px\" aria-hidden=\"true\" class=\"wp-block-spacer\"><\/div>\n\n\n\n<div class=\"wp-block-group is-nowrap is-layout-flex wp-container-1 wp-block-group-is-layout-flex\">\n<figure class=\"wp-block-image size-large is-resized\"><img decoding=\"async\" loading=\"lazy\" src=\"https:\/\/www.ipgh.org\/mx\/wp-content\/uploads\/2024\/09\/3-MARZO-1024x1024.jpg\" alt=\"\" class=\"wp-image-7706\" style=\"width:580px;height:580px\" width=\"580\" height=\"580\" srcset=\"https:\/\/www.ipgh.org\/mx\/wp-content\/uploads\/2024\/09\/3-MARZO-1024x1024.jpg 1024w, https:\/\/www.ipgh.org\/mx\/wp-content\/uploads\/2024\/09\/3-MARZO-300x300.jpg 300w, https:\/\/www.ipgh.org\/mx\/wp-content\/uploads\/2024\/09\/3-MARZO-150x150.jpg 150w, https:\/\/www.ipgh.org\/mx\/wp-content\/uploads\/2024\/09\/3-MARZO-768x768.jpg 768w, https:\/\/www.ipgh.org\/mx\/wp-content\/uploads\/2024\/09\/3-MARZO-1536x1536.jpg 1536w, https:\/\/www.ipgh.org\/mx\/wp-content\/uploads\/2024\/09\/3-MARZO.jpg 2048w\" sizes=\"(max-width: 580px) 100vw, 580px\" \/><\/figure>\n\n\n\n<figure class=\"wp-block-image size-large is-resized\"><img decoding=\"async\" loading=\"lazy\" src=\"https:\/\/www.ipgh.org\/mx\/wp-content\/uploads\/2024\/09\/3.1-MARZO-1-1024x1024.jpg\" alt=\"\" class=\"wp-image-7707\" style=\"width:450px;height:450px\" width=\"450\" height=\"450\" srcset=\"https:\/\/www.ipgh.org\/mx\/wp-content\/uploads\/2024\/09\/3.1-MARZO-1-1024x1024.jpg 1024w, https:\/\/www.ipgh.org\/mx\/wp-content\/uploads\/2024\/09\/3.1-MARZO-1-300x300.jpg 300w, https:\/\/www.ipgh.org\/mx\/wp-content\/uploads\/2024\/09\/3.1-MARZO-1-150x150.jpg 150w, https:\/\/www.ipgh.org\/mx\/wp-content\/uploads\/2024\/09\/3.1-MARZO-1-768x768.jpg 768w, https:\/\/www.ipgh.org\/mx\/wp-content\/uploads\/2024\/09\/3.1-MARZO-1-1536x1536.jpg 1536w, https:\/\/www.ipgh.org\/mx\/wp-content\/uploads\/2024\/09\/3.1-MARZO-1.jpg 2048w\" sizes=\"(max-width: 450px) 100vw, 450px\" \/><\/figure>\n<\/div>\n\n\n\n<div style=\"height:13px\" aria-hidden=\"true\" class=\"wp-block-spacer\"><\/div>\n\n\n\n<p class=\"has-black-color has-text-color has-link-color wp-elements-bd336d0dcdd0ed950226f70fd83e4e4b\" style=\"font-size:18px\">El MSc. Nelson Ortega (director del CEPEIGE) junto con sus colaboradores: Jonathan Panimboza, Jefe Acad\u00e9mico; Diego Armando Almachi,&nbsp; Humberto G\u00f3mez y Maritza Velastegu\u00ed, presentaron la coordinaci\u00f3n del trabajo para la realizaci\u00f3n del 50\u00ba Curso Panamericano de Geograf\u00eda Aplicada.<\/p>\n\n\n\n<p class=\"has-black-color has-text-color has-link-color wp-elements-b5edacc7fcf22975ca1673ab8de73c72\" style=\"font-size:18px\">Ambos organismos establecieron l\u00edneas de acci\u00f3n para las becas disponibles, los cursos paralelos, as\u00ed como la difusi\u00f3n de los mismos.<\/p>\n\n\n\n<p class=\"has-black-color has-text-color has-link-color wp-elements-5b429f3799184e27af311be2836f56fb\" style=\"font-size:18px\">El IPGH, reafirma su compromiso con el cumplimiento de su Plan Estrat\u00e9gico de Modernizaci\u00f3n 2022-2025 a trav\u00e9s de la estrecha colaboraci\u00f3n con organismos pares como CEPEIGE.<\/p>\n\n\n\n<div style=\"height:16px\" aria-hidden=\"true\" class=\"wp-block-spacer\"><\/div>\n\n\n\n<p class=\"has-luminous-vivid-orange-color has-text-color has-link-color has-medium-font-size wp-elements-e2677f6e4f7c5a5ba39394bcc76726c8\"><strong> Reunieron con personal del Bufete Sodi Abogados<\/strong><\/p>\n\n\n\n<p><\/p>\n\n\n\n<div class=\"wp-block-media-text is-stacked-on-mobile\"><figure class=\"wp-block-media-text__media\"><img decoding=\"async\" loading=\"lazy\" width=\"1024\" height=\"1024\" src=\"https:\/\/www.ipgh.org\/mx\/wp-content\/uploads\/2024\/09\/4-MARZO-1-1024x1024.jpg\" alt=\"\" class=\"wp-image-7714 size-full\" srcset=\"https:\/\/www.ipgh.org\/mx\/wp-content\/uploads\/2024\/09\/4-MARZO-1-1024x1024.jpg 1024w, https:\/\/www.ipgh.org\/mx\/wp-content\/uploads\/2024\/09\/4-MARZO-1-300x300.jpg 300w, https:\/\/www.ipgh.org\/mx\/wp-content\/uploads\/2024\/09\/4-MARZO-1-150x150.jpg 150w, https:\/\/www.ipgh.org\/mx\/wp-content\/uploads\/2024\/09\/4-MARZO-1-768x768.jpg 768w, https:\/\/www.ipgh.org\/mx\/wp-content\/uploads\/2024\/09\/4-MARZO-1-1536x1536.jpg 1536w, https:\/\/www.ipgh.org\/mx\/wp-content\/uploads\/2024\/09\/4-MARZO-1.jpg 2048w\" sizes=\"(max-width: 1024px) 100vw, 1024px\" \/><\/figure><div class=\"wp-block-media-text__content\">\n<p class=\"has-white-color has-text-color has-background has-link-color wp-elements-16998d440304d89c25bae8690428a009\" style=\"background-color:#ff9448;font-size:18px\">El Mtro. Antonio Campuzano Rosales, Secretario General del IPGH, acompa\u00f1ado del Lic. Sergio Mart\u00ednez Torres, Secretario Particular, se reunieron con personal del Bufete Sodi Abogados para continuar con los trabajos de alineaci\u00f3n de la normativa interna del Instituto con sus estatutos.          <br>Esta sesi\u00f3n se enmarca en las l\u00edneas de acci\u00f3n del Plan Estrat\u00e9gico\u00a0 de Modernizaci\u00f3n del IPGH implementado por la presente administraci\u00f3n.<\/p>\n<\/div><\/div>\n\n\n\n<div style=\"height:15px\" aria-hidden=\"true\" class=\"wp-block-spacer\"><\/div>\n\n\n\n<hr class=\"wp-block-separator has-text-color has-luminous-vivid-orange-color has-alpha-channel-opacity has-luminous-vivid-orange-background-color has-background is-style-dots\"\/>\n\n\n\n<p class=\"has-black-color has-text-color has-link-color has-large-font-size wp-elements-a516d6d0f55faa698bac79e5fdf1ab16\"><strong>13<\/strong><\/p>\n\n\n\n<p class=\"has-luminous-vivid-orange-color has-text-color has-link-color has-medium-font-size wp-elements-373c22636e4369abec8f08e406be263a\"><strong>Visita del se\u00f1or Yong Koo Kang, Consejero de Asuntos Econ\u00f3micos de la Embajada de la Rep\u00fablica de Corea en M\u00e9xico<\/strong><\/p>\n\n\n\n<div class=\"wp-block-media-text has-media-on-the-right is-stacked-on-mobile\"><div class=\"wp-block-media-text__content\">\n<p><\/p>\n\n\n\n<p class=\"has-black-color has-text-color has-link-color wp-elements-f8d170e2ac1bc91f90f80ecaa1f39d5b\" style=\"font-size:18px\">El Palacio sede del IPGH, recibi\u00f3 la grata visita del se\u00f1or  Yong Koo Kang, funcionario de la representaci\u00f3n de Corea en M\u00e9xico.<\/p>\n\n\n\n<p class=\"has-black-color has-text-color has-link-color wp-elements-3ec881324876ee82f643a3e1d310c9fd\" style=\"font-size:18px\">En una interesante y amena conversaci\u00f3n, el Mtro. Antonio Campuzano Rosales, Secretario General, se\u00f1al\u00f3 su satisfacci\u00f3n por reforzar los lazos de colaboraci\u00f3n cient\u00edfica y t\u00e9cnica entre el IPGH y la Rep\u00fablica de Corea, quien tiene la condici\u00f3n de Pa\u00eds Observador Permanente en este organismo internacional.<\/p>\n\n\n\n<p class=\"has-black-color has-text-color has-link-color wp-elements-755f2a0e9565dd898c3d2f3ef4c693ad\" style=\"font-size:18px\">El Mtro. Campuzano expres\u00f3 al Sr. Yong Koo Kang, que m\u00e1s all\u00e1 de la alianza estrat\u00e9gica IPGH-Corea, reside un estrecho lazo de amistad entre los pueblos de la comunidad panamericana y la naci\u00f3n coreana.<\/p>\n\n\n\n<p class=\"has-black-color has-text-color has-link-color wp-elements-4e3517c5f34fa207ae29322c0cf34bf5\" style=\"font-size:18px\">Igualmente, se desea continuar con el intercambio acad\u00e9mico a trav\u00e9s de la capacitaci\u00f3n y difusi\u00f3n de las ciencias de la Tierra y la Historia, disciplinas de las cuales se ocupa el Instituto Panamericano de Geograf\u00eda e Historia.<\/p>\n<\/div><figure class=\"wp-block-media-text__media\"><img decoding=\"async\" loading=\"lazy\" width=\"1024\" height=\"1024\" src=\"https:\/\/www.ipgh.org\/mx\/wp-content\/uploads\/2024\/09\/6-MARZO-5-1024x1024.jpg\" alt=\"\" class=\"wp-image-7735 size-full\" srcset=\"https:\/\/www.ipgh.org\/mx\/wp-content\/uploads\/2024\/09\/6-MARZO-5-1024x1024.jpg 1024w, https:\/\/www.ipgh.org\/mx\/wp-content\/uploads\/2024\/09\/6-MARZO-5-300x300.jpg 300w, https:\/\/www.ipgh.org\/mx\/wp-content\/uploads\/2024\/09\/6-MARZO-5-150x150.jpg 150w, https:\/\/www.ipgh.org\/mx\/wp-content\/uploads\/2024\/09\/6-MARZO-5-768x768.jpg 768w, https:\/\/www.ipgh.org\/mx\/wp-content\/uploads\/2024\/09\/6-MARZO-5-1536x1536.jpg 1536w, https:\/\/www.ipgh.org\/mx\/wp-content\/uploads\/2024\/09\/6-MARZO-5.jpg 2048w\" sizes=\"(max-width: 1024px) 100vw, 1024px\" \/><\/figure><\/div>\n\n\n\n<div style=\"height:15px\" aria-hidden=\"true\" class=\"wp-block-spacer\"><\/div>\n\n\n\n<div style=\"height:15px\" aria-hidden=\"true\" class=\"wp-block-spacer\"><\/div>\n\n\n\n<hr class=\"wp-block-separator has-text-color has-luminous-vivid-orange-color has-alpha-channel-opacity has-luminous-vivid-orange-background-color has-background is-style-dots\"\/>\n\n\n\n<p class=\"has-black-color has-text-color has-link-color has-large-font-size wp-elements-efc1083636910547fbd74726ec20e0eb\"><strong>15<\/strong><\/p>\n\n\n\n<p class=\"has-luminous-vivid-orange-color has-text-color has-link-color has-medium-font-size wp-elements-9321b00eeba3bff4d1efec15214480c6\"><strong>Reuni\u00f3n a distancia para la alineaci\u00f3n de los Reglamentos Internos  <\/strong><\/p>\n\n\n\n<p class=\"has-black-color has-text-color has-link-color wp-elements-b4878b0b6ac4d2faa2e558fdc6501865\" style=\"font-size:18px\">Con la participaci\u00f3n&nbsp; del Mtro. Antonio Campuzano Rosales, Secretario General del IPGH, y los Presidentes de Comisiones de este Instituto: Dr. Filiberto Cruz S\u00e1nchez (Historia), Dr. Hermann Manr\u00edquez Tirado (Geograf\u00eda), Max Lobo Hern\u00e1ndez (Cartograf\u00eda), se llev\u00f3 a cabo una reuni\u00f3n virtual con el objetivo de trabajar la  alineaci\u00f3n de los Reglamentos Internos con el Estatuto vigente del IPGH.<\/p>\n\n\n\n<p class=\"has-black-color has-text-color has-link-color wp-elements-11d790466f6bf65ea2200c57416e64c1\" style=\"font-size:18px\">Cada uno de los Presidentes de Comisi\u00f3n, aportaron observaciones a los distintos documentos relativos al buen funcionamiento del Instituto Panamericano de Geograf\u00eda e Historia.<\/p>\n\n\n\n<p class=\"has-black-color has-text-color has-link-color wp-elements-590113d6ac2a908a5d05f45bad2c781c\" style=\"font-size:18px\">Con estas actividades de trabajo, se da seguimiento a las acciones contenidas en los ejes rectores del Plan Estrat\u00e9gico de Modernizaci\u00f3n 2022-2025.<\/p>\n\n\n\n<div style=\"height:15px\" aria-hidden=\"true\" class=\"wp-block-spacer\"><\/div>\n\n\n\n<div class=\"wp-block-group is-content-justification-center is-nowrap is-layout-flex wp-container-2 wp-block-group-is-layout-flex\">\n<figure class=\"wp-block-image size-large is-resized\"><img decoding=\"async\" loading=\"lazy\" src=\"https:\/\/www.ipgh.org\/mx\/wp-content\/uploads\/2024\/09\/7.-Marzo-1024x1024.jpg\" alt=\"\" class=\"wp-image-7723\" style=\"width:370px;height:370px\" width=\"370\" height=\"370\" srcset=\"https:\/\/www.ipgh.org\/mx\/wp-content\/uploads\/2024\/09\/7.-Marzo-1024x1024.jpg 1024w, https:\/\/www.ipgh.org\/mx\/wp-content\/uploads\/2024\/09\/7.-Marzo-300x300.jpg 300w, https:\/\/www.ipgh.org\/mx\/wp-content\/uploads\/2024\/09\/7.-Marzo-150x150.jpg 150w, https:\/\/www.ipgh.org\/mx\/wp-content\/uploads\/2024\/09\/7.-Marzo-768x768.jpg 768w, https:\/\/www.ipgh.org\/mx\/wp-content\/uploads\/2024\/09\/7.-Marzo-1536x1536.jpg 1536w, https:\/\/www.ipgh.org\/mx\/wp-content\/uploads\/2024\/09\/7.-Marzo.jpg 2048w\" sizes=\"(max-width: 370px) 100vw, 370px\" \/><\/figure>\n\n\n\n<figure class=\"wp-block-image size-large is-resized\"><img decoding=\"async\" loading=\"lazy\" src=\"https:\/\/www.ipgh.org\/mx\/wp-content\/uploads\/2024\/09\/7.1-MARZO-1024x1024.jpg\" alt=\"\" class=\"wp-image-7724\" style=\"width:369px;height:369px\" width=\"369\" height=\"369\" srcset=\"https:\/\/www.ipgh.org\/mx\/wp-content\/uploads\/2024\/09\/7.1-MARZO-1024x1024.jpg 1024w, https:\/\/www.ipgh.org\/mx\/wp-content\/uploads\/2024\/09\/7.1-MARZO-300x300.jpg 300w, https:\/\/www.ipgh.org\/mx\/wp-content\/uploads\/2024\/09\/7.1-MARZO-150x150.jpg 150w, https:\/\/www.ipgh.org\/mx\/wp-content\/uploads\/2024\/09\/7.1-MARZO-768x768.jpg 768w, https:\/\/www.ipgh.org\/mx\/wp-content\/uploads\/2024\/09\/7.1-MARZO-1536x1536.jpg 1536w, https:\/\/www.ipgh.org\/mx\/wp-content\/uploads\/2024\/09\/7.1-MARZO.jpg 2048w\" sizes=\"(max-width: 369px) 100vw, 369px\" \/><\/figure>\n\n\n\n<hr class=\"wp-block-separator has-alpha-channel-opacity\"\/>\n\n\n\n<hr class=\"wp-block-separator has-alpha-channel-opacity\"\/>\n<\/div>\n\n\n\n<div style=\"height:14px\" aria-hidden=\"true\" class=\"wp-block-spacer\"><\/div>\n\n\n\n<div class=\"wp-block-group is-content-justification-center is-nowrap is-layout-flex wp-container-3 wp-block-group-is-layout-flex\">\n<figure class=\"wp-block-image size-large is-resized\"><img decoding=\"async\" loading=\"lazy\" src=\"https:\/\/www.ipgh.org\/mx\/wp-content\/uploads\/2024\/09\/7.2-MARZO-1-1024x1024.jpg\" alt=\"\" class=\"wp-image-7726\" style=\"width:364px;height:364px\" width=\"364\" height=\"364\" srcset=\"https:\/\/www.ipgh.org\/mx\/wp-content\/uploads\/2024\/09\/7.2-MARZO-1-1024x1024.jpg 1024w, https:\/\/www.ipgh.org\/mx\/wp-content\/uploads\/2024\/09\/7.2-MARZO-1-300x300.jpg 300w, https:\/\/www.ipgh.org\/mx\/wp-content\/uploads\/2024\/09\/7.2-MARZO-1-150x150.jpg 150w, https:\/\/www.ipgh.org\/mx\/wp-content\/uploads\/2024\/09\/7.2-MARZO-1-768x768.jpg 768w, https:\/\/www.ipgh.org\/mx\/wp-content\/uploads\/2024\/09\/7.2-MARZO-1-1536x1536.jpg 1536w, https:\/\/www.ipgh.org\/mx\/wp-content\/uploads\/2024\/09\/7.2-MARZO-1.jpg 2048w\" sizes=\"(max-width: 364px) 100vw, 364px\" \/><\/figure>\n\n\n\n<figure class=\"wp-block-image size-large is-resized is-style-default\"><img decoding=\"async\" loading=\"lazy\" src=\"https:\/\/www.ipgh.org\/mx\/wp-content\/uploads\/2024\/09\/7.3-MARZO-1024x1024.jpg\" alt=\"\" class=\"wp-image-7727\" style=\"width:363px;height:363px\" width=\"363\" height=\"363\" srcset=\"https:\/\/www.ipgh.org\/mx\/wp-content\/uploads\/2024\/09\/7.3-MARZO-1024x1024.jpg 1024w, https:\/\/www.ipgh.org\/mx\/wp-content\/uploads\/2024\/09\/7.3-MARZO-300x300.jpg 300w, https:\/\/www.ipgh.org\/mx\/wp-content\/uploads\/2024\/09\/7.3-MARZO-150x150.jpg 150w, https:\/\/www.ipgh.org\/mx\/wp-content\/uploads\/2024\/09\/7.3-MARZO-768x768.jpg 768w, https:\/\/www.ipgh.org\/mx\/wp-content\/uploads\/2024\/09\/7.3-MARZO-1536x1536.jpg 1536w, https:\/\/www.ipgh.org\/mx\/wp-content\/uploads\/2024\/09\/7.3-MARZO.jpg 2048w\" sizes=\"(max-width: 363px) 100vw, 363px\" \/><\/figure>\n<\/div>\n\n\n\n<div style=\"height:31px\" aria-hidden=\"true\" class=\"wp-block-spacer\"><\/div>\n\n\n\n<hr class=\"wp-block-separator has-text-color has-luminous-vivid-orange-color has-alpha-channel-opacity has-luminous-vivid-orange-background-color has-background is-style-wide\"\/>\n\n\n\n<div class=\"wp-block-columns is-layout-flex wp-container-8 wp-block-columns-is-layout-flex\">\n<div class=\"wp-block-column is-layout-flow wp-block-column-is-layout-flow\"><\/div>\n\n\n\n<div class=\"wp-block-column is-layout-flow wp-block-column-is-layout-flow\"><\/div>\n\n\n\n<div class=\"wp-block-column is-layout-flow wp-block-column-is-layout-flow\">\n<div class=\"wp-block-buttons is-content-justification-right is-layout-flex wp-container-6 wp-block-buttons-is-layout-flex\">\n<div class=\"wp-block-button\"><a class=\"wp-block-button__link has-white-color has-luminous-vivid-orange-background-color has-text-color has-background has-link-color has-text-align-right wp-element-button\" href=\"https:\/\/www.ipgh.org\/mx\/?page_id=7623\" style=\"border-radius:11px\">Regresar<\/a><\/div>\n<\/div>\n<\/div>\n<\/div>\n","protected":false},"excerpt":{"rendered":"<p>01 Comit\u00e9 interno del IPGH para los trabajos de alineaci\u00f3n de reglamentos al Estatuto del IPGH Esta reuni\u00f3n tuvo la participaci\u00f3n del Mtro. Antonio Campuzano Rosales, Secretario General, el Lic. Sergio Mart\u00ednez Torres, Secretario Particular y el se\u00f1or Norberto Garc\u00eda Castelo, Asistencia T\u00e9cnica. El trabajo colectivo del personal de la Secretar\u00eda General del Instituto Panamericano <a class=\"read-more\" href=\"https:\/\/www.ipgh.org\/mx\/?page_id=7697\">LEER M\u00c1S<\/a><\/p>\n","protected":false},"author":1,"featured_media":0,"parent":0,"menu_order":0,"comment_status":"closed","ping_status":"closed","template":"","meta":{"footnotes":""},"_links":{"self":[{"href":"https:\/\/www.ipgh.org\/mx\/index.php?rest_route=\/wp\/v2\/pages\/7697"}],"collection":[{"href":"https:\/\/www.ipgh.org\/mx\/index.php?rest_route=\/wp\/v2\/pages"}],"about":[{"href":"https:\/\/www.ipgh.org\/mx\/index.php?rest_route=\/wp\/v2\/types\/page"}],"author":[{"embeddable":true,"href":"https:\/\/www.ipgh.org\/mx\/index.php?rest_route=\/wp\/v2\/users\/1"}],"replies":[{"embeddable":true,"href":"https:\/\/www.ipgh.org\/mx\/index.php?rest_route=%2Fwp%2Fv2%2Fcomments&post=7697"}],"version-history":[{"count":28,"href":"https:\/\/www.ipgh.org\/mx\/index.php?rest_route=\/wp\/v2\/pages\/7697\/revisions"}],"predecessor-version":[{"id":11347,"href":"https:\/\/www.ipgh.org\/mx\/index.php?rest_route=\/wp\/v2\/pages\/7697\/revisions\/11347"}],"wp:attachment":[{"href":"https:\/\/www.ipgh.org\/mx\/index.php?rest_route=%2Fwp%2Fv2%2Fmedia&parent=7697"}],"curies":[{"name":"wp","href":"https:\/\/api.w.org\/{rel}","templated":true}]}}