{"id":7843,"date":"2024-09-23T15:45:10","date_gmt":"2024-09-23T20:45:10","guid":{"rendered":"https:\/\/www.ipgh.org\/mx\/?page_id=7843"},"modified":"2025-02-26T13:35:11","modified_gmt":"2025-02-26T19:35:11","slug":"14a-sesion-comite-de-expertos-sobre-la-gestion-mundial-de-la-informacion-geoespacial","status":"publish","type":"page","link":"https:\/\/www.ipgh.org\/mx\/?page_id=7843","title":{"rendered":""},"content":{"rendered":"\n<hr class=\"wp-block-separator has-alpha-channel-opacity\"\/>\n\n\n\n<p class=\"has-cyan-bluish-gray-color has-text-color has-link-color has-large-font-size wp-elements-18d168930511b30385e3fc771f8b34be\"><strong>14a. Sesi\u00f3n Comit\u00e9 de Expertos sobre la Gesti\u00f3n Mundial de la Informaci\u00f3n Geoespacial<\/strong><\/p>\n\n\n\n<p>El Mtro. Antonio Campuzano, Secretario General del Instituto Panamericano de Geograf\u00eda e Historia, particip\u00f3 en la 14a. Sesi\u00f3n del Comit\u00e9 de Expertos de las Naciones Unidas en Gesti\u00f3n Global de Informaci\u00f3n Geoespacial (UN-GGIM), con el objeto de ratificar la labor del IPGH en conjunto con los organismos internacionales que asistieron.<\/p>\n\n\n\n<p>El evento tuvo lugar del 7 al 9 de agosto de 2024 en la sede de las Naciones Unidas en Nueva York, Estados Unidos de Am\u00e9rica.<\/p>\n\n\n\n<p>A continuaci\u00f3n, cada una de las participaciones del Mtro. Campuzano:<\/p>\n\n\n\n<div class=\"wp-block-columns is-layout-flex wp-container-3 wp-block-columns-is-layout-flex\">\n<div class=\"wp-block-column is-layout-flow wp-block-column-is-layout-flow\">\n<figure class=\"wp-block-embed is-type-video is-provider-youtube wp-block-embed-youtube wp-embed-aspect-16-9 wp-has-aspect-ratio\"><div class=\"wp-block-embed__wrapper\">\n<iframe loading=\"lazy\" title=\"Mtro. Antonio Campuzano Rosales. Participaci\u00f3n en UN- GGIM Am\u00e9ricas. Tema 16\" width=\"837\" height=\"471\" src=\"https:\/\/www.youtube.com\/embed\/bQq61GzV0lc?feature=oembed\" frameborder=\"0\" allow=\"accelerometer; autoplay; clipboard-write; encrypted-media; gyroscope; picture-in-picture; web-share\" referrerpolicy=\"strict-origin-when-cross-origin\" allowfullscreen><\/iframe>\n<\/div><\/figure>\n<\/div>\n\n\n\n<div class=\"wp-block-column is-layout-flow wp-block-column-is-layout-flow\">\n<figure class=\"wp-block-embed is-type-video is-provider-youtube wp-block-embed-youtube wp-embed-aspect-16-9 wp-has-aspect-ratio\"><div class=\"wp-block-embed__wrapper\">\n<iframe loading=\"lazy\" title=\"Mtro. Antonio Campuzano Rosales. Participaci\u00f3n en UN-GGIM Am\u00e9ricas. Tema 10\" width=\"837\" height=\"471\" src=\"https:\/\/www.youtube.com\/embed\/VTU0I95G6ho?feature=oembed\" frameborder=\"0\" allow=\"accelerometer; autoplay; clipboard-write; encrypted-media; gyroscope; picture-in-picture; web-share\" referrerpolicy=\"strict-origin-when-cross-origin\" allowfullscreen><\/iframe>\n<\/div><\/figure>\n<\/div>\n<\/div>\n\n\n\n<hr class=\"wp-block-separator has-alpha-channel-opacity\"\/>\n\n\n\n<div class=\"wp-block-columns is-layout-flex wp-container-6 wp-block-columns-is-layout-flex\">\n<div class=\"wp-block-column is-layout-flow wp-block-column-is-layout-flow\">\n<figure class=\"wp-block-embed is-type-video is-provider-youtube wp-block-embed-youtube wp-embed-aspect-16-9 wp-has-aspect-ratio\"><div class=\"wp-block-embed__wrapper\">\n<iframe loading=\"lazy\" title=\"Mtro. Antonio Campuzano Rosales. Participaci\u00f3n en UN-GGIM Am\u00e9ricas. Tema 8\" width=\"837\" height=\"471\" src=\"https:\/\/www.youtube.com\/embed\/DPTOpqW4Wy0?feature=oembed\" frameborder=\"0\" allow=\"accelerometer; autoplay; clipboard-write; encrypted-media; gyroscope; picture-in-picture; web-share\" referrerpolicy=\"strict-origin-when-cross-origin\" allowfullscreen><\/iframe>\n<\/div><\/figure>\n<\/div>\n\n\n\n<div class=\"wp-block-column is-layout-flow wp-block-column-is-layout-flow\">\n<figure class=\"wp-block-embed is-type-video is-provider-youtube wp-block-embed-youtube wp-embed-aspect-16-9 wp-has-aspect-ratio\"><div class=\"wp-block-embed__wrapper\">\n<iframe loading=\"lazy\" title=\"Mtro. Antonio Campuzano Rosales. Participaci\u00f3n en UN-GGIM Am\u00e9ricas. Tema 7\" width=\"837\" height=\"471\" src=\"https:\/\/www.youtube.com\/embed\/mjymqquE54M?feature=oembed\" frameborder=\"0\" allow=\"accelerometer; autoplay; clipboard-write; encrypted-media; gyroscope; picture-in-picture; web-share\" referrerpolicy=\"strict-origin-when-cross-origin\" allowfullscreen><\/iframe>\n<\/div><\/figure>\n<\/div>\n<\/div>\n\n\n\n<hr class=\"wp-block-separator has-alpha-channel-opacity\"\/>\n\n\n\n<p class=\"has-text-align-center\"><strong><a href=\"https:\/\/ggim.un.org\/UN-IGIF\/part1.cshtml\">Marco Integrado de Informaci\u00f3n Geoespacial (UN-IGIF), Parte I: Estrategia Global y Parte II: Gu\u00eda de Implementaci\u00f3n.<\/a><\/strong><\/p>\n\n\n<div class=\"wp-block-image\">\n<figure class=\"aligncenter size-large is-resized\"><img decoding=\"async\" loading=\"lazy\" src=\"https:\/\/www.ipgh.org\/mx\/wp-content\/uploads\/2024\/10\/Logo_IGIF-873x1024.png\" alt=\"\" class=\"wp-image-9282\" style=\"width:160px;height:188px\" width=\"160\" height=\"188\" srcset=\"https:\/\/www.ipgh.org\/mx\/wp-content\/uploads\/2024\/10\/Logo_IGIF-873x1024.png 873w, https:\/\/www.ipgh.org\/mx\/wp-content\/uploads\/2024\/10\/Logo_IGIF-256x300.png 256w, https:\/\/www.ipgh.org\/mx\/wp-content\/uploads\/2024\/10\/Logo_IGIF-768x901.png 768w, https:\/\/www.ipgh.org\/mx\/wp-content\/uploads\/2024\/10\/Logo_IGIF-1310x1536.png 1310w, https:\/\/www.ipgh.org\/mx\/wp-content\/uploads\/2024\/10\/Logo_IGIF.png 1343w\" sizes=\"(max-width: 160px) 100vw, 160px\" \/><\/figure><\/div>","protected":false},"excerpt":{"rendered":"<p>14a. Sesi\u00f3n Comit\u00e9 de Expertos sobre la Gesti\u00f3n Mundial de la Informaci\u00f3n Geoespacial El Mtro. Antonio Campuzano, Secretario General del Instituto Panamericano de Geograf\u00eda e Historia, particip\u00f3 en la 14a. Sesi\u00f3n del Comit\u00e9 de Expertos de las Naciones Unidas en Gesti\u00f3n Global de Informaci\u00f3n Geoespacial (UN-GGIM), con el objeto de ratificar la labor del IPGH <a class=\"read-more\" href=\"https:\/\/www.ipgh.org\/mx\/?page_id=7843\">LEER M\u00c1S<\/a><\/p>\n","protected":false},"author":1,"featured_media":0,"parent":0,"menu_order":0,"comment_status":"closed","ping_status":"closed","template":"","meta":{"footnotes":""},"_links":{"self":[{"href":"https:\/\/www.ipgh.org\/mx\/index.php?rest_route=\/wp\/v2\/pages\/7843"}],"collection":[{"href":"https:\/\/www.ipgh.org\/mx\/index.php?rest_route=\/wp\/v2\/pages"}],"about":[{"href":"https:\/\/www.ipgh.org\/mx\/index.php?rest_route=\/wp\/v2\/types\/page"}],"author":[{"embeddable":true,"href":"https:\/\/www.ipgh.org\/mx\/index.php?rest_route=\/wp\/v2\/users\/1"}],"replies":[{"embeddable":true,"href":"https:\/\/www.ipgh.org\/mx\/index.php?rest_route=%2Fwp%2Fv2%2Fcomments&post=7843"}],"version-history":[{"count":5,"href":"https:\/\/www.ipgh.org\/mx\/index.php?rest_route=\/wp\/v2\/pages\/7843\/revisions"}],"predecessor-version":[{"id":10208,"href":"https:\/\/www.ipgh.org\/mx\/index.php?rest_route=\/wp\/v2\/pages\/7843\/revisions\/10208"}],"wp:attachment":[{"href":"https:\/\/www.ipgh.org\/mx\/index.php?rest_route=%2Fwp%2Fv2%2Fmedia&parent=7843"}],"curies":[{"name":"wp","href":"https:\/\/api.w.org\/{rel}","templated":true}]}}