{"id":7977,"date":"2024-09-25T16:06:12","date_gmt":"2024-09-25T21:06:12","guid":{"rendered":"https:\/\/www.ipgh.org\/mx\/?page_id=7977"},"modified":"2025-10-06T10:41:10","modified_gmt":"2025-10-06T16:41:10","slug":"junio-2024","status":"publish","type":"page","link":"https:\/\/www.ipgh.org\/mx\/?page_id=7977","title":{"rendered":"Junio 2024"},"content":{"rendered":"\n<p class=\"has-black-color has-text-color has-link-color has-large-font-size wp-elements-c836c41b367ed0daceba108584aed082\"><strong>11<\/strong><\/p>\n\n\n\n<p class=\"has-luminous-vivid-orange-color has-text-color has-link-color has-medium-font-size wp-elements-41dddcba09b3073717d7d7809ab5d011\"><strong>Misi\u00f3n Permanente de Hait\u00ed ante la Organizacion de los Estados Americanos<\/strong><\/p>\n\n\n\n<div style=\"height:15px\" aria-hidden=\"true\" class=\"wp-block-spacer\"><\/div>\n\n\n<div class=\"wp-block-image\">\n<figure class=\"aligncenter size-large is-resized\"><img decoding=\"async\" loading=\"lazy\" src=\"https:\/\/www.ipgh.org\/mx\/wp-content\/uploads\/2024\/09\/1Junio--1024x579.jpg\" alt=\"\" class=\"wp-image-7978\" style=\"width:790px;height:447px\" width=\"790\" height=\"447\" srcset=\"https:\/\/www.ipgh.org\/mx\/wp-content\/uploads\/2024\/09\/1Junio--1024x579.jpg 1024w, https:\/\/www.ipgh.org\/mx\/wp-content\/uploads\/2024\/09\/1Junio--300x170.jpg 300w, https:\/\/www.ipgh.org\/mx\/wp-content\/uploads\/2024\/09\/1Junio--768x434.jpg 768w, https:\/\/www.ipgh.org\/mx\/wp-content\/uploads\/2024\/09\/1Junio--1536x869.jpg 1536w, https:\/\/www.ipgh.org\/mx\/wp-content\/uploads\/2024\/09\/1Junio-.jpg 2048w\" sizes=\"(max-width: 790px) 100vw, 790px\" \/><\/figure><\/div>\n\n\n<div style=\"height:15px\" aria-hidden=\"true\" class=\"wp-block-spacer\"><\/div>\n\n\n\n<p>&nbsp;<\/p>\n\n\n\n<p class=\"has-black-color has-text-color has-link-color wp-elements-efc8158b6c7f4fe841505bb9c0fcea98\" style=\"font-size:18px\">El Secretario General del IPGH, Mtro. Antonio Campuzano Rosales, comparti\u00f3 una reuni\u00f3n de trabajo con el Representante de la Misi\u00f3n Permanente de Hait\u00ed ante la Organizaci\u00f3n de los Estados Aamericanos, Emb. Gandy Thomas, quien estuvo acompa\u00f1ado de sus colaboradores, se\u00f1or Sherlo Antoine y se\u00f1or Jean Bernard Henry.<\/p>\n\n\n\n<p class=\"has-black-color has-text-color has-link-color wp-elements-b184d5fda3f776b9e7ea7902d179ee24\" style=\"font-size:18px\">En un interesante di\u00e1logo, el Embajador Thomas manifest\u00f3 el inter\u00e9s del Estado Miembro del IPGH de la Rep\u00fablica de Hait\u00ed en fortalecer su participaci\u00f3n y colaboraci\u00f3n en este organismo cient\u00edfico internacional.<\/p>\n\n\n\n<p class=\"has-black-color has-text-color has-link-color wp-elements-48bb693b0b2960bb79791eb8eb8eb912\" style=\"font-size:18px\">Igualmente, el Mtro. Campuzano, ofreci\u00f3 informaci\u00f3n espec\u00edfica en el tema de proyectos, becas, publicaciones y convocatorias, en sus cuatro \u00e1reas que ocupan al IPGH: Cartograf\u00eda, Geograf\u00eda, Historia y Geof\u00edsica, y sus ciencias afines.<\/p>\n\n\n\n<div style=\"height:15px\" aria-hidden=\"true\" class=\"wp-block-spacer\"><\/div>\n\n\n\n<hr class=\"wp-block-separator has-text-color has-luminous-vivid-orange-color has-alpha-channel-opacity has-luminous-vivid-orange-background-color has-background is-style-dots\"\/>\n\n\n\n<p class=\"has-black-color has-text-color has-link-color has-large-font-size wp-elements-c9fa55374ea2171a2aa7153502b2d8ff\"><strong>12<\/strong><\/p>\n\n\n\n<p class=\"has-luminous-vivid-orange-color has-text-color has-link-color has-medium-font-size wp-elements-1a50f3bbcf86579653b8aff79738d6d6\"><strong>Declaraci\u00f3n de Aguascalientes y Plan de Acci\u00f3n Conjunto<\/strong><\/p>\n\n\n\n<div style=\"height:15px\" aria-hidden=\"true\" class=\"wp-block-spacer\"><\/div>\n\n\n\n<p class=\"has-black-color has-white-background-color has-text-color has-background has-link-color wp-elements-f7b9c0df8e25363b28113ff021d096b5\" style=\"font-size:18px\">El Secretario General del IPGH, Mtro. Antonio Campuzano Rosales, se reuni\u00f3 de manera virtual con representantes de AmeriGEO y de UN-GGIM: Am\u00e9ricas, con el fin de informar el cumplimiento de los acuerdos contra\u00eddos en 2021 por parte del IPGH; as\u00ed como ratificar el apoyo institucional y el seguimiento a los acuerdos de la Declaraci\u00f3n de Aguascalientes y del Plan de Acci\u00f3n Conjunto, documentos\u00a0 que guiar\u00e1n las actividades a realizar en los meses subsecuentes.                                                                                                                                                            En esta sesi\u00f3n de trabajo, el Mtro. Campuzano expres\u00f3\u00a0 la disposici\u00f3n del IPGH a colaborar de manera estrecha con estas entidades internacionales, cuyos representantes, asistentes a la reuni\u00f3n fueron: Paul L. Riley, Pamela Castillo, \u00c1lvaro Monet, Fernanda Le\u00f3n, Nancy D. Searby, Leonardo Loureiro y Natalia Berm\u00fadez.<\/p>\n\n\n\n<div style=\"height:15px\" aria-hidden=\"true\" class=\"wp-block-spacer\"><\/div>\n\n\n\n<div class=\"wp-block-media-text is-stacked-on-mobile\" style=\"grid-template-columns:49% auto\"><figure class=\"wp-block-media-text__media\"><img decoding=\"async\" loading=\"lazy\" width=\"1024\" height=\"579\" src=\"https:\/\/www.ipgh.org\/mx\/wp-content\/uploads\/2024\/09\/2.1-Junio-1024x579.jpg\" alt=\"\" class=\"wp-image-7980 size-full\" srcset=\"https:\/\/www.ipgh.org\/mx\/wp-content\/uploads\/2024\/09\/2.1-Junio-1024x579.jpg 1024w, https:\/\/www.ipgh.org\/mx\/wp-content\/uploads\/2024\/09\/2.1-Junio-300x170.jpg 300w, https:\/\/www.ipgh.org\/mx\/wp-content\/uploads\/2024\/09\/2.1-Junio-768x434.jpg 768w, https:\/\/www.ipgh.org\/mx\/wp-content\/uploads\/2024\/09\/2.1-Junio-1536x869.jpg 1536w, https:\/\/www.ipgh.org\/mx\/wp-content\/uploads\/2024\/09\/2.1-Junio.jpg 2048w\" sizes=\"(max-width: 1024px) 100vw, 1024px\" \/><\/figure><div class=\"wp-block-media-text__content\">\n<figure class=\"wp-block-image size-large is-resized\"><img decoding=\"async\" loading=\"lazy\" src=\"https:\/\/www.ipgh.org\/mx\/wp-content\/uploads\/2024\/09\/2-Junio-1024x579.jpg\" alt=\"\" class=\"wp-image-7982\" style=\"width:545px;height:308px\" width=\"545\" height=\"308\" srcset=\"https:\/\/www.ipgh.org\/mx\/wp-content\/uploads\/2024\/09\/2-Junio-1024x579.jpg 1024w, https:\/\/www.ipgh.org\/mx\/wp-content\/uploads\/2024\/09\/2-Junio-300x170.jpg 300w, https:\/\/www.ipgh.org\/mx\/wp-content\/uploads\/2024\/09\/2-Junio-768x434.jpg 768w, https:\/\/www.ipgh.org\/mx\/wp-content\/uploads\/2024\/09\/2-Junio-1536x869.jpg 1536w, https:\/\/www.ipgh.org\/mx\/wp-content\/uploads\/2024\/09\/2-Junio.jpg 2048w\" sizes=\"(max-width: 545px) 100vw, 545px\" \/><\/figure>\n<\/div><\/div>\n\n\n\n<div style=\"height:30px\" aria-hidden=\"true\" class=\"wp-block-spacer\"><\/div>\n\n\n\n<p class=\"has-luminous-vivid-orange-color has-text-color has-link-color has-medium-font-size wp-elements-649eaf000f2ec55de5e388e27e3744ff\"><strong>Reuni\u00f3n de manera virtual con la Lic. Rocsanda Pahola M\u00e9ndez Mata, Vicepresidente del IPGH<\/strong><\/p>\n\n\n\n<div style=\"height:26px\" aria-hidden=\"true\" class=\"wp-block-spacer\"><\/div>\n\n\n\n<div class=\"wp-block-media-text is-stacked-on-mobile\" style=\"grid-template-columns:55% auto\"><figure class=\"wp-block-media-text__media\"><img decoding=\"async\" loading=\"lazy\" width=\"1024\" height=\"579\" src=\"https:\/\/www.ipgh.org\/mx\/wp-content\/uploads\/2024\/09\/3-Junio-1024x579.jpg\" alt=\"\" class=\"wp-image-7985 size-full\" srcset=\"https:\/\/www.ipgh.org\/mx\/wp-content\/uploads\/2024\/09\/3-Junio-1024x579.jpg 1024w, https:\/\/www.ipgh.org\/mx\/wp-content\/uploads\/2024\/09\/3-Junio-300x170.jpg 300w, https:\/\/www.ipgh.org\/mx\/wp-content\/uploads\/2024\/09\/3-Junio-768x434.jpg 768w, https:\/\/www.ipgh.org\/mx\/wp-content\/uploads\/2024\/09\/3-Junio-1536x869.jpg 1536w, https:\/\/www.ipgh.org\/mx\/wp-content\/uploads\/2024\/09\/3-Junio.jpg 2048w\" sizes=\"(max-width: 1024px) 100vw, 1024px\" \/><\/figure><div class=\"wp-block-media-text__content\">\n<p class=\"has-white-color has-text-color has-background has-link-color wp-elements-9c1217d69f7b9184e26234baf3156339\" style=\"background-color:#ff9448;font-size:18px\">Esta sesi\u00f3n de trabajo se enmarca en los preparativos para la CI Reuni\u00f3n de Autoridades a realizarse durante el mes de julio del presente a\u00f1o, en la Ciudad de M\u00e9xico.  <br><br>Durante la reuni\u00f3n, tanto la Vicepresidente como el Secretario General del IPGH mostraron entusiasmo y compromiso para trabajar de manera estrecha en el segundo semestre de 2024, periodo en el cual, adem\u00e1s de la CII Reuni\u00f3n de Autoridades, se llevar\u00e1 a cabo la  25<sup>o<\/sup> Asamblea General, evento principal de las reuniones estatutarias de este organismo internacional.<\/p>\n<\/div><\/div>\n\n\n\n<div style=\"height:15px\" aria-hidden=\"true\" class=\"wp-block-spacer\"><\/div>\n\n\n\n<hr class=\"wp-block-separator has-text-color has-luminous-vivid-orange-color has-alpha-channel-opacity has-luminous-vivid-orange-background-color has-background is-style-dots\"\/>\n\n\n\n<p class=\"has-black-color has-text-color has-link-color has-large-font-size wp-elements-a516d6d0f55faa698bac79e5fdf1ab16\"><strong>13<\/strong><\/p>\n\n\n\n<p class=\"has-luminous-vivid-orange-color has-text-color has-link-color has-medium-font-size wp-elements-c61c9d13891a9df30294dde82a0ae69e\"><strong>Reuni\u00f3n a distancia con el Presidente de la Comisi\u00f3n de Geograf\u00eda del IPGH<\/strong><\/p>\n\n\n\n<p class=\"has-black-color has-text-color has-link-color wp-elements-3474f31ff8e778226d1a20f5517dd0ae\" style=\"font-size:18px\">El Mtro. Antonio Campuzano Rosales, Secretario General del IPGH, sostuvo una interesante reuni\u00f3n de trabajo con el Dr. Hermann Manr\u00edquez Tirado, Presidente de la Comisi\u00f3n de Geograf\u00eda de este organismo internacional, en el marco de la CI Reuni\u00f3n de Autoridades.<\/p>\n\n\n\n<p class=\"has-black-color has-text-color has-link-color wp-elements-fa5d388e2c3eb02558df45f55887300d\" style=\"font-size:18px\">Con el objeto de evaluar, formular y preparar las actividades de las cuatro\u00a0Comisiones del IPGH, las Autoridades se reunir\u00e1n a inicios del pr\u00f3ximo mes de julio en el Palacio Sede de la Ciudad de M\u00e9xico.<\/p>\n\n\n\n<div style=\"height:15px\" aria-hidden=\"true\" class=\"wp-block-spacer\"><\/div>\n\n\n\n<div class=\"wp-block-group is-content-justification-center is-nowrap is-layout-flex wp-container-1 wp-block-group-is-layout-flex\">\n<figure class=\"wp-block-image size-large is-resized\"><img decoding=\"async\" loading=\"lazy\" src=\"https:\/\/www.ipgh.org\/mx\/wp-content\/uploads\/2024\/09\/4-Junio-1024x579.jpg\" alt=\"\" class=\"wp-image-7993\" style=\"width:866px;height:490px\" width=\"866\" height=\"490\" srcset=\"https:\/\/www.ipgh.org\/mx\/wp-content\/uploads\/2024\/09\/4-Junio-1024x579.jpg 1024w, https:\/\/www.ipgh.org\/mx\/wp-content\/uploads\/2024\/09\/4-Junio-300x170.jpg 300w, https:\/\/www.ipgh.org\/mx\/wp-content\/uploads\/2024\/09\/4-Junio-768x434.jpg 768w, https:\/\/www.ipgh.org\/mx\/wp-content\/uploads\/2024\/09\/4-Junio-1536x869.jpg 1536w, https:\/\/www.ipgh.org\/mx\/wp-content\/uploads\/2024\/09\/4-Junio.jpg 2048w\" sizes=\"(max-width: 866px) 100vw, 866px\" \/><\/figure>\n<\/div>\n\n\n\n<div style=\"height:15px\" aria-hidden=\"true\" class=\"wp-block-spacer\"><\/div>\n\n\n\n<hr class=\"wp-block-separator has-text-color has-luminous-vivid-orange-color has-alpha-channel-opacity has-luminous-vivid-orange-background-color has-background is-style-dots\"\/>\n\n\n\n<p class=\"has-black-color has-text-color has-link-color has-large-font-size wp-elements-77a7386ba02c1461c776a0a701bcc033\"><strong>14<\/strong><\/p>\n\n\n\n<p class=\"has-luminous-vivid-orange-color has-text-color has-link-color has-medium-font-size wp-elements-9b34c8777da9bcbfba39dc12006d29a3\"><strong>Visita a la Dra. Ana Mar\u00eda Salazar Peralta, Vicepresidente de la Sociedad Mexicana de Antropolog\u00eda<\/strong><\/p>\n\n\n\n<div style=\"height:15px\" aria-hidden=\"true\" class=\"wp-block-spacer\"><\/div>\n\n\n\n<div class=\"wp-block-media-text is-stacked-on-mobile\" style=\"grid-template-columns:55% auto\"><figure class=\"wp-block-media-text__media\"><img decoding=\"async\" loading=\"lazy\" width=\"1024\" height=\"579\" src=\"https:\/\/www.ipgh.org\/mx\/wp-content\/uploads\/2024\/09\/5-Junio-1-1024x579.jpg\" alt=\"\" class=\"wp-image-8008 size-full\" srcset=\"https:\/\/www.ipgh.org\/mx\/wp-content\/uploads\/2024\/09\/5-Junio-1-1024x579.jpg 1024w, https:\/\/www.ipgh.org\/mx\/wp-content\/uploads\/2024\/09\/5-Junio-1-300x170.jpg 300w, https:\/\/www.ipgh.org\/mx\/wp-content\/uploads\/2024\/09\/5-Junio-1-768x434.jpg 768w, https:\/\/www.ipgh.org\/mx\/wp-content\/uploads\/2024\/09\/5-Junio-1-1536x869.jpg 1536w, https:\/\/www.ipgh.org\/mx\/wp-content\/uploads\/2024\/09\/5-Junio-1.jpg 2048w\" sizes=\"(max-width: 1024px) 100vw, 1024px\" \/><\/figure><div class=\"wp-block-media-text__content\">\n<p class=\"has-white-color has-text-color has-background has-link-color wp-elements-62eab0b14cd2690c95af0b5dafc13905\" style=\"background-color:#ff9448;font-size:18px\">En una agradable la visita, el Mtro. Antonio Campuzano Rosales, estuvo en las oficinas de la Sociedad Mexicana de Antropolog\u00eda. Fue recibido por la Dra. Salazar Peralta, Vicepresidente de la Sociedad Mexicana de Antropolog\u00eda. <br><br>Ambas instituciones comparten intereses y fines espec\u00edficos por lo que su trabajo colaborativo redundar\u00e1 en producci\u00f3n cient\u00edfica de calidad. <br><br>Esta  fruct\u00edfera reuni\u00f3n es el inicio de una relaci\u00f3n de colaboraci\u00f3n entre ambas instituciones con el prop\u00f3sito de fomentar la difusi\u00f3n del conocimiento cient\u00edfico en el \u00e1rea de la Antropolog\u00eda e Historia.            <\/p>\n\n\n\n<p><\/p>\n<\/div><\/div>\n\n\n\n<hr class=\"wp-block-separator has-text-color has-luminous-vivid-orange-color has-alpha-channel-opacity has-luminous-vivid-orange-background-color has-background is-style-dots\"\/>\n\n\n\n<p class=\"has-black-color has-text-color has-link-color has-large-font-size wp-elements-edcef2c1aa53fdfe63a13d8e0db3e527\"><strong>25<\/strong><\/p>\n\n\n\n<p class=\"has-luminous-vivid-orange-color has-text-color has-link-color has-medium-font-size wp-elements-6f2a40e591ef4ab9a36b557194ff2eea\"><strong>Visita a la Secci\u00f3n Nacional del IPGH<\/strong> <strong>en Paraguay<\/strong><\/p>\n\n\n\n<div style=\"height:15px\" aria-hidden=\"true\" class=\"wp-block-spacer\"><\/div>\n\n\n\n<p class=\"has-black-color has-text-color has-link-color wp-elements-8041610cd1679fa46ed78486a929e294\" style=\"font-size:18px\">Como parte de su agenda de trabajo en Paraguay, el Mtro. Antonio Campuzano Rosales, Secretario General del IPGH, se reuni\u00f3 con el Coronel DCEM Pedro Gustavo Rodr\u00edguez Mart\u00ednez, Director del&nbsp; Servicio Geogr\u00e1fico Militar y Presidente de la Secci\u00f3n Nacional del IPGH en Paraguay. <br>El Secretario General, ofreci\u00f3 a la comunidad cient\u00edfica paraguaya la apertura del IPGH para promover su participaci\u00f3n en los programas de asistencia t\u00e9cnica en proyectos&nbsp; y de publicaciones, adem\u00e1s de compartir informaci\u00f3n sobre las distintas becas y premios anuales, con el fin de interesar a los profesionales de las \u00e1reas que ocupan al Instituto: Cartograf\u00eda, Geograf\u00eda, Geof\u00edsica e Historia.<\/p>\n\n\n\n<p class=\"has-black-color has-text-color has-link-color wp-elements-da00763c8bd158d1626a37ef7a5cd860\" style=\"font-size:18px\">Reuniones como esta fortalecen los lazos de colaboraci\u00f3n del IPGH y sus Secciones Nacionales, cumplimento as\u00ed los objetivos trazados en la presente administraci\u00f3n a trav\u00e9s del Plan Estrat\u00e9gico de Modernizaci\u00f3n 2022-2025.<\/p>\n\n\n\n<div style=\"height:15px\" aria-hidden=\"true\" class=\"wp-block-spacer\"><\/div>\n\n\n\n<div class=\"wp-block-group is-nowrap is-layout-flex wp-container-2 wp-block-group-is-layout-flex\">\n<figure class=\"wp-block-image size-large is-resized\"><img decoding=\"async\" loading=\"lazy\" src=\"https:\/\/www.ipgh.org\/mx\/wp-content\/uploads\/2024\/09\/6.1-Junio-1024x579.jpg\" alt=\"\" class=\"wp-image-8010\" style=\"width:517px;height:293px\" width=\"517\" height=\"293\" srcset=\"https:\/\/www.ipgh.org\/mx\/wp-content\/uploads\/2024\/09\/6.1-Junio-1024x579.jpg 1024w, https:\/\/www.ipgh.org\/mx\/wp-content\/uploads\/2024\/09\/6.1-Junio-300x170.jpg 300w, https:\/\/www.ipgh.org\/mx\/wp-content\/uploads\/2024\/09\/6.1-Junio-768x434.jpg 768w, https:\/\/www.ipgh.org\/mx\/wp-content\/uploads\/2024\/09\/6.1-Junio-1536x869.jpg 1536w, https:\/\/www.ipgh.org\/mx\/wp-content\/uploads\/2024\/09\/6.1-Junio.jpg 2048w\" sizes=\"(max-width: 517px) 100vw, 517px\" \/><\/figure>\n\n\n\n<figure class=\"wp-block-image size-large is-resized\"><img decoding=\"async\" loading=\"lazy\" src=\"https:\/\/www.ipgh.org\/mx\/wp-content\/uploads\/2024\/09\/6.2-Junio-1024x579.jpg\" alt=\"\" class=\"wp-image-8011\" style=\"width:603px;height:341px\" width=\"603\" height=\"341\" srcset=\"https:\/\/www.ipgh.org\/mx\/wp-content\/uploads\/2024\/09\/6.2-Junio-1024x579.jpg 1024w, https:\/\/www.ipgh.org\/mx\/wp-content\/uploads\/2024\/09\/6.2-Junio-300x170.jpg 300w, https:\/\/www.ipgh.org\/mx\/wp-content\/uploads\/2024\/09\/6.2-Junio-768x434.jpg 768w, https:\/\/www.ipgh.org\/mx\/wp-content\/uploads\/2024\/09\/6.2-Junio-1536x869.jpg 1536w, https:\/\/www.ipgh.org\/mx\/wp-content\/uploads\/2024\/09\/6.2-Junio.jpg 2048w\" sizes=\"(max-width: 603px) 100vw, 603px\" \/><\/figure>\n<\/div>\n\n\n\n<div style=\"height:15px\" aria-hidden=\"true\" class=\"wp-block-spacer\"><\/div>\n\n\n\n<hr class=\"wp-block-separator has-text-color has-luminous-vivid-orange-color has-alpha-channel-opacity has-luminous-vivid-orange-background-color has-background is-style-dots\"\/>\n\n\n\n<p class=\"has-black-color has-text-color has-link-color has-large-font-size wp-elements-9d8bb51361082db38e686221963f53d7\"><strong>26<\/strong><\/p>\n\n\n\n<p class=\"has-luminous-vivid-orange-color has-text-color has-link-color has-medium-font-size wp-elements-bc6f0fea6127fe635465aae10960b8be\"><strong>Participaci\u00f3n en la 54<sup>o<\/sup> Asamblea General de la Organizaci\u00f3n de los Estados Americanos<\/strong><\/p>\n\n\n\n<div style=\"height:15px\" aria-hidden=\"true\" class=\"wp-block-spacer\"><\/div>\n\n\n\n<p class=\"has-black-color has-text-color has-link-color wp-elements-d4768b53d5d0bd8673f6e3e309d6ca60\" style=\"font-size:18px\">El Mtro. Antonio Campuzano Rosales, Secretario General del IPGH particip\u00f3 en la inauguraci\u00f3n&nbsp;de la 54<sup>o<\/sup> Asamblea General de la OEA, que se llev\u00f3 a cabo en la ciudad de Asunci\u00f3n, Rep\u00fablica del Paraguay, del 26 al 28 de junio de 2024.<\/p>\n\n\n\n<p class=\"has-black-color has-text-color has-link-color wp-elements-623b77d705a706ecbae2343c66a6d5c4\" style=\"font-size:18px\">La relaci\u00f3n entre el Instituto Panamericano de Geograf\u00eda e Historia y la Organizaci\u00f3n de los Estados Americanos inici\u00f3 un a\u00f1os despu\u00e9s de la creaci\u00f3n de \u00e9sta \u00faltima. En el a\u00f1o de 1949 el IPGH firm\u00f3 un acuerdo mediante el cual se convirti\u00f3 en el primer organismo especializado de dicha Organizaci\u00f3n.<\/p>\n\n\n\n<div class=\"wp-block-media-text is-stacked-on-mobile\" style=\"grid-template-columns:51% auto\"><figure class=\"wp-block-media-text__media\"><img decoding=\"async\" loading=\"lazy\" width=\"1024\" height=\"579\" src=\"https:\/\/www.ipgh.org\/mx\/wp-content\/uploads\/2024\/09\/7-Junio-1024x579.jpg\" alt=\"\" class=\"wp-image-8014 size-full\" srcset=\"https:\/\/www.ipgh.org\/mx\/wp-content\/uploads\/2024\/09\/7-Junio-1024x579.jpg 1024w, https:\/\/www.ipgh.org\/mx\/wp-content\/uploads\/2024\/09\/7-Junio-300x170.jpg 300w, https:\/\/www.ipgh.org\/mx\/wp-content\/uploads\/2024\/09\/7-Junio-768x434.jpg 768w, https:\/\/www.ipgh.org\/mx\/wp-content\/uploads\/2024\/09\/7-Junio-1536x869.jpg 1536w, https:\/\/www.ipgh.org\/mx\/wp-content\/uploads\/2024\/09\/7-Junio.jpg 2048w\" sizes=\"(max-width: 1024px) 100vw, 1024px\" \/><\/figure><div class=\"wp-block-media-text__content\">\n<p class=\"has-black-color has-text-color has-link-color wp-elements-15d3ca651cd6afa560818e7d8cd2d119\" style=\"font-size:18px\">Desde entonces, el IPGH se ha mantenido como un referente cient\u00edfico para los Estados de la comunidad panamericana a la cual apoya a trav\u00e9s de sus distintos programas, como el de Asistencia T\u00e9cnica, Publicaciones; adem\u00e1s de sus convocatoria para otorgar becas y premios.<\/p>\n<\/div><\/div>\n\n\n\n<div style=\"height:15px\" aria-hidden=\"true\" class=\"wp-block-spacer\"><\/div>\n\n\n\n<hr class=\"wp-block-separator has-text-color has-luminous-vivid-orange-color has-alpha-channel-opacity has-luminous-vivid-orange-background-color has-background is-style-dots\"\/>\n\n\n\n<p class=\"has-black-color has-text-color has-link-color has-large-font-size wp-elements-d8e783e25000762d2be378ab170f4d6d\"><strong>27<\/strong><\/p>\n\n\n\n<p class=\"has-luminous-vivid-orange-color has-text-color has-link-color has-medium-font-size wp-elements-7d96bc17f4cda491140bbfc16aa15c86\"><strong>Visita a las instalaciones de la Academia Paraguaya de la Historia<\/strong><\/p>\n\n\n\n<div style=\"height:15px\" aria-hidden=\"true\" class=\"wp-block-spacer\"><\/div>\n\n\n<div class=\"wp-block-image\">\n<figure class=\"aligncenter size-large is-resized\"><img decoding=\"async\" loading=\"lazy\" src=\"https:\/\/www.ipgh.org\/mx\/wp-content\/uploads\/2024\/09\/8.1-junio-1024x579.jpg\" alt=\"\" class=\"wp-image-8015\" style=\"width:667px;height:377px\" width=\"667\" height=\"377\" srcset=\"https:\/\/www.ipgh.org\/mx\/wp-content\/uploads\/2024\/09\/8.1-junio-1024x579.jpg 1024w, https:\/\/www.ipgh.org\/mx\/wp-content\/uploads\/2024\/09\/8.1-junio-300x170.jpg 300w, https:\/\/www.ipgh.org\/mx\/wp-content\/uploads\/2024\/09\/8.1-junio-768x434.jpg 768w, https:\/\/www.ipgh.org\/mx\/wp-content\/uploads\/2024\/09\/8.1-junio-1536x869.jpg 1536w, https:\/\/www.ipgh.org\/mx\/wp-content\/uploads\/2024\/09\/8.1-junio.jpg 2048w\" sizes=\"(max-width: 667px) 100vw, 667px\" \/><\/figure><\/div>\n\n\n<div style=\"height:15px\" aria-hidden=\"true\" class=\"wp-block-spacer\"><\/div>\n\n\n\n<p class=\"has-black-color has-text-color has-link-color wp-elements-1aef09d90f3ce0b9d287e5322e977af7\" style=\"font-size:18px\">En esta cordial visita, el Mtro. Campuzano se reuni\u00f3 con D. Gustavo Acosta Toledo y con la Dra. Ma. Graciela Monte de L\u00f3pez Moreira, Presidente y Bibliotecaria de esta instituci\u00f3n dedicada a difundir los estudios y conocimiento hist\u00f3rico.<\/p>\n\n\n\n<p class=\"has-black-color has-text-color has-link-color wp-elements-65dea770c0b6cd6209788a348c165813\" style=\"font-size:18px\">Las autoridades de la Academia acordaron con el Mtro. Campuzano colaborar y apoyarse mutuamente.&nbsp;&nbsp;<\/p>\n\n\n\n<p class=\"has-black-color has-text-color has-link-color wp-elements-3363b7ca471d5d4e616c80ebe58e8d5e\" style=\"font-size:18px\">El IPGH, como organismo especializado de la OEA refrenda su compromiso con la comunidad panamericana al entablar estas alianzas estrat\u00e9gicas que redundan en la difusi\u00f3n del conocimiento cient\u00edfico.<\/p>\n\n\n\n<div style=\"height:15px\" aria-hidden=\"true\" class=\"wp-block-spacer\"><\/div>\n\n\n\n<hr class=\"wp-block-separator has-text-color has-luminous-vivid-orange-color has-alpha-channel-opacity has-luminous-vivid-orange-background-color has-background is-style-wide\"\/>\n\n\n\n<div class=\"wp-block-columns is-layout-flex wp-container-7 wp-block-columns-is-layout-flex\">\n<div class=\"wp-block-column is-layout-flow wp-block-column-is-layout-flow\"><\/div>\n\n\n\n<div class=\"wp-block-column is-layout-flow wp-block-column-is-layout-flow\"><\/div>\n\n\n\n<div class=\"wp-block-column is-layout-flow wp-block-column-is-layout-flow\">\n<div class=\"wp-block-buttons is-content-justification-right is-layout-flex wp-container-5 wp-block-buttons-is-layout-flex\">\n<div class=\"wp-block-button\"><a class=\"wp-block-button__link has-white-color has-luminous-vivid-orange-background-color has-text-color has-background has-link-color wp-element-button\" href=\"https:\/\/www.ipgh.org\/mx\/?page_id=7623\" style=\"border-radius:11px\">Regresar<\/a><\/div>\n<\/div>\n<\/div>\n<\/div>\n","protected":false},"excerpt":{"rendered":"<p>11 Misi\u00f3n Permanente de Hait\u00ed ante la Organizacion de los Estados Americanos &nbsp; El Secretario General del IPGH, Mtro. Antonio Campuzano Rosales, comparti\u00f3 una reuni\u00f3n de trabajo con el Representante de la Misi\u00f3n Permanente de Hait\u00ed ante la Organizaci\u00f3n de los Estados Aamericanos, Emb. Gandy Thomas, quien estuvo acompa\u00f1ado de sus colaboradores, se\u00f1or Sherlo Antoine <a class=\"read-more\" href=\"https:\/\/www.ipgh.org\/mx\/?page_id=7977\">LEER M\u00c1S<\/a><\/p>\n","protected":false},"author":1,"featured_media":0,"parent":0,"menu_order":0,"comment_status":"closed","ping_status":"closed","template":"","meta":{"footnotes":""},"_links":{"self":[{"href":"https:\/\/www.ipgh.org\/mx\/index.php?rest_route=\/wp\/v2\/pages\/7977"}],"collection":[{"href":"https:\/\/www.ipgh.org\/mx\/index.php?rest_route=\/wp\/v2\/pages"}],"about":[{"href":"https:\/\/www.ipgh.org\/mx\/index.php?rest_route=\/wp\/v2\/types\/page"}],"author":[{"embeddable":true,"href":"https:\/\/www.ipgh.org\/mx\/index.php?rest_route=\/wp\/v2\/users\/1"}],"replies":[{"embeddable":true,"href":"https:\/\/www.ipgh.org\/mx\/index.php?rest_route=%2Fwp%2Fv2%2Fcomments&post=7977"}],"version-history":[{"count":22,"href":"https:\/\/www.ipgh.org\/mx\/index.php?rest_route=\/wp\/v2\/pages\/7977\/revisions"}],"predecessor-version":[{"id":11355,"href":"https:\/\/www.ipgh.org\/mx\/index.php?rest_route=\/wp\/v2\/pages\/7977\/revisions\/11355"}],"wp:attachment":[{"href":"https:\/\/www.ipgh.org\/mx\/index.php?rest_route=%2Fwp%2Fv2%2Fmedia&parent=7977"}],"curies":[{"name":"wp","href":"https:\/\/api.w.org\/{rel}","templated":true}]}}