{"id":8407,"date":"2024-09-26T14:48:59","date_gmt":"2024-09-26T19:48:59","guid":{"rendered":"https:\/\/www.ipgh.org\/mx\/?page_id=8407"},"modified":"2025-04-04T12:58:27","modified_gmt":"2025-04-04T18:58:27","slug":"enero-2023","status":"publish","type":"page","link":"https:\/\/www.ipgh.org\/mx\/?page_id=8407","title":{"rendered":"Enero 2023"},"content":{"rendered":"\n<p class=\"has-cyan-bluish-gray-color has-text-color has-link-color has-large-font-size wp-elements-21d79c2246c6c456637f89255558056f\"><strong>13<\/strong><\/p>\n\n\n\n<p class=\"has-luminous-vivid-orange-color has-text-color has-link-color wp-elements-f22967215bb2f87dbde3d2ebe501c980\" style=\"font-size:25px\"><strong>Colaboraci\u00f3n internacional: el IPGH en la XXXIV Reuni\u00f3n de Embajadores y C\u00f3nsules<\/strong><\/p>\n\n\n\n<div style=\"height:15px\" aria-hidden=\"true\" class=\"wp-block-spacer\"><\/div>\n\n\n\n<div class=\"wp-block-media-text is-stacked-on-mobile has-luminous-vivid-orange-color has-text-color has-link-color wp-elements-b0aa2de7bc2dcc801d2d071d60eafb2a\" style=\"grid-template-columns:49% auto\"><figure class=\"wp-block-media-text__media\"><img decoding=\"async\" loading=\"lazy\" width=\"819\" height=\"1024\" src=\"https:\/\/www.ipgh.org\/mx\/wp-content\/uploads\/2024\/09\/1-enero-23-819x1024.jpg\" alt=\"\" class=\"wp-image-8417 size-full\" srcset=\"https:\/\/www.ipgh.org\/mx\/wp-content\/uploads\/2024\/09\/1-enero-23-819x1024.jpg 819w, https:\/\/www.ipgh.org\/mx\/wp-content\/uploads\/2024\/09\/1-enero-23-240x300.jpg 240w, https:\/\/www.ipgh.org\/mx\/wp-content\/uploads\/2024\/09\/1-enero-23-768x960.jpg 768w, https:\/\/www.ipgh.org\/mx\/wp-content\/uploads\/2024\/09\/1-enero-23.jpg 1132w\" sizes=\"(max-width: 819px) 100vw, 819px\" \/><\/figure><div class=\"wp-block-media-text__content\">\n<p class=\"has-white-color has-text-color has-background has-link-color wp-elements-78fda0c00ac9d1d01ccb485166ad805a\" style=\"background-color:#ff9448;font-size:18px\">La cooperaci\u00f3n en el desarrollo cultural y cient\u00edfico es un pilar fundamental del trabajo del IPGH con sus Estados Miembros, especialmente con M\u00e9xico, el pa\u00eds sede  de la Secretar\u00eda General.                                                       En este marco, el Mtro. Antonio Campuzano Rosales, Secretario General de este organismo especializado, particip\u00f3 en la conferencia impartida por el Canciller mexicano Marcelo Ebrard, durante la XXXIV Reuni\u00f3n de Embajadores y C\u00f3nsules 2023.                                                           En el evento, tambi\u00e9n estuvo presente el    Dr. Salvador Percastre Mendiz\u00e1bal, Director General del Instituto Latinoamericano de la Comunicaci\u00f3n Educativa (ILCE). <\/p>\n\n\n\n<div class=\"wp-block-group is-nowrap is-layout-flex wp-container-1 wp-block-group-is-layout-flex\">\n<figure class=\"wp-block-image size-full\"><img decoding=\"async\" loading=\"lazy\" width=\"1000\" height=\"1000\" src=\"https:\/\/www.ipgh.org\/mx\/wp-content\/uploads\/2024\/09\/1.1-enero-23.jpg\" alt=\"\" class=\"wp-image-8423\" srcset=\"https:\/\/www.ipgh.org\/mx\/wp-content\/uploads\/2024\/09\/1.1-enero-23.jpg 1000w, https:\/\/www.ipgh.org\/mx\/wp-content\/uploads\/2024\/09\/1.1-enero-23-300x300.jpg 300w, https:\/\/www.ipgh.org\/mx\/wp-content\/uploads\/2024\/09\/1.1-enero-23-150x150.jpg 150w, https:\/\/www.ipgh.org\/mx\/wp-content\/uploads\/2024\/09\/1.1-enero-23-768x768.jpg 768w\" sizes=\"(max-width: 1000px) 100vw, 1000px\" \/><\/figure>\n<\/div>\n<\/div><\/div>\n\n\n\n<div style=\"height:15px\" aria-hidden=\"true\" class=\"wp-block-spacer\"><\/div>\n\n\n\n<hr class=\"wp-block-separator has-text-color has-luminous-vivid-orange-color has-alpha-channel-opacity has-luminous-vivid-orange-background-color has-background is-style-dots\"\/>\n\n\n\n<p class=\"has-cyan-bluish-gray-color has-text-color has-link-color has-large-font-size wp-elements-e8f41add664fdc4e05bb1a0fe1638856\"><strong>19<\/strong><\/p>\n\n\n\n<p class=\"has-luminous-vivid-orange-color has-text-color has-link-color wp-elements-b1bfe9b53d7977019d74094bc96ab81d\" style=\"font-size:25px\"><strong>El IPGH refuerza su relaci\u00f3n con autoridades locales de la Ciudad de M\u00e9xico<\/strong><\/p>\n\n\n\n<div style=\"height:15px\" aria-hidden=\"true\" class=\"wp-block-spacer\"><\/div>\n\n\n\n<p class=\"has-black-color has-text-color has-link-color wp-elements-309aaab1bd0d39c2f1e901903d892026\" style=\"font-size:18px\">El Mtro. Antonio Campuzano Rosales recibi\u00f3 en el Palacio Sede del Instituto Panamericano de Geograf\u00eda e Historia (IPGH) al Mtro. Eduardo Contro, Director de Desarrollo y Fomento Econ\u00f3mico de la Alcald\u00eda Miguel Hidalgo. de la ciudad de M\u00e9xico. <\/p>\n\n\n\n<p class=\"has-black-color has-text-color has-link-color wp-elements-0639b55d0d6e5c11d62a343541f27a8a\" style=\"font-size:18px\">Por su parte, el invitado ofreci\u00f3 el apoyo de la alcald\u00eda en \u00e1reas clave, como brigadas de protecci\u00f3n civil, seguridad y difusi\u00f3n cultural, entre otros servicios. Adem\u00e1s, destac\u00f3 la labor del IPGH en la preservaci\u00f3n de la paz en el continente.<\/p>\n\n\n\n<p class=\"has-black-color has-text-color has-link-color wp-elements-6f92e0257f3fbe7be7e03cbd4447bb32\" style=\"font-size:18px\">Se cumple el objetivo de fortalecer los lazos entre el Instituto y las autoridades locales del pa\u00eds sede. <\/p>\n\n\n\n<div style=\"height:15px\" aria-hidden=\"true\" class=\"wp-block-spacer\"><\/div>\n\n\n\n<div class=\"wp-block-group is-content-justification-left is-nowrap is-layout-flex wp-container-2 wp-block-group-is-layout-flex\">\n<figure class=\"wp-block-image size-large is-resized\"><img decoding=\"async\" loading=\"lazy\" src=\"https:\/\/www.ipgh.org\/mx\/wp-content\/uploads\/2024\/09\/2.1-enero-1024x661.jpg\" alt=\"\" class=\"wp-image-8429\" style=\"width:620px;height:400px\" width=\"620\" height=\"400\" srcset=\"https:\/\/www.ipgh.org\/mx\/wp-content\/uploads\/2024\/09\/2.1-enero-1024x661.jpg 1024w, https:\/\/www.ipgh.org\/mx\/wp-content\/uploads\/2024\/09\/2.1-enero-300x194.jpg 300w, https:\/\/www.ipgh.org\/mx\/wp-content\/uploads\/2024\/09\/2.1-enero-768x496.jpg 768w, https:\/\/www.ipgh.org\/mx\/wp-content\/uploads\/2024\/09\/2.1-enero.jpg 1280w\" sizes=\"(max-width: 620px) 100vw, 620px\" \/><\/figure>\n\n\n\n<figure class=\"wp-block-image size-full is-resized\"><img decoding=\"async\" loading=\"lazy\" src=\"https:\/\/www.ipgh.org\/mx\/wp-content\/uploads\/2024\/09\/2-enero-23.jpg\" alt=\"\" class=\"wp-image-8428\" style=\"width:450px;height:616px\" width=\"450\" height=\"616\" srcset=\"https:\/\/www.ipgh.org\/mx\/wp-content\/uploads\/2024\/09\/2-enero-23.jpg 702w, https:\/\/www.ipgh.org\/mx\/wp-content\/uploads\/2024\/09\/2-enero-23-219x300.jpg 219w\" sizes=\"(max-width: 450px) 100vw, 450px\" \/><\/figure>\n<\/div>\n\n\n\n<div style=\"height:15px\" aria-hidden=\"true\" class=\"wp-block-spacer\"><\/div>\n\n\n\n<hr class=\"wp-block-separator has-text-color has-luminous-vivid-orange-color has-alpha-channel-opacity has-luminous-vivid-orange-background-color has-background is-style-dots\"\/>\n\n\n\n<p class=\"has-cyan-bluish-gray-color has-text-color has-link-color has-large-font-size wp-elements-f1cdefb189474c01a89849d3ab850f7c\"><strong>20<\/strong><\/p>\n\n\n\n<p class=\"has-luminous-vivid-orange-color has-text-color has-link-color wp-elements-cb41329ea1ed82fdc1c6ef00ab1bfc1c\" style=\"font-size:25px\"><strong> Cumplimiento fiscal y laboral con asesor\u00eda especializada<\/strong><\/p>\n\n\n\n<div style=\"height:15px\" aria-hidden=\"true\" class=\"wp-block-spacer\"><\/div>\n\n\n\n<div class=\"wp-block-media-text is-stacked-on-mobile\"><figure class=\"wp-block-media-text__media\"><img decoding=\"async\" loading=\"lazy\" width=\"500\" height=\"700\" src=\"https:\/\/www.ipgh.org\/mx\/wp-content\/uploads\/2024\/09\/3-enero-23.jpg\" alt=\"\" class=\"wp-image-8431 size-full\" srcset=\"https:\/\/www.ipgh.org\/mx\/wp-content\/uploads\/2024\/09\/3-enero-23.jpg 500w, https:\/\/www.ipgh.org\/mx\/wp-content\/uploads\/2024\/09\/3-enero-23-214x300.jpg 214w\" sizes=\"(max-width: 500px) 100vw, 500px\" \/><\/figure><div class=\"wp-block-media-text__content\">\n<p class=\"has-white-color has-text-color has-background has-link-color wp-elements-f39e40a6c3172df3d910d8967d38040d\" style=\"background-color:#ff9448;font-size:18px\">El Secretario General del IPGH, recibi\u00f3  al equipo del Despacho Contable &#8220;Cort\u00e9s&#8221;, que dirige la Contadora Carolina Cort\u00e9s. <br>\u00c9sta productiva visita, permiti\u00f3 el asesoramiento de especialistas, para asegurar que este organismo internacional, cumpla con la normatividad fiscal y laboral mexicana.<\/p>\n<\/div><\/div>\n\n\n\n<div style=\"height:15px\" aria-hidden=\"true\" class=\"wp-block-spacer\"><\/div>\n\n\n\n<hr class=\"wp-block-separator has-text-color has-luminous-vivid-orange-color has-alpha-channel-opacity has-luminous-vivid-orange-background-color has-background is-style-dots\"\/>\n\n\n\n<p class=\"has-cyan-bluish-gray-color has-text-color has-link-color has-large-font-size wp-elements-ca59dead838b8cd01aaa8f385120dd45\"><strong>23<\/strong><\/p>\n\n\n\n<p class=\"has-luminous-vivid-orange-color has-text-color has-link-color wp-elements-264196cacb321e4c80d53bf15a838286\" style=\"font-size:25px\"><strong>Visita del Presidente de la Secci\u00f3n Nacional del IPGH<\/strong> <strong>en M\u00e9xico<\/strong><\/p>\n\n\n\n<div style=\"height:15px\" aria-hidden=\"true\" class=\"wp-block-spacer\"><\/div>\n\n\n<div class=\"wp-block-image\">\n<figure class=\"aligncenter size-full is-resized\"><img decoding=\"async\" loading=\"lazy\" src=\"https:\/\/www.ipgh.org\/mx\/wp-content\/uploads\/2024\/09\/4-enero-23.jpg\" alt=\"\" class=\"wp-image-8432\" style=\"width:406px;height:568px\" width=\"406\" height=\"568\" srcset=\"https:\/\/www.ipgh.org\/mx\/wp-content\/uploads\/2024\/09\/4-enero-23.jpg 500w, https:\/\/www.ipgh.org\/mx\/wp-content\/uploads\/2024\/09\/4-enero-23-214x300.jpg 214w\" sizes=\"(max-width: 406px) 100vw, 406px\" \/><\/figure><\/div>\n\n\n<div style=\"height:15px\" aria-hidden=\"true\" class=\"wp-block-spacer\"><\/div>\n\n\n\n<p class=\"has-black-color has-text-color has-link-color wp-elements-408786d8ebe50bf82895beb7b77cd5c0\" style=\"font-size:18px\">De acuerdo con el Plan Estrat\u00e9gico de Modernizaci\u00f3n del IPGH 2022-2025, y con el objetivo de fortalecer las relaciones con las Secciones Nacionales, el Mtro. Antonio Campuzano recibi\u00f3 al representante de la Secci\u00f3n Nacional mexicana, Mtro. Jaime del R\u00edo Salcedo. <\/p>\n\n\n\n<p class=\"has-black-color has-text-color has-link-color wp-elements-d4cdb154c962e17c63239c6043725bda\" style=\"font-size:18px\">Fue un honor ofrecer informaci\u00f3n veraz y precisa de las actividades que realiza el Instituto Panamericano de Geograf\u00eda e HistoriaPGH en la  presente administraci\u00f3n. <\/p>\n\n\n\n<div style=\"height:15px\" aria-hidden=\"true\" class=\"wp-block-spacer\"><\/div>\n\n\n\n<hr class=\"wp-block-separator has-text-color has-luminous-vivid-orange-color has-alpha-channel-opacity has-luminous-vivid-orange-background-color has-background is-style-dots\"\/>\n\n\n\n<p class=\"has-cyan-bluish-gray-color has-text-color has-link-color has-large-font-size wp-elements-2ad1b2cd483629a4bf07c8c43b964934\"><strong>25<\/strong><\/p>\n\n\n\n<p class=\"has-luminous-vivid-orange-color has-text-color has-link-color wp-elements-dcf37f1986c80794be47383743b3f2dc\" style=\"font-size:25px\"><strong>IPGH en el Informe del Tribunal Superior de Justicia del Estado de M\u00e9xico<\/strong><\/p>\n\n\n\n<div style=\"height:15px\" aria-hidden=\"true\" class=\"wp-block-spacer\"><\/div>\n\n\n\n<div class=\"wp-block-media-text is-stacked-on-mobile\" style=\"grid-template-columns:41% auto\"><figure class=\"wp-block-media-text__media\"><img decoding=\"async\" loading=\"lazy\" width=\"721\" height=\"960\" src=\"https:\/\/www.ipgh.org\/mx\/wp-content\/uploads\/2024\/09\/5.1-ENERO-23.jpg\" alt=\"\" class=\"wp-image-8433 size-full\" srcset=\"https:\/\/www.ipgh.org\/mx\/wp-content\/uploads\/2024\/09\/5.1-ENERO-23.jpg 721w, https:\/\/www.ipgh.org\/mx\/wp-content\/uploads\/2024\/09\/5.1-ENERO-23-225x300.jpg 225w\" sizes=\"(max-width: 721px) 100vw, 721px\" \/><\/figure><div class=\"wp-block-media-text__content\">\n<p class=\"has-white-color has-text-color has-background has-link-color wp-elements-7ffc0150726e5be3d640e425b4983e78\" style=\"background-color:#ff9448;font-size:18px\"> El Secretario General de este organismo, asisti\u00f3 a la presentaci\u00f3n del Tercer Informe de Desarrollo Estrat\u00e9gico del Magistrado Ricardo Sodi Cuellar, Presidente del Tribunal Superior de Justicia del Estado de M\u00e9xico. Esta participaci\u00f3n forma parte de los esfuerzos de vinculaci\u00f3n con otras entidades del pa\u00eds sede de la Secretar\u00eda General del Instituto Panamericano de Geograf\u00eda e Historia.<\/p>\n\n\n\n<figure class=\"wp-block-image size-large is-resized\"><img decoding=\"async\" loading=\"lazy\" src=\"https:\/\/www.ipgh.org\/mx\/wp-content\/uploads\/2024\/09\/5-ENERO-23-769x1024.jpg\" alt=\"\" class=\"wp-image-8435\" style=\"width:405px;height:540px\" width=\"405\" height=\"540\" srcset=\"https:\/\/www.ipgh.org\/mx\/wp-content\/uploads\/2024\/09\/5-ENERO-23-769x1024.jpg 769w, https:\/\/www.ipgh.org\/mx\/wp-content\/uploads\/2024\/09\/5-ENERO-23-225x300.jpg 225w, https:\/\/www.ipgh.org\/mx\/wp-content\/uploads\/2024\/09\/5-ENERO-23-768x1023.jpg 768w, https:\/\/www.ipgh.org\/mx\/wp-content\/uploads\/2024\/09\/5-ENERO-23-1153x1536.jpg 1153w, https:\/\/www.ipgh.org\/mx\/wp-content\/uploads\/2024\/09\/5-ENERO-23.jpg 1441w\" sizes=\"(max-width: 405px) 100vw, 405px\" \/><\/figure>\n<\/div><\/div>\n\n\n\n<hr class=\"wp-block-separator has-text-color has-luminous-vivid-orange-color has-alpha-channel-opacity has-luminous-vivid-orange-background-color has-background is-style-wide\"\/>\n\n\n\n<div class=\"wp-block-columns is-layout-flex wp-container-7 wp-block-columns-is-layout-flex\">\n<div class=\"wp-block-column is-layout-flow wp-block-column-is-layout-flow\"><\/div>\n\n\n\n<div class=\"wp-block-column is-layout-flow wp-block-column-is-layout-flow\"><\/div>\n\n\n\n<div class=\"wp-block-column is-layout-flow wp-block-column-is-layout-flow\">\n<div class=\"wp-block-buttons is-content-justification-right is-layout-flex wp-container-5 wp-block-buttons-is-layout-flex\">\n<div class=\"wp-block-button\"><a class=\"wp-block-button__link has-black-color has-cyan-bluish-gray-background-color has-text-color has-background has-link-color has-text-align-right wp-element-button\" href=\"https:\/\/www.ipgh.org\/mx\/?page_id=8377\" style=\"border-radius:5px;padding-top:var(--wp--preset--spacing--20);padding-right:var(--wp--preset--spacing--30);padding-bottom:var(--wp--preset--spacing--20);padding-left:var(--wp--preset--spacing--30)\">  Regreso  <\/a><\/div>\n<\/div>\n<\/div>\n<\/div>\n","protected":false},"excerpt":{"rendered":"<p>13 Colaboraci\u00f3n internacional: el IPGH en la XXXIV Reuni\u00f3n de Embajadores y C\u00f3nsules 19 El IPGH refuerza su relaci\u00f3n con autoridades locales de la Ciudad de M\u00e9xico El Mtro. Antonio Campuzano Rosales recibi\u00f3 en el Palacio Sede del Instituto Panamericano de Geograf\u00eda e Historia (IPGH) al Mtro. Eduardo Contro, Director de Desarrollo y Fomento Econ\u00f3mico <a class=\"read-more\" href=\"https:\/\/www.ipgh.org\/mx\/?page_id=8407\">LEER M\u00c1S<\/a><\/p>\n","protected":false},"author":1,"featured_media":0,"parent":0,"menu_order":0,"comment_status":"closed","ping_status":"closed","template":"","meta":{"footnotes":""},"_links":{"self":[{"href":"https:\/\/www.ipgh.org\/mx\/index.php?rest_route=\/wp\/v2\/pages\/8407"}],"collection":[{"href":"https:\/\/www.ipgh.org\/mx\/index.php?rest_route=\/wp\/v2\/pages"}],"about":[{"href":"https:\/\/www.ipgh.org\/mx\/index.php?rest_route=\/wp\/v2\/types\/page"}],"author":[{"embeddable":true,"href":"https:\/\/www.ipgh.org\/mx\/index.php?rest_route=\/wp\/v2\/users\/1"}],"replies":[{"embeddable":true,"href":"https:\/\/www.ipgh.org\/mx\/index.php?rest_route=%2Fwp%2Fv2%2Fcomments&post=8407"}],"version-history":[{"count":8,"href":"https:\/\/www.ipgh.org\/mx\/index.php?rest_route=\/wp\/v2\/pages\/8407\/revisions"}],"predecessor-version":[{"id":10508,"href":"https:\/\/www.ipgh.org\/mx\/index.php?rest_route=\/wp\/v2\/pages\/8407\/revisions\/10508"}],"wp:attachment":[{"href":"https:\/\/www.ipgh.org\/mx\/index.php?rest_route=%2Fwp%2Fv2%2Fmedia&parent=8407"}],"curies":[{"name":"wp","href":"https:\/\/api.w.org\/{rel}","templated":true}]}}