{"id":8643,"date":"2024-09-27T11:10:16","date_gmt":"2024-09-27T16:10:16","guid":{"rendered":"https:\/\/www.ipgh.org\/mx\/?page_id=8643"},"modified":"2025-04-04T13:58:43","modified_gmt":"2025-04-04T19:58:43","slug":"abril-2023","status":"publish","type":"page","link":"https:\/\/www.ipgh.org\/mx\/?page_id=8643","title":{"rendered":"Abril 2023"},"content":{"rendered":"\n<p><\/p>\n\n\n\n<p class=\"has-cyan-bluish-gray-color has-text-color has-link-color has-large-font-size wp-elements-64009b61295e501c5d32fe58a9b6776f\"><strong>12<\/strong><\/p>\n\n\n\n<p class=\"has-luminous-vivid-orange-color has-text-color has-link-color wp-elements-be65b86b7636258bf86a39de7f98b324\" style=\"font-size:25px\"><strong>Visita del Dr. Pablo L\u00f3pez Ram\u00edrez y su equipo a la Secretar\u00eda General del IPGH<\/strong><\/p>\n\n\n\n<div style=\"height:15px\" aria-hidden=\"true\" class=\"wp-block-spacer\"><\/div>\n\n\n\n<p><\/p>\n\n\n\n<div class=\"wp-block-media-text is-stacked-on-mobile\" style=\"grid-template-columns:45% auto\"><figure class=\"wp-block-media-text__media\"><img decoding=\"async\" loading=\"lazy\" width=\"819\" height=\"1024\" src=\"https:\/\/www.ipgh.org\/mx\/wp-content\/uploads\/2024\/09\/1-abril23-819x1024.jpg\" alt=\"\" class=\"wp-image-8645 size-full\" srcset=\"https:\/\/www.ipgh.org\/mx\/wp-content\/uploads\/2024\/09\/1-abril23-819x1024.jpg 819w, https:\/\/www.ipgh.org\/mx\/wp-content\/uploads\/2024\/09\/1-abril23-240x300.jpg 240w, https:\/\/www.ipgh.org\/mx\/wp-content\/uploads\/2024\/09\/1-abril23-768x960.jpg 768w, https:\/\/www.ipgh.org\/mx\/wp-content\/uploads\/2024\/09\/1-abril23-1229x1536.jpg 1229w, https:\/\/www.ipgh.org\/mx\/wp-content\/uploads\/2024\/09\/1-abril23.jpg 1500w\" sizes=\"(max-width: 819px) 100vw, 819px\" \/><\/figure><div class=\"wp-block-media-text__content\">\n<p class=\"has-white-color has-text-color has-background has-link-color wp-elements-8b2150f8634f3581b8099fd00b7828e0\" style=\"background-color:#ff9448;font-size:18px\"><br>La Secretar\u00eda General del IPGH  fue visitada por el Pablo L\u00f3pez Ram\u00edrez, Director General Interino del Centro de Investigaci\u00f3n en Ciencia de Informaci\u00f3n Geoespacial (CentroGeo) acompa\u00f1ado por la Mtra. Aura Citlalli Torres G\u00f3mez, del \u00e1rea de Formaci\u00f3n a Distancia y del al Mtro. Alberto Porras Vel\u00e1zquez, profesor investigador. El encuentro tuvo como objetivo profundizar los v\u00ednculos de colaboraci\u00f3n que ambas instituciones han mantenido durante varios a\u00f1os.<br><\/p>\n<\/div><\/div>\n\n\n\n<div style=\"height:15px\" aria-hidden=\"true\" class=\"wp-block-spacer\"><\/div>\n\n\n\n<hr class=\"wp-block-separator has-text-color has-luminous-vivid-orange-color has-alpha-channel-opacity has-luminous-vivid-orange-background-color has-background is-style-dots\"\/>\n\n\n\n<p class=\"has-cyan-bluish-gray-color has-text-color has-link-color has-large-font-size wp-elements-62f40af7a7c0f8de434e481abe9e8348\"><strong>19 <\/strong><\/p>\n\n\n\n<p class=\"has-luminous-vivid-orange-color has-text-color has-link-color wp-elements-6798b21a77c7b337fa82361266e46486\" style=\"font-size:25px\"><strong>Ceremonia de entrega de la Bandera Nacional de la Rep\u00fablica de Corea al IPGH<\/strong><\/p>\n\n\n\n<div style=\"height:15px\" aria-hidden=\"true\" class=\"wp-block-spacer\"><\/div>\n\n\n\n<p class=\"has-black-color has-text-color has-link-color wp-elements-23bd45db91c926ed5a16aebce7e3b388\" style=\"font-size:18px\">Se realiz\u00f3 la ceremonia de entrega de la Bandera Nacional de la Rep\u00fablica de Corea, en su condici\u00f3n de Estado Observador Permanente del Instituto Panamericano de Geograf\u00eda e Historia. El Palacio Sede se visti\u00f3 de gala para recibir al Embajador de la Rep\u00fablica de Corea en M\u00e9xico, Excmo. Sr. Huh Tae-wan, quien entreg\u00f3 el l\u00e1baro patrio al Secretario General del IPGH, Mtro. Antonio Campuzano Rosales.<\/p>\n\n\n\n<div style=\"height:15px\" aria-hidden=\"true\" class=\"wp-block-spacer\"><\/div>\n\n\n\n<div class=\"wp-block-group is-nowrap is-layout-flex wp-container-1 wp-block-group-is-layout-flex\">\n<figure class=\"wp-block-image size-large is-resized\"><img decoding=\"async\" loading=\"lazy\" src=\"https:\/\/www.ipgh.org\/mx\/wp-content\/uploads\/2024\/09\/3-abril-23-1024x1024.jpg\" alt=\"\" class=\"wp-image-8648\" style=\"width:431px;height:431px\" width=\"431\" height=\"431\" srcset=\"https:\/\/www.ipgh.org\/mx\/wp-content\/uploads\/2024\/09\/3-abril-23-1024x1024.jpg 1024w, https:\/\/www.ipgh.org\/mx\/wp-content\/uploads\/2024\/09\/3-abril-23-300x300.jpg 300w, https:\/\/www.ipgh.org\/mx\/wp-content\/uploads\/2024\/09\/3-abril-23-150x150.jpg 150w, https:\/\/www.ipgh.org\/mx\/wp-content\/uploads\/2024\/09\/3-abril-23-768x768.jpg 768w, https:\/\/www.ipgh.org\/mx\/wp-content\/uploads\/2024\/09\/3-abril-23.jpg 1080w\" sizes=\"(max-width: 431px) 100vw, 431px\" \/><\/figure>\n\n\n\n<figure class=\"wp-block-image size-full is-resized\"><img decoding=\"async\" loading=\"lazy\" src=\"https:\/\/www.ipgh.org\/mx\/wp-content\/uploads\/2024\/09\/3.1-abril-23.jpg\" alt=\"\" class=\"wp-image-8649\" style=\"width:365px;height:487px\" width=\"365\" height=\"487\" srcset=\"https:\/\/www.ipgh.org\/mx\/wp-content\/uploads\/2024\/09\/3.1-abril-23.jpg 660w, https:\/\/www.ipgh.org\/mx\/wp-content\/uploads\/2024\/09\/3.1-abril-23-225x300.jpg 225w\" sizes=\"(max-width: 365px) 100vw, 365px\" \/><\/figure>\n\n\n\n<figure class=\"wp-block-image size-large is-resized\"><img decoding=\"async\" loading=\"lazy\" src=\"https:\/\/www.ipgh.org\/mx\/wp-content\/uploads\/2024\/09\/3.2-abril23-1024x1024.jpg\" alt=\"\" class=\"wp-image-8651\" style=\"width:443px;height:443px\" width=\"443\" height=\"443\" srcset=\"https:\/\/www.ipgh.org\/mx\/wp-content\/uploads\/2024\/09\/3.2-abril23-1024x1024.jpg 1024w, https:\/\/www.ipgh.org\/mx\/wp-content\/uploads\/2024\/09\/3.2-abril23-300x300.jpg 300w, https:\/\/www.ipgh.org\/mx\/wp-content\/uploads\/2024\/09\/3.2-abril23-150x150.jpg 150w, https:\/\/www.ipgh.org\/mx\/wp-content\/uploads\/2024\/09\/3.2-abril23-768x768.jpg 768w, https:\/\/www.ipgh.org\/mx\/wp-content\/uploads\/2024\/09\/3.2-abril23.jpg 1080w\" sizes=\"(max-width: 443px) 100vw, 443px\" \/><\/figure>\n<\/div>\n\n\n\n<div style=\"height:15px\" aria-hidden=\"true\" class=\"wp-block-spacer\"><\/div>\n\n\n<div class=\"wp-block-image\">\n<figure class=\"aligncenter size-large is-resized\"><img decoding=\"async\" loading=\"lazy\" src=\"https:\/\/www.ipgh.org\/mx\/wp-content\/uploads\/2024\/09\/3.3-ABRIL23-1024x768.jpg\" alt=\"\" class=\"wp-image-8656\" style=\"width:620px;height:465px\" width=\"620\" height=\"465\" srcset=\"https:\/\/www.ipgh.org\/mx\/wp-content\/uploads\/2024\/09\/3.3-ABRIL23-1024x768.jpg 1024w, https:\/\/www.ipgh.org\/mx\/wp-content\/uploads\/2024\/09\/3.3-ABRIL23-300x225.jpg 300w, https:\/\/www.ipgh.org\/mx\/wp-content\/uploads\/2024\/09\/3.3-ABRIL23-768x576.jpg 768w, https:\/\/www.ipgh.org\/mx\/wp-content\/uploads\/2024\/09\/3.3-ABRIL23.jpg 1249w\" sizes=\"(max-width: 620px) 100vw, 620px\" \/><\/figure><\/div>\n\n\n<div style=\"height:15px\" aria-hidden=\"true\" class=\"wp-block-spacer\"><\/div>\n\n\n\n<p class=\"has-black-color has-text-color has-link-color wp-elements-628662f6935ce93abd597af410285d7a\" style=\"font-size:18px\">Durante la ceremonia, ante embajadores y representantes de varios Estados y organismos con sede en M\u00e9xico, el Mtro. Campuzano Rosales agradeci\u00f3 la confianza y disposici\u00f3n del gobierno de Corea como Estado Observador Permanente, resaltando la importancia de la entrega de su bandera, que ahora forma parte del sal\u00f3n &#8220;William Bowie&#8221;. <\/p>\n\n\n\n<div style=\"height:15px\" aria-hidden=\"true\" class=\"wp-block-spacer\"><\/div>\n\n\n\n<hr class=\"wp-block-separator has-text-color has-luminous-vivid-orange-color has-alpha-channel-opacity has-luminous-vivid-orange-background-color has-background is-style-dots\"\/>\n\n\n\n<p class=\"has-cyan-bluish-gray-color has-text-color has-link-color has-large-font-size wp-elements-2ad1b2cd483629a4bf07c8c43b964934\"><strong>25<\/strong><\/p>\n\n\n\n<p class=\"has-luminous-vivid-orange-color has-text-color has-link-color wp-elements-f0688371dd4b8f86d47e22a65b6abcdb\" style=\"font-size:25px\"><strong>Visita del Presidente del Tribunal Superior de Justicia del Estado de M\u00e9xico al Placio Sedel del IPGH<\/strong><\/p>\n\n\n\n<div style=\"height:15px\" aria-hidden=\"true\" class=\"wp-block-spacer\"><\/div>\n\n\n\n<div class=\"wp-block-media-text is-stacked-on-mobile\" style=\"grid-template-columns:41% auto\"><figure class=\"wp-block-media-text__media\"><img decoding=\"async\" loading=\"lazy\" width=\"682\" height=\"1024\" src=\"https:\/\/www.ipgh.org\/mx\/wp-content\/uploads\/2024\/09\/5-ABRIL-23-682x1024.jpg\" alt=\"\" class=\"wp-image-8665 size-full\" srcset=\"https:\/\/www.ipgh.org\/mx\/wp-content\/uploads\/2024\/09\/5-ABRIL-23-682x1024.jpg 682w, https:\/\/www.ipgh.org\/mx\/wp-content\/uploads\/2024\/09\/5-ABRIL-23-200x300.jpg 200w, https:\/\/www.ipgh.org\/mx\/wp-content\/uploads\/2024\/09\/5-ABRIL-23-768x1154.jpg 768w, https:\/\/www.ipgh.org\/mx\/wp-content\/uploads\/2024\/09\/5-ABRIL-23-1022x1536.jpg 1022w, https:\/\/www.ipgh.org\/mx\/wp-content\/uploads\/2024\/09\/5-ABRIL-23.jpg 1363w\" sizes=\"(max-width: 682px) 100vw, 682px\" \/><\/figure><div class=\"wp-block-media-text__content\">\n<p class=\"has-white-color has-text-color has-background has-link-color wp-elements-f68654989c14c0d75192c3b2b60368a4\" style=\"background-color:#ff9448;font-size:18px\">El Mtro. Antonio Campuzano Rosales, Secretario General de este organismo internacional, recibi\u00f3 la grata visita del Dr. Ricardo Sodi Cuellar, Presidente del Tribunal Superior de Justicia del Estado de M\u00e9xico. Dentro del programa protocolario, se le compart\u00edo una presentaci\u00f3n con las actividades cint\u00edfico-t\u00e9cnicas que desarrolla el IPGH. <br><br>Como parte del Plan Estrat\u00e9gico de Modernizaci\u00f3n de la presente administraci\u00f3n, se busca fortalecer los lazos entre este organismo internacional y las autoridades del Estado Mexicano, as\u00ed como explorar nuevas \u00e1reas de colaboraci\u00f3n.<\/p>\n<\/div><\/div>\n\n\n\n<p><br><\/p>\n\n\n\n<div style=\"height:15px\" aria-hidden=\"true\" class=\"wp-block-spacer\"><\/div>\n\n\n\n<hr class=\"wp-block-separator has-text-color has-luminous-vivid-orange-color has-alpha-channel-opacity has-luminous-vivid-orange-background-color has-background is-style-wide\"\/>\n\n\n\n<div class=\"wp-block-columns is-layout-flex wp-container-6 wp-block-columns-is-layout-flex\">\n<div class=\"wp-block-column is-layout-flow wp-block-column-is-layout-flow\"><\/div>\n\n\n\n<div class=\"wp-block-column is-layout-flow wp-block-column-is-layout-flow\"><\/div>\n\n\n\n<div class=\"wp-block-column is-vertically-aligned-center is-layout-flow wp-block-column-is-layout-flow\">\n<div class=\"wp-block-buttons is-content-justification-right is-layout-flex wp-container-4 wp-block-buttons-is-layout-flex\">\n<div class=\"wp-block-button\"><a class=\"wp-block-button__link has-black-color has-cyan-bluish-gray-background-color has-text-color has-background has-link-color wp-element-button\" href=\"https:\/\/www.ipgh.org\/mx\/?page_id=7623\">Regreso<\/a><\/div>\n<\/div>\n<\/div>\n<\/div>\n","protected":false},"excerpt":{"rendered":"<p>12 Visita del Dr. Pablo L\u00f3pez Ram\u00edrez y su equipo a la Secretar\u00eda General del IPGH La Secretar\u00eda General del IPGH fue visitada por el Pablo L\u00f3pez Ram\u00edrez, Director General Interino del Centro de Investigaci\u00f3n en Ciencia de Informaci\u00f3n Geoespacial (CentroGeo) acompa\u00f1ado por la Mtra. Aura Citlalli Torres G\u00f3mez, del \u00e1rea de Formaci\u00f3n a Distancia <a class=\"read-more\" href=\"https:\/\/www.ipgh.org\/mx\/?page_id=8643\">LEER M\u00c1S<\/a><\/p>\n","protected":false},"author":1,"featured_media":0,"parent":0,"menu_order":0,"comment_status":"closed","ping_status":"closed","template":"","meta":{"footnotes":""},"_links":{"self":[{"href":"https:\/\/www.ipgh.org\/mx\/index.php?rest_route=\/wp\/v2\/pages\/8643"}],"collection":[{"href":"https:\/\/www.ipgh.org\/mx\/index.php?rest_route=\/wp\/v2\/pages"}],"about":[{"href":"https:\/\/www.ipgh.org\/mx\/index.php?rest_route=\/wp\/v2\/types\/page"}],"author":[{"embeddable":true,"href":"https:\/\/www.ipgh.org\/mx\/index.php?rest_route=\/wp\/v2\/users\/1"}],"replies":[{"embeddable":true,"href":"https:\/\/www.ipgh.org\/mx\/index.php?rest_route=%2Fwp%2Fv2%2Fcomments&post=8643"}],"version-history":[{"count":3,"href":"https:\/\/www.ipgh.org\/mx\/index.php?rest_route=\/wp\/v2\/pages\/8643\/revisions"}],"predecessor-version":[{"id":10513,"href":"https:\/\/www.ipgh.org\/mx\/index.php?rest_route=\/wp\/v2\/pages\/8643\/revisions\/10513"}],"wp:attachment":[{"href":"https:\/\/www.ipgh.org\/mx\/index.php?rest_route=%2Fwp%2Fv2%2Fmedia&parent=8643"}],"curies":[{"name":"wp","href":"https:\/\/api.w.org\/{rel}","templated":true}]}}