{"id":8669,"date":"2024-09-27T12:55:40","date_gmt":"2024-09-27T17:55:40","guid":{"rendered":"https:\/\/www.ipgh.org\/mx\/?page_id=8669"},"modified":"2025-04-04T14:03:04","modified_gmt":"2025-04-04T20:03:04","slug":"mayo-2023","status":"publish","type":"page","link":"https:\/\/www.ipgh.org\/mx\/?page_id=8669","title":{"rendered":"Mayo 2023"},"content":{"rendered":"\n<p class=\"has-cyan-bluish-gray-color has-text-color has-link-color has-large-font-size wp-elements-5dac69754ebcb668dd587ee721bcaac9\"><strong>03 <\/strong><\/p>\n\n\n\n<p class=\"has-luminous-vivid-orange-color has-text-color has-link-color wp-elements-7b14549a4fb443acddf478b91d054476\" style=\"font-size:25px\"><strong>Visita del Excmo. Se\u00f1or Embajador de Uruguay al IPGH<\/strong><\/p>\n\n\n\n<div style=\"height:15px\" aria-hidden=\"true\" class=\"wp-block-spacer\"><\/div>\n\n\n\n<div class=\"wp-block-group is-content-justification-center is-nowrap is-layout-flex wp-container-1 wp-block-group-is-layout-flex\">\n<figure class=\"wp-block-image size-large is-resized\"><img decoding=\"async\" loading=\"lazy\" src=\"https:\/\/www.ipgh.org\/mx\/wp-content\/uploads\/2024\/09\/1-mayo-23-681x1024.jpg\" alt=\"\" class=\"wp-image-8670\" style=\"width:410px;height:617px\" width=\"410\" height=\"617\" srcset=\"https:\/\/www.ipgh.org\/mx\/wp-content\/uploads\/2024\/09\/1-mayo-23-681x1024.jpg 681w, https:\/\/www.ipgh.org\/mx\/wp-content\/uploads\/2024\/09\/1-mayo-23-199x300.jpg 199w, https:\/\/www.ipgh.org\/mx\/wp-content\/uploads\/2024\/09\/1-mayo-23-768x1156.jpg 768w, https:\/\/www.ipgh.org\/mx\/wp-content\/uploads\/2024\/09\/1-mayo-23-1021x1536.jpg 1021w, https:\/\/www.ipgh.org\/mx\/wp-content\/uploads\/2024\/09\/1-mayo-23.jpg 1361w\" sizes=\"(max-width: 410px) 100vw, 410px\" \/><\/figure>\n\n\n\n<figure class=\"wp-block-image size-large is-resized\"><img decoding=\"async\" loading=\"lazy\" src=\"https:\/\/www.ipgh.org\/mx\/wp-content\/uploads\/2024\/09\/1.1-mayo-23-676x1024.jpg\" alt=\"\" class=\"wp-image-8671\" style=\"width:409px;height:620px\" width=\"409\" height=\"620\" srcset=\"https:\/\/www.ipgh.org\/mx\/wp-content\/uploads\/2024\/09\/1.1-mayo-23-676x1024.jpg 676w, https:\/\/www.ipgh.org\/mx\/wp-content\/uploads\/2024\/09\/1.1-mayo-23-198x300.jpg 198w, https:\/\/www.ipgh.org\/mx\/wp-content\/uploads\/2024\/09\/1.1-mayo-23-768x1164.jpg 768w, https:\/\/www.ipgh.org\/mx\/wp-content\/uploads\/2024\/09\/1.1-mayo-23-1013x1536.jpg 1013w, https:\/\/www.ipgh.org\/mx\/wp-content\/uploads\/2024\/09\/1.1-mayo-23.jpg 1351w\" sizes=\"(max-width: 409px) 100vw, 409px\" \/><\/figure>\n<\/div>\n\n\n\n<div style=\"height:15px\" aria-hidden=\"true\" class=\"wp-block-spacer\"><\/div>\n\n\n\n<p class=\"has-black-color has-text-color has-link-color wp-elements-33b569361bec0180a3c9f7083b819256\" style=\"font-size:18px\">El Palacio sede del Instituto Panamericano de Geograf\u00eda e Historia recibi\u00f3 la visita del Se\u00f1or Embajador An\u00edbal F. Cabral Segalerba, acompa\u00f1ado de la Ministra Consejera Noelia Mart\u00ednez Franchi, de la Embajada del Uruguay en M\u00e9xico. <\/p>\n\n\n\n<p class=\"has-black-color has-text-color has-link-color wp-elements-f098da9607395caa3e0e8d9b36065638\" style=\"font-size:18px\">Durante el acto protocolario, el Secretario General destac\u00f3 el gran apoyo brindado por el Estado Miembro de Uruguay a la comunidad panamericana en relaci\u00f3n con la Zona de Adyacencia Belice-Guatemala (OEA\/ZA), a trav\u00e9s del Instituto Geogr\u00e1fico Militar. <br><br>Igualmente, enfatiz\u00f3 el trabajo realizado en el IPGH por el  M\u00e1gister C\u00e9sar Rodr\u00edguez Tomeo, durante el periodo 2018-2022.<\/p>\n\n\n\n<div style=\"height:15px\" aria-hidden=\"true\" class=\"wp-block-spacer\"><\/div>\n\n\n\n<hr class=\"wp-block-separator has-text-color has-luminous-vivid-orange-color has-alpha-channel-opacity has-luminous-vivid-orange-background-color has-background is-style-dots\"\/>\n\n\n\n<p class=\"has-cyan-bluish-gray-color has-text-color has-link-color has-large-font-size wp-elements-73800a733238d640c308d69a7d33fac7\"><strong>11<\/strong><\/p>\n\n\n\n<p class=\"has-luminous-vivid-orange-color has-text-color has-link-color wp-elements-1448d99bbcd4d0d7ffedb9ff0b6fd91d\" style=\"font-size:25px\"><strong>Inauguraci\u00f3n del Modelo de Naciones Unidas de la UAEMex<\/strong><\/p>\n\n\n\n<div style=\"height:15px\" aria-hidden=\"true\" class=\"wp-block-spacer\"><\/div>\n\n\n\n<div class=\"wp-block-media-text is-stacked-on-mobile\"><figure class=\"wp-block-media-text__media\"><img decoding=\"async\" loading=\"lazy\" width=\"1024\" height=\"791\" src=\"https:\/\/www.ipgh.org\/mx\/wp-content\/uploads\/2024\/09\/2.1-mayo-23-1024x791.jpg\" alt=\"\" class=\"wp-image-8672 size-full\" srcset=\"https:\/\/www.ipgh.org\/mx\/wp-content\/uploads\/2024\/09\/2.1-mayo-23-1024x791.jpg 1024w, https:\/\/www.ipgh.org\/mx\/wp-content\/uploads\/2024\/09\/2.1-mayo-23-300x232.jpg 300w, https:\/\/www.ipgh.org\/mx\/wp-content\/uploads\/2024\/09\/2.1-mayo-23-768x593.jpg 768w, https:\/\/www.ipgh.org\/mx\/wp-content\/uploads\/2024\/09\/2.1-mayo-23.jpg 1239w\" sizes=\"(max-width: 1024px) 100vw, 1024px\" \/><\/figure><div class=\"wp-block-media-text__content\">\n<p class=\"has-white-color has-text-color has-background has-link-color wp-elements-89a50127e3c6aea99c71712061c8e2fa\" style=\"background-color:#ff9448;font-size:18px\">El Secretario General del IPGH, Mtro. Antonio Campuzano Rosales, particip\u00f3 en la inauguraci\u00f3n de la actividad titulada: &#8220;Modelo de Naciones Unidas de la Universidad  Aut\u00f3noma del Estado de M\u00e9xico&#8221;, PotroMUN UAEMex, en su VI edici\u00f3n. <br><br>El evento se llev\u00f3 a cabo en el auditorio Isidro Fabela Alfaro de la Facultad de Derecho, con la asistencia de los j\u00f3venes estudiantes de dicha instituci\u00f3n mexicana.<\/p>\n<\/div><\/div>\n\n\n\n<div style=\"height:15px\" aria-hidden=\"true\" class=\"wp-block-spacer\"><\/div>\n\n\n\n<hr class=\"wp-block-separator has-text-color has-luminous-vivid-orange-color has-alpha-channel-opacity has-luminous-vivid-orange-background-color has-background is-style-dots\"\/>\n\n\n\n<p class=\"has-cyan-bluish-gray-color has-text-color has-link-color has-large-font-size wp-elements-64009b61295e501c5d32fe58a9b6776f\"><strong>12<\/strong><\/p>\n\n\n\n<p class=\"has-luminous-vivid-orange-color has-text-color has-link-color wp-elements-cb65f987479708aa66680a1310c62960\" style=\"font-size:25px\"><strong>Conmemoraci\u00f3n del 212\u00ba Aniversario de la Independencia de Paraguay<\/strong><\/p>\n\n\n\n<div style=\"height:15px\" aria-hidden=\"true\" class=\"wp-block-spacer\"><\/div>\n\n\n\n<div class=\"wp-block-media-text has-media-on-the-right is-stacked-on-mobile\"><div class=\"wp-block-media-text__content\">\n<p class=\"has-black-color has-text-color has-link-color wp-elements-f645b7c779134c115194e402a90591a4\" style=\"font-size:18px\">Con motivo del 212\u00ba Aniversario de la Independencia de la Rep\u00fablica del Paraguay, el titular del Instituto Panamericano de Geograf\u00eda e Historia, asisti\u00f3 al acto conmemorativo organizado por la Embajada de Paraguay en M\u00e9xico.<\/p>\n<\/div><figure class=\"wp-block-media-text__media\"><img decoding=\"async\" loading=\"lazy\" width=\"450\" height=\"449\" src=\"https:\/\/www.ipgh.org\/mx\/wp-content\/uploads\/2024\/09\/3.mayo-23-1.jpg\" alt=\"\" class=\"wp-image-8677 size-full\" srcset=\"https:\/\/www.ipgh.org\/mx\/wp-content\/uploads\/2024\/09\/3.mayo-23-1.jpg 450w, https:\/\/www.ipgh.org\/mx\/wp-content\/uploads\/2024\/09\/3.mayo-23-1-300x300.jpg 300w, https:\/\/www.ipgh.org\/mx\/wp-content\/uploads\/2024\/09\/3.mayo-23-1-150x150.jpg 150w\" sizes=\"(max-width: 450px) 100vw, 450px\" \/><\/figure><\/div>\n\n\n\n<div style=\"height:15px\" aria-hidden=\"true\" class=\"wp-block-spacer\"><\/div>\n\n\n\n<hr class=\"wp-block-separator has-text-color has-luminous-vivid-orange-color has-alpha-channel-opacity has-luminous-vivid-orange-background-color has-background is-style-dots\"\/>\n\n\n\n<p class=\"has-cyan-bluish-gray-color has-text-color has-link-color has-large-font-size wp-elements-58182050b8fff2acea29e1c123b96b6a\"><strong>22<\/strong><\/p>\n\n\n\n<p class=\"has-luminous-vivid-orange-color has-text-color has-link-color wp-elements-5340eba4628188e29536586bbd5f4ad5\" style=\"font-size:25px\"><strong>Distinci\u00f3n Honoraria para el Secretario General del IPGH <\/strong><\/p>\n\n\n\n<p class=\"has-black-color has-text-color has-link-color wp-elements-76391c34aee610eb3aa276488689ec4f\" style=\"font-size:18px\">Como pre\u00e1mbulo de las Segundas Jornadas Acad\u00e9micas del Congreso Americano de la Libertad, el Mtro. Antonio Campuzano Rosales,  fue distinguido como Miembro Honorario Extranjero de la Academia Nacional de Historia del Ecuador. Este es un merecido reconocimiento a su invaluable contribuci\u00f3n al campo de la historia.<\/p>\n\n\n\n<div style=\"height:15px\" aria-hidden=\"true\" class=\"wp-block-spacer\"><\/div>\n\n\n<div class=\"wp-block-image\">\n<figure class=\"aligncenter size-large is-resized\"><img decoding=\"async\" loading=\"lazy\" src=\"https:\/\/www.ipgh.org\/mx\/wp-content\/uploads\/2024\/09\/4-mayo-23-1024x768.jpg\" alt=\"\" class=\"wp-image-8681\" style=\"width:629px;height:472px\" width=\"629\" height=\"472\" srcset=\"https:\/\/www.ipgh.org\/mx\/wp-content\/uploads\/2024\/09\/4-mayo-23-1024x768.jpg 1024w, https:\/\/www.ipgh.org\/mx\/wp-content\/uploads\/2024\/09\/4-mayo-23-300x225.jpg 300w, https:\/\/www.ipgh.org\/mx\/wp-content\/uploads\/2024\/09\/4-mayo-23-768x576.jpg 768w, https:\/\/www.ipgh.org\/mx\/wp-content\/uploads\/2024\/09\/4-mayo-23.jpg 1280w\" sizes=\"(max-width: 629px) 100vw, 629px\" \/><\/figure><\/div>\n\n\n<div style=\"height:15px\" aria-hidden=\"true\" class=\"wp-block-spacer\"><\/div>\n\n\n\n<hr class=\"wp-block-separator has-text-color has-luminous-vivid-orange-color has-alpha-channel-opacity has-luminous-vivid-orange-background-color has-background is-style-dots\"\/>\n\n\n\n<p class=\"has-cyan-bluish-gray-color has-text-color has-link-color has-large-font-size wp-elements-ca59dead838b8cd01aaa8f385120dd45\"><strong>23<\/strong><\/p>\n\n\n\n<p class=\"has-luminous-vivid-orange-color has-text-color has-link-color wp-elements-b42931965492b3d4ba57eae18a8b2ff0\" style=\"font-size:25px\"><strong>Segundas Jornadas Acad\u00e9micas del Congreso Americano de la Libertad<\/strong><\/p>\n\n\n\n<div style=\"height:15px\" aria-hidden=\"true\" class=\"wp-block-spacer\"><\/div>\n\n\n\n<div class=\"wp-block-group is-nowrap is-layout-flex wp-container-2 wp-block-group-is-layout-flex\">\n<figure class=\"wp-block-image size-full is-resized\"><img decoding=\"async\" loading=\"lazy\" src=\"https:\/\/www.ipgh.org\/mx\/wp-content\/uploads\/2024\/09\/jornada-23-3-2.jpg\" alt=\"\" class=\"wp-image-8711\" style=\"width:477px;height:318px\" width=\"477\" height=\"318\" srcset=\"https:\/\/www.ipgh.org\/mx\/wp-content\/uploads\/2024\/09\/jornada-23-3-2.jpg 870w, https:\/\/www.ipgh.org\/mx\/wp-content\/uploads\/2024\/09\/jornada-23-3-2-300x200.jpg 300w, https:\/\/www.ipgh.org\/mx\/wp-content\/uploads\/2024\/09\/jornada-23-3-2-768x512.jpg 768w\" sizes=\"(max-width: 477px) 100vw, 477px\" \/><\/figure>\n\n\n\n<figure class=\"wp-block-image size-large is-resized\"><img decoding=\"async\" loading=\"lazy\" src=\"https:\/\/www.ipgh.org\/mx\/wp-content\/uploads\/2024\/09\/JORNADAS-2434-1-1024x1024.jpg\" alt=\"\" class=\"wp-image-8712\" style=\"width:334px;height:334px\" width=\"334\" height=\"334\" srcset=\"https:\/\/www.ipgh.org\/mx\/wp-content\/uploads\/2024\/09\/JORNADAS-2434-1-1024x1024.jpg 1024w, https:\/\/www.ipgh.org\/mx\/wp-content\/uploads\/2024\/09\/JORNADAS-2434-1-300x300.jpg 300w, https:\/\/www.ipgh.org\/mx\/wp-content\/uploads\/2024\/09\/JORNADAS-2434-1-150x150.jpg 150w, https:\/\/www.ipgh.org\/mx\/wp-content\/uploads\/2024\/09\/JORNADAS-2434-1-768x768.jpg 768w, https:\/\/www.ipgh.org\/mx\/wp-content\/uploads\/2024\/09\/JORNADAS-2434-1-1536x1536.jpg 1536w, https:\/\/www.ipgh.org\/mx\/wp-content\/uploads\/2024\/09\/JORNADAS-2434-1.jpg 2048w\" sizes=\"(max-width: 334px) 100vw, 334px\" \/><\/figure>\n\n\n\n<figure class=\"wp-block-image size-large is-resized\"><img decoding=\"async\" loading=\"lazy\" src=\"https:\/\/www.ipgh.org\/mx\/wp-content\/uploads\/2024\/09\/JORNADAS-456-1-1024x1024.jpg\" alt=\"\" class=\"wp-image-8713\" style=\"width:332px;height:332px\" width=\"332\" height=\"332\" srcset=\"https:\/\/www.ipgh.org\/mx\/wp-content\/uploads\/2024\/09\/JORNADAS-456-1-1024x1024.jpg 1024w, https:\/\/www.ipgh.org\/mx\/wp-content\/uploads\/2024\/09\/JORNADAS-456-1-300x300.jpg 300w, https:\/\/www.ipgh.org\/mx\/wp-content\/uploads\/2024\/09\/JORNADAS-456-1-150x150.jpg 150w, https:\/\/www.ipgh.org\/mx\/wp-content\/uploads\/2024\/09\/JORNADAS-456-1-768x768.jpg 768w, https:\/\/www.ipgh.org\/mx\/wp-content\/uploads\/2024\/09\/JORNADAS-456-1-1536x1536.jpg 1536w, https:\/\/www.ipgh.org\/mx\/wp-content\/uploads\/2024\/09\/JORNADAS-456-1.jpg 2048w\" sizes=\"(max-width: 332px) 100vw, 332px\" \/><\/figure>\n<\/div>\n\n\n\n<div style=\"height:15px\" aria-hidden=\"true\" class=\"wp-block-spacer\"><\/div>\n\n\n\n<p class=\"has-black-color has-text-color has-link-color wp-elements-9d3a64a2cb8e11ab176980f0a4132470\" style=\"font-size:18px\">Este importante evento tuvo lugar en la Academia Nacional de Historia y Geograf\u00eda en la Ciudad de M\u00e9xico y fue organizado por diversas instituciones nacionales e internacionales, como el IPGH, la Academia Nacional de Historia del Ecuador, el Centro de Investigaciones sobre Am\u00e9rica Latina y el Caribe (CIALC) de la UNAM, el Museo Nacional de Historia \u201cCastillo de Chapultepec\u201d y el Instituto Latinoamericano de Comunicaci\u00f3n Educativa (ILCE).<\/p>\n\n\n\n<p>La inauguraci\u00f3n estuvo engalanada cor la presencia de los siguientes acad\u00e9micos y especialistas en los temas propios del Congreso: <\/p>\n\n\n\n<ul>\n<li style=\"font-size:18px\">Dr. Franklin Barriga, Presidente del Congreso Americano de la Libertad.<\/li>\n\n\n\n<li style=\"font-size:18px\">Dra. Patricia Galeana, Presidente de la Comisi\u00f3n de Historia del IPGH del periodo 2014-2021.<\/li>\n\n\n\n<li style=\"font-size:18px\">Dra. Regina Tapia, Directora del Archivo Hist\u00f3rico de la Ciudad de M\u00e9xico.<\/li>\n\n\n\n<li style=\"font-size:18px\">Dr. Efra\u00edn Guadarrama P\u00e9rez, Director General, Organismos y Mecanismos Regionales Americanos de la Secretar\u00eda de Relaciones Exteriores de M\u00e9xico (SRE).<\/li>\n\n\n\n<li style=\"font-size:18px\">Dr. Gerardo Serrano Gasca, Director, Integraci\u00f3n Regional en Am\u00e9rica Latina y el Caribe, SRE.<\/li>\n<\/ul>\n\n\n\n<div style=\"height:15px\" aria-hidden=\"true\" class=\"wp-block-spacer\"><\/div>\n\n\n\n<p class=\"has-black-color has-text-color has-link-color wp-elements-c04463d9e77da77224f95beff35df574\" style=\"font-size:18px\">Igualmente, el programa de ponencias estuvo enriquecido con la presentaci\u00f3n de destcados historiadores de 14 pa\u00edses americanos: Bolivia, Chile, Colombia, Costa Rica, El Salvador, Ecuador, Estados Unidos de Am\u00e9rica, Guatemala, Honduras, Panam\u00e1, Per\u00fa, Rep\u00fablica Dominicana, Puerto Rico, y el anfitri\u00f3n, M\u00e9xico.<\/p>\n\n\n\n<hr class=\"wp-block-separator has-text-color has-luminous-vivid-orange-color has-alpha-channel-opacity has-luminous-vivid-orange-background-color has-background is-style-wide\"\/>\n\n\n\n<div class=\"wp-block-columns is-layout-flex wp-container-7 wp-block-columns-is-layout-flex\">\n<div class=\"wp-block-column is-layout-flow wp-block-column-is-layout-flow\"><\/div>\n\n\n\n<div class=\"wp-block-column is-layout-flow wp-block-column-is-layout-flow\"><\/div>\n\n\n\n<div class=\"wp-block-column is-layout-flow wp-block-column-is-layout-flow\">\n<div class=\"wp-block-buttons is-content-justification-right is-layout-flex wp-container-5 wp-block-buttons-is-layout-flex\">\n<div class=\"wp-block-button\"><a class=\"wp-block-button__link has-black-color has-cyan-bluish-gray-background-color has-text-color has-background has-link-color wp-element-button\" href=\"https:\/\/www.ipgh.org\/mx\/?page_id=673\" style=\"border-radius:5px\" target=\"_blank\" rel=\"noreferrer noopener\">  Regreso  <\/a><\/div>\n<\/div>\n<\/div>\n<\/div>\n","protected":false},"excerpt":{"rendered":"<p>03 Visita del Excmo. Se\u00f1or Embajador de Uruguay al IPGH El Palacio sede del Instituto Panamericano de Geograf\u00eda e Historia recibi\u00f3 la visita del Se\u00f1or Embajador An\u00edbal F. Cabral Segalerba, acompa\u00f1ado de la Ministra Consejera Noelia Mart\u00ednez Franchi, de la Embajada del Uruguay en M\u00e9xico. Durante el acto protocolario, el Secretario General destac\u00f3 el gran <a class=\"read-more\" href=\"https:\/\/www.ipgh.org\/mx\/?page_id=8669\">LEER M\u00c1S<\/a><\/p>\n","protected":false},"author":1,"featured_media":0,"parent":0,"menu_order":0,"comment_status":"closed","ping_status":"closed","template":"","meta":{"footnotes":""},"_links":{"self":[{"href":"https:\/\/www.ipgh.org\/mx\/index.php?rest_route=\/wp\/v2\/pages\/8669"}],"collection":[{"href":"https:\/\/www.ipgh.org\/mx\/index.php?rest_route=\/wp\/v2\/pages"}],"about":[{"href":"https:\/\/www.ipgh.org\/mx\/index.php?rest_route=\/wp\/v2\/types\/page"}],"author":[{"embeddable":true,"href":"https:\/\/www.ipgh.org\/mx\/index.php?rest_route=\/wp\/v2\/users\/1"}],"replies":[{"embeddable":true,"href":"https:\/\/www.ipgh.org\/mx\/index.php?rest_route=%2Fwp%2Fv2%2Fcomments&post=8669"}],"version-history":[{"count":7,"href":"https:\/\/www.ipgh.org\/mx\/index.php?rest_route=\/wp\/v2\/pages\/8669\/revisions"}],"predecessor-version":[{"id":10515,"href":"https:\/\/www.ipgh.org\/mx\/index.php?rest_route=\/wp\/v2\/pages\/8669\/revisions\/10515"}],"wp:attachment":[{"href":"https:\/\/www.ipgh.org\/mx\/index.php?rest_route=%2Fwp%2Fv2%2Fmedia&parent=8669"}],"curies":[{"name":"wp","href":"https:\/\/api.w.org\/{rel}","templated":true}]}}