{"id":8731,"date":"2024-09-27T13:22:44","date_gmt":"2024-09-27T18:22:44","guid":{"rendered":"https:\/\/www.ipgh.org\/mx\/?page_id=8731"},"modified":"2024-09-30T12:01:12","modified_gmt":"2024-09-30T17:01:12","slug":"101%e1%b5%83-reunion-de-autoridades","status":"publish","type":"page","link":"https:\/\/www.ipgh.org\/mx\/?page_id=8731","title":{"rendered":"101\u1d43 Reuni\u00f3n de Autoridades"},"content":{"rendered":"\n<div style=\"height:15px\" aria-hidden=\"true\" class=\"wp-block-spacer\"><\/div>\n\n\n\n<p class=\"has-black-color has-text-color has-link-color wp-elements-f96ba570780692a3c2486475a27dfd46\" style=\"font-size:18px\">La inauguraci\u00f3n de la CI Reuni\u00f3n de Autoridades corri\u00f3 a cargo de la Dra. Patricia Sol\u00eds, Presidente del Instituto Panamericano de Geograf\u00eda e Historia, quien expres\u00f3 su benepl\u00e1cito y agradecimiento al resto de las Autoridades por acudir puntualmente a esta cita semestral.<\/p>\n\n\n\n<p class=\"has-black-color has-text-color has-link-color wp-elements-cdcc0624c619200bfb526fbefef49cfe\" style=\"font-size:18px\">Como parte del programa del primer d\u00eda, la Presidente rindi\u00f3 su informe de actividades, mismo que fue recibido en conformidad por la mesa de trabajo, integrada por la Vicepresidente, Secretario General y los cuatro Presidentes de las Comisiones.<\/p>\n\n\n\n<div style=\"height:15px\" aria-hidden=\"true\" class=\"wp-block-spacer\"><\/div>\n\n\n\n<div class=\"wp-block-columns is-layout-flex wp-container-3 wp-block-columns-is-layout-flex\">\n<div class=\"wp-block-column is-layout-flow wp-block-column-is-layout-flow\">\n<figure class=\"wp-block-image size-large\"><img decoding=\"async\" loading=\"lazy\" width=\"1024\" height=\"579\" src=\"https:\/\/www.ipgh.org\/mx\/wp-content\/uploads\/2024\/09\/Fotografias_Agenda_02_CI_Reunion_P_Solis01-1024x579.jpg\" alt=\"\" class=\"wp-image-8751\" srcset=\"https:\/\/www.ipgh.org\/mx\/wp-content\/uploads\/2024\/09\/Fotografias_Agenda_02_CI_Reunion_P_Solis01-1024x579.jpg 1024w, https:\/\/www.ipgh.org\/mx\/wp-content\/uploads\/2024\/09\/Fotografias_Agenda_02_CI_Reunion_P_Solis01-300x170.jpg 300w, https:\/\/www.ipgh.org\/mx\/wp-content\/uploads\/2024\/09\/Fotografias_Agenda_02_CI_Reunion_P_Solis01-768x434.jpg 768w, https:\/\/www.ipgh.org\/mx\/wp-content\/uploads\/2024\/09\/Fotografias_Agenda_02_CI_Reunion_P_Solis01-1536x869.jpg 1536w, https:\/\/www.ipgh.org\/mx\/wp-content\/uploads\/2024\/09\/Fotografias_Agenda_02_CI_Reunion_P_Solis01-2048x1158.jpg 2048w\" sizes=\"(max-width: 1024px) 100vw, 1024px\" \/><\/figure>\n<\/div>\n\n\n\n<div class=\"wp-block-column is-layout-flow wp-block-column-is-layout-flow\">\n<figure class=\"wp-block-image size-large\"><img decoding=\"async\" loading=\"lazy\" width=\"1024\" height=\"579\" src=\"https:\/\/www.ipgh.org\/mx\/wp-content\/uploads\/2024\/09\/Fotografias_Agenda_02_CI_Reunion_P_Solis02-1024x579.jpg\" alt=\"\" class=\"wp-image-8752\" srcset=\"https:\/\/www.ipgh.org\/mx\/wp-content\/uploads\/2024\/09\/Fotografias_Agenda_02_CI_Reunion_P_Solis02-1024x579.jpg 1024w, https:\/\/www.ipgh.org\/mx\/wp-content\/uploads\/2024\/09\/Fotografias_Agenda_02_CI_Reunion_P_Solis02-300x170.jpg 300w, https:\/\/www.ipgh.org\/mx\/wp-content\/uploads\/2024\/09\/Fotografias_Agenda_02_CI_Reunion_P_Solis02-768x434.jpg 768w, https:\/\/www.ipgh.org\/mx\/wp-content\/uploads\/2024\/09\/Fotografias_Agenda_02_CI_Reunion_P_Solis02-1536x869.jpg 1536w, https:\/\/www.ipgh.org\/mx\/wp-content\/uploads\/2024\/09\/Fotografias_Agenda_02_CI_Reunion_P_Solis02-2048x1158.jpg 2048w\" sizes=\"(max-width: 1024px) 100vw, 1024px\" \/><\/figure>\n<\/div>\n<\/div>\n\n\n\n<hr class=\"wp-block-separator has-alpha-channel-opacity\"\/>\n\n\n\n<p><\/p>\n","protected":false},"excerpt":{"rendered":"<p>La inauguraci\u00f3n de la CI Reuni\u00f3n de Autoridades corri\u00f3 a cargo de la Dra. Patricia Sol\u00eds, Presidente del Instituto Panamericano de Geograf\u00eda e Historia, quien expres\u00f3 su benepl\u00e1cito y agradecimiento al resto de las Autoridades por acudir puntualmente a esta cita semestral. Como parte del programa del primer d\u00eda, la Presidente rindi\u00f3 su informe de <a class=\"read-more\" href=\"https:\/\/www.ipgh.org\/mx\/?page_id=8731\">LEER M\u00c1S<\/a><\/p>\n","protected":false},"author":1,"featured_media":0,"parent":0,"menu_order":0,"comment_status":"closed","ping_status":"closed","template":"","meta":{"footnotes":""},"_links":{"self":[{"href":"https:\/\/www.ipgh.org\/mx\/index.php?rest_route=\/wp\/v2\/pages\/8731"}],"collection":[{"href":"https:\/\/www.ipgh.org\/mx\/index.php?rest_route=\/wp\/v2\/pages"}],"about":[{"href":"https:\/\/www.ipgh.org\/mx\/index.php?rest_route=\/wp\/v2\/types\/page"}],"author":[{"embeddable":true,"href":"https:\/\/www.ipgh.org\/mx\/index.php?rest_route=\/wp\/v2\/users\/1"}],"replies":[{"embeddable":true,"href":"https:\/\/www.ipgh.org\/mx\/index.php?rest_route=%2Fwp%2Fv2%2Fcomments&post=8731"}],"version-history":[{"count":4,"href":"https:\/\/www.ipgh.org\/mx\/index.php?rest_route=\/wp\/v2\/pages\/8731\/revisions"}],"predecessor-version":[{"id":8860,"href":"https:\/\/www.ipgh.org\/mx\/index.php?rest_route=\/wp\/v2\/pages\/8731\/revisions\/8860"}],"wp:attachment":[{"href":"https:\/\/www.ipgh.org\/mx\/index.php?rest_route=%2Fwp%2Fv2%2Fmedia&parent=8731"}],"curies":[{"name":"wp","href":"https:\/\/api.w.org\/{rel}","templated":true}]}}