{"id":8750,"date":"2024-09-27T14:11:51","date_gmt":"2024-09-27T19:11:51","guid":{"rendered":"https:\/\/www.ipgh.org\/mx\/?page_id=8750"},"modified":"2024-11-07T14:46:41","modified_gmt":"2024-11-07T20:46:41","slug":"julio-2023","status":"publish","type":"page","link":"https:\/\/www.ipgh.org\/mx\/?page_id=8750","title":{"rendered":"Julio 2023"},"content":{"rendered":"\n<p class=\"has-black-color has-text-color has-link-color has-large-font-size wp-elements-37dcb2cb90a74343f8f42726a2f89bbd\"><strong>04<\/strong><\/p>\n\n\n\n<p class=\"has-luminous-vivid-orange-color has-text-color has-link-color has-medium-font-size wp-elements-8898bd91a813ea87d5e83795421ff8bf\"><strong>Inauguraci\u00f3n de<\/strong> <strong>la 99\u00aa Reuni\u00f3n de Autoridades del IPGH<\/strong><\/p>\n\n\n\n<div style=\"height:18px\" aria-hidden=\"true\" class=\"wp-block-spacer\"><\/div>\n\n\n\n<div class=\"wp-block-group is-nowrap is-layout-flex wp-container-2 wp-block-group-is-layout-flex\">\n<figure class=\"wp-block-image size-large is-resized\"><img decoding=\"async\" loading=\"lazy\" src=\"https:\/\/www.ipgh.org\/mx\/wp-content\/uploads\/2024\/09\/9-junio-23-1024x768.jpg\" alt=\"\" class=\"wp-image-8753\" style=\"width:545px;height:409px\" width=\"545\" height=\"409\" srcset=\"https:\/\/www.ipgh.org\/mx\/wp-content\/uploads\/2024\/09\/9-junio-23-1024x768.jpg 1024w, https:\/\/www.ipgh.org\/mx\/wp-content\/uploads\/2024\/09\/9-junio-23-300x225.jpg 300w, https:\/\/www.ipgh.org\/mx\/wp-content\/uploads\/2024\/09\/9-junio-23-768x576.jpg 768w, https:\/\/www.ipgh.org\/mx\/wp-content\/uploads\/2024\/09\/9-junio-23-1536x1152.jpg 1536w, https:\/\/www.ipgh.org\/mx\/wp-content\/uploads\/2024\/09\/9-junio-23.jpg 2048w\" sizes=\"(max-width: 545px) 100vw, 545px\" \/><\/figure>\n\n\n\n<figure class=\"wp-block-image size-large is-resized\"><img decoding=\"async\" loading=\"lazy\" src=\"https:\/\/www.ipgh.org\/mx\/wp-content\/uploads\/2024\/09\/9.1-julio-23-1024x1024.jpg\" alt=\"\" class=\"wp-image-8754\" style=\"width:529px;height:529px\" width=\"529\" height=\"529\" srcset=\"https:\/\/www.ipgh.org\/mx\/wp-content\/uploads\/2024\/09\/9.1-julio-23-1024x1024.jpg 1024w, https:\/\/www.ipgh.org\/mx\/wp-content\/uploads\/2024\/09\/9.1-julio-23-300x300.jpg 300w, https:\/\/www.ipgh.org\/mx\/wp-content\/uploads\/2024\/09\/9.1-julio-23-150x150.jpg 150w, https:\/\/www.ipgh.org\/mx\/wp-content\/uploads\/2024\/09\/9.1-julio-23-768x768.jpg 768w, https:\/\/www.ipgh.org\/mx\/wp-content\/uploads\/2024\/09\/9.1-julio-23.jpg 1200w\" sizes=\"(max-width: 529px) 100vw, 529px\" \/><\/figure>\n\n\n\n<div style=\"height:100px;width:0px\" aria-hidden=\"true\" class=\"wp-block-spacer wp-container-content-1\"><\/div>\n<\/div>\n\n\n\n<div style=\"height:20px\" aria-hidden=\"true\" class=\"wp-block-spacer\"><\/div>\n\n\n\n<p class=\"has-black-color has-text-color has-link-color wp-elements-b4a9ccac623e5f97896258c4fa26bd55\" style=\"font-size:18px\">Se llev\u00f3 a cabo la 99\u00aa Reuni\u00f3n de Autoridades de este organismo internacional, en la ciudad de Guatemala, Guatemla. Durante la inauguraci\u00f3n de esta importante reuni\u00f3n estatutaria del IPGH, el Mtro. Antonio Campuzano Rosales, Secretario General, hizo referencia al pr\u00f3ximo centenario del IPGH (a\u00f1o 2028) y resalt\u00f3 la posici\u00f3n privilegiada y desafiante de las Autoridades &#8220;como capitanes de un barco que navega rumbo a este importante hito&#8221;. <br>Este encuentro brind\u00f3 una oportunidad \u00fanica para reunir esfuerzos y trabajar unidos hacia el fortalecimiento y la renovaci\u00f3n del IPGH. Las Autoridades, como \u00f3rgano coordinador, tienen la responsabilidad de velar por el cumplimiento de las resoluciones de la Asamblea General del IPGH y proponer iniciativas en los asuntos de su competencia.<\/p>\n\n\n\n<div style=\"height:15px\" aria-hidden=\"true\" class=\"wp-block-spacer\"><\/div>\n\n\n\n<hr class=\"wp-block-separator has-text-color has-luminous-vivid-orange-color has-alpha-channel-opacity has-luminous-vivid-orange-background-color has-background is-style-dots\"\/>\n\n\n\n<p class=\"has-black-color has-text-color has-link-color has-large-font-size wp-elements-7b52b6e167604bb216061c9a9275b6b6\"><strong>18<\/strong><\/p>\n\n\n\n<p class=\"has-luminous-vivid-orange-color has-text-color has-link-color has-medium-font-size wp-elements-2840cf34b6bb125778c7e49ff750c286\"><strong>Reuni\u00f3n de la Secretar\u00eda General del IPGH con los Presidentes de las Comisiones<\/strong><\/p>\n\n\n\n<div style=\"height:15px\" aria-hidden=\"true\" class=\"wp-block-spacer\"><\/div>\n\n\n\n<div class=\"wp-block-media-text is-stacked-on-mobile\" style=\"grid-template-columns:47% auto\"><figure class=\"wp-block-media-text__media\"><img decoding=\"async\" loading=\"lazy\" width=\"600\" height=\"600\" src=\"https:\/\/www.ipgh.org\/mx\/wp-content\/uploads\/2024\/09\/10-junio-23.jpg\" alt=\"\" class=\"wp-image-8757 size-full\" srcset=\"https:\/\/www.ipgh.org\/mx\/wp-content\/uploads\/2024\/09\/10-junio-23.jpg 600w, https:\/\/www.ipgh.org\/mx\/wp-content\/uploads\/2024\/09\/10-junio-23-300x300.jpg 300w, https:\/\/www.ipgh.org\/mx\/wp-content\/uploads\/2024\/09\/10-junio-23-150x150.jpg 150w\" sizes=\"(max-width: 600px) 100vw, 600px\" \/><\/figure><div class=\"wp-block-media-text__content\">\n<p class=\"has-white-color has-text-color has-background has-link-color wp-elements-b810953e6d1d03f662f0242f0a2eeb96\" style=\"background-color:#ff9448;font-size:18px\">La Secretar\u00eda General del Instituto Panamericno de Geograf\u00eda e Historia, se reuni\u00f3 llev\u00f3 a cabo una reuni\u00f3n a distancia con con los Presidentes de sus cuatro Comisiones, para revisar el estado de cada uno de los proyectos del Programa de Asistencia T\u00e9cnica (PAT).<\/p>\n<\/div><\/div>\n\n\n\n<div style=\"height:15px\" aria-hidden=\"true\" class=\"wp-block-spacer\"><\/div>\n\n\n\n<hr class=\"wp-block-separator has-text-color has-luminous-vivid-orange-color has-alpha-channel-opacity has-luminous-vivid-orange-background-color has-background is-style-dots\"\/>\n\n\n\n<p class=\"has-black-color has-text-color has-link-color has-large-font-size wp-elements-6c35bc2ae9571a652f4112f331874b34\"><strong>20<\/strong><\/p>\n\n\n\n<p class=\"has-luminous-vivid-orange-color has-text-color has-link-color has-medium-font-size wp-elements-427bb4a4e1779f17fc19e903cec71fb2\"><strong>Celebraci\u00f3n del D\u00eda Nacional de la Rep\u00fablica de Colombia<\/strong><\/p>\n\n\n\n<div style=\"height:15px\" aria-hidden=\"true\" class=\"wp-block-spacer\"><\/div>\n\n\n<div class=\"wp-block-image\">\n<figure class=\"aligncenter size-full is-resized\"><img decoding=\"async\" loading=\"lazy\" src=\"https:\/\/www.ipgh.org\/mx\/wp-content\/uploads\/2024\/09\/11-junio-23.jpg\" alt=\"\" class=\"wp-image-8758\" style=\"width:521px;height:521px\" width=\"521\" height=\"521\" srcset=\"https:\/\/www.ipgh.org\/mx\/wp-content\/uploads\/2024\/09\/11-junio-23.jpg 960w, https:\/\/www.ipgh.org\/mx\/wp-content\/uploads\/2024\/09\/11-junio-23-300x300.jpg 300w, https:\/\/www.ipgh.org\/mx\/wp-content\/uploads\/2024\/09\/11-junio-23-150x150.jpg 150w, https:\/\/www.ipgh.org\/mx\/wp-content\/uploads\/2024\/09\/11-junio-23-768x768.jpg 768w\" sizes=\"(max-width: 521px) 100vw, 521px\" \/><\/figure><\/div>\n\n\n<div style=\"height:15px\" aria-hidden=\"true\" class=\"wp-block-spacer\"><\/div>\n\n\n\n<p class=\"has-black-color has-text-color has-link-color wp-elements-be88be80fa61011d050797195a3592d5\" style=\"font-size:18px\">De izquierda a derecha: Dr. Salvador Percastre, Director del Instituto Latinoamericano de la Comunicaci\u00f3n Educativa (ILCE);  Mtro. Antonio Campuzano Rosales, Secretario General del IPGH, y el Excmo. se\u00f1or Embajador de Colombia en M\u00e9xico, \u00c1lvaro Mois\u00e9s Ninco Daza, con motivo de la conmemoraci\u00f3n del D\u00eda Nacional de Colombia.  <\/p>\n\n\n\n<div style=\"height:15px\" aria-hidden=\"true\" class=\"wp-block-spacer\"><\/div>\n\n\n\n<hr class=\"wp-block-separator has-text-color has-luminous-vivid-orange-color has-alpha-channel-opacity has-luminous-vivid-orange-background-color has-background is-style-dots\"\/>\n\n\n\n<p class=\"has-black-color has-text-color has-link-color has-large-font-size wp-elements-edcef2c1aa53fdfe63a13d8e0db3e527\"><strong>25<\/strong><\/p>\n\n\n\n<p class=\"has-luminous-vivid-orange-color has-text-color has-link-color has-medium-font-size wp-elements-859123df734113d9cf43997637c6d561\"><strong>Reuni\u00f3n de coordinaci\u00f3n con Rep\u00fablica Dominicana<\/strong><\/p>\n\n\n\n<div style=\"height:15px\" aria-hidden=\"true\" class=\"wp-block-spacer\"><\/div>\n\n\n\n<p class=\"has-black-color has-text-color has-link-color wp-elements-ba9624ba738159c535b28227cb96ace1\" style=\"font-size:18px\">Se realiz\u00f3 una reuni\u00f3n virtual con el Presidente de la Secci\u00f3n Nacional del IPGH en Rep\u00fablica Dominicana y Director del Instituto Geogr\u00e1fico Nacional \u201cJos\u00e9 Joaqu\u00edn Hungr\u00eda Morell\u201d, Lic. Bol\u00edvar Troncoso Morales, quien estuvo acompa\u00f1ado con su respectivos equipo de trabajo.<\/p>\n\n\n\n<p class=\"has-black-color has-text-color has-link-color wp-elements-9f3a37cc98ec335a895a5009e1e3ccd4\" style=\"font-size:18px\">El Secretario General del IPGH, coordin\u00f3 y afin\u00f3 detalles log\u00edsticos para llevar a buen desarrollo y t\u00e9rmino las reuniones estatutarias del a\u00f1o, que incluye la 24\u00aa Asamblea General de este organismo internacional, mismas que se llevar\u00e1n cabo en el mes de noviembre de este a\u00f1o, el Santo Domingo, Rep\u00fablica Dominicana.<\/p>\n\n\n\n<div style=\"height:15px\" aria-hidden=\"true\" class=\"wp-block-spacer\"><\/div>\n\n\n\n<div class=\"wp-block-group is-nowrap is-layout-flex wp-container-3 wp-block-group-is-layout-flex\">\n<figure class=\"wp-block-image size-large\"><img decoding=\"async\" loading=\"lazy\" width=\"1024\" height=\"1024\" src=\"https:\/\/www.ipgh.org\/mx\/wp-content\/uploads\/2024\/09\/12.1-julio-23-1024x1024.jpg\" alt=\"\" class=\"wp-image-8760\" srcset=\"https:\/\/www.ipgh.org\/mx\/wp-content\/uploads\/2024\/09\/12.1-julio-23-1024x1024.jpg 1024w, https:\/\/www.ipgh.org\/mx\/wp-content\/uploads\/2024\/09\/12.1-julio-23-300x300.jpg 300w, https:\/\/www.ipgh.org\/mx\/wp-content\/uploads\/2024\/09\/12.1-julio-23-150x150.jpg 150w, https:\/\/www.ipgh.org\/mx\/wp-content\/uploads\/2024\/09\/12.1-julio-23-768x768.jpg 768w, https:\/\/www.ipgh.org\/mx\/wp-content\/uploads\/2024\/09\/12.1-julio-23.jpg 1374w\" sizes=\"(max-width: 1024px) 100vw, 1024px\" \/><\/figure>\n\n\n\n<figure class=\"wp-block-image size-large is-resized\"><img decoding=\"async\" loading=\"lazy\" src=\"https:\/\/www.ipgh.org\/mx\/wp-content\/uploads\/2024\/09\/12-julio-23-1024x1024.jpg\" alt=\"\" class=\"wp-image-8759\" style=\"width:568px;height:568px\" width=\"568\" height=\"568\" srcset=\"https:\/\/www.ipgh.org\/mx\/wp-content\/uploads\/2024\/09\/12-julio-23-1024x1024.jpg 1024w, https:\/\/www.ipgh.org\/mx\/wp-content\/uploads\/2024\/09\/12-julio-23-300x300.jpg 300w, https:\/\/www.ipgh.org\/mx\/wp-content\/uploads\/2024\/09\/12-julio-23-150x150.jpg 150w, https:\/\/www.ipgh.org\/mx\/wp-content\/uploads\/2024\/09\/12-julio-23-768x768.jpg 768w, https:\/\/www.ipgh.org\/mx\/wp-content\/uploads\/2024\/09\/12-julio-23.jpg 1374w\" sizes=\"(max-width: 568px) 100vw, 568px\" \/><\/figure>\n<\/div>\n\n\n\n<div style=\"height:15px\" aria-hidden=\"true\" class=\"wp-block-spacer\"><\/div>\n\n\n\n<hr class=\"wp-block-separator has-text-color has-luminous-vivid-orange-color has-alpha-channel-opacity has-luminous-vivid-orange-background-color has-background is-style-dots\"\/>\n\n\n\n<p class=\"has-black-color has-text-color has-link-color has-large-font-size wp-elements-9d8bb51361082db38e686221963f53d7\"><strong>26<\/strong><\/p>\n\n\n\n<p class=\"has-luminous-vivid-orange-color has-text-color has-link-color has-medium-font-size wp-elements-e750ae07df98d4c65f20220d5bb8b654\"><strong>Firma del Tercer Convenio Espec\u00edfico de Colaboraci\u00f3n<\/strong><\/p>\n\n\n\n<div style=\"height:15px\" aria-hidden=\"true\" class=\"wp-block-spacer\"><\/div>\n\n\n\n<div class=\"wp-block-media-text is-stacked-on-mobile\"><figure class=\"wp-block-media-text__media\"><img decoding=\"async\" loading=\"lazy\" width=\"1024\" height=\"1024\" src=\"https:\/\/www.ipgh.org\/mx\/wp-content\/uploads\/2024\/09\/13-julio-23-1024x1024.jpg\" alt=\"\" class=\"wp-image-8763 size-full\" srcset=\"https:\/\/www.ipgh.org\/mx\/wp-content\/uploads\/2024\/09\/13-julio-23-1024x1024.jpg 1024w, https:\/\/www.ipgh.org\/mx\/wp-content\/uploads\/2024\/09\/13-julio-23-300x300.jpg 300w, https:\/\/www.ipgh.org\/mx\/wp-content\/uploads\/2024\/09\/13-julio-23-150x150.jpg 150w, https:\/\/www.ipgh.org\/mx\/wp-content\/uploads\/2024\/09\/13-julio-23-768x768.jpg 768w, https:\/\/www.ipgh.org\/mx\/wp-content\/uploads\/2024\/09\/13-julio-23.jpg 1031w\" sizes=\"(max-width: 1024px) 100vw, 1024px\" \/><\/figure><div class=\"wp-block-media-text__content\">\n<p class=\"has-white-color has-text-color has-background has-link-color wp-elements-a700abe3771f3207f19231bcd720a38b\" style=\"background-color:#ff9448;font-size:18px\">Se llev\u00f3 a cabo la firma del \u201cTercer Convenio Espec\u00edfico de Colaboraci\u00f3n\u201d entre el Instituto Panamericano de Geograf\u00eda e Historia (IPGH) y el Centro de Investigaci\u00f3n en Ciencias de Informaci\u00f3n Geoespacial, A.C. (CentroGEO). <br>Este convenio tiene como objetivo establecer las bases generales y los mecanismos de cooperaci\u00f3n para otorgar becas en beneficio de la comunidad panamericana. <\/p>\n<\/div><\/div>\n\n\n\n<div style=\"height:15px\" aria-hidden=\"true\" class=\"wp-block-spacer\"><\/div>\n\n\n\n<hr class=\"wp-block-separator has-text-color has-luminous-vivid-orange-color has-alpha-channel-opacity has-luminous-vivid-orange-background-color has-background is-style-dots\"\/>\n\n\n\n<p class=\"has-black-color has-text-color has-link-color has-large-font-size wp-elements-d8e783e25000762d2be378ab170f4d6d\"><strong>27<\/strong><\/p>\n\n\n\n<p class=\"has-luminous-vivid-orange-color has-text-color has-link-color has-medium-font-size wp-elements-b6697e2b213a23baeafe24e3831cd908\"><strong>Creaci\u00f3n de la Brigada de Protecci\u00f3n Civil del IPGH<\/strong><\/p>\n\n\n\n<div style=\"height:15px\" aria-hidden=\"true\" class=\"wp-block-spacer\"><\/div>\n\n\n<div class=\"wp-block-image\">\n<figure class=\"aligncenter size-large is-resized\"><img decoding=\"async\" loading=\"lazy\" src=\"https:\/\/www.ipgh.org\/mx\/wp-content\/uploads\/2024\/09\/14-julio-23-1024x598.jpg\" alt=\"\" class=\"wp-image-8764\" style=\"width:842px;height:492px\" width=\"842\" height=\"492\" srcset=\"https:\/\/www.ipgh.org\/mx\/wp-content\/uploads\/2024\/09\/14-julio-23-1024x598.jpg 1024w, https:\/\/www.ipgh.org\/mx\/wp-content\/uploads\/2024\/09\/14-julio-23-300x175.jpg 300w, https:\/\/www.ipgh.org\/mx\/wp-content\/uploads\/2024\/09\/14-julio-23-768x449.jpg 768w, https:\/\/www.ipgh.org\/mx\/wp-content\/uploads\/2024\/09\/14-julio-23-1536x898.jpg 1536w, https:\/\/www.ipgh.org\/mx\/wp-content\/uploads\/2024\/09\/14-julio-23.jpg 1600w\" sizes=\"(max-width: 842px) 100vw, 842px\" \/><\/figure><\/div>\n\n\n<div style=\"height:15px\" aria-hidden=\"true\" class=\"wp-block-spacer\"><\/div>\n\n\n\n<p class=\"has-black-color has-text-color has-link-color wp-elements-6dad38390bccae65ebfeec39c3996054\" style=\"font-size:18px\">En el marco de la Brigada de Proteccci\u00f3n Civil del IPGH, se llev\u00f3 a cabo el curso de Primeros Auxilios para el personal de la Secretar\u00eda General del IPGH, mismo que se realiz\u00f3 en las propias instalaciones del Palacio sede. estas actividades, responden a las l\u00edneas de acci\u00f3n del \u201cPlan Estrat\u00e9gico de Modernizaci\u00f3n del Instituto Panamericano de Geograf\u00eda e Historia 2022-2025\u201d, donde se establece que se debe analizar y tomar las medidas necesarias para mejorar y fortalecer la calidad de vida, desarrollo profesional y laboral del personal, considerando que el recurso humano es el m\u00e1s valioso activo con que cuenta el IPGH.<\/p>\n\n\n\n<div style=\"height:15px\" aria-hidden=\"true\" class=\"wp-block-spacer\"><\/div>\n\n\n\n<hr class=\"wp-block-separator has-text-color has-luminous-vivid-orange-color has-alpha-channel-opacity has-luminous-vivid-orange-background-color has-background is-style-wide\"\/>\n\n\n\n<div class=\"wp-block-columns is-layout-flex wp-container-8 wp-block-columns-is-layout-flex\">\n<div class=\"wp-block-column is-layout-flow wp-block-column-is-layout-flow\"><\/div>\n\n\n\n<div class=\"wp-block-column is-layout-flow wp-block-column-is-layout-flow\"><\/div>\n\n\n\n<div class=\"wp-block-column is-layout-flow wp-block-column-is-layout-flow\">\n<div class=\"wp-block-buttons is-content-justification-right is-layout-flex wp-container-6 wp-block-buttons-is-layout-flex\">\n<div class=\"wp-block-button\"><a class=\"wp-block-button__link has-black-color has-cyan-bluish-gray-background-color has-text-color has-background has-link-color wp-element-button\" href=\"https:\/\/www.ipgh.org\/mx\/?page_id=8377\" style=\"border-radius:5px\" target=\"_blank\" rel=\"noreferrer noopener\">  Regreso  <\/a><\/div>\n<\/div>\n<\/div>\n<\/div>\n","protected":false},"excerpt":{"rendered":"<p>04 Inauguraci\u00f3n de la 99\u00aa Reuni\u00f3n de Autoridades del IPGH Se llev\u00f3 a cabo la 99\u00aa Reuni\u00f3n de Autoridades de este organismo internacional, en la ciudad de Guatemala, Guatemla. Durante la inauguraci\u00f3n de esta importante reuni\u00f3n estatutaria del IPGH, el Mtro. Antonio Campuzano Rosales, Secretario General, hizo referencia al pr\u00f3ximo centenario del IPGH (a\u00f1o 2028) <a class=\"read-more\" href=\"https:\/\/www.ipgh.org\/mx\/?page_id=8750\">LEER M\u00c1S<\/a><\/p>\n","protected":false},"author":1,"featured_media":0,"parent":0,"menu_order":0,"comment_status":"closed","ping_status":"closed","template":"","meta":{"footnotes":""},"_links":{"self":[{"href":"https:\/\/www.ipgh.org\/mx\/index.php?rest_route=\/wp\/v2\/pages\/8750"}],"collection":[{"href":"https:\/\/www.ipgh.org\/mx\/index.php?rest_route=\/wp\/v2\/pages"}],"about":[{"href":"https:\/\/www.ipgh.org\/mx\/index.php?rest_route=\/wp\/v2\/types\/page"}],"author":[{"embeddable":true,"href":"https:\/\/www.ipgh.org\/mx\/index.php?rest_route=\/wp\/v2\/users\/1"}],"replies":[{"embeddable":true,"href":"https:\/\/www.ipgh.org\/mx\/index.php?rest_route=%2Fwp%2Fv2%2Fcomments&post=8750"}],"version-history":[{"count":7,"href":"https:\/\/www.ipgh.org\/mx\/index.php?rest_route=\/wp\/v2\/pages\/8750\/revisions"}],"predecessor-version":[{"id":9363,"href":"https:\/\/www.ipgh.org\/mx\/index.php?rest_route=\/wp\/v2\/pages\/8750\/revisions\/9363"}],"wp:attachment":[{"href":"https:\/\/www.ipgh.org\/mx\/index.php?rest_route=%2Fwp%2Fv2%2Fmedia&parent=8750"}],"curies":[{"name":"wp","href":"https:\/\/api.w.org\/{rel}","templated":true}]}}