{"id":9430,"date":"2024-11-12T11:59:50","date_gmt":"2024-11-12T17:59:50","guid":{"rendered":"https:\/\/www.ipgh.org\/mx\/?page_id=9430"},"modified":"2025-10-14T11:46:14","modified_gmt":"2025-10-14T17:46:14","slug":"noviembre-2024","status":"publish","type":"page","link":"https:\/\/www.ipgh.org\/mx\/?page_id=9430","title":{"rendered":"Noviembre 2024"},"content":{"rendered":"\n<p><\/p>\n\n\n\n<p><\/p>\n\n\n\n<p><\/p>\n\n\n\n<p><\/p>\n\n\n\n<p><\/p>\n\n\n\n<p><\/p>\n\n\n\n<p class=\"has-black-color has-text-color has-link-color has-large-font-size wp-elements-e22c041eb4a219dbc71c5251185c6c74\"><strong>19-21<\/strong><\/p>\n\n\n\n<div class=\"wp-block-columns is-layout-flex wp-container-4 wp-block-columns-is-layout-flex\">\n<div class=\"wp-block-column is-layout-flow wp-block-column-is-layout-flow\">\n<figure class=\"wp-block-image size-large\"><img decoding=\"async\" loading=\"lazy\" width=\"1024\" height=\"579\" src=\"https:\/\/www.ipgh.org\/mx\/wp-content\/uploads\/2024\/12\/Secretario-IPGH-1024x579.png\" alt=\"\" class=\"wp-image-9612\" srcset=\"https:\/\/www.ipgh.org\/mx\/wp-content\/uploads\/2024\/12\/Secretario-IPGH-1024x579.png 1024w, https:\/\/www.ipgh.org\/mx\/wp-content\/uploads\/2024\/12\/Secretario-IPGH-300x170.png 300w, https:\/\/www.ipgh.org\/mx\/wp-content\/uploads\/2024\/12\/Secretario-IPGH-768x434.png 768w, https:\/\/www.ipgh.org\/mx\/wp-content\/uploads\/2024\/12\/Secretario-IPGH-1536x869.png 1536w, https:\/\/www.ipgh.org\/mx\/wp-content\/uploads\/2024\/12\/Secretario-IPGH-2048x1158.png 2048w\" sizes=\"(max-width: 1024px) 100vw, 1024px\" \/><\/figure>\n<\/div>\n\n\n\n<div class=\"wp-block-column is-layout-flow wp-block-column-is-layout-flow\">\n<figure class=\"wp-block-image size-large\"><img decoding=\"async\" loading=\"lazy\" width=\"1024\" height=\"579\" src=\"https:\/\/www.ipgh.org\/mx\/wp-content\/uploads\/2024\/12\/Comite-Cordinador-1024x579.png\" alt=\"\" class=\"wp-image-9613\" srcset=\"https:\/\/www.ipgh.org\/mx\/wp-content\/uploads\/2024\/12\/Comite-Cordinador-1024x579.png 1024w, https:\/\/www.ipgh.org\/mx\/wp-content\/uploads\/2024\/12\/Comite-Cordinador-300x170.png 300w, https:\/\/www.ipgh.org\/mx\/wp-content\/uploads\/2024\/12\/Comite-Cordinador-768x434.png 768w, https:\/\/www.ipgh.org\/mx\/wp-content\/uploads\/2024\/12\/Comite-Cordinador-1536x869.png 1536w, https:\/\/www.ipgh.org\/mx\/wp-content\/uploads\/2024\/12\/Comite-Cordinador-2048x1158.png 2048w\" sizes=\"(max-width: 1024px) 100vw, 1024px\" \/><\/figure>\n<\/div>\n\n\n\n<div class=\"wp-block-column is-layout-flow wp-block-column-is-layout-flow\">\n<figure class=\"wp-block-image size-large\"><img decoding=\"async\" loading=\"lazy\" width=\"1024\" height=\"579\" src=\"https:\/\/www.ipgh.org\/mx\/wp-content\/uploads\/2024\/12\/25-Asamblea-General-2024-1-1024x579.png\" alt=\"\" class=\"wp-image-9614\" srcset=\"https:\/\/www.ipgh.org\/mx\/wp-content\/uploads\/2024\/12\/25-Asamblea-General-2024-1-1024x579.png 1024w, https:\/\/www.ipgh.org\/mx\/wp-content\/uploads\/2024\/12\/25-Asamblea-General-2024-1-300x170.png 300w, https:\/\/www.ipgh.org\/mx\/wp-content\/uploads\/2024\/12\/25-Asamblea-General-2024-1-768x434.png 768w, https:\/\/www.ipgh.org\/mx\/wp-content\/uploads\/2024\/12\/25-Asamblea-General-2024-1-1536x869.png 1536w, https:\/\/www.ipgh.org\/mx\/wp-content\/uploads\/2024\/12\/25-Asamblea-General-2024-1-2048x1158.png 2048w\" sizes=\"(max-width: 1024px) 100vw, 1024px\" \/><\/figure>\n<\/div>\n<\/div>\n\n\n\n<div style=\"height:20px\" aria-hidden=\"true\" class=\"wp-block-spacer\"><\/div>\n\n\n\n<hr class=\"wp-block-separator has-text-color has-luminous-vivid-orange-color has-alpha-channel-opacity has-luminous-vivid-orange-background-color has-background is-style-dots\"\/>\n\n\n\n<p class=\"has-black-color has-text-color has-link-color has-large-font-size wp-elements-6638d027f1aba37e58e985d70c688605\"><strong>19<\/strong><\/p>\n\n\n\n<p class=\"has-luminous-vivid-orange-color has-text-color has-link-color has-medium-font-size wp-elements-afd0bd5c880a01538882743b809478b8\"><strong>Inicio de la 25\u00aa Asamblea General del IPGH en Santiago, Chile<\/strong><\/p>\n\n\n\n<div style=\"height:15px\" aria-hidden=\"true\" class=\"wp-block-spacer\"><\/div>\n\n\n<div class=\"wp-block-image\">\n<figure class=\"aligncenter size-large\"><img decoding=\"async\" loading=\"lazy\" width=\"1024\" height=\"546\" src=\"https:\/\/www.ipgh.org\/mx\/wp-content\/uploads\/2024\/12\/20_25_AG_FotografiaOficial-2.0-1024x546.png\" alt=\"\" class=\"wp-image-9589\" srcset=\"https:\/\/www.ipgh.org\/mx\/wp-content\/uploads\/2024\/12\/20_25_AG_FotografiaOficial-2.0-1024x546.png 1024w, https:\/\/www.ipgh.org\/mx\/wp-content\/uploads\/2024\/12\/20_25_AG_FotografiaOficial-2.0-300x160.png 300w, https:\/\/www.ipgh.org\/mx\/wp-content\/uploads\/2024\/12\/20_25_AG_FotografiaOficial-2.0-768x410.png 768w, https:\/\/www.ipgh.org\/mx\/wp-content\/uploads\/2024\/12\/20_25_AG_FotografiaOficial-2.0-1536x819.png 1536w, https:\/\/www.ipgh.org\/mx\/wp-content\/uploads\/2024\/12\/20_25_AG_FotografiaOficial-2.0-2048x1092.png 2048w\" sizes=\"(max-width: 1024px) 100vw, 1024px\" \/><\/figure><\/div>\n\n\n<div style=\"height:15px\" aria-hidden=\"true\" class=\"wp-block-spacer\"><\/div>\n\n\n\n<p class=\"has-black-color has-text-color has-link-color wp-elements-43234cc010fb821082c8dc5d8d765d5b\" style=\"font-size:18px\">El 19 de noviembre de 2024, dio inicio la 25\u00aa Asamblea General del Instituto Panamericano de Geograf\u00eda e Historia (IPGH) con un acto protocolario en las instalaciones centrales de la Comisi\u00f3n Econ\u00f3mica para Am\u00e9rica Latina y el Caribe (CEPAL), en la ciudad de Santiago, Chile.<\/p>\n\n\n\n<p class=\"has-black-color has-text-color has-link-color wp-elements-d03df8a1c6390d07280ff2c20649a141\" style=\"font-size:18px\">Este evento re\u00fane a Autoridades, representantes y expertos de los Estados Miembros del IPGH, quienes se congregan para deliberar sobre iniciativas estrat\u00e9gicas y proyectos colaborativos que fortalecer\u00e1n la cooperaci\u00f3n cient\u00edfica y t\u00e9cnica en las \u00e1reas de Geograf\u00eda, Cartograf\u00eda, Geof\u00edsica e Historia en la regi\u00f3n panamericana.<\/p>\n\n\n\n<div style=\"height:15px\" aria-hidden=\"true\" class=\"wp-block-spacer\"><\/div>\n\n\n\n<p class=\"has-luminous-vivid-orange-color has-text-color has-link-color has-medium-font-size wp-elements-0b244a310d259d682f179b5c900f6b9a\"><strong>Presentaci\u00f3n de Informes y Compromisos en la 25\u00aa Asamblea General del IPGH<\/strong><\/p>\n\n\n\n<div style=\"height:15px\" aria-hidden=\"true\" class=\"wp-block-spacer\"><\/div>\n\n\n\n<div class=\"wp-block-columns is-layout-flex wp-container-6 wp-block-columns-is-layout-flex\">\n<div class=\"wp-block-column is-layout-flow wp-block-column-is-layout-flow\"><div class=\"wp-block-image\">\n<figure class=\"aligncenter size-large\"><img decoding=\"async\" loading=\"lazy\" width=\"1024\" height=\"579\" src=\"https:\/\/www.ipgh.org\/mx\/wp-content\/uploads\/2024\/12\/Secretario-General-1-1024x579.png\" alt=\"\" class=\"wp-image-9602\" srcset=\"https:\/\/www.ipgh.org\/mx\/wp-content\/uploads\/2024\/12\/Secretario-General-1-1024x579.png 1024w, https:\/\/www.ipgh.org\/mx\/wp-content\/uploads\/2024\/12\/Secretario-General-1-300x170.png 300w, https:\/\/www.ipgh.org\/mx\/wp-content\/uploads\/2024\/12\/Secretario-General-1-768x434.png 768w, https:\/\/www.ipgh.org\/mx\/wp-content\/uploads\/2024\/12\/Secretario-General-1-1536x869.png 1536w, https:\/\/www.ipgh.org\/mx\/wp-content\/uploads\/2024\/12\/Secretario-General-1-2048x1158.png 2048w\" sizes=\"(max-width: 1024px) 100vw, 1024px\" \/><\/figure><\/div>\n\n\n<div style=\"height:15px\" aria-hidden=\"true\" class=\"wp-block-spacer\"><\/div>\n<\/div>\n<\/div>\n\n\n\n<p class=\"has-black-color has-text-color has-link-color wp-elements-0be9f7c34c8dab47d0bb1ba0e1fb2420\" style=\"font-size:18px\">Las Autoridades del IPGH, presentaron sus informes correspondientes al a\u00f1o en curso, donde se resalt\u00f3 la labor de su trabajo en conjunto en los temas de convocatorias y adjudicaci\u00f3n de premios, seguimiento en el desarrollo de proyectos (informes t\u00e9cnicos y de desembolso de fondos), publicaciones peri\u00f3dicas, reuniones virtuales, asignaci\u00f3n de presupuesto, organizaci\u00f3n de congresos y sus representaciones en eventos internacionales, tanto presenciales como virtuales, entre otras actividades en las \u00e1reas de Cartograf\u00eda, Geograf\u00eda, Historia, Geof\u00edsica y ciencias afines.<\/p>\n\n\n\n<p class=\"has-black-color has-text-color has-link-color wp-elements-c3b6bb14c1261b77eb7145335b77b0f6\" style=\"font-size:18px\">Por su parte, el Mtro. Antonio Campuzano Rosales destac\u00f3 los avances obtenidos de acuerdo al Plan Estrat\u00e9gico de Modernizaci\u00f3n del IPGH 2022-2025, reafirmando los esfuerzos por consolidar una gesti\u00f3n eficiente y transparente.<\/p>\n\n\n\n<div style=\"height:20px\" aria-hidden=\"true\" class=\"wp-block-spacer\"><\/div>\n\n\n\n<hr class=\"wp-block-separator has-text-color has-luminous-vivid-orange-color has-alpha-channel-opacity has-luminous-vivid-orange-background-color has-background is-style-dots\"\/>\n\n\n\n<p class=\"has-black-color has-text-color has-link-color has-large-font-size wp-elements-7b52b6e167604bb216061c9a9275b6b6\"><strong>18<\/strong><\/p>\n\n\n\n<p class=\"has-luminous-vivid-orange-color has-text-color has-link-color has-medium-font-size wp-elements-525e439fea16a27b1c04ca6149cd3674\"><strong>Fotograf\u00eda oficial de la 102\u00aa Reuni\u00f3n de Autoridades del IPGH en Santiago, Chile<\/strong><\/p>\n\n\n\n<div style=\"height:15px\" aria-hidden=\"true\" class=\"wp-block-spacer\"><\/div>\n\n\n<div class=\"wp-block-image\">\n<figure class=\"aligncenter size-large\"><img decoding=\"async\" loading=\"lazy\" width=\"1024\" height=\"579\" src=\"https:\/\/www.ipgh.org\/mx\/wp-content\/uploads\/2024\/12\/467716963_894615432849471_1019934463309276601_n-1024x579.jpg\" alt=\"\" class=\"wp-image-9588\" srcset=\"https:\/\/www.ipgh.org\/mx\/wp-content\/uploads\/2024\/12\/467716963_894615432849471_1019934463309276601_n-1024x579.jpg 1024w, https:\/\/www.ipgh.org\/mx\/wp-content\/uploads\/2024\/12\/467716963_894615432849471_1019934463309276601_n-300x170.jpg 300w, https:\/\/www.ipgh.org\/mx\/wp-content\/uploads\/2024\/12\/467716963_894615432849471_1019934463309276601_n-768x434.jpg 768w, https:\/\/www.ipgh.org\/mx\/wp-content\/uploads\/2024\/12\/467716963_894615432849471_1019934463309276601_n.jpg 1440w\" sizes=\"(max-width: 1024px) 100vw, 1024px\" \/><figcaption class=\"wp-element-caption\">En la imagen, de izquierda a derecha: Dr. Hermann Manr\u00edquez Tirado, Presidente de la Comisi\u00f3n de Geograf\u00eda; MSc. Max A. Lobo Hern\u00e1ndez, Presidente de la Comisi\u00f3n de Cartograf\u00eda; Dra. Reina C. Rosario Fern\u00e1ndez, Vicepresidente de la Comisi\u00f3n de Historia; Crl. Carlos Prado Casanova, Presidente de la Secci\u00f3n Nacional de Chile; Dra. Patricia Sol\u00eds, Presidente; Lic. Pahola M\u00e9ndez Mata, Vicepresidente; Mtro. Antonio Campuzano Rosales, Secretario General y el Dr. Mario C. Ruiz Romero, Presidente de la Comisi\u00f3n de Geof\u00edsica.<\/figcaption><\/figure><\/div>\n\n\n<div style=\"height:20px\" aria-hidden=\"true\" class=\"wp-block-spacer\"><\/div>\n\n\n\n<p class=\"has-luminous-vivid-orange-color has-text-color has-link-color has-medium-font-size wp-elements-0979638d077cfb2d4f146b4266f0eb09\"><strong>Inauguraci\u00f3n de la 102\u00aa Reuni\u00f3n de Autoridades del IPGH<\/strong><\/p>\n\n\n\n<div style=\"height:10px\" aria-hidden=\"true\" class=\"wp-block-spacer\"><\/div>\n\n\n<div class=\"wp-block-image\">\n<figure class=\"aligncenter size-large is-resized\"><img decoding=\"async\" loading=\"lazy\" src=\"https:\/\/www.ipgh.org\/mx\/wp-content\/uploads\/2024\/12\/467516718_894606732850341_4272259619911913542_n-1024x578.jpg\" alt=\"\" class=\"wp-image-9583\" style=\"width:829px;height:468px\" width=\"829\" height=\"468\" srcset=\"https:\/\/www.ipgh.org\/mx\/wp-content\/uploads\/2024\/12\/467516718_894606732850341_4272259619911913542_n-1024x578.jpg 1024w, https:\/\/www.ipgh.org\/mx\/wp-content\/uploads\/2024\/12\/467516718_894606732850341_4272259619911913542_n-300x169.jpg 300w, https:\/\/www.ipgh.org\/mx\/wp-content\/uploads\/2024\/12\/467516718_894606732850341_4272259619911913542_n-768x434.jpg 768w, https:\/\/www.ipgh.org\/mx\/wp-content\/uploads\/2024\/12\/467516718_894606732850341_4272259619911913542_n.jpg 1440w\" sizes=\"(max-width: 829px) 100vw, 829px\" \/><\/figure><\/div>\n\n\n<div style=\"height:15px\" aria-hidden=\"true\" class=\"wp-block-spacer\"><\/div>\n\n\n\n<p class=\"has-black-color has-text-color has-link-color wp-elements-8cd2e278d456cd6e5ce838112e268660\" style=\"font-size:18px\">Se inaugur\u00f3 la 102\u00aa Reuni\u00f3n de Autoridades del Instituto Panamericano de Geograf\u00eda e Historia (IPGH) en la ciudad de Santiago, Chile. Este evento se llev\u00f3 a cabo en las instalaciones del Instituto Geogr\u00e1fico Militar (IGM).<\/p>\n\n\n\n<p class=\"has-black-color has-text-color has-link-color wp-elements-d9e2d62b235f8abf4fd9de7d79a73388\" style=\"font-size:18px\">La mesa de trabajo estuvo integrada por las Autoridades del IPGH: Dra. Patricia Sol\u00eds, Presidente; Lic. Pahola M\u00e9ndez Mata, Vicepresidente; el Mtro. Antonio Campuzano Rosales, Secretario General; MSc. Max A. Lobo Hern\u00e1ndez, Presidente de la Comisi\u00f3n de Cartograf\u00eda; Dr. Hermann Manr\u00edquez Tirado, Presidente de la Comisi\u00f3n de Geograf\u00eda; Dra. Reina C. Rosario Fern\u00e1ndez, Vicepresidente de la Comisi\u00f3n de Historia y el  Dr. Mario Calixto Ruiz Romero Presidente de la Comisi\u00f3n de Geof\u00edsica.<\/p>\n\n\n\n<p class=\"has-black-color has-text-color has-link-color wp-elements-9cafd6e18868f27fbc6dac7679fec2f2\" style=\"font-size:18px\">El Mtro. Antonio Campuzano Rosales, Secretario General del IPGH, dio la bienvenida a los asistentes y resalt\u00f3 que la agenda de la reuni\u00f3n incluye la revisi\u00f3n de resoluciones clave que ser\u00e1n presentadas en la pr\u00f3xima 25\u00aa Asamblea General del IPGH. Estas resoluciones buscan consolidar el impacto del Instituto en beneficio de los Estados Miembros.<\/p>\n\n\n\n<div style=\"height:21px\" aria-hidden=\"true\" class=\"wp-block-spacer\"><\/div>\n\n\n\n<p class=\"has-luminous-vivid-orange-color has-text-color has-link-color has-medium-font-size wp-elements-badfb44e3fc69389725d4cc5ff893655\"><strong>Firma de Memorando de Entendimiento entre el IPGH y la Universidad Bernardo O&#8217;Higgins (UBO)<\/strong><\/p>\n\n\n\n<div style=\"height:16px\" aria-hidden=\"true\" class=\"wp-block-spacer\"><\/div>\n\n\n\n<p class=\"has-black-color has-text-color has-link-color wp-elements-049ac1e9ecca280afc055a2fc4d1fe0e\" style=\"font-size:18px\">Como parte de las actividades de la 102\u00aa Reuni\u00f3n de Autoridades del Instituto Panamericano de Geograf\u00eda e Historia (IPGH), el lunes 18 de noviembre de 2024 inici\u00f3 con una visita a la Universidad Bernardo O\u2019Higgins (UBO) en Santiago, Chile. El rector de la instituci\u00f3n, Dr. Claudio Alberto Ruff Escobar, recibi\u00f3 a los representantes del IPGH con una afectuosa bienvenida.<\/p>\n\n\n\n<p class=\"has-black-color has-text-color has-link-color wp-elements-ebcff44b86503996bda4c98a7960acd4\" style=\"font-size:18px\">En el marco de esta visita, se firm\u00f3 un Memorando de Entendimiento entre el IPGH y la UBO. El documento fue suscrito por el rector de la UBO y el Mtro. Antonio Campuzano Rosales, Secretario General del IPGH,  como testigos de honor participaron la Dra. Patricia Sol\u00eds, Presidente del IPGH, y el Coronel Carlos Prado Casanova, Presidente de la Secci\u00f3n Nacional de Chile.<\/p>\n\n\n\n<div style=\"height:15px\" aria-hidden=\"true\" class=\"wp-block-spacer\"><\/div>\n\n\n\n<div class=\"wp-block-columns is-layout-flex wp-container-9 wp-block-columns-is-layout-flex\">\n<div class=\"wp-block-column is-layout-flow wp-block-column-is-layout-flow\">\n<figure class=\"wp-block-image size-large\"><img decoding=\"async\" loading=\"lazy\" width=\"1024\" height=\"580\" src=\"https:\/\/www.ipgh.org\/mx\/wp-content\/uploads\/2024\/12\/467554932_894496269528054_3034941173125620558_n-1-1024x580.jpg\" alt=\"\" class=\"wp-image-9586\" srcset=\"https:\/\/www.ipgh.org\/mx\/wp-content\/uploads\/2024\/12\/467554932_894496269528054_3034941173125620558_n-1-1024x580.jpg 1024w, https:\/\/www.ipgh.org\/mx\/wp-content\/uploads\/2024\/12\/467554932_894496269528054_3034941173125620558_n-1-300x170.jpg 300w, https:\/\/www.ipgh.org\/mx\/wp-content\/uploads\/2024\/12\/467554932_894496269528054_3034941173125620558_n-1-768x435.jpg 768w, https:\/\/www.ipgh.org\/mx\/wp-content\/uploads\/2024\/12\/467554932_894496269528054_3034941173125620558_n-1.jpg 1440w\" sizes=\"(max-width: 1024px) 100vw, 1024px\" \/><\/figure>\n<\/div>\n\n\n\n<div class=\"wp-block-column is-layout-flow wp-block-column-is-layout-flow\">\n<figure class=\"wp-block-image size-large\"><img decoding=\"async\" loading=\"lazy\" width=\"1024\" height=\"580\" src=\"https:\/\/www.ipgh.org\/mx\/wp-content\/uploads\/2024\/12\/467621191_894496276194720_4179446645659294541_n-1-1024x580.jpg\" alt=\"\" class=\"wp-image-9587\" srcset=\"https:\/\/www.ipgh.org\/mx\/wp-content\/uploads\/2024\/12\/467621191_894496276194720_4179446645659294541_n-1-1024x580.jpg 1024w, https:\/\/www.ipgh.org\/mx\/wp-content\/uploads\/2024\/12\/467621191_894496276194720_4179446645659294541_n-1-300x170.jpg 300w, https:\/\/www.ipgh.org\/mx\/wp-content\/uploads\/2024\/12\/467621191_894496276194720_4179446645659294541_n-1-768x435.jpg 768w, https:\/\/www.ipgh.org\/mx\/wp-content\/uploads\/2024\/12\/467621191_894496276194720_4179446645659294541_n-1.jpg 1440w\" sizes=\"(max-width: 1024px) 100vw, 1024px\" \/><\/figure>\n<\/div>\n<\/div>\n\n\n\n<div style=\"height:15px\" aria-hidden=\"true\" class=\"wp-block-spacer\"><\/div>\n\n\n\n<hr class=\"wp-block-separator has-text-color has-luminous-vivid-orange-color has-alpha-channel-opacity has-luminous-vivid-orange-background-color has-background is-style-dots\"\/>\n\n\n\n<p class=\"has-black-color has-text-color has-link-color has-large-font-size wp-elements-0ff5afdf7cfba587ed3e9f94680203b5\"><strong>06<\/strong><\/p>\n\n\n\n<p class=\"has-luminous-vivid-orange-color has-text-color has-link-color has-medium-font-size wp-elements-c04781091b125fd351a9190b5a9c3635\"><strong>Firma de Convenio de Colaboraci\u00f3n entre el IPGH y la Sociedad Mexicana de Geograf\u00eda y Estad\u00edstica<\/strong><\/p>\n\n\n\n<div style=\"height:15px\" aria-hidden=\"true\" class=\"wp-block-spacer\"><\/div>\n\n\n<div class=\"wp-block-image\">\n<figure class=\"aligncenter size-large\"><img decoding=\"async\" loading=\"lazy\" width=\"1024\" height=\"579\" src=\"https:\/\/www.ipgh.org\/mx\/wp-content\/uploads\/2024\/11\/466061557_886256047018743_4408819378362057372_n-1024x579.jpg\" alt=\"\" class=\"wp-image-9431\" srcset=\"https:\/\/www.ipgh.org\/mx\/wp-content\/uploads\/2024\/11\/466061557_886256047018743_4408819378362057372_n-1024x579.jpg 1024w, https:\/\/www.ipgh.org\/mx\/wp-content\/uploads\/2024\/11\/466061557_886256047018743_4408819378362057372_n-300x170.jpg 300w, https:\/\/www.ipgh.org\/mx\/wp-content\/uploads\/2024\/11\/466061557_886256047018743_4408819378362057372_n-768x434.jpg 768w, https:\/\/www.ipgh.org\/mx\/wp-content\/uploads\/2024\/11\/466061557_886256047018743_4408819378362057372_n.jpg 1440w\" sizes=\"(max-width: 1024px) 100vw, 1024px\" \/><\/figure><\/div>\n\n\n<div style=\"height:21px\" aria-hidden=\"true\" class=\"wp-block-spacer\"><\/div>\n\n\n\n<p class=\"has-black-color has-text-color has-link-color wp-elements-cd6a96449fb48e765e9dd1f5ea5f8486\" style=\"font-size:18px\">Este convenio establece un marco de colaboraci\u00f3n en \u00e1reas clave como la Cartograf\u00eda, Geograf\u00eda, Geof\u00edsica y los Nombres Geogr\u00e1ficos, con especial \u00e9nfasis en el trabajo conjunto para abordar la emergencia clim\u00e1tica y aumentar la resiliencia de las naciones ante el cambio clim\u00e1tico. En el campo de la Historia, el IPGH busca fortalecer sus v\u00ednculos con las academias de Historia de Am\u00e9rica, fomentando la ense\u00f1anza y la identidad hist\u00f3rica en el continente.<\/p>\n\n\n\n<p class=\"has-black-color has-text-color has-link-color wp-elements-ad1c2ad4dbb50fd5ddd069f730235acf\" style=\"font-size:18px\">Al evento asistieron representantes de la SMGE, incluyendo al Mtro. Hugo Castro Aranda, Presidente; el Lic. Virgilio Arias Ram\u00edrez, Vicepresidente; el Dr. \u00d3scar Gonz\u00e1lez Azuela, Vocal; el Dr. Guillermo Heyser Quir\u00f3z, Secretario General; la Dra. Mar\u00eda Eugenia del Valle Prieto, Directora de Relaciones Internacionales; el Lic. Francisco Avenda\u00f1o Sol, Director Jur\u00eddico; la Lic. Liliana Esperanza C\u00e1rdenas Trevi\u00f1o, Presidenta de Casa de Coahuila A. C.; y la Lic. Miriam Funes, Directora de Comunicaci\u00f3n y Nuevos Proyectos.<\/p>\n\n\n\n<hr class=\"wp-block-separator has-text-color has-luminous-vivid-orange-color has-alpha-channel-opacity has-luminous-vivid-orange-background-color has-background is-style-wide\"\/>\n\n\n\n<div class=\"wp-block-buttons is-content-justification-right is-layout-flex wp-container-10 wp-block-buttons-is-layout-flex\">\n<div class=\"wp-block-button\"><a class=\"wp-block-button__link has-white-color has-luminous-vivid-orange-background-color has-text-color has-background has-link-color wp-element-button\" href=\"https:\/\/www.ipgh.org\/mx\/?page_id=7623(abre en una nueva pesta\u00f1a)\">Regresar<\/a><\/div>\n<\/div>\n","protected":false},"excerpt":{"rendered":"<p>19-21 19 Inicio de la 25\u00aa Asamblea General del IPGH en Santiago, Chile El 19 de noviembre de 2024, dio inicio la 25\u00aa Asamblea General del Instituto Panamericano de Geograf\u00eda e Historia (IPGH) con un acto protocolario en las instalaciones centrales de la Comisi\u00f3n Econ\u00f3mica para Am\u00e9rica Latina y el Caribe (CEPAL), en la ciudad <a class=\"read-more\" href=\"https:\/\/www.ipgh.org\/mx\/?page_id=9430\">LEER M\u00c1S<\/a><\/p>\n","protected":false},"author":1,"featured_media":0,"parent":0,"menu_order":0,"comment_status":"closed","ping_status":"closed","template":"","meta":{"footnotes":""},"_links":{"self":[{"href":"https:\/\/www.ipgh.org\/mx\/index.php?rest_route=\/wp\/v2\/pages\/9430"}],"collection":[{"href":"https:\/\/www.ipgh.org\/mx\/index.php?rest_route=\/wp\/v2\/pages"}],"about":[{"href":"https:\/\/www.ipgh.org\/mx\/index.php?rest_route=\/wp\/v2\/types\/page"}],"author":[{"embeddable":true,"href":"https:\/\/www.ipgh.org\/mx\/index.php?rest_route=\/wp\/v2\/users\/1"}],"replies":[{"embeddable":true,"href":"https:\/\/www.ipgh.org\/mx\/index.php?rest_route=%2Fwp%2Fv2%2Fcomments&post=9430"}],"version-history":[{"count":6,"href":"https:\/\/www.ipgh.org\/mx\/index.php?rest_route=\/wp\/v2\/pages\/9430\/revisions"}],"predecessor-version":[{"id":11500,"href":"https:\/\/www.ipgh.org\/mx\/index.php?rest_route=\/wp\/v2\/pages\/9430\/revisions\/11500"}],"wp:attachment":[{"href":"https:\/\/www.ipgh.org\/mx\/index.php?rest_route=%2Fwp%2Fv2%2Fmedia&parent=9430"}],"curies":[{"name":"wp","href":"https:\/\/api.w.org\/{rel}","templated":true}]}}