{"id":9648,"date":"2024-12-11T10:39:52","date_gmt":"2024-12-11T16:39:52","guid":{"rendered":"https:\/\/www.ipgh.org\/mx\/?page_id=9648"},"modified":"2025-03-12T08:49:58","modified_gmt":"2025-03-12T14:49:58","slug":"diciembre-2023","status":"publish","type":"page","link":"https:\/\/www.ipgh.org\/mx\/?page_id=9648","title":{"rendered":"Diciembre 2023"},"content":{"rendered":"\n<p class=\"has-black-color has-text-color has-link-color has-large-font-size wp-elements-a516d6d0f55faa698bac79e5fdf1ab16\"><strong>13<\/strong><\/p>\n\n\n\n<p class=\"has-luminous-vivid-orange-color has-text-color has-link-color has-medium-font-size wp-elements-50ee1fa5d185d1b3dc18fc0455111842\"><strong>Visita del Bufete Sodi Abogados al Palacio Sede del IPGH<\/strong><\/p>\n\n\n\n<p class=\"has-black-color has-text-color has-link-color wp-elements-f5757aada1c45c9260d7366d3f29fda6\" style=\"font-size:18px\">El Mtro. Antonio Campuzano Rosales, Secretario General del Instituto Panamericano de Geograf\u00eda e Historia (IPGH), recibi\u00f3 en el Palacio sede a la Lic. Jacqueline Sodi Zapfe y a su equipo de trabajo del Bufete Sodi Abogados.<\/p>\n\n\n\n<p class=\"has-black-color has-text-color has-link-color wp-elements-c4a64ccde595becaf7d9a87e9bd6fd3c\" style=\"font-size:18px\">Durante la visita, los asistentes recorrieron distintos espacios del Palacio, incluyendo el Archivo Hist\u00f3rico, la Galer\u00eda de Historiadores y Ge\u00f3grafos de Am\u00e9rica, y el Muro de Autoridades Femeninas. Posteriormente, el Mtro. Campuzano present\u00f3 la naturaleza, misi\u00f3n, visi\u00f3n y principios del IPGH, con \u00e9nfasis en los seis ejes rectores del \u201cPlan Estrat\u00e9gico de Modernizaci\u00f3n 2022-2025\u201d.<\/p>\n\n\n\n<p class=\"has-black-color has-text-color has-link-color wp-elements-a2c5e708dad72d8acddb31fc36ca2f78\" style=\"font-size:18px\">El Bufete Sodi Abogados acept\u00f3 colaborar con el IPGH en el \u00e1mbito jur\u00eddico, apoyando a esta Secretar\u00eda General en diversos asuntos legales. Como parte del protocolo, la Lic. Sodi firm\u00f3 el Libro de Visitantes Distinguidos, expresando sus buenos deseos para que el IPGH contin\u00fae dejando una huella significativa a nivel global.<\/p>\n\n\n\n<div style=\"height:15px\" aria-hidden=\"true\" class=\"wp-block-spacer\"><\/div>\n\n\n<div class=\"wp-block-image\">\n<figure class=\"aligncenter size-large\"><img decoding=\"async\" loading=\"lazy\" width=\"1024\" height=\"632\" src=\"https:\/\/www.ipgh.org\/mx\/wp-content\/uploads\/2024\/12\/410491837_681335540844129_4605429014204920444_n-1024x632.jpg\" alt=\"\" class=\"wp-image-9685\" srcset=\"https:\/\/www.ipgh.org\/mx\/wp-content\/uploads\/2024\/12\/410491837_681335540844129_4605429014204920444_n-1024x632.jpg 1024w, https:\/\/www.ipgh.org\/mx\/wp-content\/uploads\/2024\/12\/410491837_681335540844129_4605429014204920444_n-300x185.jpg 300w, https:\/\/www.ipgh.org\/mx\/wp-content\/uploads\/2024\/12\/410491837_681335540844129_4605429014204920444_n-768x474.jpg 768w, https:\/\/www.ipgh.org\/mx\/wp-content\/uploads\/2024\/12\/410491837_681335540844129_4605429014204920444_n-1536x948.jpg 1536w, https:\/\/www.ipgh.org\/mx\/wp-content\/uploads\/2024\/12\/410491837_681335540844129_4605429014204920444_n.jpg 2048w\" sizes=\"(max-width: 1024px) 100vw, 1024px\" \/><\/figure><\/div>\n\n\n<div style=\"height:20px\" aria-hidden=\"true\" class=\"wp-block-spacer\"><\/div>\n\n\n\n<p class=\"has-luminous-vivid-orange-color has-text-color has-link-color has-medium-font-size wp-elements-b1fc2733630e96b8998d75a05b664988\"><strong>Asistencia a mensaje navide\u00f1o de la Canciller Alicia B\u00e1rcena<\/strong><\/p>\n\n\n\n<div style=\"height:15px\" aria-hidden=\"true\" class=\"wp-block-spacer\"><\/div>\n\n\n\n<p class=\"has-black-color has-text-color has-link-color wp-elements-70faec00e2cc085b8dc941fba783844b\" style=\"font-size:18px\">El Secretario General del IPGH, Mtro. Antonio Campuzano Rosales, atendi\u00f3 la invitaci\u00f3n por parte de la Canciller Alicia B\u00e1rcena, Secretaria de Relaciones Exteriores de M\u00e9xico, con motivo del mensaje navide\u00f1o que ofreci\u00f3 al Cuerpo Diplom\u00e1tico acreditado y a los directivos de la misma Secretar\u00eda.<br>En el evento, la Dra. B\u00e1rcena intercambi\u00f3 felicitaciones con el Mtro. Campuzano, al tiempo que reiter\u00f3 su apoyo en el trabajo cient\u00edfico del IPGH, y la continuaci\u00f3n de las labores en conjunto para el a\u00f1o siguiente.<\/p>\n\n\n\n<div style=\"height:14px\" aria-hidden=\"true\" class=\"wp-block-spacer\"><\/div>\n\n\n\n<div class=\"wp-block-columns are-vertically-aligned-center is-layout-flex wp-container-3 wp-block-columns-is-layout-flex\">\n<div class=\"wp-block-column is-vertically-aligned-center is-layout-flow wp-block-column-is-layout-flow\"><div class=\"wp-block-image\">\n<figure class=\"aligncenter size-large is-resized\"><img decoding=\"async\" loading=\"lazy\" src=\"https:\/\/www.ipgh.org\/mx\/wp-content\/uploads\/2024\/12\/410440792_680745344236482_4255594561373746121_n-4-662x1024.jpg\" alt=\"\" class=\"wp-image-9687\" style=\"width:285px;height:441px\" width=\"285\" height=\"441\" srcset=\"https:\/\/www.ipgh.org\/mx\/wp-content\/uploads\/2024\/12\/410440792_680745344236482_4255594561373746121_n-4-662x1024.jpg 662w, https:\/\/www.ipgh.org\/mx\/wp-content\/uploads\/2024\/12\/410440792_680745344236482_4255594561373746121_n-4-194x300.jpg 194w, https:\/\/www.ipgh.org\/mx\/wp-content\/uploads\/2024\/12\/410440792_680745344236482_4255594561373746121_n-4.jpg 747w\" sizes=\"(max-width: 285px) 100vw, 285px\" \/><\/figure><\/div><\/div>\n\n\n\n<div class=\"wp-block-column is-vertically-aligned-center is-layout-flow wp-block-column-is-layout-flow\"><div class=\"wp-block-image\">\n<figure class=\"aligncenter size-large is-resized\"><img decoding=\"async\" loading=\"lazy\" src=\"https:\/\/www.ipgh.org\/mx\/wp-content\/uploads\/2024\/12\/410382433_680745330903150_7018681016842738478_n-1024x624.jpg\" alt=\"\" class=\"wp-image-9688\" style=\"width:615px;height:375px\" width=\"615\" height=\"375\" srcset=\"https:\/\/www.ipgh.org\/mx\/wp-content\/uploads\/2024\/12\/410382433_680745330903150_7018681016842738478_n-1024x624.jpg 1024w, https:\/\/www.ipgh.org\/mx\/wp-content\/uploads\/2024\/12\/410382433_680745330903150_7018681016842738478_n-300x183.jpg 300w, https:\/\/www.ipgh.org\/mx\/wp-content\/uploads\/2024\/12\/410382433_680745330903150_7018681016842738478_n-768x468.jpg 768w, https:\/\/www.ipgh.org\/mx\/wp-content\/uploads\/2024\/12\/410382433_680745330903150_7018681016842738478_n.jpg 1117w\" sizes=\"(max-width: 615px) 100vw, 615px\" \/><\/figure><\/div><\/div>\n<\/div>\n\n\n\n<div style=\"height:15px\" aria-hidden=\"true\" class=\"wp-block-spacer\"><\/div>\n\n\n\n<hr class=\"wp-block-separator has-text-color has-luminous-vivid-orange-color has-alpha-channel-opacity has-luminous-vivid-orange-background-color has-background is-style-dots\"\/>\n\n\n\n<p class=\"has-black-color has-text-color has-link-color has-large-font-size wp-elements-106db69e60e2fac934bf2374555c5139\"><strong>07<\/strong><\/p>\n\n\n\n<p class=\"has-luminous-vivid-orange-color has-text-color has-link-color has-medium-font-size wp-elements-9968a68639c8dd6ed8de75ff5fd011e8\"><strong>Reuni\u00f3n de trabajo con Paloma Merodio<\/strong><\/p>\n\n\n\n<div class=\"wp-block-media-text has-media-on-the-right is-stacked-on-mobile\" style=\"grid-template-columns:auto 53%\"><div class=\"wp-block-media-text__content\">\n<p class=\"has-white-color has-text-color has-background has-link-color wp-elements-4919288af4438e7c2c24cfb7eae89db6\" style=\"background-color:#ff9448;font-size:18px\">El Mtro. Antonio Campuzano Rosales, Secretario General del Instituto Panamericano de Geograf\u00eda e Historia (IPGH), sostuvo una reuni\u00f3n de trabajo virtual con la Dra. Paloma Merodio G\u00f3mez, Vicepresidenta de la Junta de Gobierno del Instituto Nacional de Estad\u00edstica y Geograf\u00eda (INEGI).                                                                           Durante el encuentro, la Dra. Merodio expres\u00f3 el inter\u00e9s de UN-GGIM en fortalecer su colaboraci\u00f3n con M\u00e9xico a trav\u00e9s del IPGH, especialmente en el marco de los preparativos para el High Level Forum de UN-GGIM que se llevar\u00e1 a cabo el pr\u00f3ximo a\u00f1o en M\u00e9xico. Subray\u00f3 la importancia de trabajar de manera coordinada con organismos regionales para garantizar el \u00e9xito de este evento.<\/p>\n<\/div><figure class=\"wp-block-media-text__media\"><img decoding=\"async\" loading=\"lazy\" width=\"1024\" height=\"496\" src=\"https:\/\/www.ipgh.org\/mx\/wp-content\/uploads\/2024\/12\/408729923_676926857951664_4746573155697825014_n-1024x496.jpg\" alt=\"\" class=\"wp-image-9658 size-full\" srcset=\"https:\/\/www.ipgh.org\/mx\/wp-content\/uploads\/2024\/12\/408729923_676926857951664_4746573155697825014_n-1024x496.jpg 1024w, https:\/\/www.ipgh.org\/mx\/wp-content\/uploads\/2024\/12\/408729923_676926857951664_4746573155697825014_n-300x145.jpg 300w, https:\/\/www.ipgh.org\/mx\/wp-content\/uploads\/2024\/12\/408729923_676926857951664_4746573155697825014_n-768x372.jpg 768w, https:\/\/www.ipgh.org\/mx\/wp-content\/uploads\/2024\/12\/408729923_676926857951664_4746573155697825014_n-1536x745.jpg 1536w, https:\/\/www.ipgh.org\/mx\/wp-content\/uploads\/2024\/12\/408729923_676926857951664_4746573155697825014_n.jpg 1749w\" sizes=\"(max-width: 1024px) 100vw, 1024px\" \/><\/figure><\/div>\n\n\n\n<div style=\"height:15px\" aria-hidden=\"true\" class=\"wp-block-spacer\"><\/div>\n\n\n\n<hr class=\"wp-block-separator has-text-color has-luminous-vivid-orange-color has-alpha-channel-opacity has-luminous-vivid-orange-background-color has-background is-style-dots\"\/>\n\n\n\n<p class=\"has-black-color has-text-color has-link-color has-large-font-size wp-elements-37dcb2cb90a74343f8f42726a2f89bbd\"><strong>04<\/strong><\/p>\n\n\n\n<p class=\"has-luminous-vivid-orange-color has-text-color has-link-color wp-elements-e289343d577c4f8cec378c3d1f98c92b\"><strong>Reuni\u00f3n del Secretario General del IPGH con la Sociedad Mexicana de Geograf\u00eda y Estad\u00edstica<\/strong><\/p>\n\n\n\n<figure class=\"wp-block-image size-large\"><img decoding=\"async\" loading=\"lazy\" width=\"1024\" height=\"674\" src=\"https:\/\/www.ipgh.org\/mx\/wp-content\/uploads\/2024\/12\/407918847_675347814776235_6681931806719556959_n-1024x674.jpg\" alt=\"\" class=\"wp-image-9654\" srcset=\"https:\/\/www.ipgh.org\/mx\/wp-content\/uploads\/2024\/12\/407918847_675347814776235_6681931806719556959_n-1024x674.jpg 1024w, https:\/\/www.ipgh.org\/mx\/wp-content\/uploads\/2024\/12\/407918847_675347814776235_6681931806719556959_n-300x198.jpg 300w, https:\/\/www.ipgh.org\/mx\/wp-content\/uploads\/2024\/12\/407918847_675347814776235_6681931806719556959_n-768x506.jpg 768w, https:\/\/www.ipgh.org\/mx\/wp-content\/uploads\/2024\/12\/407918847_675347814776235_6681931806719556959_n-1536x1011.jpg 1536w, https:\/\/www.ipgh.org\/mx\/wp-content\/uploads\/2024\/12\/407918847_675347814776235_6681931806719556959_n.jpg 2023w\" sizes=\"(max-width: 1024px) 100vw, 1024px\" \/><\/figure>\n\n\n\n<p class=\"has-black-color has-text-color has-link-color wp-elements-d7b51d6cbb66215afd2d96312159ffc0\" style=\"font-size:18px\">El Secretario General del Instituto Panamericano de Geograf\u00eda e Historia, Mtro. Antonio Campuzano Rosales, tuvo una interesante reuni\u00f3n con el Dr. Hugo Castro Arana, Presidente de la Sociedad Mexicana de Geograf\u00eda y Estad\u00edstica (SMGE), de la Ciudad de M\u00e9xico.<br>Acompa\u00f1ados de la Dra. Mar\u00eda Eugenia del Valle Prieto y de la Lic. Miriam Funes de la SMGE, la amena conversaci\u00f3n gir\u00f3 en torno a estrechar lazos y consolidar objetivos afines entre ambas instituciones, por lo que hizo posible que se firmara pr\u00f3ximamente un convenio de colaboraci\u00f3n.<\/p>\n\n\n\n<div style=\"height:20px\" aria-hidden=\"true\" class=\"wp-block-spacer\"><\/div>\n\n\n\n<hr class=\"wp-block-separator has-text-color has-luminous-vivid-orange-color has-alpha-channel-opacity has-luminous-vivid-orange-background-color has-background is-style-dots\"\/>\n\n\n\n<p class=\"has-black-color has-text-color has-link-color has-large-font-size wp-elements-a29389229d3710e14c8d84280b21c189\"><strong>01<\/strong><\/p>\n\n\n\n<p class=\"has-luminous-vivid-orange-color has-text-color has-link-color wp-elements-78297e49a87ac185aa7424c431c0c218\"><strong>Visita del Act. Rolando Ocampo de CEPAL al Palacio sede del IPGH<\/strong><\/p>\n\n\n\n<div style=\"height:15px\" aria-hidden=\"true\" class=\"wp-block-spacer\"><\/div>\n\n\n\n<p class=\"has-black-color has-text-color has-link-color wp-elements-91c5f8f50dc1c6d7d276d4270efae557\" style=\"font-size:18px\">El Palacio Sede del Instituto Panamericano de Geograf\u00eda e Historia (IPGH) recibi\u00f3 la visita del Actuario Rolando Ocampo, Director de la Divisi\u00f3n de Estad\u00edsticas de la Comisi\u00f3n Econ\u00f3mica para Am\u00e9rica Latina y el Caribe (CEPAL).<\/p>\n\n\n\n<p class=\"has-black-color has-text-color has-link-color wp-elements-ff521443290293e831f9aa5628cb49c5\" style=\"font-size:18px\">El Secretario General del IPGH, Mtro. Antonio Campuzano Rosales, acompa\u00f1ado de su esposa, Alma Ver\u00f3nica Ireta Badillo, durante el evento, el Mtro. Campuzano present\u00f3 los avances de su Plan Estrat\u00e9gico de Modernizaci\u00f3n 2022-2025, centrado en la transformaci\u00f3n del IPGH. Destac\u00f3 los logros obtenidos hasta ahora y los retos a\u00fan pendientes en el marco de esta reingenier\u00eda institucional.<\/p>\n\n\n\n<p class=\"has-black-color has-text-color has-link-color wp-elements-844d15dc8b5eb9d3b861d0d0bd018ba1\" style=\"font-size:18px\">En su intervenci\u00f3n, el Actuario Ocampo expres\u00f3 su reconocimiento por los resultados de la gesti\u00f3n del Mtro. Campuzano, se\u00f1alando que encontr\u00f3 un IPGH renovado y complementario en su labor con UN-GGIM: Am\u00e9ricas. Felicit\u00f3 al Instituto por su evoluci\u00f3n y augur\u00f3 mayores logros en los a\u00f1os venideros.<\/p>\n\n\n<div class=\"wp-block-image\">\n<figure class=\"aligncenter size-large is-resized\"><img decoding=\"async\" loading=\"lazy\" src=\"https:\/\/www.ipgh.org\/mx\/wp-content\/uploads\/2024\/12\/406922941_675817631395920_1930057537629883278_n-2-1024x683.jpg\" alt=\"\" class=\"wp-image-9661\" style=\"width:634px;height:423px\" width=\"634\" height=\"423\" srcset=\"https:\/\/www.ipgh.org\/mx\/wp-content\/uploads\/2024\/12\/406922941_675817631395920_1930057537629883278_n-2-1024x683.jpg 1024w, https:\/\/www.ipgh.org\/mx\/wp-content\/uploads\/2024\/12\/406922941_675817631395920_1930057537629883278_n-2-300x200.jpg 300w, https:\/\/www.ipgh.org\/mx\/wp-content\/uploads\/2024\/12\/406922941_675817631395920_1930057537629883278_n-2-768x512.jpg 768w, https:\/\/www.ipgh.org\/mx\/wp-content\/uploads\/2024\/12\/406922941_675817631395920_1930057537629883278_n-2-1536x1024.jpg 1536w, https:\/\/www.ipgh.org\/mx\/wp-content\/uploads\/2024\/12\/406922941_675817631395920_1930057537629883278_n-2.jpg 2048w\" sizes=\"(max-width: 634px) 100vw, 634px\" \/><\/figure><\/div>\n\n\n<hr class=\"wp-block-separator has-text-color has-luminous-vivid-orange-color has-alpha-channel-opacity has-luminous-vivid-orange-background-color has-background is-style-wide\"\/>\n\n\n\n<div class=\"wp-block-buttons is-content-justification-right is-layout-flex wp-container-4 wp-block-buttons-is-layout-flex\">\n<div class=\"wp-block-button is-style-fill\"><a class=\"wp-block-button__link has-white-color has-luminous-vivid-orange-background-color has-text-color has-background has-link-color wp-element-button\" href=\"https:\/\/www.ipgh.org\/mx\/?page_id=8377\">Regresar<\/a><\/div>\n<\/div>\n","protected":false},"excerpt":{"rendered":"<p>13 Visita del Bufete Sodi Abogados al Palacio Sede del IPGH El Mtro. Antonio Campuzano Rosales, Secretario General del Instituto Panamericano de Geograf\u00eda e Historia (IPGH), recibi\u00f3 en el Palacio sede a la Lic. Jacqueline Sodi Zapfe y a su equipo de trabajo del Bufete Sodi Abogados. Durante la visita, los asistentes recorrieron distintos espacios <a class=\"read-more\" href=\"https:\/\/www.ipgh.org\/mx\/?page_id=9648\">LEER M\u00c1S<\/a><\/p>\n","protected":false},"author":1,"featured_media":0,"parent":0,"menu_order":0,"comment_status":"closed","ping_status":"closed","template":"","meta":{"footnotes":""},"_links":{"self":[{"href":"https:\/\/www.ipgh.org\/mx\/index.php?rest_route=\/wp\/v2\/pages\/9648"}],"collection":[{"href":"https:\/\/www.ipgh.org\/mx\/index.php?rest_route=\/wp\/v2\/pages"}],"about":[{"href":"https:\/\/www.ipgh.org\/mx\/index.php?rest_route=\/wp\/v2\/types\/page"}],"author":[{"embeddable":true,"href":"https:\/\/www.ipgh.org\/mx\/index.php?rest_route=\/wp\/v2\/users\/1"}],"replies":[{"embeddable":true,"href":"https:\/\/www.ipgh.org\/mx\/index.php?rest_route=%2Fwp%2Fv2%2Fcomments&post=9648"}],"version-history":[{"count":4,"href":"https:\/\/www.ipgh.org\/mx\/index.php?rest_route=\/wp\/v2\/pages\/9648\/revisions"}],"predecessor-version":[{"id":10447,"href":"https:\/\/www.ipgh.org\/mx\/index.php?rest_route=\/wp\/v2\/pages\/9648\/revisions\/10447"}],"wp:attachment":[{"href":"https:\/\/www.ipgh.org\/mx\/index.php?rest_route=%2Fwp%2Fv2%2Fmedia&parent=9648"}],"curies":[{"name":"wp","href":"https:\/\/api.w.org\/{rel}","templated":true}]}}